{"id":24083,"date":"2025-04-13T17:41:00","date_gmt":"2025-04-13T17:41:00","guid":{"rendered":"https:\/\/researchchemicalstore.eu\/?post_type=product&#038;p=24083"},"modified":"2025-04-21T10:49:25","modified_gmt":"2025-04-21T10:49:25","slug":"digitalna-mini-vaga","status":"publish","type":"product","link":"https:\/\/researchchemicalstore.eu\/hr\/product\/digitalna-mini-vaga\/","title":{"rendered":"Profesionalna digitalna mini vaga \u2013 50 g x 0,001 g"},"content":{"rendered":"<h1><strong>Digitalna mini vaga 50g x 0,001g<\/strong><\/h1>\n<p>Preciznost na dohvat ruke. Ovo <strong>digitalna mini vaga<\/strong> kombinira iznimnu to\u010dnost s kompaktnim dizajnom. Zahvaljuju\u0107i mjernom rasponu do <strong>50 grama<\/strong> i rezoluciju od <strong>0,001 grama<\/strong>, ovo je idealan alat za primjene gdje je preciznost klju\u010dna - od laboratorijske upotrebe do nakita, bilja, dodataka prehrani ili istra\u017eiva\u010dkih kemikalija.<a href=\"https:\/\/researchchemicalstore.eu\/hr\/ducan\/vage\/digitale-cs-weegschaal\/\">Digitalna CS vaga \u2013 100 g x 0,01 g<\/a><\/p>\n<hr \/>\n<h4><strong>Zna\u010dajke:<\/strong><\/h4>\n<ul>\n<li><strong>Mjerni raspon:<\/strong> 0,001 g do 50 g<\/li>\n<li><strong>Prikaz:<\/strong> Osvijetljeni LCD zaslon za jasno o\u010ditavanje<\/li>\n<li><strong>Kalibriranje:<\/strong> Ru\u010dno ili automatsko (te\u017eina nije uklju\u010dena)<\/li>\n<li><strong>Zna\u010dajke:<\/strong> Tara\/Nula, automatsko isklju\u010divanje, razli\u010dite jedinice za vaganje (g, oz, ct, gn, dwt)<\/li>\n<li><strong>Napajanje:<\/strong> Potrebne su AAA baterije (obi\u010dno uklju\u010dene)<\/li>\n<li><strong>Format:<\/strong> Kompaktan i prenosiv \u2013 stane u d\u017eep jakne.<a href=\"https:\/\/researchchemicalstore.eu\/hr\/ducan\/vage\/digitalna-bio-mini-vaga\/\">Digitalna bio mini vaga \u2013 20 g x 0,001 g<\/a><\/li>\n<\/ul>\n<hr \/>\n<h4><strong>Prednosti:<\/strong><\/h4>\n<p>\u2714 Vrlo pogodno za precizno vaganje malih koli\u010dina<br \/>\n\u2714 Pogodno za laboratorije, drago kamenje, prahove i sitnozrnate tvari<br \/>\n\u2714 Jednostavno za kori\u0161tenje \u2013 priklju\u010dite i izva\u017eite<br \/>\n\u2714 Uklju\u010duje za\u0161titni poklopac ili navlaku (ako je primjenjivo).<a href=\"https:\/\/researchchemicalstore.eu\/hr\/ducan\/vage\/digitalna-mini-vaga-za-tenkove\/\">Digitalna mini vaga za spremnike \u2013 20 g x 0,001 g<\/a><\/p>\n<hr \/>\n<p>\ud83c\udfaf <strong>Savr\u0161eno za<\/strong>: laboratorijski stru\u010dnjaci, kolekcionari, hobisti, istra\u017eiva\u010di i svi koji rade s preciznim dozama.<\/p>\n<p>&nbsp;<\/p>","protected":false},"excerpt":{"rendered":"<p><strong>Tehni\u010dki podaci:<\/strong><\/p>\n<ul>\n<li>Digitalno<\/li>\n<li>Te\u017ei od 0,001 g<\/li>\n<li>Te\u017ei maksimalno 50 g<\/li>\n<li>Radi na: 2x AAA baterije<\/li>\n<li>LCD zaslon<\/li>\n<li>Boja: crna<\/li>\n<\/ul>","protected":false},"featured_media":21116,"comment_status":"closed","ping_status":"closed","template":"","meta":[],"product_brand":[],"product_cat":[451],"product_tag":[452,764,767,847,765,766,768],"class_list":{"0":"post-24083","1":"product","2":"type-product","3":"status-publish","4":"has-post-thumbnail","6":"product_cat-weegschalen","7":"product_tag-de","8":"product_tag-digitale-cs-weegschaal","9":"product_tag-digitale-microweegschaal","10":"product_tag-digitale-mini-weegschaal","11":"product_tag-milligramweegschaal","12":"product_tag-precise-weegschaal-0-001g","13":"product_tag-weegschaal-voor-research-chemicals","15":"first","16":"instock","17":"taxable","18":"shipping-taxable","19":"purchasable","20":"product-type-simple"},"_links":{"self":[{"href":"https:\/\/researchchemicalstore.eu\/hr\/wp-json\/wp\/v2\/product\/24083","targetHints":{"allow":["GET"]}}],"collection":[{"href":"https:\/\/researchchemicalstore.eu\/hr\/wp-json\/wp\/v2\/product"}],"about":[{"href":"https:\/\/researchchemicalstore.eu\/hr\/wp-json\/wp\/v2\/types\/product"}],"replies":[{"embeddable":true,"href":"https:\/\/researchchemicalstore.eu\/hr\/wp-json\/wp\/v2\/comments?post=24083"}],"version-history":[{"count":4,"href":"https:\/\/researchchemicalstore.eu\/hr\/wp-json\/wp\/v2\/product\/24083\/revisions"}],"predecessor-version":[{"id":25971,"href":"https:\/\/researchchemicalstore.eu\/hr\/wp-json\/wp\/v2\/product\/24083\/revisions\/25971"}],"wp:featuredmedia":[{"embeddable":true,"href":"https:\/\/researchchemicalstore.eu\/hr\/wp-json\/wp\/v2\/media\/21116"}],"wp:attachment":[{"href":"https:\/\/researchchemicalstore.eu\/hr\/wp-json\/wp\/v2\/media?parent=24083"}],"wp:term":[{"taxonomy":"product_brand","embeddable":true,"href":"https:\/\/researchchemicalstore.eu\/hr\/wp-json\/wp\/v2\/product_brand?post=24083"},{"taxonomy":"product_cat","embeddable":true,"href":"https:\/\/researchchemicalstore.eu\/hr\/wp-json\/wp\/v2\/product_cat?post=24083"},{"taxonomy":"product_tag","embeddable":true,"href":"https:\/\/researchchemicalstore.eu\/hr\/wp-json\/wp\/v2\/product_tag?post=24083"}],"curies":[{"name":"radni list","href":"https:\/\/api.w.org\/{rel}","templated":true}]}}