{"id":24966,"date":"2025-04-13T17:43:53","date_gmt":"2025-04-13T17:43:53","guid":{"rendered":"https:\/\/researchchemicalstore.eu\/?post_type=product&#038;p=24966"},"modified":"2025-10-18T14:32:41","modified_gmt":"2025-10-18T14:32:41","slug":"1vlsd","status":"publish","type":"product","link":"https:\/\/researchchemicalstore.eu\/hr\/product\/1vlsd\/","title":{"rendered":"1V-LSD 150 MCG upijaju\u0107ih papira"},"content":{"rendered":"<h1 class=\"ds-markdown-paragraph\"><strong>1V-LSD 150 mcg upijaju\u0107e tablete \u2013 sna\u017ene i pouzdane za istra\u017eivanje<\/strong><\/h1>\n<p>1vlsd<\/p>\n<h3><strong>\u0160to je 1V-LSD?<\/strong><\/h3>\n<p class=\"ds-markdown-paragraph\">1vlsd, 1V-LSD (dietilamid 1-valeril-D-lizerginske kiseline) je istra\u017eiva\u010dka kemikalija strukturno srodna LSD-u. Poznata je po svojim potencijalnim psihoaktivnim svojstvima i koristi se u znanstvenim i farmakolo\u0161kim studijama.<\/p>\n<h3><strong>Za\u0161to odabrati na\u0161e 1V-LSD 150 mcg upijaju\u0107e tablete?<\/strong><\/h3>\n<p class=\"ds-markdown-paragraph\">\u2714\u00a0<strong>To\u010dno doziranje<\/strong>\u00a0\u2013 Svaki blotter sadr\u017ei to\u010dno 150 mcg za dosljedne rezultate istra\u017eivanja.<br \/>\n\u2714\u00a0<strong>Visoka kvaliteta<\/strong>\u00a0\u2013 Proizvedeno u strogim laboratorijskim uvjetima za optimalnu \u010disto\u0107u.<br \/>\n\u2714\u00a0<strong>Jednostavno za kori\u0161tenje<\/strong>\u00a0\u2013 Oblik upijaju\u0107eg papira omogu\u0107uje jednostavno doziranje i skladi\u0161tenje.<\/p>\n<h3><strong>\u010cesto postavljana pitanja (FAQ)<\/strong><\/h3>\n<h4><strong>1. Je li 1V-LSD legalan?<\/strong><\/h4>\n<p class=\"ds-markdown-paragraph\">Legalnost 1V-LSD-a varira ovisno o zemlji.\u00a0<strong>namijenjeno samo u istra\u017eiva\u010dke svrhe<\/strong>\u00a0i nije za ljudsku konzumaciju. Uvijek provjerite lokalne propise prije naru\u010divanja.<\/p>\n<h4><strong>2. Kako trebam \u010duvati 1V-LSD upijaju\u0107e papire?<\/strong><\/h4>\n<p class=\"ds-markdown-paragraph\">Upijaju\u0107e papire \u010duvajte u\u00a0<strong>hladnom, suhom i tamnom mjestu<\/strong>, po mogu\u0107nosti u hermeti\u010dki zatvorenoj posudi. Izbjegavajte izlaganje svjetlosti i vlazi radi duljeg roka trajanja.<\/p>\n<h4><strong>3. Jesu li ovi upija\u010di sigurni za ljudsku upotrebu?<\/strong><\/h4>\n<p class=\"ds-markdown-paragraph\"><em>Ne.<\/em>\u00a0Ovaj proizvod je\u00a0<strong>namijenjeno samo za znanstvena istra\u017eivanja<\/strong>\u00a0i ne za rekreacijsku ili medicinsku primjenu. Na\u0161i upija\u010di namijenjeni su isklju\u010divo za kontrolirane laboratorijske studije.<\/p>\n<h4><strong>4. Koje su mogu\u0107e istra\u017eiva\u010dke primjene?<\/strong><\/h4>\n<p class=\"ds-markdown-paragraph\">\ud83d\udd2c\u00a0<strong>Neurofarmakolo\u0161ke studije<\/strong><br \/>\n\ud83e\udde0\u00a0<strong>Istra\u017eivanje bihevioralne znanosti<\/strong><br \/>\n\ud83d\udcca\u00a0<strong>Analiti\u010dka kemija i metaboli\u010dke studije<\/strong><\/p>\n<h3><strong>Naru\u010dite odmah za brzu dostavu!<\/strong><\/h3>\n<p class=\"ds-markdown-paragraph\">Dostupno samo registriranim istra\u017eiva\u010dima i laboratorijima. Diskretno pakiranje i brza usluga zajam\u010deni.<\/p>\n<p><a href=\"https:\/\/researchchemicalstore.eu\/hr\/ducan\/iboga-ibogain\/kora-korijena-iboge\/\">Kora korijena iboge<\/a><a href=\"https:\/\/researchchemicalstore.eu\/hr\/ducan\/iboga-ibogain\/kupiti-ibogain-hidroklorid-online\/\">Kupite Ibogain HCL<\/a><a href=\"https:\/\/researchchemicalstore.eu\/hr\/ducan\/lisergamidi\/1cp-lsd-a\/\">1cP-LSD 150 MCG Art Blotters<\/a><a href=\"https:\/\/researchchemicalstore.eu\/hr\/ducan\/pellets\/o-dsmt-50-mg-pelete\/\">O-DSMT pelete od 50 mg<\/a><a href=\"https:\/\/researchchemicalstore.eu\/hr\/ducan\/gotovo-zabranjeno\/6-cl-adba\/\">6-CL-ADBA<\/a><\/p>","protected":false},"excerpt":{"rendered":"<h2>Svojstva 1V-LSD blotera<\/h2>\n<p><strong>Sinonimi<\/strong>1-valeroil-lizerginska kiselina dietilamid hemi-L-tartarat<br \/>\n<strong>CAS broj<\/strong>: nije dostupno<br \/>\n<strong>Formula<\/strong>C25H33N3O2<br \/>\n<strong>Molarna masa<\/strong>: 407,558 g\/mol<br \/>\n<strong>\u010cisto\u0107a<\/strong>: \u226599,3%<\/p>","protected":false},"featured_media":28576,"comment_status":"open","ping_status":"closed","template":"","meta":[],"product_brand":[],"product_cat":[364,358],"product_tag":[631,582,326],"class_list":{"0":"post-24966","1":"product","2":"type-product","3":"status-publish","4":"has-post-thumbnail","6":"product_cat-1v-lsd","7":"product_cat-lysergamides","8":"product_tag-1v-lsd","9":"product_tag-1vlsd","10":"product_tag-nl","12":"first","13":"instock","14":"taxable","15":"shipping-taxable","16":"purchasable","17":"product-type-variable"},"_links":{"self":[{"href":"https:\/\/researchchemicalstore.eu\/hr\/wp-json\/wp\/v2\/product\/24966","targetHints":{"allow":["GET"]}}],"collection":[{"href":"https:\/\/researchchemicalstore.eu\/hr\/wp-json\/wp\/v2\/product"}],"about":[{"href":"https:\/\/researchchemicalstore.eu\/hr\/wp-json\/wp\/v2\/types\/product"}],"replies":[{"embeddable":true,"href":"https:\/\/researchchemicalstore.eu\/hr\/wp-json\/wp\/v2\/comments?post=24966"}],"version-history":[{"count":8,"href":"https:\/\/researchchemicalstore.eu\/hr\/wp-json\/wp\/v2\/product\/24966\/revisions"}],"predecessor-version":[{"id":26287,"href":"https:\/\/researchchemicalstore.eu\/hr\/wp-json\/wp\/v2\/product\/24966\/revisions\/26287"}],"wp:featuredmedia":[{"embeddable":true,"href":"https:\/\/researchchemicalstore.eu\/hr\/wp-json\/wp\/v2\/media\/28576"}],"wp:attachment":[{"href":"https:\/\/researchchemicalstore.eu\/hr\/wp-json\/wp\/v2\/media?parent=24966"}],"wp:term":[{"taxonomy":"product_brand","embeddable":true,"href":"https:\/\/researchchemicalstore.eu\/hr\/wp-json\/wp\/v2\/product_brand?post=24966"},{"taxonomy":"product_cat","embeddable":true,"href":"https:\/\/researchchemicalstore.eu\/hr\/wp-json\/wp\/v2\/product_cat?post=24966"},{"taxonomy":"product_tag","embeddable":true,"href":"https:\/\/researchchemicalstore.eu\/hr\/wp-json\/wp\/v2\/product_tag?post=24966"}],"curies":[{"name":"radni list","href":"https:\/\/api.w.org\/{rel}","templated":true}]}}