{"id":26119,"date":"2025-05-01T01:31:17","date_gmt":"2025-05-01T01:31:17","guid":{"rendered":"https:\/\/researchchemicalstore.eu\/?post_type=product&#038;p=26119"},"modified":"2025-10-18T13:52:20","modified_gmt":"2025-10-18T13:52:20","slug":"kora-korijena-iboge","status":"publish","type":"product","link":"https:\/\/researchchemicalstore.eu\/hr\/product\/kora-korijena-iboge\/","title":{"rendered":"Kora korijena iboge"},"content":{"rendered":"<h2>Kupite koru korijena iboge<\/h2>\n<p>Kora korijena iboge, Na\u0161a kora korijena iboge za prodaju mo\u017ee se konzumirati izravno gutanjem ili se mo\u017ee samljeti u prah kore korijena iboge prije konzumiranja, gdje se mo\u017ee kapsulirati u kapsule i progutati kako bi se izbjegao gorak okus.<\/p>\n<p>Velika doza kore korijena iboge konzumira se kao obred prijelaza, a manje koli\u010dine se tradicionalno uzimaju za ceremonije iscjeljivanja i lov kod naroda Bwiti. Male doze kore korijena iboge od oko 5 grama djeluju kao stimulans i afrodizijak, dok velike doze kore korijena iboge od oko 10 do 25 grama mogu se koristiti za duhovno istra\u017eivanje, psihoterapeutsko iscjeljivanje, brzu fizi\u010dku detoksikaciju i oporavak od ovisnosti.<\/p>\n<p>Obe\u0107avaju\u0107i rezultati pojavili su se i u lije\u010denju niza drugih stanja, uklju\u010duju\u0107i Parkinsonovu bolest. Mnogi centri za lije\u010denje ibogom otkrili su da je potrebno uzeti previ\u0161e kore korijena iboge za potpuno iskustvo.<\/p>\n<div class=\"elementor-element elementor-element-2342a3b elementor-widget elementor-widget-jws_widget_heading\" data-id=\"2342a3b\" data-element_type=\"widget\" data-widget_type=\"jws_widget_heading.default\">\n<div class=\"elementor-widget-container\">\n<div class=\"title-wrapper center\">\n<h2 class=\"title\">\u0160to biste trebali znati<\/h2>\n<\/div>\n<\/div>\n<\/div>\n<div class=\"elementor-element elementor-element-dd111fd elementor-widget__width-initial elementor-widget elementor-widget-text-editor\" data-id=\"dd111fd\" data-element_type=\"widget\" data-widget_type=\"text-editor.default\">\n<div class=\"elementor-widget-container\">\n<p>Konzumiranje tako ogromne koli\u010dine biljne kore mo\u017ee biti prili\u010dno te\u0161ko. U inicijacijskoj ceremoniji Bwiti, tijekom ceremonije konzumirane su doze i do 100 grama kore korijena iboge. Ovo je maksimalna uo\u010dena doza, a razli\u010diti dobavlja\u010di kore korijena iboge imaju razli\u010dite filozofije o to\u010dnim dozama. Tipi\u010dna terapijska doza na\u0161e kore korijena iboge za prodaju kre\u0107e se od 5 do 100 grama, ovisno o osobi i cilju lije\u010denja, ali jedenje velike koli\u010dine vlaknaste biljne tvari poput na\u0161e iboge za prodaju mo\u017ee izazvati mu\u010dninu kod bilo koga. Kora korijena iboge dugo ostaje u tijelu, ponekad je potrebno oko 72 sata do tjedan dana da se kona\u010dno izlu\u010di iz sustava.<a href=\"https:\/\/researchchemicalstore.eu\/hr\/ducan\/fenetilamin\/2c-ef-2-mg-kapsule\/\">2C-EF 2 mg kapsule<\/a><a href=\"https:\/\/researchchemicalstore.eu\/hr\/ducan\/katinoni\/kupiti-2-cmc\/\">2-CMC pelete od 250 mg<\/a><a href=\"https:\/\/researchchemicalstore.eu\/hr\/ducan\/lisergamidi\/1v-lsd-150-mcg-blotters\/\">1V-LSD 150 MCG upijaju\u0107ih papira<\/a><a href=\"https:\/\/researchchemicalstore.eu\/hr\/ducan\/pellets\/o-dsmt-50-mg-pelete\/\">O-DSMT pelete od 50 mg<\/a><a href=\"https:\/\/researchchemicalstore.eu\/hr\/ducan\/lisergamidi\/1cp-lsd-150-mcg\/\">1cP-LSD 150 MCG Art Blotters<\/a><\/p>\n<\/div>\n<\/div>","protected":false},"excerpt":{"rendered":"<p>Buy Iboga root bark iboga root bark\u200b, Our iboga root bark for sale can be consumed directly by ingesting or<\/p>","protected":false},"featured_media":28800,"comment_status":"closed","ping_status":"closed","template":"","meta":[],"product_brand":[],"product_cat":[908],"product_tag":[914],"class_list":{"0":"post-26119","1":"product","2":"type-product","3":"status-publish","4":"has-post-thumbnail","6":"product_cat-iboga-ibogaine","7":"product_tag-iboga-root-bark","9":"first","10":"instock","11":"taxable","12":"shipping-taxable","13":"purchasable","14":"product-type-variable"},"_links":{"self":[{"href":"https:\/\/researchchemicalstore.eu\/hr\/wp-json\/wp\/v2\/product\/26119","targetHints":{"allow":["GET"]}}],"collection":[{"href":"https:\/\/researchchemicalstore.eu\/hr\/wp-json\/wp\/v2\/product"}],"about":[{"href":"https:\/\/researchchemicalstore.eu\/hr\/wp-json\/wp\/v2\/types\/product"}],"replies":[{"embeddable":true,"href":"https:\/\/researchchemicalstore.eu\/hr\/wp-json\/wp\/v2\/comments?post=26119"}],"version-history":[{"count":3,"href":"https:\/\/researchchemicalstore.eu\/hr\/wp-json\/wp\/v2\/product\/26119\/revisions"}],"predecessor-version":[{"id":26158,"href":"https:\/\/researchchemicalstore.eu\/hr\/wp-json\/wp\/v2\/product\/26119\/revisions\/26158"}],"wp:featuredmedia":[{"embeddable":true,"href":"https:\/\/researchchemicalstore.eu\/hr\/wp-json\/wp\/v2\/media\/28800"}],"wp:attachment":[{"href":"https:\/\/researchchemicalstore.eu\/hr\/wp-json\/wp\/v2\/media?parent=26119"}],"wp:term":[{"taxonomy":"product_brand","embeddable":true,"href":"https:\/\/researchchemicalstore.eu\/hr\/wp-json\/wp\/v2\/product_brand?post=26119"},{"taxonomy":"product_cat","embeddable":true,"href":"https:\/\/researchchemicalstore.eu\/hr\/wp-json\/wp\/v2\/product_cat?post=26119"},{"taxonomy":"product_tag","embeddable":true,"href":"https:\/\/researchchemicalstore.eu\/hr\/wp-json\/wp\/v2\/product_tag?post=26119"}],"curies":[{"name":"radni list","href":"https:\/\/api.w.org\/{rel}","templated":true}]}}