{"id":26126,"date":"2025-05-01T01:31:17","date_gmt":"2025-05-01T01:31:17","guid":{"rendered":"https:\/\/researchchemicalstore.eu\/?post_type=product&#038;p=26126"},"modified":"2025-10-18T14:19:24","modified_gmt":"2025-10-18T14:19:24","slug":"kupiti-iboga-ta","status":"publish","type":"product","link":"https:\/\/researchchemicalstore.eu\/hr\/product\/kupiti-iboga-ta\/","title":{"rendered":"Kupite Ibogu TA"},"content":{"rendered":"<h2>Kupite Ibogu TA<\/h2>\n<p>Kupite Iboga TA, TA je kratica za &quot;ukupni alkaloid&quot;. Iboga TA je ekstrakt koji sadr\u017ei sve alkaloide prisutne u kori korijena iboge. Alkaloidi se mogu relativno lako ekstrahirati iz kore korijena putem kiselo-bazne ekstrakcije. kupite ibogu online<\/p>\n<p>Znanstvena istra\u017eivanja pokazuju drasti\u010dno smanjenje simptoma odvikavanja nakon uzimanja kore korijena iboge ili ekstrakata poznatih kao HCL i TA, do te mjere da se gotovo potpuno razgra\u0111uje. Istra\u017eivanja pokazuju da su tretmani s 90% uspje\u0161ni i da \u010dak i mjesecima nakon tretmana pacijenti nemaju potrebu za recidivom. Osim \u0161to razbija ovisnost, daje pacijentima jasno\u0107u i uvid u vlastite \u017eivote.<\/p>\n<p>Vr\u0161imo otpremu i pakiranje iboga praha s profesionalno\u0161\u0107u kako bismo osigurali uspje\u0161nu dostavu 100%. Nudimo stru\u010dne usluge do na\u0161ih odredi\u0161ta, a na va\u0161 poziv i upit mo\u017eemo vam dostaviti imenike o na\u010dinu upotrebe, doziranju i drugim bitnim podacima.<\/p>","protected":false},"excerpt":{"rendered":"<p>Kupite Iboga TA Kupite Iboga TA, TA je kratica za &quot;ukupni alkaloid&quot;. Iboga TA je ekstrakt koji sadr\u017ei sve alkaloide.<\/p>","protected":false},"featured_media":28746,"comment_status":"closed","ping_status":"closed","template":"","meta":[],"product_brand":[],"product_cat":[908],"product_tag":[],"class_list":{"0":"post-26126","1":"product","2":"type-product","3":"status-publish","4":"has-post-thumbnail","6":"product_cat-iboga-ibogaine","8":"first","9":"instock","10":"taxable","11":"shipping-taxable","12":"purchasable","13":"product-type-variable"},"_links":{"self":[{"href":"https:\/\/researchchemicalstore.eu\/hr\/wp-json\/wp\/v2\/product\/26126","targetHints":{"allow":["GET"]}}],"collection":[{"href":"https:\/\/researchchemicalstore.eu\/hr\/wp-json\/wp\/v2\/product"}],"about":[{"href":"https:\/\/researchchemicalstore.eu\/hr\/wp-json\/wp\/v2\/types\/product"}],"replies":[{"embeddable":true,"href":"https:\/\/researchchemicalstore.eu\/hr\/wp-json\/wp\/v2\/comments?post=26126"}],"version-history":[{"count":2,"href":"https:\/\/researchchemicalstore.eu\/hr\/wp-json\/wp\/v2\/product\/26126\/revisions"}],"predecessor-version":[{"id":28876,"href":"https:\/\/researchchemicalstore.eu\/hr\/wp-json\/wp\/v2\/product\/26126\/revisions\/28876"}],"wp:featuredmedia":[{"embeddable":true,"href":"https:\/\/researchchemicalstore.eu\/hr\/wp-json\/wp\/v2\/media\/28746"}],"wp:attachment":[{"href":"https:\/\/researchchemicalstore.eu\/hr\/wp-json\/wp\/v2\/media?parent=26126"}],"wp:term":[{"taxonomy":"product_brand","embeddable":true,"href":"https:\/\/researchchemicalstore.eu\/hr\/wp-json\/wp\/v2\/product_brand?post=26126"},{"taxonomy":"product_cat","embeddable":true,"href":"https:\/\/researchchemicalstore.eu\/hr\/wp-json\/wp\/v2\/product_cat?post=26126"},{"taxonomy":"product_tag","embeddable":true,"href":"https:\/\/researchchemicalstore.eu\/hr\/wp-json\/wp\/v2\/product_tag?post=26126"}],"curies":[{"name":"radni list","href":"https:\/\/api.w.org\/{rel}","templated":true}]}}