{"id":26138,"date":"2025-05-01T01:31:18","date_gmt":"2025-05-01T01:31:18","guid":{"rendered":"https:\/\/researchchemicalstore.eu\/?post_type=product&#038;p=26138"},"modified":"2025-10-18T14:15:48","modified_gmt":"2025-10-18T14:15:48","slug":"iboga-kapsule","status":"publish","type":"product","link":"https:\/\/researchchemicalstore.eu\/hr\/product\/iboga-kapsule\/","title":{"rendered":"Iboga kapsule"},"content":{"rendered":"<h2>Kupite Iboga kapsule<\/h2>\n<p>Iboga se odnosi na psihoaktivni spoj dobiven iz biljaka koje sadr\u017ee alkaloid ibogain. Samo u Gabonu postoje brojne biljke koje sadr\u017ee ovaj alkaloid. Glavni izvor je, me\u0111utim, biljka Tabernanthe Iboga. Ove biljke rastu na tlu d\u017eungle u udaljenim regijama zapadne sredi\u0161nje Afrike, uklju\u010duju\u0107i Kamerun, Republiku Kongo<a href=\"https:\/\/legalerfuhrerschein.com\/\" target=\"_blank\" rel=\"noopener\">,<\/a> Angola i, naravno, Gabon, fizi\u010dki i duhovni dom biljke. Kupite iboga kapsule<\/p>\n<p>Kora korijena biljke sadr\u017ei psihoaktivne alkaloide. Struganjem ove kore s korijena dobivamo svje\u017ee, spremne za jelo, mo\u0107ne, drevne, ljekovite... <a href=\"https:\/\/ibogainerehabilitation.com\/\" target=\"_blank\" rel=\"noopener\">iboga<\/a>Nakon konzumiranja kore korijena, ispitanici do\u017eivljavaju po\u010detak stanja svijesti sli\u010dnog snu. Tijekom putovanja, osoba mo\u017ee (ili ne mora) nai\u0107i na egzistencijalna otkri\u0107a, kristalno jasne vizije, prisje\u0107anje i bezbroj drugih divnih stvari. Poput ovisnosti, depresije, ko\u017enih bolesti, smanjenja tjelesne mase i duhovnog bu\u0111enja.<\/p>","protected":false},"excerpt":{"rendered":"<p>Buy Iboga Capsules Iboga refers to a psychoactive compound taken from plants that contain the ibogaine alkaloid. In Gabon alone,<\/p>","protected":false},"featured_media":28799,"comment_status":"closed","ping_status":"closed","template":"","meta":[],"product_brand":[],"product_cat":[908],"product_tag":[],"class_list":{"0":"post-26138","1":"product","2":"type-product","3":"status-publish","4":"has-post-thumbnail","6":"product_cat-iboga-ibogaine","8":"first","9":"instock","10":"taxable","11":"shipping-taxable","12":"purchasable","13":"product-type-variable"},"_links":{"self":[{"href":"https:\/\/researchchemicalstore.eu\/hr\/wp-json\/wp\/v2\/product\/26138","targetHints":{"allow":["GET"]}}],"collection":[{"href":"https:\/\/researchchemicalstore.eu\/hr\/wp-json\/wp\/v2\/product"}],"about":[{"href":"https:\/\/researchchemicalstore.eu\/hr\/wp-json\/wp\/v2\/types\/product"}],"replies":[{"embeddable":true,"href":"https:\/\/researchchemicalstore.eu\/hr\/wp-json\/wp\/v2\/comments?post=26138"}],"version-history":[{"count":2,"href":"https:\/\/researchchemicalstore.eu\/hr\/wp-json\/wp\/v2\/product\/26138\/revisions"}],"predecessor-version":[{"id":28875,"href":"https:\/\/researchchemicalstore.eu\/hr\/wp-json\/wp\/v2\/product\/26138\/revisions\/28875"}],"wp:featuredmedia":[{"embeddable":true,"href":"https:\/\/researchchemicalstore.eu\/hr\/wp-json\/wp\/v2\/media\/28799"}],"wp:attachment":[{"href":"https:\/\/researchchemicalstore.eu\/hr\/wp-json\/wp\/v2\/media?parent=26138"}],"wp:term":[{"taxonomy":"product_brand","embeddable":true,"href":"https:\/\/researchchemicalstore.eu\/hr\/wp-json\/wp\/v2\/product_brand?post=26138"},{"taxonomy":"product_cat","embeddable":true,"href":"https:\/\/researchchemicalstore.eu\/hr\/wp-json\/wp\/v2\/product_cat?post=26138"},{"taxonomy":"product_tag","embeddable":true,"href":"https:\/\/researchchemicalstore.eu\/hr\/wp-json\/wp\/v2\/product_tag?post=26138"}],"curies":[{"name":"radni list","href":"https:\/\/api.w.org\/{rel}","templated":true}]}}