{"id":27196,"date":"2025-08-14T10:52:21","date_gmt":"2025-08-14T10:52:21","guid":{"rendered":"https:\/\/researchchemicalstore.eu\/?page_id=27196"},"modified":"2025-10-13T09:51:39","modified_gmt":"2025-10-13T09:51:39","slug":"personuverndaryfirlysing","status":"publish","type":"page","link":"https:\/\/researchchemicalstore.eu\/is\/personuverndaryfirlysing\/","title":{"rendered":"Pers\u00f3nuverndaryfirl\u00fdsing"},"content":{"rendered":"<p>Pers\u00f3nuverndaryfirl\u00fdsing<br>\u00deetta er pers\u00f3nuverndaryfirl\u00fdsing researchchemicalstore.eu. Gildissvi\u00f0: \u00deessi pers\u00f3nuverndaryfirl\u00fdsing \u00e1 vi\u00f0 um allar pers\u00f3nuuppl\u00fdsingar e\u00f0a pers\u00f3nuuppl\u00fdsingar sem \u00fe\u00fa l\u00e6tur okkur \u00ed t\u00e9, til d\u00e6mis \u00ed gegnum skr\u00e1ningarform, tengili\u00f0sey\u00f0ubla\u00f0 e\u00f0a pantanir sem \u00fe\u00fa leggur inn.<\/p>\n\n\n\n<p>Vi\u00f0 leggjum \u00e1herslu \u00e1 fri\u00f0helgi einkal\u00edfs vi\u00f0skiptavina okkar og g\u00e6tum \u00fev\u00ed \u00edtrustu var\u00fa\u00f0ar vi\u00f0 me\u00f0h\u00f6ndlun og verndun pers\u00f3nuuppl\u00fdsinga. Vi\u00f0 vinnum \u00far g\u00f6gnum \u00ed samr\u00e6mi vi\u00f0 skilm\u00e1la almennu pers\u00f3nuverndarregluger\u00f0arinnar (GDPR).<\/p>\n\n\n\n<p>researchchemicalstore.eu er \u00e1byrg\u00f0ara\u00f0ili, \u00ed skilningi GDPR, fyrir vinnslu pers\u00f3nuuppl\u00fdsinga \u00feinna. \u00deetta \u00fe\u00fd\u00f0ir a\u00f0 vi\u00f0 ein \u00e1kve\u00f0um hva\u00f0a pers\u00f3nuuppl\u00fdsingar eru unnar, \u00ed hva\u00f0a tilgangi og \u00e1 hva\u00f0a h\u00e1tt. Vi\u00f0 berum \u00e1byrg\u00f0 \u00e1 a\u00f0 tryggja a\u00f0 pers\u00f3nuuppl\u00fdsingar \u00fe\u00ednar s\u00e9u unnar \u00e1 r\u00e9ttan og vandlegan h\u00e1tt \u00ed samr\u00e6mi vi\u00f0 GDPR. \u00cd \u00feessari pers\u00f3nuverndaryfirl\u00fdsingu \u00fatsk\u00fdrum vi\u00f0 hva\u00f0a g\u00f6gn vi\u00f0 vinnum \u00far og \u00ed hva\u00f0a tilgangi. Yfirlit yfir pers\u00f3nuuppl\u00fdsingar: H\u00e9r a\u00f0 ne\u00f0an er yfirlit yfir \u00fe\u00e6r pers\u00f3nuuppl\u00fdsingar sem vi\u00f0 vinnum \u00far:<\/p>\n\n\n\n<ul class=\"wp-block-list\">\n<li>Fornafn og eftirnafn<\/li>\n\n\n\n<li>Heimilisfang<\/li>\n\n\n\n<li>S\u00edman\u00famer<\/li>\n\n\n\n<li>Netfang<\/li>\n\n\n\n<li>IP-tala vefs\u00ed\u00f0ugesta<br>TILGANGUR OG GRUNDV\u00d6LLUR VINNSLU PERS\u00d3NUUPPL\u00ddSINGA<br>Me\u00f0 \u00fev\u00ed a\u00f0 sam\u00feykkja \u00feessa pers\u00f3nuverndaryfirl\u00fdsingu sam\u00feykkir \u00fe\u00fa s\u00e9rstaklega, eins og skilgreint er \u00ed 6. gr., 1. mgr. a-li\u00f0ar GDPR, vinnslu pers\u00f3nuuppl\u00fdsinga \u00feinna \u00ed \u00feeim tilgangi sem tilgreindur er h\u00e9r a\u00f0 ne\u00f0an. \u00de\u00fa getur afturkalla\u00f0 \u00feetta sam\u00feykki hven\u00e6r sem er. Hins vegar, ef \u00fe\u00fa l\u00e6tur okkur ekki \u00ed t\u00e9 \u00e1kve\u00f0nar uppl\u00fdsingar e\u00f0a leyfir okkur ekki a\u00f0 vinna \u00fe\u00e6r, g\u00e6tum vi\u00f0 ekki geta\u00f0 veitt \u00fe\u00e9r bestu m\u00f6gulegu \u00fej\u00f3nustu.<\/li>\n<\/ul>\n\n\n\n<p>Ef \u00fe\u00fa hefur ekki veitt okkur sk\u00fdrt sam\u00feykki fyrir vinnslu pers\u00f3nuuppl\u00fdsinga \u00feinna, e\u00f0a ef \u00fe\u00fa hefur afturkalla\u00f0 \u00feetta sam\u00feykki, getur vinnsla pers\u00f3nuuppl\u00fdsinga \u00feinna veri\u00f0 bygg\u00f0 \u00e1 b-, c- og\/e\u00f0a f-li\u00f0um 6. gr. 1. mgr. GDPR. \u00cd \u00fev\u00ed tilviki getur vinnsla pers\u00f3nuuppl\u00fdsinga \u00feinna fari\u00f0 fram \u00e1n \u00fe\u00edns sam\u00feykkis, a\u00f0 \u00fev\u00ed tilskildu a\u00f0 \u00fea\u00f0 s\u00e9 nau\u00f0synlegt til a\u00f0 efna samning sem \u00fe\u00fa ert e\u00f0a ver\u00f0ur a\u00f0ili a\u00f0, e\u00f0a s\u00e9 nau\u00f0synlegt til a\u00f0 vernda l\u00f6gm\u00e6ta hagsmuni researchchemicalstore.eu. A\u00f0 auki g\u00e6tum vi\u00f0 veri\u00f0 lagalega skyldug til a\u00f0 vinna \u00far pers\u00f3nuuppl\u00fdsingum \u00fe\u00ednum.<\/p>\n\n\n\n<p>Vi\u00f0 vinnum \u00far pers\u00f3nuuppl\u00fdsingum \u00fe\u00ednum \u00ed eftirfarandi tilgangi:<\/p>\n\n\n\n<p>\u2013 Til a\u00f0 veita \u00fej\u00f3nustu okkar (til a\u00f0 afhenda \u00fe\u00e9r v\u00f6rur)<\/p>\n\n\n\n<ul class=\"wp-block-list\">\n<li>Til a\u00f0 vinna \u00far grei\u00f0slu \u00feinni<br>\u2013 Til a\u00f0 senda fr\u00e9ttabr\u00e9fi\u00f0 okkar<\/li>\n\n\n\n<li>Til a\u00f0 uppl\u00fdsa \u00feig um breytingar \u00e1 \u00fej\u00f3nustu okkar og v\u00f6rum<\/li>\n\n\n\n<li>Til a\u00f0 veita \u00fe\u00e9r t\u00e6kif\u00e6ri til a\u00f0 stofna reikning<br>Vi\u00f0 geymum ekki pers\u00f3nuuppl\u00fdsingar \u00fe\u00ednar lengur en stranglega nau\u00f0synlegt er til a\u00f0 n\u00e1 \u00feeim tilgangi sem g\u00f6gnunum \u00fe\u00ednum er safna\u00f0 fyrir.<\/li>\n\n\n\n<li>UPPL\u00ddSINGAR TIL \u00deRI\u00d0JA A\u00d0ILA<\/li>\n\n\n\n<li>Vi\u00f0 g\u00e6tum deilt pers\u00f3nuuppl\u00fdsingum \u00fe\u00ednum me\u00f0 \u00feri\u00f0ja a\u00f0ila ef \u00fea\u00f0 er \u00ed samr\u00e6mi vi\u00f0 ofangreinda tilgangi. Mi\u00f0lun til \u00feri\u00f0ja a\u00f0ila kann a\u00f0 vera nau\u00f0synleg til a\u00f0 efna samning sem vi\u00f0 gerum vi\u00f0 \u00feig, nau\u00f0synleg til a\u00f0 g\u00e6ta l\u00f6gm\u00e6tra hagsmuna okkar e\u00f0a nau\u00f0synleg til a\u00f0 uppfylla lagaskyldu sem vi\u00f0 erum h\u00e1\u00f0.<\/li>\n\n\n\n<li>Vi\u00f0 h\u00f6fum gert gagnavinnslusamninga vi\u00f0 fyrirt\u00e6ki sem vinna \u00far g\u00f6gnum \u00fe\u00ednum fyrir okkar h\u00f6nd til a\u00f0 tryggja sama \u00f6ryggis- og tr\u00fana\u00f0arstig fyrir g\u00f6gnin \u00fe\u00edn. Vi\u00f0 berum \u00e1byrg\u00f0 \u00e1 \u00feessari vinnslu. Fyrir utan \u00fe\u00e6r a\u00f0st\u00e6\u00f0ur sem nefndar eru h\u00e9r a\u00f0 ofan munum vi\u00f0 a\u00f0eins afhenda pers\u00f3nuuppl\u00fdsingar \u00fe\u00ednar \u00f6\u00f0rum \u00feri\u00f0ja a\u00f0ila me\u00f0 sk\u00fdru sam\u00feykki \u00fe\u00ednu.<\/li>\n\n\n\n<li>VI\u00d0SKIPTAMARKMI\u00d0<\/li>\n\n\n\n<li>Vi\u00f0 g\u00e6tum nota\u00f0 pers\u00f3nuuppl\u00fdsingar \u00fe\u00ednar \u00ed vi\u00f0skiptalegum tilgangi, til d\u00e6mis til a\u00f0 veita \u00fe\u00e9r frekari uppl\u00fdsingar um \u00fej\u00f3nustu okkar e\u00f0a vi\u00f0eigandi v\u00f6rur, e\u00f0a um lagabreytingar sem tengjast frambo\u00f0i okkar. \u00cd sl\u00edkum tilfellum ver\u00f0ur \u00fe\u00fa a\u00f0eins l\u00e1tinn vita \u00e1 netfangi\u00f0 sem \u00fe\u00fa skr\u00e1\u00f0ir. Ef \u00fe\u00fa vilt ekki f\u00e1 uppl\u00fdsingar um vi\u00f0eigandi v\u00f6rur e\u00f0a \u00fej\u00f3nustu getur\u00f0u einfaldlega sagt upp \u00e1skrift me\u00f0 \u00fev\u00ed a\u00f0 smella \u00e1 \u201eafskr\u00e1\u201c \u00ed t\u00f6lvup\u00f3stinum sem \u00fe\u00fa f\u00e6r\u00f0. Pers\u00f3nuuppl\u00fdsingar \u00fe\u00ednar ver\u00f0a nafnlausar \u00ed marka\u00f0sranns\u00f3knarskyni \u00e1\u00f0ur en \u00fe\u00e6r eru nota\u00f0ar til a\u00f0 h\u00e1marka \u00fej\u00f3nustu okkar, og \u00fe\u00e6r ver\u00f0a ekki lengur rekjanlegar til \u00fe\u00edn.<\/li>\n\n\n\n<li>G\u00f6gnin \u00fe\u00edn ver\u00f0a ekki seld e\u00f0a deilt me\u00f0 \u00feri\u00f0ja a\u00f0ila \u00ed vi\u00f0skiptalegum tilgangi nema \u00fe\u00fa gefir sk\u00fdrt leyfi fyrir \u00fev\u00ed.<\/li>\n\n\n\n<li>Sm\u00e1k\u00f6kur<\/li>\n\n\n\n<li>Vafrak\u00f6kur eru l\u00edtil textaskr\u00e1 sem er geymd \u00e1 t\u00f6lvunni \u00feinni, spjaldt\u00f6lvunni e\u00f0a snjalls\u00edmanum \u00feegar \u00fe\u00fa heims\u00e6kir \u00feessa vefs\u00ed\u00f0u \u00ed fyrsta skipti. \u00de\u00fa getur sl\u00f6kkt \u00e1 \u00feessum vafrak\u00f6kum me\u00f0 \u00fev\u00ed a\u00f0 stilla vafrann \u00feinn \u00feannig a\u00f0 \u00fe\u00e6r geymist ekki lengur. \u00de\u00fa getur einnig eytt \u00f6llum uppl\u00fdsingum sem \u00e1\u00f0ur voru geymdar \u00ed gegnum stillingar vafrans.<\/li>\n\n\n\n<li>Vi\u00f0 notum eftirfarandi vafrak\u00f6kur:<\/li>\n\n\n\n<li>Virknik\u00f6kur: \u00deetta eru vafrak\u00f6kur sem eru nau\u00f0synlegar fyrir t\u00e6knilega virkni vefs\u00ed\u00f0unnar og au\u00f0velda notkun \u00fe\u00edna. \u00de\u00e6r tryggja a\u00f0 vefs\u00ed\u00f0an virki r\u00e9tt og muni til d\u00e6mis stillingar \u00fe\u00ednar. \u00de\u00e6r gera okkur einnig kleift a\u00f0 f\u00ednstilla vefs\u00ed\u00f0una okkar. \u00deetta eru greiningark\u00f6kur sem brj\u00f3ta ekki gegn fri\u00f0helgi \u00feinni. Vi\u00f0 \u00feurfum ekki fyrirfram sam\u00feykki \u00feitt fyrir \u00feessum kerfum.<\/li>\n\n\n\n<li>\u201dGoogle Analytics: \u00deessi vefs\u00ed\u00f0a setur inn vafrak\u00f6kur fr\u00e1 bandar\u00edska fyrirt\u00e6kinu Google sem hluta af \u201cAnalytics\u201d \u00fej\u00f3nustu sinni. researchchemicalstore.eu notar \u00feessa \u00fej\u00f3nustu til a\u00f0 f\u00e1 sk\u00fdrslur um notkun vefs\u00ed\u00f0unnar og til a\u00f0 m\u00e6la g\u00e6\u00f0i og \u00e1rangur hennar. Vi\u00f0 notum Google Analytics \u00e1 \u00feann h\u00e1tt sem Pers\u00f3nuverndarstofnun Hollands hefur m\u00e6lt fyrir um til a\u00f0 uppfylla undantekningu \u00ed vafrak\u00f6kul\u00f6gum. \u00deetta \u00fe\u00fd\u00f0ir a\u00f0 vi\u00f0 \u00feurfum ekki fyrirfram sam\u00feykki \u00feitt til a\u00f0 nota Google Analytics.<\/li>\n\n\n\n<li>INNSINS\u00ddN, LEI\u00d0R\u00c9TTING E\u00d0A FJARL\u00c6GJA<\/li>\n\n\n\n<li>\u00de\u00fa hefur r\u00e9tt til a\u00f0gangs a\u00f0, lei\u00f0r\u00e9ttingar e\u00f0a ey\u00f0ingar pers\u00f3nuuppl\u00fdsinga \u00feinna. \u00de\u00fa hefur einnig r\u00e9tt til a\u00f0 afturkalla sam\u00feykki \u00feitt fyrir vinnslu pers\u00f3nuuppl\u00fdsinga \u00feinna e\u00f0a andm\u00e6la vinnslu \u00feeirra. \u00de\u00fa hefur r\u00e9tt til gagnaflutnings ef vi\u00f0 geymum stafr\u00e6nar pers\u00f3nuuppl\u00fdsingar sem vi\u00f0 vinnum anna\u00f0 hvort me\u00f0 \u00fe\u00ednu sam\u00feykki e\u00f0a til a\u00f0 uppfylla samning sem vi\u00f0 h\u00f6fum vi\u00f0 \u00feig.<\/li>\n\n\n\n<li>\u00deetta \u00fe\u00fd\u00f0ir a\u00f0 \u00fe\u00fa getur sent okkur bei\u00f0ni um a\u00f0 senda \u00fe\u00e9r e\u00f0a annarri stofnun sem \u00fe\u00fa nefnir stafr\u00e6nar pers\u00f3nuuppl\u00fdsingar sem vi\u00f0 geymum um \u00feig \u00ed lesanlegri t\u00f6lvuskr\u00e1.<\/li>\n\n\n\n<li>\u00de\u00fa getur sent bei\u00f0ni um a\u00f0gang, lei\u00f0r\u00e9ttingu, ey\u00f0ingu, gagnaflutning pers\u00f3nuuppl\u00fdsinga \u00feinna e\u00f0a bei\u00f0ni um afturk\u00f6llun sam\u00feykkis \u00fe\u00edns e\u00f0a andm\u00e6li vi\u00f0 vinnslu pers\u00f3nuuppl\u00fdsinga \u00feinna \u00e1 info@researchchemicalstore.eu.<\/li>\n\n\n\n<li>Til a\u00f0 sta\u00f0festa a\u00f0 \u00fe\u00fa hafir sent bei\u00f0nina um a\u00f0gang bi\u00f0jum vi\u00f0 \u00feig a\u00f0 l\u00e1ta fylgja me\u00f0 afrit af pers\u00f3nuskilr\u00edkjum \u00fe\u00ednum. Vinsamlegast fjarl\u00e6gi\u00f0 vegabr\u00e9fsmyndina \u00fe\u00edna, MRZ (v\u00e9llesanlegt sv\u00e6\u00f0i, r\u00f6ndin me\u00f0 t\u00f6lum ne\u00f0st \u00ed vegabr\u00e9finu), vegabr\u00e9fsn\u00fameri\u00f0 og \u00fej\u00f3nustun\u00famer borgarans (BSN) \u00ed \u00feessu afriti. \u00deetta er gert til a\u00f0 vernda fri\u00f0helgi \u00fe\u00edna. Vi\u00f0 munum svara bei\u00f0ni \u00feinni eins flj\u00f3tt og au\u00f0i\u00f0 er, en innan fj\u00f6gurra vikna.<\/li>\n\n\n\n<li>Vi\u00f0 viljum einnig benda \u00e1 a\u00f0 \u00fe\u00fa hefur m\u00f6guleika \u00e1 a\u00f0 leggja fram kv\u00f6rtun til innlendrar eftirlitsstofnunar, Pers\u00f3nuverndarstofnunar Hollands.<\/li>\n\n\n\n<li>Haf\u00f0u samband<\/li>\n\n\n\n<li>Vi\u00f0 t\u00f6kum verndun gagna \u00feinna alvarlega og gerum vi\u00f0eigandi r\u00e1\u00f0stafanir til a\u00f0 koma \u00ed veg fyrir misnotkun, tap, \u00f3heimilan a\u00f0gang, \u00f3\u00e6skilega upplj\u00f3strun og \u00f3heimilar breytingar. Ef \u00fe\u00fa telur a\u00f0 g\u00f6gnin \u00fe\u00edn s\u00e9u ekki n\u00e6gilega \u00f6rugg e\u00f0a ef v\u00edsbendingar eru um misnotkun, vinsamlegast haf\u00f0u samband vi\u00f0 \u00fej\u00f3nustuver okkar e\u00f0a sendu okkur t\u00f6lvup\u00f3st \u00e1 info@researchchemicalstore.eu.<\/li>\n<\/ul>","protected":false},"excerpt":{"rendered":"<p>PrivacyverklaringDit is de privacyverklaring van researchchemicalstore.eu Toepasselijkheid: Deze privacyverklaring is van toepassing op alle privacygevoelige informatie of persoonsgegevens die u<\/p>","protected":false},"author":1,"featured_media":0,"parent":0,"menu_order":0,"comment_status":"closed","ping_status":"closed","template":"","meta":{"footnotes":""},"class_list":["post-27196","page","type-page","status-publish","hentry"],"_links":{"self":[{"href":"https:\/\/researchchemicalstore.eu\/is\/wp-json\/wp\/v2\/pages\/27196","targetHints":{"allow":["GET"]}}],"collection":[{"href":"https:\/\/researchchemicalstore.eu\/is\/wp-json\/wp\/v2\/pages"}],"about":[{"href":"https:\/\/researchchemicalstore.eu\/is\/wp-json\/wp\/v2\/types\/page"}],"author":[{"embeddable":true,"href":"https:\/\/researchchemicalstore.eu\/is\/wp-json\/wp\/v2\/users\/1"}],"replies":[{"embeddable":true,"href":"https:\/\/researchchemicalstore.eu\/is\/wp-json\/wp\/v2\/comments?post=27196"}],"version-history":[{"count":2,"href":"https:\/\/researchchemicalstore.eu\/is\/wp-json\/wp\/v2\/pages\/27196\/revisions"}],"predecessor-version":[{"id":28551,"href":"https:\/\/researchchemicalstore.eu\/is\/wp-json\/wp\/v2\/pages\/27196\/revisions\/28551"}],"wp:attachment":[{"href":"https:\/\/researchchemicalstore.eu\/is\/wp-json\/wp\/v2\/media?parent=27196"}],"curies":[{"name":"wp","href":"https:\/\/api.w.org\/{rel}","templated":true}]}}