{"id":23156,"date":"2025-04-13T17:39:14","date_gmt":"2025-04-13T17:39:14","guid":{"rendered":"https:\/\/researchchemicalstore.eu\/?post_type=product&#038;p=23156"},"modified":"2025-10-23T02:36:27","modified_gmt":"2025-10-23T02:36:27","slug":"kaupa-alfa-pihp","status":"publish","type":"product","link":"https:\/\/researchchemicalstore.eu\/is\/vara\/kaupa-alfa-pihp\/","title":{"rendered":"Alfa-PiHP (a-PiHP)"},"content":{"rendered":"<h1>Kauptu Alpha-PiHP (\u03b1-PiHP) \u2013 Ranns\u00f3knarefni til ranns\u00f3knarstofu<\/h1>\n<h2>Hva\u00f0 er Alpha-PiHP?<\/h2>\n<p>Kauptu Alpha-PiHP (\u03b1-Pyrrolidinoisohexanophenone) er tilb\u00fai\u00f0 ka\u00fe\u00edn\u00f3n sem tilheyrir p\u00fdr\u00f3valer\u00f3nflokki \u00f6rvandi efna. \u00deetta ranns\u00f3knarefni er nota\u00f0 \u00ed st\u00fdr\u00f0um ranns\u00f3knarstofum til v\u00edsindaranns\u00f3kna \u00e1 enduruppt\u00f6ku d\u00f3pam\u00edns og tengslum milli byggingar og lyfja.<a href=\"https:\/\/researchchemicalstore.eu\/is\/bud\/lysergamid\/1vlsd\/\">1V-LSD 150 MCG \u00feynnur<\/a><\/p>\n<h2>G\u00e6\u00f0aeiginleikar Alpha-PiHP<\/h2>\n<ul>\n<li>Hreinleiki \u226598% (sta\u00f0fest me\u00f0 GC-MS og HPLC)<\/li>\n<li>Kristallaform, hentugt fyrir greiningar- og l\u00edfe\u00f0lisfr\u00e6\u00f0ilegar ranns\u00f3knir<\/li>\n<li>Lotust\u00fdring fyrir endurtekningarh\u00e6fni og \u00e1rei\u00f0anleika<\/li>\n<li>Pakka\u00f0 me\u00f0 st\u00f6\u00f0ugunarefnum gegn oxun og ni\u00f0urbroti<\/li>\n<\/ul>\n<h2>Lyfjafr\u00e6\u00f0ilegt efni<\/h2>\n<ul>\n<li>Mj\u00f6g s\u00e9rt\u00e6kur d\u00f3pam\u00edn enduruppt\u00f6kuhemill<\/li>\n<li>Mi\u00f0lungs noradrenvirk virkni<\/li>\n<li>L\u00e1gmarks milliverkun vi\u00f0 ser\u00f3t\u00f3n\u00ednvi\u00f0taka<\/li>\n<\/ul>\n<h3>Ranns\u00f3knarbreytur<\/h3>\n<ul>\n<li>\u00c1hrif hefjast: 5\u201315 m\u00edn\u00fatur<\/li>\n<li>Verkunart\u00edmi: 2\u20133 klukkustundir<\/li>\n<li>\u00datr\u00fdmingart\u00edmi: 4\u20136 klukkustundir<\/li>\n<\/ul>\n<h2>Ranns\u00f3knarums\u00f3knir<\/h2>\n<ol>\n<li><strong>Taugaefnafr\u00e6\u00f0ilegar ranns\u00f3knir<\/strong><br \/>\nRanns\u00f3knir \u00e1 d\u00f3pam\u00ednflutningspr\u00f3teinum og stj\u00f3rnun taugabo\u00f0efna.<\/li>\n<li><strong>Ranns\u00f3knir \u00e1 tengslum byggingar og virkni (SAR)<\/strong><br \/>\nSamanbur\u00f0argreiningar vi\u00f0 a\u00f0rar p\u00fdr\u00f3valer\u00f3n hli\u00f0st\u00e6\u00f0ur.<\/li>\n<li><strong>Atferlisranns\u00f3knir<\/strong><br \/>\nMat \u00e1 \u00e1hrifum hreyfingar og skilyr\u00f0ingu \u00ed forkl\u00edn\u00edskum l\u00edk\u00f6num.<\/li>\n<\/ol>\n<h2>T\u00e6knilegar uppl\u00fdsingar<\/h2>\n<ul>\n<li>\u00datlit: Hv\u00edtt til beinhv\u00edtt kristalla\u00f0 efni<\/li>\n<li>Br\u00e6\u00f0slumark: 165\u2013168\u00b0C<\/li>\n<li>Leysni: &gt;50 mg\/ml \u00ed etan\u00f3li<\/li>\n<\/ul>\n<h3>Greiningartilv\u00edsanir<\/h3>\n<ul>\n<li>Var\u00f0veislut\u00edmi vi\u00f0 HPLC: 8,7 \u00b1 0,3 m\u00edn. (C18 s\u00fala)<\/li>\n<li>Massaspektrum: m\/z 246 [M+H]+<\/li>\n<li>IR: Einkennandi fr\u00e1sogsb\u00f6nd til sta\u00f0ar<\/li>\n<\/ul>\n<h2>Lei\u00f0beiningar um skammta (eing\u00f6ngu \u00ed ranns\u00f3knarskyni)<\/h2>\n<ul>\n<li>\u00cd tilraunaglasi: 1\u201350 \u00b5M<\/li>\n<li>Forkl\u00edn\u00edskt: 0,25\u20131,5 mg\/kg<\/li>\n<li>Byggingargreining: 5\u201315 mg \u00ed hverju pr\u00f3fi<\/li>\n<\/ul>\n<h2>\u00d6ryggi og geymsla<\/h2>\n<ul>\n<li>St\u00f6\u00f0ugleikat\u00edmi: 24 m\u00e1nu\u00f0ir vi\u00f0 -20\u00b0C<\/li>\n<li>Leysanlegt \u00ed venjulegum ranns\u00f3knarstofulausnum<\/li>\n<li>Notkun r\u00e1\u00f0l\u00f6g\u00f0 vi\u00f0 a\u00f0st\u00e6\u00f0ur \u00ed dragsk\u00e1p.<a href=\"https:\/\/researchchemicalstore.eu\/is\/bud\/top-10-research-chemicals\/caluanie-muelear-oxun\/\">Caluanie Muelear Oxidize<\/a><\/li>\n<\/ul>\n<h2>Ranns\u00f3knarg\u00f6gn<\/h2>\n<p>Innifali\u00f0 \u00ed hverri p\u00f6ntun:<\/p>\n<ul>\n<li>Greiningarvottor\u00f0 fyrir hverja lotu (COA)<\/li>\n<li>\u00d6ryggisbla\u00f0 efnis (MSDS)<\/li>\n<li>T\u00e6knileg skj\u00f6l me\u00f0 NMR og MS g\u00f6gnum<\/li>\n<\/ul>\n<p><em>Eing\u00f6ngu til notkunar \u00e1 ranns\u00f3knarstofum. Ekki hentugt til manneldis e\u00f0a l\u00e6knisfr\u00e6\u00f0ilegra nota.<a href=\"https:\/\/researchchemicalstore.eu\/is\/bud\/pellets\/o-dsmt-50-mg-kulur\/\">O-DSMT 50 mg k\u00falur<\/a><\/em><\/p>","protected":false},"excerpt":{"rendered":"<p><span style=\"color: #ff6600;\"><b> Alfa-PiHP (a-PiHP)<\/b><\/span><\/p>","protected":false},"featured_media":28734,"comment_status":"closed","ping_status":"closed","template":"","meta":[],"product_brand":[82],"product_cat":[488],"product_tag":[600,326],"class_list":{"0":"post-23156","1":"product","2":"type-product","3":"status-publish","4":"has-post-thumbnail","6":"product_brand-research-chemical","7":"product_cat-verboden","8":"product_tag-alpha-pihp-kopen","9":"product_tag-nl","11":"first","12":"instock","13":"taxable","14":"shipping-taxable","15":"purchasable","16":"product-type-simple"},"_links":{"self":[{"href":"https:\/\/researchchemicalstore.eu\/is\/wp-json\/wp\/v2\/product\/23156","targetHints":{"allow":["GET"]}}],"collection":[{"href":"https:\/\/researchchemicalstore.eu\/is\/wp-json\/wp\/v2\/product"}],"about":[{"href":"https:\/\/researchchemicalstore.eu\/is\/wp-json\/wp\/v2\/types\/product"}],"replies":[{"embeddable":true,"href":"https:\/\/researchchemicalstore.eu\/is\/wp-json\/wp\/v2\/comments?post=23156"}],"version-history":[{"count":4,"href":"https:\/\/researchchemicalstore.eu\/is\/wp-json\/wp\/v2\/product\/23156\/revisions"}],"predecessor-version":[{"id":26323,"href":"https:\/\/researchchemicalstore.eu\/is\/wp-json\/wp\/v2\/product\/23156\/revisions\/26323"}],"wp:featuredmedia":[{"embeddable":true,"href":"https:\/\/researchchemicalstore.eu\/is\/wp-json\/wp\/v2\/media\/28734"}],"wp:attachment":[{"href":"https:\/\/researchchemicalstore.eu\/is\/wp-json\/wp\/v2\/media?parent=23156"}],"wp:term":[{"taxonomy":"product_brand","embeddable":true,"href":"https:\/\/researchchemicalstore.eu\/is\/wp-json\/wp\/v2\/product_brand?post=23156"},{"taxonomy":"product_cat","embeddable":true,"href":"https:\/\/researchchemicalstore.eu\/is\/wp-json\/wp\/v2\/product_cat?post=23156"},{"taxonomy":"product_tag","embeddable":true,"href":"https:\/\/researchchemicalstore.eu\/is\/wp-json\/wp\/v2\/product_tag?post=23156"}],"curies":[{"name":"wp","href":"https:\/\/api.w.org\/{rel}","templated":true}]}}