{"id":23163,"date":"2025-04-13T17:39:15","date_gmt":"2025-04-13T17:39:15","guid":{"rendered":"https:\/\/researchchemicalstore.eu\/?post_type=product&#038;p=23163"},"modified":"2025-10-23T02:11:29","modified_gmt":"2025-10-23T02:11:29","slug":"2-fps-a-minutu","status":"publish","type":"product","link":"https:\/\/researchchemicalstore.eu\/is\/vara\/2-fps-a-minutu\/","title":{"rendered":"2-FPM"},"content":{"rendered":"<h1><strong>2 FPM (2-fl\u00faorfenmetras\u00edn) \u2013 H\u00e1\u00fer\u00f3a\u00f0 ranns\u00f3knarefni<\/strong><\/h1>\n<h2><strong>Kynning \u00e1 2-FPM<\/strong><\/h2>\n<p>2-FPM (2-Fl\u00faorfenmetras\u00edn) er fl\u00faora\u00f0 hli\u00f0st\u00e6\u00f0a fenmetras\u00edns og tilheyrir \u00f6rvandi efnum fen\u00fdlalk\u00fdlam\u00ednum. \u00deetta efnasamband er hanna\u00f0 til notkunar \u00ed v\u00edsindalegu samhengi eins og s\u00e1lfr\u00e6\u00f0ilegri lyfjafr\u00e6\u00f0i og taugaefnafr\u00e6\u00f0ilegri ranns\u00f3kn.<a title=\"1V-LSD 150 MCG \u00feynnur\" href=\"https:\/\/researchchemicalstore.eu\/is\/bud\/lysergamid\/1vlsd\/\" target=\"_blank\" rel=\"noopener\">1V-LSD 150 MCG \u00feynnur<\/a><\/p>\n<h2><strong>G\u00e6\u00f0a\u00e1byrg\u00f0ir<\/strong><\/h2>\n<ul>\n<li><strong>Mikil hreinleiki<\/strong>: \u226598% sta\u00f0fest me\u00f0 h\u00e1\u00fer\u00f3a\u00f0ri greiningart\u00e6kni<\/li>\n<li><strong>Kristalla\u00f0a uppbyggingu<\/strong>Hentar fyrir ranns\u00f3knarstofunotkun<\/li>\n<li><strong>Samkv\u00e6mni \u00ed lotum<\/strong>Hver lota er undir \u00edtarlegri g\u00e6\u00f0aeftirliti<\/li>\n<li><strong>St\u00f6\u00f0ug form\u00fala<\/strong>S\u00e9rstaklega pakka\u00f0 til a\u00f0 endast lengi<\/li>\n<\/ul>\n<h2><strong>V\u00edsindalegir eiginleikar<\/strong><\/h2>\n<ul>\n<li><strong>S\u00e9rt\u00e6k taugabo\u00f0efnast\u00fdring<\/strong>:\n<ul>\n<li>H\u00f6mlun \u00e1 enduruppt\u00f6ku d\u00f3pam\u00edns: +++<\/li>\n<li>H\u00f6mlun \u00e1 enduruppt\u00f6ku noradrenal\u00edns: ++<\/li>\n<li>H\u00f6mlun \u00e1 enduruppt\u00f6ku ser\u00f3t\u00f3n\u00edns: +<\/li>\n<\/ul>\n<\/li>\n<li><strong>Hreyfifr\u00e6\u00f0ilegt sni\u00f0<\/strong>:\n<ul>\n<li>Uppgangst\u00edmabil: 30\u201360 m\u00edn\u00fatur<\/li>\n<li>Verkunart\u00edmi: 4\u20136 klukkustundir<\/li>\n<li>Helmingunart\u00edmi: ~8 klukkustundir (byggt \u00e1 forkl\u00edn\u00edskum l\u00edk\u00f6num)<\/li>\n<\/ul>\n<\/li>\n<\/ul>\n<h2><strong>Ranns\u00f3knarums\u00f3knir<\/strong><\/h2>\n<ol>\n<li><strong>Taugalyfjafr\u00e6\u00f0i<\/strong>\n<ul>\n<li>Ranns\u00f3knir \u00e1 d\u00f3pam\u00ednflutningi<\/li>\n<li>Forsynapt\u00edsk losunarferli<\/li>\n<\/ul>\n<\/li>\n<li><strong>Mannvirkjak\u00f6nnun (SAR)<\/strong>\n<ul>\n<li>\u00c1hrif fl\u00faorskiptingar<\/li>\n<li>Samanbur\u00f0ur vi\u00f0 \u00f3fl\u00faoru\u00f0 hli\u00f0st\u00e6\u00f0uefni<\/li>\n<\/ul>\n<\/li>\n<li><strong>Ranns\u00f3knir \u00e1 hugr\u00e6nni frammist\u00f6\u00f0u<\/strong>\n<ul>\n<li>Athyglish\u00e6kkun<\/li>\n<li>Greining \u00e1 vinnsluminni<\/li>\n<\/ul>\n<\/li>\n<\/ol>\n<h2><strong>T\u00e6knilegar uppl\u00fdsingar<\/strong><\/h2>\n<ul>\n<li><strong>L\u00edkamleg einkenni<\/strong>:\n<ul>\n<li>Hv\u00edtt kristalla\u00f0 duft<\/li>\n<li>Leysni: &gt;50 mg\/ml \u00ed metan\u00f3li<\/li>\n<li>Br\u00e6\u00f0slumark: 192\u2013195\u00b0C<\/li>\n<\/ul>\n<\/li>\n<li><strong>Greiningartilv\u00edsanir<\/strong>:\n<ul>\n<li>Var\u00f0veislut\u00edmi HPLC: 7,8 \u00b1 0,2 m\u00edn. (C18 s\u00fala)<\/li>\n<li>Massagreining: m\/z 196 [M+H]+<\/li>\n<li>H\u00e1marksgildi \u00fatfj\u00f3lubl\u00e1s fr\u00e1sogs tilgreind<\/li>\n<\/ul>\n<\/li>\n<\/ul>\n<h2><strong>Skammtalei\u00f0beiningar fyrir ranns\u00f3knir<\/strong><\/h2>\n<p><em>A\u00f0eins til v\u00edsindalegrar vi\u00f0mi\u00f0unar:<\/em><\/p>\n<ul>\n<li><strong>\u00cd tilraunaglasi<\/strong>: 10\u2013100 \u00b5M styrkur<\/li>\n<li><strong>Forkl\u00edn\u00edskt<\/strong>: 0,5\u20132,5 mg\/kg l\u00edkams\u00feyngdar<\/li>\n<li><strong>Byggingargreiningar<\/strong>: 5\u201320 mg \u00ed hverju pr\u00f3fi<\/li>\n<\/ul>\n<h2><strong>\u00d6ryggisreglur<\/strong><\/h2>\n<ul>\n<li><strong>Geymsla<\/strong>St\u00f6\u00f0ugt \u00ed allt a\u00f0 36 m\u00e1nu\u00f0i vi\u00f0 -20\u00b0C<\/li>\n<li><strong>Samh\u00e6fni<\/strong>Pr\u00f3fa\u00f0 me\u00f0 algengum stu\u00f0p\u00fa\u00f0um og hvarfefnum<\/li>\n<li><strong>Notkun<\/strong>Alltaf undir reykh\u00fafu e\u00f0a v\u00e9lr\u00e6nni \u00fatbl\u00e1stursloftr\u00e6stingu.<a title=\"Kaupa \u00edb\u00f3gain HCL\" href=\"https:\/\/researchchemicalstore.eu\/is\/bud\/iboga-ibogain\/kaupa-ibogaine-hcl-a-netinu\/\" target=\"_blank\" rel=\"noopener\">Kaupa \u00edb\u00f3gain HCL<\/a><\/li>\n<\/ul>\n<h2><strong>Ranns\u00f3knarg\u00f6gn<\/strong><\/h2>\n<p>Innifali\u00f0 \u00ed afhendingu:<\/p>\n<ul>\n<li>Greiningarvottor\u00f0<\/li>\n<li>MSDS skjal<\/li>\n<li>T\u00e6knilegar uppl\u00fdsingar<\/li>\n<li>Litr\u00f3fsg\u00f6gn (NMR, MS, IR)<\/li>\n<\/ul>\n<p><em>Eing\u00f6ngu til v\u00edsindalegra ranns\u00f3kna. Ekki til neyslu, greiningar e\u00f0a me\u00f0fer\u00f0ar.<a title=\"1cP-LSD 150 MCG listabletti\" href=\"https:\/\/researchchemicalstore.eu\/is\/bud\/lysergamid\/1cp-lsd\/\" target=\"_blank\" rel=\"noopener\">1cP-LSD 150 MCG listabletti<\/a><\/em><\/p>","protected":false},"excerpt":{"rendered":"<h2>H\u00e6ttuyfirl\u00fdsingar 2-FPM<\/h2>\n<p>2-FPM getur valdi\u00f0 ertingu \u00ed \u00f6ndunarf\u00e6rum<br \/>\n2-FPM getur valdi\u00f0 ertingu \u00ed augum.<br \/>\n\u00dea\u00f0 er banna\u00f0 a\u00f0 losa ranns\u00f3knarefni \u00fat \u00ed umhverfi\u00f0.<\/p>","protected":false},"featured_media":28601,"comment_status":"closed","ping_status":"closed","template":"","meta":[],"product_brand":[82],"product_cat":[529,333],"product_tag":[326],"class_list":{"0":"post-23163","1":"product","2":"type-product","3":"status-publish","4":"has-post-thumbnail","6":"product_brand-research-chemical","7":"product_cat-2-fpm","8":"product_cat-gefluoreerden","9":"product_tag-nl","11":"first","12":"instock","13":"taxable","14":"shipping-taxable","15":"purchasable","16":"product-type-variable"},"_links":{"self":[{"href":"https:\/\/researchchemicalstore.eu\/is\/wp-json\/wp\/v2\/product\/23163","targetHints":{"allow":["GET"]}}],"collection":[{"href":"https:\/\/researchchemicalstore.eu\/is\/wp-json\/wp\/v2\/product"}],"about":[{"href":"https:\/\/researchchemicalstore.eu\/is\/wp-json\/wp\/v2\/types\/product"}],"replies":[{"embeddable":true,"href":"https:\/\/researchchemicalstore.eu\/is\/wp-json\/wp\/v2\/comments?post=23163"}],"version-history":[{"count":4,"href":"https:\/\/researchchemicalstore.eu\/is\/wp-json\/wp\/v2\/product\/23163\/revisions"}],"predecessor-version":[{"id":26311,"href":"https:\/\/researchchemicalstore.eu\/is\/wp-json\/wp\/v2\/product\/23163\/revisions\/26311"}],"wp:featuredmedia":[{"embeddable":true,"href":"https:\/\/researchchemicalstore.eu\/is\/wp-json\/wp\/v2\/media\/28601"}],"wp:attachment":[{"href":"https:\/\/researchchemicalstore.eu\/is\/wp-json\/wp\/v2\/media?parent=23163"}],"wp:term":[{"taxonomy":"product_brand","embeddable":true,"href":"https:\/\/researchchemicalstore.eu\/is\/wp-json\/wp\/v2\/product_brand?post=23163"},{"taxonomy":"product_cat","embeddable":true,"href":"https:\/\/researchchemicalstore.eu\/is\/wp-json\/wp\/v2\/product_cat?post=23163"},{"taxonomy":"product_tag","embeddable":true,"href":"https:\/\/researchchemicalstore.eu\/is\/wp-json\/wp\/v2\/product_tag?post=23163"}],"curies":[{"name":"wp","href":"https:\/\/api.w.org\/{rel}","templated":true}]}}