{"id":23285,"date":"2025-04-13T17:39:30","date_gmt":"2025-04-13T17:39:30","guid":{"rendered":"https:\/\/researchchemicalstore.eu\/?post_type=product&#038;p=23285"},"modified":"2026-02-02T10:01:00","modified_gmt":"2026-02-02T10:01:00","slug":"1b-lsd-125-mikrogromm-blettathurrkur","status":"publish","type":"product","link":"https:\/\/researchchemicalstore.eu\/is\/vara\/1b-lsd-125-mikrogromm-blettathurrkur\/","title":{"rendered":"1B-LSD 125 MCG \u00feynnur"},"content":{"rendered":"<h1>1B-LSD 125 MCG \u00feynnur \u2013 N\u00e1kv\u00e6mlega skammta\u00f0 ranns\u00f3knarefni fyrir v\u00edsindalegar notkunar<\/h1>\n<h2>V\u00f6rueiginleikar<\/h2>\n<p><strong>1B-LSD 125 MCG blettir<\/strong> veita n\u00e1kv\u00e6mlega skammta\u00f0an mi\u00f0il til notkunar \u00ed lyfjafr\u00e6\u00f0ilegum og greiningarfr\u00e6\u00f0ilegum ranns\u00f3knum. Hver bletta\u00feynna inniheldur <strong>125 m\u00edkr\u00f3gr\u00f6mm af 1B-LSD<\/strong> (1-b\u00fat\u00fdr\u00fdl-l\u00fdserg\u00edns\u00fdru d\u00edet\u00fdlam\u00ed\u00f0), h\u00e1lftilb\u00fai\u00f0 l\u00fdsergam\u00ed\u00f0 <a href=\"http:\/\/google.nl\" target=\"_blank\" rel=\"noopener\">af<\/a> einstakir lyfjafr\u00e6\u00f0ilegir eiginleikar.<a href=\"https:\/\/researchchemicalstore.eu\/is\/bud\/lysergamid\/1cp-lsd\/\">1cP-LSD 150 MCG listabletti<\/a><\/p>\n<h2>T\u00e6knilegar uppl\u00fdsingar<\/h2>\n<ul>\n<li><strong>Efnaheiti<\/strong>1-b\u00fat\u00fdr\u00fdl-LSD<\/li>\n<li><strong>Sameindaform\u00fala<\/strong>C24H31N3O2<\/li>\n<li><strong>M\u00f3l\u00feungi<\/strong>: 393,53 g\/m\u00f3l<\/li>\n<li><strong>Hreinleiki<\/strong>: \u226598% (HPLC-MS sta\u00f0fest)<\/li>\n<li><strong>Skammtar<\/strong>125 m\u00edkr\u00f3gr\u00f6mm \u00e1 hvern bletta\u00ferykk (\u00b15%)<\/li>\n<li><strong>St\u00e6r\u00f0 bletta<\/strong>5x5 mm gleypnispapp\u00edr<\/li>\n<li><strong>Leysni<\/strong>Leysanlegt \u00ed metan\u00f3li og etan\u00f3li<\/li>\n<\/ul>\n<h2>G\u00e6\u00f0a\u00e1byrg\u00f0ir<\/h2>\n<ul>\n<li>HPLC greining til magngreiningar<\/li>\n<li>Sta\u00f0festing \u00e1 au\u00f0kenni me\u00f0 massagreiningu<\/li>\n<li>Stj\u00f3rnun \u00e1 einsleitni \u00ed lotum<\/li>\n<li>St\u00f6\u00f0ugleikaranns\u00f3knir vi\u00f0 \u00fdmsar a\u00f0st\u00e6\u00f0ur<\/li>\n<li>Skimun fyrir \u00f6rverumengun<\/li>\n<\/ul>\n<h2>V\u00edsindaleg notkun<\/h2>\n<ul>\n<li>Ranns\u00f3knir \u00e1 ser\u00f3t\u00f3n\u00ednvi\u00f0t\u00f6kum (5-HT2A)<\/li>\n<li>Ranns\u00f3knir \u00e1 lyfjahv\u00f6rfum samanbur\u00f0arranns\u00f3knum<\/li>\n<li>Ranns\u00f3knir \u00e1 efnaskiptaferlum<\/li>\n<li>Ranns\u00f3knir \u00e1 tengslum byggingar og virkni<\/li>\n<li>Greining \u00e1 taugalyfjafr\u00e6\u00f0ilegum verkunarh\u00e1ttum<\/li>\n<\/ul>\n<h2>Geymsluskilyr\u00f0i<\/h2>\n<ul>\n<li><strong>Langt\u00edmageymsla<\/strong>-20\u00b0C, lj\u00f3s\u00fe\u00e9ttar umb\u00fa\u00f0ir nau\u00f0synlegar<\/li>\n<li><strong>Skammt\u00edmageymsla<\/strong>: 2\u20138\u00b0C, allt a\u00f0 3 m\u00e1nu\u00f0ir<\/li>\n<li><strong>Rakastig<\/strong>: &lt;40% rakastig<\/li>\n<li><strong>Lj\u00f3sn\u00e6mi<\/strong>Geymi\u00f0 alltaf \u00ed myrkri<\/li>\n<\/ul>\n<h2>\u00d6ryggisreglur<\/h2>\n<ul>\n<li>Skyldubundinn hl\u00edf\u00f0arb\u00fana\u00f0ur:\n<ul>\n<li>Langerma ranns\u00f3knarstofusloppur<\/li>\n<li>Efna\u00feolnir n\u00edtr\u00edlhanskar<\/li>\n<li>\u00d6ryggisgleraugu me\u00f0 hli\u00f0arv\u00f6rn<\/li>\n<\/ul>\n<\/li>\n<li>Notist \u00ed reykh\u00e1f<\/li>\n<li>A\u00f0gangstakmarkanir a\u00f0 ranns\u00f3knarstofum<\/li>\n<li>S\u00e9rst\u00f6k og merkt f\u00f6rgun \u00fargangs er nau\u00f0synleg.<a href=\"https:\/\/researchchemicalstore.eu\/is\/bud\/pellets\/o-dsmt-50-mg-kulur\/\">O-DSMT 50 mg k\u00falur<\/a><\/li>\n<\/ul>\n<h2>Umb\u00fa\u00f0avalkostir<\/h2>\n<h3>Sta\u00f0la\u00f0 ranns\u00f3knarpakki<\/h3>\n<ul>\n<li>10 blettat\u00edglar \u00e1 bla\u00f0<\/li>\n<li>Vafinn \u00ed tv\u00f6faldri \u00e1lpapp\u00edr<\/li>\n<li>Inniheldur s\u00farefnisuppt\u00f6kut\u00e6ki og k\u00edsilgel<\/li>\n<\/ul>\n<h3>Pakki til ranns\u00f3knarstofubirg\u00f0a<\/h3>\n<ul>\n<li>100 blettabl\u00f6\u00f0<\/li>\n<li>Umb\u00fa\u00f0ir me\u00f0 argon gas andr\u00famslofti<\/li>\n<li>Loftslagsst\u00fdr\u00f0ur og innsigla\u00f0ur flutnings\u00edl\u00e1t<\/li>\n<\/ul>\n<h2>Greiningarg\u00f6gn<\/h2>\n<p>Hver sending inniheldur:<\/p>\n<ul>\n<li>Greiningarvottor\u00f0<\/li>\n<li>HPLC og MS litskiljunargreining<\/li>\n<li>Sk\u00fdrsluger\u00f0 um st\u00f6\u00f0ugleika eftir lotum<\/li>\n<li>\u00d6ryggisbla\u00f0 (hollenska og enska)<\/li>\n<\/ul>\n<h2>Regluger\u00f0arrammi<\/h2>\n<ul>\n<li>A\u00f0eins leyft fyrir <strong>ranns\u00f3knartilgangi in vitro<\/strong><\/li>\n<li>Ekki \u00e6tla\u00f0 til manneldis e\u00f0a d\u00fdraneyslu<\/li>\n<li>A\u00f0eins \u00ed bo\u00f0i fyrir stofnanir me\u00f0 gilt leyfi<\/li>\n<li>L\u00f6gleg sta\u00f0a getur veri\u00f0 mismunandi eftir sv\u00e6\u00f0um \u2013 sta\u00f0festing nau\u00f0synleg<\/li>\n<\/ul>\n<h2>Uppl\u00fdsingar um p\u00f6ntun og sendingu<\/h2>\n<ul>\n<li><strong>L\u00e1gmarks p\u00f6ntunarmagn<\/strong>1 bla\u00f0 (10 papp\u00edrs\u00feurrkur)<\/li>\n<li><strong>Samg\u00f6ngur<\/strong>Hitast\u00fdring m\u00f6guleg<\/li>\n<li><strong>Umb\u00fa\u00f0ir<\/strong>: N\u00e6rverandi og dulk\u00f3\u00f0a\u00f0, me\u00f0 rekjanleika<\/li>\n<li><strong>Skj\u00f6lun<\/strong>: \u00dear \u00e1 me\u00f0al toll- og ranns\u00f3knarstofuey\u00f0ubl\u00f6\u00f0 fyrir ranns\u00f3knarstofnanir<\/li>\n<\/ul>\n<h2>Fyrirvarar<\/h2>\n<ol>\n<li>A\u00f0eins leyft til l\u00f6glega vi\u00f0urkenndrar v\u00edsindalegrar notkunar.<\/li>\n<li>Kaupandi ber \u00e1byrg\u00f0 \u00e1 a\u00f0 fara a\u00f0 \u00f6llum gildandi l\u00f6gum og reglum.<\/li>\n<li>Seljandi ber ekki \u00e1byrg\u00f0 \u00e1 \u00f3vi\u00f0eigandi notkun e\u00f0a brotum.<\/li>\n<li>Geymsla og me\u00f0h\u00f6ndlun skal vera \u00ed samr\u00e6mi vi\u00f0 gildandi \u00f6ryggislei\u00f0beiningar.<a href=\"https:\/\/researchchemicalstore.eu\/is\/bud\/lysergamid\/1vlsd\/\">1V-LSD 150 MCG \u00feynnur<\/a><\/li>\n<\/ol>","protected":false},"excerpt":{"rendered":"<h3>1B-LSD eiginleikar<\/h3>\n<p><strong>Samheiti:<\/strong> 1-b\u00fatan\u00f3\u00fdl-l\u00fdserg\u00edns\u00fdru d\u00edet\u00fdlam\u00ed\u00f0 hemi-L-tartrat<br \/>\n<strong>CAS-n\u00famer:<\/strong> 2349376-12-9<br \/>\n<strong>Form\u00fala:<\/strong> (8\u03b2)-1-b\u00fatan\u00f3\u00fdl-N,N-d\u00edet\u00fdl-6-met\u00fdl-9,10-d\u00eddeh\u00fddr\u00f3ergol\u00edn-8-karboxam\u00ed\u00f0 hemi-L-tartrat<br \/>\n<strong>M\u00f3lmassi:<\/strong> 468,5 g\/m\u00f3l<br \/>\n<strong>Hreinleiki:<\/strong> &gt;97%<\/p>\n<p><span style=\"color: #ff0000;\"><em><strong>\u00a0<\/strong><\/em><\/span><\/p>","protected":false},"featured_media":28556,"comment_status":"closed","ping_status":"closed","template":"","meta":[],"product_brand":[82],"product_cat":[530,358],"product_tag":[923,326],"class_list":{"0":"post-23285","1":"product","2":"type-product","3":"status-publish","4":"has-post-thumbnail","6":"product_brand-research-chemical","7":"product_cat-1b-lsd","8":"product_cat-lysergamides","9":"product_tag-1b-lsd","10":"product_tag-nl","12":"first","13":"instock","14":"taxable","15":"shipping-taxable","16":"purchasable","17":"product-type-variable"},"_links":{"self":[{"href":"https:\/\/researchchemicalstore.eu\/is\/wp-json\/wp\/v2\/product\/23285","targetHints":{"allow":["GET"]}}],"collection":[{"href":"https:\/\/researchchemicalstore.eu\/is\/wp-json\/wp\/v2\/product"}],"about":[{"href":"https:\/\/researchchemicalstore.eu\/is\/wp-json\/wp\/v2\/types\/product"}],"replies":[{"embeddable":true,"href":"https:\/\/researchchemicalstore.eu\/is\/wp-json\/wp\/v2\/comments?post=23285"}],"version-history":[{"count":4,"href":"https:\/\/researchchemicalstore.eu\/is\/wp-json\/wp\/v2\/product\/23285\/revisions"}],"predecessor-version":[{"id":26354,"href":"https:\/\/researchchemicalstore.eu\/is\/wp-json\/wp\/v2\/product\/23285\/revisions\/26354"}],"wp:featuredmedia":[{"embeddable":true,"href":"https:\/\/researchchemicalstore.eu\/is\/wp-json\/wp\/v2\/media\/28556"}],"wp:attachment":[{"href":"https:\/\/researchchemicalstore.eu\/is\/wp-json\/wp\/v2\/media?parent=23285"}],"wp:term":[{"taxonomy":"product_brand","embeddable":true,"href":"https:\/\/researchchemicalstore.eu\/is\/wp-json\/wp\/v2\/product_brand?post=23285"},{"taxonomy":"product_cat","embeddable":true,"href":"https:\/\/researchchemicalstore.eu\/is\/wp-json\/wp\/v2\/product_cat?post=23285"},{"taxonomy":"product_tag","embeddable":true,"href":"https:\/\/researchchemicalstore.eu\/is\/wp-json\/wp\/v2\/product_tag?post=23285"}],"curies":[{"name":"wp","href":"https:\/\/api.w.org\/{rel}","templated":true}]}}