{"id":23320,"date":"2025-04-13T17:39:34","date_gmt":"2025-04-13T17:39:34","guid":{"rendered":"https:\/\/researchchemicalstore.eu\/?post_type=product&#038;p=23320"},"modified":"2025-10-23T01:19:16","modified_gmt":"2025-10-23T01:19:16","slug":"flualprazolam-hreint","status":"publish","type":"product","link":"https:\/\/researchchemicalstore.eu\/is\/vara\/flualprazolam-hreint\/","title":{"rendered":"Fl\u00faalpraz\u00f3lam Hreint"},"content":{"rendered":"<h2><span data-sheets-value=\"{\" data-sheets-userformat=\"{\"><span dir=\"auto\" style=\"vertical-align: inherit;\"><span dir=\"auto\" style=\"vertical-align: inherit;\">Fl\u00faalpraz\u00f3lam<\/span><\/span><\/span><\/h2>\n<p><strong><span dir=\"auto\" style=\"vertical-align: inherit;\"><span dir=\"auto\" style=\"vertical-align: inherit;\">Fl\u00faalpraz\u00f3lam<\/span><\/span><\/strong><span dir=\"auto\" style=\"vertical-align: inherit;\"><span dir=\"auto\" style=\"vertical-align: inherit;\"> er efni sem eing\u00f6ngu er selt \u00ed ranns\u00f3knarskyni og er \u00fev\u00ed ekki \u00e6tla\u00f0 til neyslu.<\/span><\/span><\/p>\n<p><span dir=\"auto\" style=\"vertical-align: inherit;\"><span dir=\"auto\" style=\"vertical-align: inherit;\">Fl\u00faalpraz\u00f3lam helst st\u00f6\u00f0ugt \u00ed allt a\u00f0 2 \u00e1r \u00feegar \u00fea\u00f0 er geymt \u00ed r\u00e9ttu umhverfi. Fl\u00faalpraz\u00f3lam er \u00e6tla\u00f0 til ranns\u00f3kna en ekki til neyslu. \u00deess vegna er mikilv\u00e6gt a\u00f0 geyma v\u00f6runa \u00fear sem b\u00f6rn og g\u00e6lud\u00fdr n\u00e1 ekki til. 2C-E<\/span><\/span><\/p>\n<p><span dir=\"auto\" style=\"vertical-align: inherit;\"><span dir=\"auto\" style=\"vertical-align: inherit;\">Vi\u00f0 bj\u00f3\u00f0um upp \u00e1 h\u00e1g\u00e6\u00f0a ranns\u00f3knarefni \u00e1 sanngj\u00f6rnu ver\u00f0i. P\u00f6ntunin \u00fe\u00edn ver\u00f0ur send innan s\u00f3larhrings alla daga. <\/span><\/span><em><span dir=\"auto\" style=\"vertical-align: inherit;\"><span dir=\"auto\" style=\"vertical-align: inherit;\">Fl\u00faalpraz\u00f3lam<\/span><\/span><\/em><span dir=\"auto\" style=\"vertical-align: inherit;\"><span dir=\"auto\" style=\"vertical-align: inherit;\"> \u00d6rugglega og flj\u00f3tt \u00ed gegn! Kauptu 3-CMC (3-kl\u00f3rmetkat\u00edn\u00f3n)<\/span><\/span><\/p>\n<h3><span data-sheets-value=\"{\" data-sheets-userformat=\"{\"><span dir=\"auto\" style=\"vertical-align: inherit;\"><span dir=\"auto\" style=\"vertical-align: inherit;\">Eiginleikar fl\u00faalpraz\u00f3lams<\/span><\/span><\/span><\/h3>\n<p><strong><span dir=\"auto\" style=\"vertical-align: inherit;\"><span dir=\"auto\" style=\"vertical-align: inherit;\">Samheiti:<\/span><\/span><\/strong><span dir=\"auto\" style=\"vertical-align: inherit;\"><span dir=\"auto\" style=\"vertical-align: inherit;\"> Fl\u00faklaz\u00f3lam <\/span><\/span><br \/>\n<strong><span dir=\"auto\" style=\"vertical-align: inherit;\"><span dir=\"auto\" style=\"vertical-align: inherit;\">CAS-n\u00famer:<\/span><\/span><\/strong><span dir=\"auto\" style=\"vertical-align: inherit;\"><span dir=\"auto\" style=\"vertical-align: inherit;\"> 28910-91-0 <\/span><\/span><br \/>\n<strong><span dir=\"auto\" style=\"vertical-align: inherit;\"><span dir=\"auto\" style=\"vertical-align: inherit;\">Form\u00fala:<\/span><\/span><\/strong><span dir=\"auto\" style=\"vertical-align: inherit;\"><span dir=\"auto\" style=\"vertical-align: inherit;\"> 8-kl\u00f3r-6-(2-fl\u00faorfen\u00fdl)-1-met\u00fdl-4H-[1,2,4]tr\u00edas\u00f3l\u00f3[4,3-a][1,4]bens\u00f3d\u00edazep\u00edn <\/span><\/span><br \/>\n<strong><span dir=\"auto\" style=\"vertical-align: inherit;\"><span dir=\"auto\" style=\"vertical-align: inherit;\">M\u00f3lmassi:<\/span><\/span><\/strong><span dir=\"auto\" style=\"vertical-align: inherit;\"><span dir=\"auto\" style=\"vertical-align: inherit;\"> 326,8 g\/m\u00f3l <\/span><\/span><br \/>\n<strong><span dir=\"auto\" style=\"vertical-align: inherit;\"><span dir=\"auto\" style=\"vertical-align: inherit;\">Hreinleiki:<\/span><\/span><\/strong><span dir=\"auto\" style=\"vertical-align: inherit;\"><span dir=\"auto\" style=\"vertical-align: inherit;\"> &gt;97%<\/span><\/span><\/p>\n<h3><span dir=\"auto\" style=\"vertical-align: inherit;\"><span dir=\"auto\" style=\"vertical-align: inherit;\">H\u00e6ttuyfirl\u00fdsing<\/span><\/span><\/h3>\n<p><span dir=\"auto\" style=\"vertical-align: inherit;\"><span dir=\"auto\" style=\"vertical-align: inherit;\">Fl\u00faalpraz\u00f3lam getur valdi\u00f0 ertingu \u00ed \u00f6ndunarf\u00e6rum. <\/span><\/span><br \/>\n<span dir=\"auto\" style=\"vertical-align: inherit;\"><span dir=\"auto\" style=\"vertical-align: inherit;\">Fl\u00faalpraz\u00f3lam getur valdi\u00f0 ertingu \u00ed augum. <\/span><\/span><br \/>\n<span dir=\"auto\" style=\"vertical-align: inherit;\"><span dir=\"auto\" style=\"vertical-align: inherit;\">\u00dea\u00f0 er banna\u00f0 a\u00f0 losa ranns\u00f3knarefni \u00fat \u00ed umhverfi\u00f0.<\/span><\/span><\/p>\n<p><span dir=\"auto\" style=\"vertical-align: inherit;\"><span dir=\"auto\" style=\"vertical-align: inherit;\">Fl\u00faalpraz\u00f3lam \u00cd AUGU: Skoli\u00f0 augun varlega me\u00f0 vatni \u00ed fimm m\u00edn\u00fatur. Fjarl\u00e6gi\u00f0 snertilinsur ef \u00fe\u00e6r eru til sta\u00f0ar og au\u00f0velt er a\u00f0 gera \u00fea\u00f0. 3-MEO-PCP<\/span><\/span><\/p>\n<p><span dir=\"auto\" style=\"vertical-align: inherit;\"><span dir=\"auto\" style=\"vertical-align: inherit;\">Fl\u00faalpraz\u00f3lam \u00cd SNERTINGU VI\u00d0 H\u00da\u00d0: \u00devoi\u00f0 h\u00fa\u00f0ina me\u00f0 s\u00e1pu og vatni. 4-HO-MET F\u00famarat<\/span><\/span><\/p>\n<p><span dir=\"auto\" style=\"vertical-align: inherit;\"><span dir=\"auto\" style=\"vertical-align: inherit;\">VI\u00d0 INN\u00d6NDUN: F\u00e6ri\u00f0 vi\u00f0komandi \u00fat \u00ed ferskt loft og haldi\u00f0 honum \u00ed \u00fe\u00e6gilegri \u00f6ndunarstellingu. 3-MEC<\/span><\/span><\/p>","protected":false},"excerpt":{"rendered":"<h3><span data-sheets-value=\"{\" data-sheets-userformat=\"{\"><span dir=\"auto\" style=\"vertical-align: inherit;\"><span dir=\"auto\" style=\"vertical-align: inherit;\">Eiginleikar fl\u00faalpraz\u00f3lams hreinna<\/span><\/span><\/span><\/h3>\n<p><strong><span dir=\"auto\" style=\"vertical-align: inherit;\"><span dir=\"auto\" style=\"vertical-align: inherit;\">Samheiti:<\/span><\/span><\/strong><span dir=\"auto\" style=\"vertical-align: inherit;\"><span dir=\"auto\" style=\"vertical-align: inherit;\"> Fl\u00faklaz\u00f3lam <\/span><\/span><br \/>\n<strong><span dir=\"auto\" style=\"vertical-align: inherit;\"><span dir=\"auto\" style=\"vertical-align: inherit;\">CAS-n\u00famer:<\/span><\/span><\/strong><span dir=\"auto\" style=\"vertical-align: inherit;\"><span dir=\"auto\" style=\"vertical-align: inherit;\"> 28910-91-0 <\/span><\/span><br \/>\n<strong><span dir=\"auto\" style=\"vertical-align: inherit;\"><span dir=\"auto\" style=\"vertical-align: inherit;\">Form\u00fala:<\/span><\/span><\/strong><span dir=\"auto\" style=\"vertical-align: inherit;\"><span dir=\"auto\" style=\"vertical-align: inherit;\"> 8-kl\u00f3r-6-(2-fl\u00faorfen\u00fdl)-1-met\u00fdl-4H-[1,2,4]tr\u00edas\u00f3l\u00f3[4,3-a][1,4]bens\u00f3d\u00edazep\u00edn <\/span><\/span><br \/>\n<strong><span dir=\"auto\" style=\"vertical-align: inherit;\"><span dir=\"auto\" style=\"vertical-align: inherit;\">M\u00f3lmassi:<\/span><\/span><\/strong><span dir=\"auto\" style=\"vertical-align: inherit;\"><span dir=\"auto\" style=\"vertical-align: inherit;\"> 326,8 g\/m\u00f3l <\/span><\/span><br \/>\n<strong><span dir=\"auto\" style=\"vertical-align: inherit;\"><span dir=\"auto\" style=\"vertical-align: inherit;\">Hreinleiki:<\/span><\/span><\/strong><span dir=\"auto\" style=\"vertical-align: inherit;\"><span dir=\"auto\" style=\"vertical-align: inherit;\"> &gt;97%<\/span><\/span><\/p>","protected":false},"featured_media":28782,"comment_status":"closed","ping_status":"closed","template":"","meta":[],"product_brand":[],"product_cat":[488],"product_tag":[326],"class_list":{"0":"post-23320","1":"product","2":"type-product","3":"status-publish","4":"has-post-thumbnail","6":"product_cat-verboden","7":"product_tag-nl","9":"first","10":"instock","11":"taxable","12":"shipping-taxable","13":"purchasable","14":"product-type-simple"},"_links":{"self":[{"href":"https:\/\/researchchemicalstore.eu\/is\/wp-json\/wp\/v2\/product\/23320","targetHints":{"allow":["GET"]}}],"collection":[{"href":"https:\/\/researchchemicalstore.eu\/is\/wp-json\/wp\/v2\/product"}],"about":[{"href":"https:\/\/researchchemicalstore.eu\/is\/wp-json\/wp\/v2\/types\/product"}],"replies":[{"embeddable":true,"href":"https:\/\/researchchemicalstore.eu\/is\/wp-json\/wp\/v2\/comments?post=23320"}],"version-history":[{"count":4,"href":"https:\/\/researchchemicalstore.eu\/is\/wp-json\/wp\/v2\/product\/23320\/revisions"}],"predecessor-version":[{"id":25484,"href":"https:\/\/researchchemicalstore.eu\/is\/wp-json\/wp\/v2\/product\/23320\/revisions\/25484"}],"wp:featuredmedia":[{"embeddable":true,"href":"https:\/\/researchchemicalstore.eu\/is\/wp-json\/wp\/v2\/media\/28782"}],"wp:attachment":[{"href":"https:\/\/researchchemicalstore.eu\/is\/wp-json\/wp\/v2\/media?parent=23320"}],"wp:term":[{"taxonomy":"product_brand","embeddable":true,"href":"https:\/\/researchchemicalstore.eu\/is\/wp-json\/wp\/v2\/product_brand?post=23320"},{"taxonomy":"product_cat","embeddable":true,"href":"https:\/\/researchchemicalstore.eu\/is\/wp-json\/wp\/v2\/product_cat?post=23320"},{"taxonomy":"product_tag","embeddable":true,"href":"https:\/\/researchchemicalstore.eu\/is\/wp-json\/wp\/v2\/product_tag?post=23320"}],"curies":[{"name":"wp","href":"https:\/\/api.w.org\/{rel}","templated":true}]}}