{"id":23394,"date":"2025-04-13T17:39:41","date_gmt":"2025-04-13T17:39:41","guid":{"rendered":"https:\/\/researchchemicalstore.eu\/?post_type=product&#038;p=23394"},"modified":"2025-10-23T01:07:08","modified_gmt":"2025-10-23T01:07:08","slug":"malmleskalin","status":"publish","type":"product","link":"https:\/\/researchchemicalstore.eu\/is\/vara\/malmleskalin\/","title":{"rendered":"Metallyleskal\u00ednh\u00fddr\u00f3kl\u00f3r\u00ed\u00f0"},"content":{"rendered":"<h1>Metallyleskal\u00ednh\u00fddr\u00f3kl\u00f3r\u00ed\u00f0 \u2013 \u00cdtarleg v\u00f6rul\u00fdsing<\/h1>\n<h2>Inngangur<\/h2>\n<p>Metallyleskal\u00ednh\u00fddr\u00f3kl\u00f3r\u00ed\u00f0 er ranns\u00f3knarefni sem tilheyrir fenet\u00fdlam\u00ednfj\u00f6lskyldunni, flokki efnasambanda sem \u00feekkt eru fyrir byggingarlega l\u00edkingu vi\u00f0 \u00e1kve\u00f0in ge\u00f0virk efni. \u00deetta efni, sem er efnafr\u00e6\u00f0ilega hli\u00f0st\u00e6tt eskal\u00edni, er a\u00f0allega nota\u00f0 \u00ed v\u00edsindaranns\u00f3knum, s\u00e9rstaklega \u00e1 svi\u00f0i taugaefnafr\u00e6\u00f0i og lyfjafr\u00e6\u00f0i. \u00deessi \u00edtarlega v\u00f6rul\u00fdsing veitir nau\u00f0synlegar uppl\u00fdsingar um eiginleika, m\u00f6guleg notkun og \u00f6ryggislei\u00f0beiningar fyrir metallyleskal\u00ednh\u00fddr\u00f3kl\u00f3r\u00ed\u00f0.<\/p>\n<h2>Efnafr\u00e6\u00f0ilegir eiginleikar<\/h2>\n<ul>\n<li>Efnaheiti: 2-(4-Metall\u00fdlox\u00fd-3,5-d\u00edmetox\u00fdfen\u00fdl)etanam\u00ednh\u00fddr\u00f3kl\u00f3r\u00ed\u00f0<\/li>\n<li>Sameindaform\u00fala: C\u2081\u2084H\u2082\u2082ClNO\u2083<\/li>\n<li>M\u00f3l\u00feyngd: 287,79 g\/m\u00f3l<\/li>\n<li>Hreinleiki: \u226597% (greind me\u00f0 HPLC)<\/li>\n<li>Form: Kristalla\u00f0 duft<\/li>\n<li>Litur: Hv\u00edtur til lj\u00f3sgulur<\/li>\n<li>Leysni: Leysanlegt \u00ed vatni og p\u00f3lskum l\u00edfr\u00e6num leysum<\/li>\n<\/ul>\n<h2>Notkun \u00ed v\u00edsindaranns\u00f3knum<\/h2>\n<p>Ranns\u00f3knir \u00e1 m\u00e1ll\u00fdleskal\u00ednh\u00fddr\u00f3kl\u00f3r\u00ed\u00f0i eru fyrst og fremst ger\u00f0ar \u00e1 hugsanlegum milliverkunum \u00feess vi\u00f0 ser\u00f3t\u00f3n\u00ednvi\u00f0taka og \u00f6nnur taugabo\u00f0efnakerfi. V\u00edsindamenn eru a\u00f0 rannsaka lyfhrif og lyfjahv\u00f6rf \u00feessa efnis vi\u00f0 st\u00fdr\u00f0ar ranns\u00f3knarstofua\u00f0st\u00e6\u00f0ur. Mikilv\u00e6gt er a\u00f0 leggja \u00e1herslu \u00e1 a\u00f0 \u00feessi vara er eing\u00f6ngu \u00e6tlu\u00f0 til ranns\u00f3kna og ekki til neyslu fyrir menn e\u00f0a d\u00fdr.<\/p>\n<h2>\u00d6ryggisr\u00e1\u00f0stafanir og geymsla<\/h2>\n<ul>\n<li>Geymsluskilyr\u00f0i: Geymi\u00f0 \u00ed loft\u00fe\u00e9ttu \u00edl\u00e1ti, vari\u00f0 gegn lj\u00f3si og raka, vi\u00f0 hitastig undir 25\u00b0C.<\/li>\n<li>Geymslu\u00feol: L\u00e1gmark 2 \u00e1r vi\u00f0 r\u00e9tta geymslu<\/li>\n<li>\u00d6ryggisreglur:\n<ul>\n<li>Noti\u00f0 alltaf pers\u00f3nulegan hl\u00edf\u00f0arb\u00fana\u00f0 (ranns\u00f3knarstofuslopp, hanska, \u00f6ryggisgleraugu)<\/li>\n<li>For\u00f0ist inn\u00f6ndun, innt\u00f6ku e\u00f0a beina snertingu vi\u00f0 h\u00fa\u00f0 og augu.<\/li>\n<li>Vinna undir gufusk\u00faffu e\u00f0a \u00e1 vel loftr\u00e6stum sta\u00f0<\/li>\n<\/ul>\n<\/li>\n<\/ul>\n<h2>L\u00f6gleg sta\u00f0a og notkunartakmarkanir<\/h2>\n<p>Metallyleskal\u00ednh\u00fddr\u00f3kl\u00f3r\u00ed\u00f0 er eing\u00f6ngu \u00e6tla\u00f0 til v\u00edsindalegra ranns\u00f3kna og greiningar. Sala og eignarhald \u00feessa efnis getur veri\u00f0 h\u00e1\u00f0 innlendum og al\u00fej\u00f3\u00f0legum reglum. \u00dea\u00f0 er \u00e1 \u00e1byrg\u00f0 kaupanda a\u00f0 sta\u00f0festa a\u00f0 \u00fea\u00f0 s\u00e9 l\u00f6glegt a\u00f0 eiga og nota \u00feetta efni \u00e1 vi\u00f0komandi sv\u00e6\u00f0i.<\/p>\n<h2>Af hverju a\u00f0 velja v\u00f6runa okkar?<\/h2>\n<ul>\n<li>Mikil hreinleiki: Hver lota er pr\u00f3fu\u00f0 me\u00f0 HPLC til a\u00f0 tryggja bestu m\u00f6gulegu g\u00e6\u00f0i.<\/li>\n<li>St\u00f6\u00f0ugt frambo\u00f0: \u00c1rei\u00f0anleg birg\u00f0ir og samr\u00e6md samsetning<\/li>\n<li>Fagleg umb\u00fa\u00f0ir: L\u00e9ttar og loft\u00fe\u00e9ttar \u00edl\u00e1t fyrir h\u00e1marks st\u00f6\u00f0ugleika<\/li>\n<li>Eing\u00f6ngu fyrir ranns\u00f3knir: A\u00f0eins \u00ed bo\u00f0i fyrir vi\u00f0urkenndar ranns\u00f3knarstofnanir og ranns\u00f3knarstofur<\/li>\n<\/ul>\n<h2>Ni\u00f0ursta\u00f0a<\/h2>\n<p>Metallyleskal\u00ednh\u00fddr\u00f3kl\u00f3r\u00ed\u00f0 er \u00e1hugavert ranns\u00f3knarefni fyrir v\u00edsindamenn sem einbeita s\u00e9r a\u00f0 ranns\u00f3knum \u00e1 fenet\u00fdlam\u00ednaflei\u00f0um og v\u00edxlverkunum \u00feeirra. <a href=\"http:\/\/google.nl\" target=\"_blank\" rel=\"noopener\">af<\/a> mi\u00f0taugakerfi\u00f0. Me\u00f0 mikilli hreinleika og st\u00f6\u00f0lu\u00f0um g\u00e6\u00f0um veitir \u00feessi vara \u00e1rei\u00f0anlegar ni\u00f0urst\u00f6\u00f0ur fyrir h\u00e1\u00fer\u00f3a\u00f0ar ranns\u00f3knir.<\/p>\n<h2>Mikilv\u00e6g athugasemd<\/h2>\n<p>\u00deessi vara er ekki \u00e6tlu\u00f0 til notkunar fyrir neytendur og m\u00e1 a\u00f0eins nota hana \u00ed samr\u00e6mi vi\u00f0 gildandi l\u00f6g og regluger\u00f0ir. Fyrir frekari uppl\u00fdsingar um forskriftir e\u00f0a pantanir, vinsamlegast hafi\u00f0 samband vi\u00f0 \u00fej\u00f3nustuver okkar.<a href=\"https:\/\/researchchemicalstore.eu\/is\/bud\/lysergamid\/1cp-lsd\/\">1cP-LSD 150 MCG listabletti<\/a> <a href=\"https:\/\/researchchemicalstore.eu\/is\/bud\/pellets\/o-dsmt-50-mg-kulur\/\">O-DSMT 50 mg k\u00falur<\/a> <a href=\"https:\/\/researchchemicalstore.eu\/is\/bud\/lysergamid\/1vlsd\/\">1V-LSD 150 MCG \u00feynnur<\/a><\/p>","protected":false},"excerpt":{"rendered":"<h3><span data-sheets-value=\"{\" data-sheets-userformat=\"{\">Eiginleikar metallyleskal\u00ednh\u00fddr\u00f3kl\u00f3r\u00ed\u00f0s<\/span><\/h3>\n<p><strong>Samheiti:<\/strong> 3,5-d\u00edmetox\u00fd-4-metallylox\u00fdfenet\u00fdlam\u00ednh\u00fddr\u00f3kl\u00f3r\u00ed\u00f0<br \/>\n<strong>CAS-n\u00famer:<\/strong> 207740-41-8<br \/>\n<strong>Form\u00fala:<\/strong> 2-{3,5-d\u00edmetox\u00fd-4-[(2-met\u00fdlpr\u00f3p-2-en-1-\u00fdl)ox\u00fd]fen\u00fdl}etan-1-am\u00ednh\u00fddr\u00f3kl\u00f3r\u00ed\u00f0<br \/>\n<strong>M\u00f3lmassi:<\/strong> 287,8 g\/m\u00f3l<br \/>\n<strong>Hreinleiki:<\/strong> &gt;97%<\/p>","protected":false},"featured_media":28812,"comment_status":"closed","ping_status":"closed","template":"","meta":[],"product_brand":[82],"product_cat":[322,80,482],"product_tag":[204,693,326],"class_list":{"0":"post-23394","1":"product","2":"type-product","3":"status-publish","4":"has-post-thumbnail","6":"product_brand-research-chemical","7":"product_cat-bijna-verboden","8":"product_cat-fenethylamine","9":"product_cat-methallylescaline","10":"product_tag-methallylescaline","11":"product_tag-methallylescaline-hydrochloride","12":"product_tag-nl","14":"first","15":"instock","16":"taxable","17":"shipping-taxable","18":"purchasable","19":"product-type-variable"},"_links":{"self":[{"href":"https:\/\/researchchemicalstore.eu\/is\/wp-json\/wp\/v2\/product\/23394","targetHints":{"allow":["GET"]}}],"collection":[{"href":"https:\/\/researchchemicalstore.eu\/is\/wp-json\/wp\/v2\/product"}],"about":[{"href":"https:\/\/researchchemicalstore.eu\/is\/wp-json\/wp\/v2\/types\/product"}],"replies":[{"embeddable":true,"href":"https:\/\/researchchemicalstore.eu\/is\/wp-json\/wp\/v2\/comments?post=23394"}],"version-history":[{"count":4,"href":"https:\/\/researchchemicalstore.eu\/is\/wp-json\/wp\/v2\/product\/23394\/revisions"}],"predecessor-version":[{"id":26376,"href":"https:\/\/researchchemicalstore.eu\/is\/wp-json\/wp\/v2\/product\/23394\/revisions\/26376"}],"wp:featuredmedia":[{"embeddable":true,"href":"https:\/\/researchchemicalstore.eu\/is\/wp-json\/wp\/v2\/media\/28812"}],"wp:attachment":[{"href":"https:\/\/researchchemicalstore.eu\/is\/wp-json\/wp\/v2\/media?parent=23394"}],"wp:term":[{"taxonomy":"product_brand","embeddable":true,"href":"https:\/\/researchchemicalstore.eu\/is\/wp-json\/wp\/v2\/product_brand?post=23394"},{"taxonomy":"product_cat","embeddable":true,"href":"https:\/\/researchchemicalstore.eu\/is\/wp-json\/wp\/v2\/product_cat?post=23394"},{"taxonomy":"product_tag","embeddable":true,"href":"https:\/\/researchchemicalstore.eu\/is\/wp-json\/wp\/v2\/product_tag?post=23394"}],"curies":[{"name":"wp","href":"https:\/\/api.w.org\/{rel}","templated":true}]}}