{"id":23466,"date":"2025-04-13T17:39:49","date_gmt":"2025-04-13T17:39:49","guid":{"rendered":"https:\/\/researchchemicalstore.eu\/?post_type=product&#038;p=23466"},"modified":"2025-10-23T00:36:02","modified_gmt":"2025-10-23T00:36:02","slug":"4-hydroxyetyl-mcpt-fumarat","status":"publish","type":"product","link":"https:\/\/researchchemicalstore.eu\/is\/vara\/4-hydroxyetyl-mcpt-fumarat\/","title":{"rendered":"4-HO-McPT f\u00famarat"},"content":{"rendered":"<h1><strong><span dir=\"auto\" style=\"vertical-align: inherit;\"><span dir=\"auto\" style=\"vertical-align: inherit;\">4-HO-McPT f\u00famarat \u2013 N\u00fdst\u00e1rlegt ranns\u00f3knarefni \u00far flokki tryptam\u00edna<\/span><\/span><\/strong><\/h1>\n<p><strong><span dir=\"auto\" style=\"vertical-align: inherit;\"><span dir=\"auto\" style=\"vertical-align: inherit;\">V\u00f6ruheiti:<\/span><\/span><\/strong><span dir=\"auto\" style=\"vertical-align: inherit;\"><span dir=\"auto\" style=\"vertical-align: inherit;\"> 4-HO-McPT f\u00famarat <\/span><\/span><br \/>\n<strong><span dir=\"auto\" style=\"vertical-align: inherit;\"><span dir=\"auto\" style=\"vertical-align: inherit;\">Fullt nafn:<\/span><\/span><\/strong><span dir=\"auto\" style=\"vertical-align: inherit;\"><span dir=\"auto\" style=\"vertical-align: inherit;\"> 4-h\u00fddrox\u00fd-N-met\u00fdl-N-s\u00fdkl\u00f3pr\u00f3p\u00fdltryptam\u00edn f\u00famarat <\/span><\/span><br \/>\n<strong><span dir=\"auto\" style=\"vertical-align: inherit;\"><span dir=\"auto\" style=\"vertical-align: inherit;\">Efnaflokkur:<\/span><\/span><\/strong><span dir=\"auto\" style=\"vertical-align: inherit;\"><span dir=\"auto\" style=\"vertical-align: inherit;\"> Tryptam\u00edn \/ ge\u00f0r\u00e6n greiningarefni <\/span><\/span><br \/>\n<strong><span dir=\"auto\" style=\"vertical-align: inherit;\"><span dir=\"auto\" style=\"vertical-align: inherit;\">Sameindaform\u00fala (grunnur):<\/span><\/span><\/strong><span dir=\"auto\" style=\"vertical-align: inherit;\"><span dir=\"auto\" style=\"vertical-align: inherit;\"> C14H18N2O C4H4O4 <\/span><\/span><br \/>\n<strong><span dir=\"auto\" style=\"vertical-align: inherit;\"><span dir=\"auto\" style=\"vertical-align: inherit;\">Hreinleiki:<\/span><\/span><\/strong><span dir=\"auto\" style=\"vertical-align: inherit;\"><span dir=\"auto\" style=\"vertical-align: inherit;\"> \u226598% (HPLC sta\u00f0fest) <\/span><\/span><br \/>\n<strong><span dir=\"auto\" style=\"vertical-align: inherit;\"><span dir=\"auto\" style=\"vertical-align: inherit;\">\u00datlit:<\/span><\/span><\/strong><span dir=\"auto\" style=\"vertical-align: inherit;\"><span dir=\"auto\" style=\"vertical-align: inherit;\"> Hv\u00edtt til beinhv\u00edtt kristalla\u00f0 duft <\/span><\/span><br \/>\n<strong><span dir=\"auto\" style=\"vertical-align: inherit;\"><span dir=\"auto\" style=\"vertical-align: inherit;\">Ums\u00f3kn:<\/span><\/span><\/strong><span dir=\"auto\" style=\"vertical-align: inherit;\"><span dir=\"auto\" style=\"vertical-align: inherit;\"> A\u00f0eins til ranns\u00f3knarstofupr\u00f3fana<\/span><\/span><\/p>\n<hr \/>\n<h2><strong><span dir=\"auto\" style=\"vertical-align: inherit;\"><span dir=\"auto\" style=\"vertical-align: inherit;\">Hva\u00f0 er 4-HO-McPT f\u00famarat?<\/span><\/span><\/strong><\/h2>\n<p><span dir=\"auto\" style=\"vertical-align: inherit;\"><span dir=\"auto\" style=\"vertical-align: inherit;\">4-HO-McPT f\u00famarat er sjaldg\u00e6ft og n\u00fat\u00edmalegt ge\u00f0lyfjatryptam\u00edn sem tilheyrir 4-h\u00fddrox\u00fd-skiptum aflei\u00f0um. \u201cMcPT\u201d uppbyggingin v\u00edsar til <\/span><\/span><strong><span dir=\"auto\" style=\"vertical-align: inherit;\"><span dir=\"auto\" style=\"vertical-align: inherit;\">N-met\u00fdl-N-s\u00fdkl\u00f3pr\u00f3p\u00fdltryptam\u00edn<\/span><\/span><\/strong><span dir=\"auto\" style=\"vertical-align: inherit;\"><span dir=\"auto\" style=\"vertical-align: inherit;\"> , sem gerir sameindina einstaka innan ser\u00f3t\u00f3n\u00ednfj\u00f6lskyldunnar vegna \u00fe\u00e9tts og st\u00edfs hli\u00f0arh\u00f3ps s\u00edns (s\u00fdkl\u00f3pr\u00f3p\u00fdl).<\/span><\/span><\/p>\n<p><span dir=\"auto\" style=\"vertical-align: inherit;\"><span dir=\"auto\" style=\"vertical-align: inherit;\">Vegna l\u00edkingar vi\u00f0 n\u00e1tt\u00faruleg efnasamb\u00f6nd eins og psilocin, b\u00fd\u00f0ur 4-HO-McPT upp \u00e1 \u00e1hugavert ranns\u00f3knarmarkmi\u00f0 fyrir lyfjafr\u00e6\u00f0ilegar ranns\u00f3knir, vi\u00f0takagreiningar og byggingarvirkniranns\u00f3knir.<\/span><\/span><\/p>\n<hr \/>\n<h2><strong><span dir=\"auto\" style=\"vertical-align: inherit;\"><span dir=\"auto\" style=\"vertical-align: inherit;\">V\u00edsindaleg notkun<\/span><\/span><\/strong><\/h2>\n<p>\ud83d\udd2c <strong><span dir=\"auto\" style=\"vertical-align: inherit;\"><span dir=\"auto\" style=\"vertical-align: inherit;\">Ranns\u00f3knir \u00e1 bindingu vi\u00f0taka:<\/span><\/span><\/strong><br \/>\n<span dir=\"auto\" style=\"vertical-align: inherit;\"><span dir=\"auto\" style=\"vertical-align: inherit;\"> Ranns\u00f3kn \u00e1 s\u00e6kni \u00ed 5-HT2A, 5-HT1A og skylda vi\u00f0taka.<\/span><\/span><\/p>\n<p>\ud83e\udde0 <strong><span dir=\"auto\" style=\"vertical-align: inherit;\"><span dir=\"auto\" style=\"vertical-align: inherit;\">Taugalyfjafr\u00e6\u00f0ilegar ranns\u00f3knir:<\/span><\/span><\/strong><br \/>\n<span dir=\"auto\" style=\"vertical-align: inherit;\"><span dir=\"auto\" style=\"vertical-align: inherit;\"> Hermun \u00e1 ge\u00f0virkum \u00e1hrifum in vitro e\u00f0a \u00ed d\u00fdral\u00edk\u00f6num (ekki til manneldis).<\/span><\/span><\/p>\n<p>\u269b\ufe0f <strong><span dir=\"auto\" style=\"vertical-align: inherit;\"><span dir=\"auto\" style=\"vertical-align: inherit;\">SAR greining (samhengi uppbyggingar og virkni):<\/span><\/span><\/strong><br \/>\n<span dir=\"auto\" style=\"vertical-align: inherit;\"><span dir=\"auto\" style=\"vertical-align: inherit;\"> Samanbur\u00f0ur vi\u00f0 skyld efnasamb\u00f6nd eins og 4-HO-DMT, 4-HO-MiPT, 4-HO-MPT.<\/span><\/span><\/p>\n<p>\ud83e\uddea <strong><span dir=\"auto\" style=\"vertical-align: inherit;\"><span dir=\"auto\" style=\"vertical-align: inherit;\">St\u00f6\u00f0ugleika- og leysniranns\u00f3knir:<\/span><\/span><\/strong><br \/>\n<span dir=\"auto\" style=\"vertical-align: inherit;\"><span dir=\"auto\" style=\"vertical-align: inherit;\"> Ranns\u00f3kn \u00e1 \u00e1hrifum s\u00fdkl\u00f3pr\u00f3p\u00fdlh\u00f3psins \u00e1 efnaskipti og st\u00f6\u00f0ugleika.<\/span><\/span><\/p>\n<hr \/>\n<h2><strong><span dir=\"auto\" style=\"vertical-align: inherit;\"><span dir=\"auto\" style=\"vertical-align: inherit;\">\u00c1vinningur af 4-HO-McPT f\u00famarati \u00ed ranns\u00f3knum<\/span><\/span><\/strong><\/h2>\n<p>\u2714<span dir=\"auto\" style=\"vertical-align: inherit;\"><span dir=\"auto\" style=\"vertical-align: inherit;\">Mikil efnafr\u00e6\u00f0ileg st\u00f6\u00f0ugleiki vegna f\u00famaratsforms <\/span><\/span><br \/>\n\u2714<span dir=\"auto\" style=\"vertical-align: inherit;\"><span dir=\"auto\" style=\"vertical-align: inherit;\">Einst\u00f6k uppbygging gerir \u00fea\u00f0 vi\u00f0eigandi fyrir n\u00fdst\u00e1rlegar ranns\u00f3knir <\/span><\/span><br \/>\n\u2714<span dir=\"auto\" style=\"vertical-align: inherit;\"><span dir=\"auto\" style=\"vertical-align: inherit;\">Samr\u00e6md hreinleiki \u00ed ranns\u00f3knarstofu (\u226598%) <\/span><\/span><br \/>\n\u2714<span dir=\"auto\" style=\"vertical-align: inherit;\"><span dir=\"auto\" style=\"vertical-align: inherit;\">Tilvali\u00f0 fyrir fl\u00f3kin greiningarvinnu (LC-MS, HPLC, NMR)<\/span><\/span><\/p>\n<hr \/>\n<h2><strong><span dir=\"auto\" style=\"vertical-align: inherit;\"><span dir=\"auto\" style=\"vertical-align: inherit;\">\u00d3kostir \/ \u00c1h\u00e6tta<\/span><\/span><\/strong><\/h2>\n<p>\u2716<span dir=\"auto\" style=\"vertical-align: inherit;\"><span dir=\"auto\" style=\"vertical-align: inherit;\">F\u00e1ar skjalfestar ranns\u00f3knir \u2013 takmarka\u00f0 empir\u00edskt vi\u00f0mi\u00f0unarkerfi <\/span><\/span><br \/>\n\u2716<span dir=\"auto\" style=\"vertical-align: inherit;\"><span dir=\"auto\" style=\"vertical-align: inherit;\">Ekki \u00e6tla\u00f0 til manneldis <\/span><\/span><br \/>\n\u2716<span dir=\"auto\" style=\"vertical-align: inherit;\"><span dir=\"auto\" style=\"vertical-align: inherit;\">L\u00edtil leysni \u00ed vatni \u2013 krefst l\u00edfr\u00e6nna leysiefna <\/span><\/span><br \/>\n\u2716<span dir=\"auto\" style=\"vertical-align: inherit;\"><span dir=\"auto\" style=\"vertical-align: inherit;\">Getur veri\u00f0 h\u00e1\u00f0 l\u00f6gum e\u00f0a regluger\u00f0um \u00ed sumum l\u00f6ndum<\/span><\/span><\/p>\n<hr \/>\n<h2><strong><span dir=\"auto\" style=\"vertical-align: inherit;\"><span dir=\"auto\" style=\"vertical-align: inherit;\">Lei\u00f0beiningar um notkun (fyrir ranns\u00f3knarstofuumhverfi)<\/span><\/span><\/strong><\/h2>\n<ul>\n<li><strong><span dir=\"auto\" style=\"vertical-align: inherit;\"><span dir=\"auto\" style=\"vertical-align: inherit;\">Geymslur\u00e1\u00f0:<\/span><\/span><\/strong><span dir=\"auto\" style=\"vertical-align: inherit;\"><span dir=\"auto\" style=\"vertical-align: inherit;\"> Geymi\u00f0 \u00e1 k\u00f6ldum, \u00feurrum sta\u00f0 vi\u00f0 h\u00e1markshita -20\u00b0C.<\/span><\/span><\/li>\n<li><strong><span dir=\"auto\" style=\"vertical-align: inherit;\"><span dir=\"auto\" style=\"vertical-align: inherit;\">Leysiefni:<\/span><\/span><\/strong><span dir=\"auto\" style=\"vertical-align: inherit;\"><span dir=\"auto\" style=\"vertical-align: inherit;\"> Leysanlegt \u00ed etan\u00f3li, metan\u00f3li, DMSO<\/span><\/span><\/li>\n<li><strong><span dir=\"auto\" style=\"vertical-align: inherit;\"><span dir=\"auto\" style=\"vertical-align: inherit;\">R\u00e1\u00f0lag\u00f0ur m\u00e6likvar\u00f0i:<\/span><\/span><\/strong><span dir=\"auto\" style=\"vertical-align: inherit;\"><span dir=\"auto\" style=\"vertical-align: inherit;\"> Byrja\u00f0u me\u00f0 m\u00edkr\u00f3gr\u00f6mmum upp \u00ed l\u00e1gan milligr\u00f6mm skammt fyrir in vitro greiningu<\/span><\/span><\/li>\n<li><strong><span dir=\"auto\" style=\"vertical-align: inherit;\"><span dir=\"auto\" style=\"vertical-align: inherit;\">Notkun:<\/span><\/span><\/strong><span dir=\"auto\" style=\"vertical-align: inherit;\"><span dir=\"auto\" style=\"vertical-align: inherit;\"> A\u00f0eins undir eftirliti fagf\u00f3lks \u00ed ranns\u00f3knarstofuumhverfi<\/span><\/span><\/li>\n<\/ul>\n<hr \/>\n<h2><strong><span dir=\"auto\" style=\"vertical-align: inherit;\"><span dir=\"auto\" style=\"vertical-align: inherit;\">Ranns\u00f3knarstofugreining og sk\u00fdrsla (samantekt)<\/span><\/span><\/strong><\/h2>\n<table>\n<thead>\n<tr>\n<th><span dir=\"auto\" style=\"vertical-align: inherit;\"><span dir=\"auto\" style=\"vertical-align: inherit;\">Greining<\/span><\/span><\/th>\n<th><span dir=\"auto\" style=\"vertical-align: inherit;\"><span dir=\"auto\" style=\"vertical-align: inherit;\">Ni\u00f0ursta\u00f0a<\/span><\/span><\/th>\n<\/tr>\n<\/thead>\n<tbody>\n<tr>\n<td><strong><span dir=\"auto\" style=\"vertical-align: inherit;\"><span dir=\"auto\" style=\"vertical-align: inherit;\">Hreinleiki (HPLC):<\/span><\/span><\/strong><\/td>\n<td><span dir=\"auto\" style=\"vertical-align: inherit;\"><span dir=\"auto\" style=\"vertical-align: inherit;\">98.4%<\/span><\/span><\/td>\n<\/tr>\n<tr>\n<td><strong><span dir=\"auto\" style=\"vertical-align: inherit;\"><span dir=\"auto\" style=\"vertical-align: inherit;\">NMR:<\/span><\/span><\/strong><\/td>\n<td><span dir=\"auto\" style=\"vertical-align: inherit;\"><span dir=\"auto\" style=\"vertical-align: inherit;\">Sta\u00f0festing \u00e1 sameindabyggingu<\/span><\/span><\/td>\n<\/tr>\n<tr>\n<td><strong><span dir=\"auto\" style=\"vertical-align: inherit;\"><span dir=\"auto\" style=\"vertical-align: inherit;\">Br\u00e6\u00f0slumark:<\/span><\/span><\/strong><\/td>\n<td><span dir=\"auto\" style=\"vertical-align: inherit;\"><span dir=\"auto\" style=\"vertical-align: inherit;\">122\u2013124\u00b0C<\/span><\/span><\/td>\n<\/tr>\n<tr>\n<td><strong><span dir=\"auto\" style=\"vertical-align: inherit;\"><span dir=\"auto\" style=\"vertical-align: inherit;\">Vatnsinnihald (Karl Fischer):<\/span><\/span><\/strong><\/td>\n<td><span dir=\"auto\" style=\"vertical-align: inherit;\"><span dir=\"auto\" style=\"vertical-align: inherit;\">\u22640,2%<\/span><\/span><\/td>\n<\/tr>\n<tr>\n<td><strong><span dir=\"auto\" style=\"vertical-align: inherit;\"><span dir=\"auto\" style=\"vertical-align: inherit;\">Sj\u00f3nr\u00e6n sko\u00f0un:<\/span><\/span><\/strong><\/td>\n<td><span dir=\"auto\" style=\"vertical-align: inherit;\"><span dir=\"auto\" style=\"vertical-align: inherit;\">Einsleitt, engin s\u00fdnileg mengun<\/span><\/span><\/td>\n<\/tr>\n<\/tbody>\n<\/table>\n<p><em><span dir=\"auto\" style=\"vertical-align: inherit;\"><span dir=\"auto\" style=\"vertical-align: inherit;\">Fullt greiningarvottor\u00f0 f\u00e1anlegt s\u00e9 \u00feess \u00f3ska\u00f0.<\/span><\/span><\/em><\/p>\n<hr \/>\n<h2><strong><span dir=\"auto\" style=\"vertical-align: inherit;\"><span dir=\"auto\" style=\"vertical-align: inherit;\">Algengar spurningar (FAQ)<\/span><\/span><\/strong><\/h2>\n<h3>\u2753 <em><span dir=\"auto\" style=\"vertical-align: inherit;\"><span dir=\"auto\" style=\"vertical-align: inherit;\">Er 4-HO-McPT l\u00f6glegt \u00ed Hollandi e\u00f0a Belg\u00edu?<\/span><\/span><\/em><\/h3>\n<p><span dir=\"auto\" style=\"vertical-align: inherit;\"><span dir=\"auto\" style=\"vertical-align: inherit;\">Efni\u00f0 er ekki s\u00e9rstaklega stj\u00f3rna\u00f0, en getur veri\u00f0 h\u00e1\u00f0 samb\u00e6rilegum l\u00f6gum. Athugi\u00f0 alltaf reglur \u00e1 landsv\u00edsu og \u00e1 sta\u00f0num.<\/span><\/span><\/p>\n<h3>\u2753 <em><span dir=\"auto\" style=\"vertical-align: inherit;\"><span dir=\"auto\" style=\"vertical-align: inherit;\">Er \u00feessi vara h\u00e6f til manneldis?<\/span><\/span><\/em><\/h3>\n<p><strong><span dir=\"auto\" style=\"vertical-align: inherit;\"><span dir=\"auto\" style=\"vertical-align: inherit;\">Nei.<\/span><\/span><\/strong><span dir=\"auto\" style=\"vertical-align: inherit;\"><span dir=\"auto\" style=\"vertical-align: inherit;\"> 4-HO-McPT f\u00famarat er eing\u00f6ngu \u00e6tla\u00f0 \u00ed v\u00edsindalegum tilgangi og \u00e6tti ekki a\u00f0 neyta \u00feess.<\/span><\/span><\/p>\n<h3>\u2753 <em><span dir=\"auto\" style=\"vertical-align: inherit;\"><span dir=\"auto\" style=\"vertical-align: inherit;\">Hvernig er \u00feessi sameind fr\u00e1brug\u00f0in \u00f6\u00f0rum 4-HO-tryptam\u00ednum?<\/span><\/span><\/em><\/h3>\n<p><span dir=\"auto\" style=\"vertical-align: inherit;\"><span dir=\"auto\" style=\"vertical-align: inherit;\">S\u00fdkl\u00f3pr\u00f3p\u00fdlh\u00f3purinn b\u00fd\u00f0ur upp \u00e1 sjaldg\u00e6fa byggingarbreytingu sem getur haft \u00e1hrif \u00e1 bindingarvirkni og st\u00f6\u00f0ugleika ser\u00f3t\u00f3n\u00ednvi\u00f0taka.<\/span><\/span><\/p>\n<h3>\u2753 <em><span dir=\"auto\" style=\"vertical-align: inherit;\"><span dir=\"auto\" style=\"vertical-align: inherit;\">Hvert er r\u00e1\u00f0lagt magn fyrir tilraunir?<\/span><\/span><\/em><\/h3>\n<p><span dir=\"auto\" style=\"vertical-align: inherit;\"><span dir=\"auto\" style=\"vertical-align: inherit;\">Fyrir in vitro greiningar er m\u00e6lt me\u00f0 \u00fev\u00ed a\u00f0 byrja me\u00f0 m\u00edkr\u00f3gr\u00f6mm (t.d. 250\u20131000 \u00b5g), allt eftir ranns\u00f3knarl\u00edkaninu.<\/span><\/span><\/p>\n<hr \/>\n<h2><strong><span dir=\"auto\" style=\"vertical-align: inherit;\"><span dir=\"auto\" style=\"vertical-align: inherit;\">M\u00e6lt me\u00f0 til notkunar \u00ed:<\/span><\/span><\/strong><\/h2>\n<ul>\n<li><span dir=\"auto\" style=\"vertical-align: inherit;\"><span dir=\"auto\" style=\"vertical-align: inherit;\">Lyfja- og efnafr\u00e6\u00f0ilegar ranns\u00f3knir<\/span><\/span><\/li>\n<li><span dir=\"auto\" style=\"vertical-align: inherit;\"><span dir=\"auto\" style=\"vertical-align: inherit;\">Taugaefnafr\u00e6\u00f0i sem byggir \u00e1 ge\u00f0r\u00e6num efnum<\/span><\/span><\/li>\n<li><span dir=\"auto\" style=\"vertical-align: inherit;\"><span dir=\"auto\" style=\"vertical-align: inherit;\">Vi\u00f0takagreining og bindingarsni\u00f0<\/span><\/span><\/li>\n<li><span dir=\"auto\" style=\"vertical-align: inherit;\"><span dir=\"auto\" style=\"vertical-align: inherit;\">Ranns\u00f3knarstofur h\u00e1sk\u00f3lans<\/span><\/span><\/li>\n<\/ul>\n<hr \/>\n<blockquote><p>\u26a0\ufe0f <strong><span dir=\"auto\" style=\"vertical-align: inherit;\"><span dir=\"auto\" style=\"vertical-align: inherit;\">L\u00f6gleg fyrirvari:<\/span><\/span><\/strong><span dir=\"auto\" style=\"vertical-align: inherit;\"><span dir=\"auto\" style=\"vertical-align: inherit;\"> 4-HO-McPT f\u00famarat er ekki matv\u00e6li, lyf e\u00f0a f\u00e6\u00f0ub\u00f3tarefni. Eing\u00f6ngu \u00e6tla\u00f0 til l\u00f6glegrar, v\u00edsindalegrar og greiningarlegrar notkunar \u00ed faglegum a\u00f0st\u00e6\u00f0um. Geymist \u00fear sem \u00f3vi\u00f0komandi a\u00f0ilar n\u00e1 ekki til.<\/span><\/span><\/p><\/blockquote>","protected":false},"excerpt":{"rendered":"<h3><span style=\"vertical-align: inherit;\"><span style=\"vertical-align: inherit;\"><span dir=\"auto\" style=\"vertical-align: inherit;\"><span dir=\"auto\" style=\"vertical-align: inherit;\">Eiginleikar 4-HO-McPT f\u00famarat<\/span><\/span><\/span><\/span><\/h3>\n<p><strong><span style=\"vertical-align: inherit;\"><span style=\"vertical-align: inherit;\"><span dir=\"auto\" style=\"vertical-align: inherit;\"><span dir=\"auto\" style=\"vertical-align: inherit;\">Samheiti:<\/span><\/span><\/span><\/span><\/strong><span style=\"vertical-align: inherit;\"><span style=\"vertical-align: inherit;\"><span dir=\"auto\" style=\"vertical-align: inherit;\"><span dir=\"auto\" style=\"vertical-align: inherit;\"> 4-h\u00fddrox\u00fd-N-met\u00fdl-N-s\u00fdkl\u00f3pr\u00f3p\u00fdltryptam\u00edn f\u00famarat <\/span><\/span><\/span><\/span><br \/>\n<strong><span style=\"vertical-align: inherit;\"><span style=\"vertical-align: inherit;\"><span dir=\"auto\" style=\"vertical-align: inherit;\"><span dir=\"auto\" style=\"vertical-align: inherit;\">CAS-n\u00famer:<\/span><\/span><\/span><\/span><\/strong><span style=\"vertical-align: inherit;\"><span style=\"vertical-align: inherit;\"><span dir=\"auto\" style=\"vertical-align: inherit;\"><span dir=\"auto\" style=\"vertical-align: inherit;\"> 77872-48-1 <\/span><\/span><\/span><\/span><br \/>\n<strong><span style=\"vertical-align: inherit;\"><span style=\"vertical-align: inherit;\"><span dir=\"auto\" style=\"vertical-align: inherit;\"><span dir=\"auto\" style=\"vertical-align: inherit;\">Form\u00fala:<\/span><\/span><\/span><\/span><\/strong><span style=\"vertical-align: inherit;\"><span style=\"vertical-align: inherit;\"><span dir=\"auto\" style=\"vertical-align: inherit;\"><span dir=\"auto\" style=\"vertical-align: inherit;\"> 3-[2-(s\u00fdkl\u00f3pr\u00f3p\u00fdl(met\u00fdl)am\u00edn\u00f3)et\u00fdl]-1H-ind\u00f3l-4-\u00f3l f\u00famarat <\/span><\/span><\/span><\/span><br \/>\n<strong><span style=\"vertical-align: inherit;\"><span style=\"vertical-align: inherit;\"><span dir=\"auto\" style=\"vertical-align: inherit;\"><span dir=\"auto\" style=\"vertical-align: inherit;\">M\u00f3lmassi:<\/span><\/span><\/span><\/span><\/strong><span style=\"vertical-align: inherit;\"><span style=\"vertical-align: inherit;\"><span dir=\"auto\" style=\"vertical-align: inherit;\"><span dir=\"auto\" style=\"vertical-align: inherit;\"> 346,4 g\/m\u00f3l <\/span><\/span><\/span><\/span><br \/>\n<strong><span style=\"vertical-align: inherit;\"><span style=\"vertical-align: inherit;\"><span dir=\"auto\" style=\"vertical-align: inherit;\"><span dir=\"auto\" style=\"vertical-align: inherit;\">Hreinleiki:<\/span><\/span><\/span><\/span><\/strong><span style=\"vertical-align: inherit;\"><span style=\"vertical-align: inherit;\"><span dir=\"auto\" style=\"vertical-align: inherit;\"><span dir=\"auto\" style=\"vertical-align: inherit;\"> &gt;97%<\/span><\/span><\/span><\/span><\/p>","protected":false},"featured_media":28700,"comment_status":"closed","ping_status":"closed","template":"","meta":[],"product_brand":[],"product_cat":[512,381],"product_tag":[326],"class_list":{"0":"post-23466","1":"product","2":"type-product","3":"status-publish","4":"has-post-thumbnail","6":"product_cat-4-ho-mcpt","7":"product_cat-tryptamines","8":"product_tag-nl","10":"first","11":"instock","12":"taxable","13":"shipping-taxable","14":"purchasable","15":"product-type-variable"},"_links":{"self":[{"href":"https:\/\/researchchemicalstore.eu\/is\/wp-json\/wp\/v2\/product\/23466","targetHints":{"allow":["GET"]}}],"collection":[{"href":"https:\/\/researchchemicalstore.eu\/is\/wp-json\/wp\/v2\/product"}],"about":[{"href":"https:\/\/researchchemicalstore.eu\/is\/wp-json\/wp\/v2\/types\/product"}],"replies":[{"embeddable":true,"href":"https:\/\/researchchemicalstore.eu\/is\/wp-json\/wp\/v2\/comments?post=23466"}],"version-history":[{"count":5,"href":"https:\/\/researchchemicalstore.eu\/is\/wp-json\/wp\/v2\/product\/23466\/revisions"}],"predecessor-version":[{"id":28075,"href":"https:\/\/researchchemicalstore.eu\/is\/wp-json\/wp\/v2\/product\/23466\/revisions\/28075"}],"wp:featuredmedia":[{"embeddable":true,"href":"https:\/\/researchchemicalstore.eu\/is\/wp-json\/wp\/v2\/media\/28700"}],"wp:attachment":[{"href":"https:\/\/researchchemicalstore.eu\/is\/wp-json\/wp\/v2\/media?parent=23466"}],"wp:term":[{"taxonomy":"product_brand","embeddable":true,"href":"https:\/\/researchchemicalstore.eu\/is\/wp-json\/wp\/v2\/product_brand?post=23466"},{"taxonomy":"product_cat","embeddable":true,"href":"https:\/\/researchchemicalstore.eu\/is\/wp-json\/wp\/v2\/product_cat?post=23466"},{"taxonomy":"product_tag","embeddable":true,"href":"https:\/\/researchchemicalstore.eu\/is\/wp-json\/wp\/v2\/product_tag?post=23466"}],"curies":[{"name":"wp","href":"https:\/\/api.w.org\/{rel}","templated":true}]}}