{"id":23555,"date":"2025-04-13T17:39:57","date_gmt":"2025-04-13T17:39:57","guid":{"rendered":"https:\/\/researchchemicalstore.eu\/?post_type=product&#038;p=23555"},"modified":"2025-10-22T16:06:09","modified_gmt":"2025-10-22T16:06:09","slug":"1-teskeid-af-hreinu-lsd-l-tartrati","status":"publish","type":"product","link":"https:\/\/researchchemicalstore.eu\/is\/vara\/1-teskeid-af-hreinu-lsd-l-tartrati\/","title":{"rendered":"1cP-LSD L-tartrat hreint"},"content":{"rendered":"<h3><strong>1cP-LSD L-tartrat Pure \u2013 V\u00f6rul\u00fdsing, notkun og algengar spurningar<\/strong><\/h3>\n<h4><strong>V\u00f6rul\u00fdsing<\/strong><\/h4>\n<p class=\"ds-markdown-paragraph\">1cP-LSD L-tartrat Pure er h\u00e1g\u00e6\u00f0a ranns\u00f3knarefni sem er \u00feekkt fyrir hreinleika og st\u00f6\u00f0ugleika. \u00deetta efnasamband tilheyrir l\u00fdsergam\u00ed\u00f0fj\u00f6lskyldunni og er oft nota\u00f0 \u00ed v\u00edsindaranns\u00f3knum. L-tartratsalti\u00f0 veitir aukna leysni og n\u00e1kv\u00e6ma sk\u00f6mmtun, sem gerir \u00fea\u00f0 tilvali\u00f0 fyrir ranns\u00f3knarstofunotkun.<\/p>\n<p class=\"ds-markdown-paragraph\"><strong>Eiginleikar:<\/strong><\/p>\n<ul>\n<li>\n<p class=\"ds-markdown-paragraph\"><strong>Mikil hreinleiki (&gt;99%)<\/strong>\u00a0\u2013 Bjarts\u00fdni fyrir ranns\u00f3knir.<\/p>\n<\/li>\n<li>\n<p class=\"ds-markdown-paragraph\"><strong>G\u00f3\u00f0 leysni<\/strong>\u00a0\u2013 \u00de\u00f6kk s\u00e9 L-tartratforminu.<\/p>\n<\/li>\n<li>\n<p class=\"ds-markdown-paragraph\"><strong>\u00cdtarlegar ranns\u00f3knarstofusk\u00fdrslur<\/strong>\u00a0\u2013 Fullar HPLC og GC-MS greiningar \u00ed bo\u00f0i.<\/p>\n<\/li>\n<li>\n<p class=\"ds-markdown-paragraph\"><strong>N\u00e1kv\u00e6m sk\u00f6mmtun<\/strong>\u00a0- Hentar fyrir st\u00fdr\u00f0ar tilraunir.<\/p>\n<\/li>\n<\/ul>\n<hr \/>\n<h3><strong>Notkun 1cP-LSD L-tartrats Pure<\/strong><\/h3>\n<p class=\"ds-markdown-paragraph\">1cP-LSD L-tartrat er eing\u00f6ngu nota\u00f0 fyrir\u00a0<strong>v\u00edsindaranns\u00f3knir<\/strong>\u00a0og er\u00a0<strong>ekki \u00e6tla\u00f0 til manneldis<\/strong>M\u00f6guleg ranns\u00f3knarsvi\u00f0 eru me\u00f0al annars:<\/p>\n<ul>\n<li>\n<p class=\"ds-markdown-paragraph\"><strong>Taugaefnafr\u00e6\u00f0ilegar ranns\u00f3knir<\/strong>\u00a0\u2013 Ranns\u00f3knir \u00e1 ser\u00f3t\u00f3n\u00ednvirkum \u00e1hrifum.<\/p>\n<\/li>\n<li>\n<p class=\"ds-markdown-paragraph\"><strong>S\u00e1lfr\u00e6\u00f0ileg lyfjafr\u00e6\u00f0i<\/strong>\u00a0\u2013 Greining \u00e1 v\u00edxlverkunum vi\u00f0taka.<\/p>\n<\/li>\n<li>\n<p class=\"ds-markdown-paragraph\"><strong>St\u00f6\u00f0ugleikaranns\u00f3kn<\/strong>\u00a0\u2013 Mat \u00e1 efninu vi\u00f0 mismunandi a\u00f0st\u00e6\u00f0ur.<\/p>\n<\/li>\n<\/ul>\n<p class=\"ds-markdown-paragraph\"><strong>R\u00e1\u00f0lag\u00f0ur skammtur fyrir ranns\u00f3knir:<\/strong><\/p>\n<ul>\n<li>\n<p class=\"ds-markdown-paragraph\"><strong>\u00d6rsk\u00f6mmtun (til forpr\u00f3funar):<\/strong>\u00a05-20 \u00b5g<\/p>\n<\/li>\n<li>\n<p class=\"ds-markdown-paragraph\"><strong>Sta\u00f0la\u00f0ur ranns\u00f3knarskammtur:<\/strong>\u00a050-150 m\u00edkr\u00f3gr\u00f6mm<\/p>\n<\/li>\n<li>\n<p class=\"ds-markdown-paragraph\"><strong>St\u00e6rri skammtar (eing\u00f6ngu fyrir framhaldsranns\u00f3knir):<\/strong>\u00a0150+ \u00b5g<\/p>\n<\/li>\n<\/ul>\n<p class=\"ds-markdown-paragraph\"><em>Athugi\u00f0: Skammta skal m\u00e6la vandlega me\u00f0 kvar\u00f0a\u00f0ri ranns\u00f3knarstofuvog.<\/em><\/p>\n<hr \/>\n<h3><strong>\u00d3kostir og \u00f6ryggisr\u00e1\u00f0stafanir<\/strong><\/h3>\n<ol start=\"1\">\n<li>\n<p class=\"ds-markdown-paragraph\"><strong>Hugsanleg \u00f3st\u00f6\u00f0ugleiki gagnvart lj\u00f3si og hita<\/strong>\u00a0\u2013 Geymi\u00f0 \u00e1 k\u00f6ldum, dimmum sta\u00f0.<\/p>\n<\/li>\n<li>\n<p class=\"ds-markdown-paragraph\"><strong>Svipu\u00f0 \u00e1hrif og LSD<\/strong>\u00a0\u2013 Getur valdi\u00f0 sterkum ge\u00f0r\u00e6num \u00e1hrifum \u00ed \u00f3vi\u00f0eigandi a\u00f0st\u00e6\u00f0um.<\/p>\n<\/li>\n<li>\n<p class=\"ds-markdown-paragraph\"><strong>L\u00f6gleg sta\u00f0a<\/strong>\u00a0\u2013 Athugi\u00f0 alltaf gildandi l\u00f6g, \u00fear sem 1cP-LSD er undir eftirliti \u00ed sumum l\u00f6ndum.<\/p>\n<\/li>\n<li>\n<p class=\"ds-markdown-paragraph\"><strong>Ekki til af\u00fereyingarnota<\/strong>\u00a0\u2013 Eing\u00f6ngu \u00e6tla\u00f0 til st\u00fdr\u00f0ra v\u00edsindaranns\u00f3kna.<\/p>\n<\/li>\n<\/ol>\n<hr \/>\n<h3><strong>Algengar spurningar (FAQs)<\/strong><\/h3>\n<p class=\"ds-markdown-paragraph\"><strong>1. Er 1cP-LSD l\u00f6glegt \u00ed Hollandi?<\/strong><br \/>\nL\u00f6gleg sta\u00f0a 1cP-LSD getur veri\u00f0 breytileg. \u00dea\u00f0 er ekki stj\u00f3rna\u00f0 af \u00f3p\u00eduml\u00f6gunum eins og er, en \u00fea\u00f0 getur breyst. Haf\u00f0u alltaf samband vi\u00f0 gildandi regluger\u00f0ir.<\/p>\n<p class=\"ds-markdown-paragraph\"><strong>2. Hvernig \u00e6tti \u00e9g a\u00f0 geyma 1cP-LSD L-tartrat?<\/strong><br \/>\nGeymi\u00f0 \u00ed loft\u00fe\u00e9ttu \u00edl\u00e1ti fjarri lj\u00f3si og raka vi\u00f0 hitastig undir 20\u00b0C.<\/p>\n<p class=\"ds-markdown-paragraph\"><strong>3. Eru ranns\u00f3knarstofusk\u00fdrslur tilt\u00e6kar?<\/strong><br \/>\nJ\u00e1, hverri sendingu fylgir me\u00f0\u00a0<strong>GC-MS\/HPLC vottor\u00f0<\/strong>\u00a0sem sta\u00f0festir hreinleika. Haf\u00f0u samband vi\u00f0 okkur til a\u00f0 f\u00e1 n\u00e1kv\u00e6mar uppl\u00fdsingar um lotur.<\/p>\n<p class=\"ds-markdown-paragraph\"><strong>4. Get \u00e9g gefi\u00f0 1cP-LSD L-tartrat til innt\u00f6ku \u00ed ranns\u00f3knum?<\/strong><br \/>\nM\u00e6lt er me\u00f0 a\u00f0 framkv\u00e6ma fyrst pr\u00f3fanir \u00ed tilraunaglasi (in vitro). Lyfi\u00f0 er ekki \u00e6tla\u00f0 til innt\u00f6ku hj\u00e1 l\u00edfverum.<\/p>\n<p class=\"ds-markdown-paragraph\"><strong>5. Hver er munurinn \u00e1 1cP-LSD og LSD-25?<\/strong><br \/>\n1cP-LSD hefur s\u00fdkl\u00f3pr\u00f3p\u00ed\u00f3n\u00fdlh\u00f3p \u00ed sta\u00f0 d\u00edet\u00fdlam\u00ed\u00f0s, sem g\u00e6ti haft \u00e1hrif \u00e1 efnaskipti \u00feess. N\u00e1kv\u00e6mur munur \u00e1 lyfhrifum er enn veri\u00f0 a\u00f0 rannsaka.<\/p>\n<hr \/>\n<h3><strong>Ni\u00f0ursta\u00f0a<\/strong><\/h3>\n<p class=\"ds-markdown-paragraph\">1cP-LSD L-tartrat Pure er efnilegt ranns\u00f3knarefni me\u00f0 m\u00f6gulega notkun \u00ed taugav\u00edsindum og ge\u00f0lyfjafr\u00e6\u00f0i. Mikill hreinleiki \u00feess og st\u00f6\u00f0ugleiki gerir \u00fea\u00f0 a\u00f0 \u00e1rei\u00f0anlegu vali fyrir v\u00edsindamenn.<\/p>\n<p class=\"ds-markdown-paragraph\"><em>Athugi\u00f0: \u00deessi vara er eing\u00f6ngu til ranns\u00f3kna og er ekki \u00e6tlu\u00f0 til neyslu fyrir menn e\u00f0a d\u00fdr.<\/em><\/p>\n<p class=\"ds-markdown-paragraph\"><strong>A\u00f0 spyrja?<\/strong>\u00a0Vinsamlegast hafi\u00f0 samband vi\u00f0 okkur til a\u00f0 f\u00e1 frekari uppl\u00fdsingar um ranns\u00f3knarstofusk\u00fdrslur e\u00f0a ranns\u00f3knarreglur.<\/p>","protected":false},"excerpt":{"rendered":"<h3>Eiginleikar 1cP-LSD L-tartrats<\/h3>\n<p><strong>Samheiti:<\/strong> 1-s\u00fdkl\u00f3pr\u00f3pankarb\u00f3n\u00fdl-l\u00fdserg\u00edns\u00fdru d\u00edet\u00fdlam\u00ed\u00f0 hemi-L-tartrat<br \/>\n<strong>CAS-n\u00famer:<\/strong> ekki til<br \/>\n<strong>Form\u00fala:<\/strong> (8\u03b2)-1-s\u00fdkl\u00f3pr\u00f3p\u00ed\u00f3n\u00fdl-N,N-d\u00edet\u00fdl-6-met\u00fdl-9,10-d\u00eddeh\u00fddr\u00f3ergol\u00edn-8-karboxam\u00ed\u00f0 hemi-L-tartrat<br \/>\n<strong>M\u00f3lmassi:<\/strong> 466,4 g\/m\u00f3l<br \/>\n<strong>Hreinleiki:<\/strong> &gt;97%<\/p>","protected":false},"featured_media":28563,"comment_status":"closed","ping_status":"closed","template":"","meta":[],"product_brand":[],"product_cat":[360,358],"product_tag":[326],"class_list":{"0":"post-23555","1":"product","2":"type-product","3":"status-publish","4":"has-post-thumbnail","6":"product_cat-1cp-lsd","7":"product_cat-lysergamides","8":"product_tag-nl","10":"first","11":"instock","12":"taxable","13":"shipping-taxable","14":"purchasable","15":"product-type-variable"},"_links":{"self":[{"href":"https:\/\/researchchemicalstore.eu\/is\/wp-json\/wp\/v2\/product\/23555","targetHints":{"allow":["GET"]}}],"collection":[{"href":"https:\/\/researchchemicalstore.eu\/is\/wp-json\/wp\/v2\/product"}],"about":[{"href":"https:\/\/researchchemicalstore.eu\/is\/wp-json\/wp\/v2\/types\/product"}],"replies":[{"embeddable":true,"href":"https:\/\/researchchemicalstore.eu\/is\/wp-json\/wp\/v2\/comments?post=23555"}],"version-history":[{"count":3,"href":"https:\/\/researchchemicalstore.eu\/is\/wp-json\/wp\/v2\/product\/23555\/revisions"}],"predecessor-version":[{"id":26596,"href":"https:\/\/researchchemicalstore.eu\/is\/wp-json\/wp\/v2\/product\/23555\/revisions\/26596"}],"wp:featuredmedia":[{"embeddable":true,"href":"https:\/\/researchchemicalstore.eu\/is\/wp-json\/wp\/v2\/media\/28563"}],"wp:attachment":[{"href":"https:\/\/researchchemicalstore.eu\/is\/wp-json\/wp\/v2\/media?parent=23555"}],"wp:term":[{"taxonomy":"product_brand","embeddable":true,"href":"https:\/\/researchchemicalstore.eu\/is\/wp-json\/wp\/v2\/product_brand?post=23555"},{"taxonomy":"product_cat","embeddable":true,"href":"https:\/\/researchchemicalstore.eu\/is\/wp-json\/wp\/v2\/product_cat?post=23555"},{"taxonomy":"product_tag","embeddable":true,"href":"https:\/\/researchchemicalstore.eu\/is\/wp-json\/wp\/v2\/product_tag?post=23555"}],"curies":[{"name":"wp","href":"https:\/\/api.w.org\/{rel}","templated":true}]}}