{"id":23586,"date":"2025-04-13T17:40:01","date_gmt":"2025-04-13T17:40:01","guid":{"rendered":"https:\/\/researchchemicalstore.eu\/?post_type=product&#038;p=23586"},"modified":"2025-10-22T15:34:52","modified_gmt":"2025-10-22T15:34:52","slug":"kaupa-3mmc","status":"publish","type":"product","link":"https:\/\/researchchemicalstore.eu\/is\/vara\/kaupa-3mmc\/","title":{"rendered":"3-MMC 200 MG k\u00falur"},"content":{"rendered":"<h2><span data-sheets-value=\"{\" data-sheets-userformat=\"{\"><strong><span dir=\"auto\" style=\"vertical-align: inherit;\"><span dir=\"auto\" style=\"vertical-align: inherit;\">3-MMC 200 MG k\u00falur<\/span><\/span><\/strong> <\/span><\/h2>\n<p><span dir=\"auto\" style=\"vertical-align: inherit;\"><span dir=\"auto\" style=\"vertical-align: inherit;\">Kauptu 3-MMC. 3-MMC er efni sem vi\u00f0 seljum eing\u00f6ngu \u00ed ranns\u00f3knarskyni og er \u00fev\u00ed ekki \u00e6tla\u00f0 til manneldis. H\u00e6gt er a\u00f0 rannsaka 3-MMC \u00ed allt a\u00f0 tv\u00f6 \u00e1r \u00feegar \u00fea\u00f0 er geymt \u00ed r\u00e9ttu umhverfi.<\/span><\/span><\/p>\n<p><span dir=\"auto\" style=\"vertical-align: inherit;\"><span dir=\"auto\" style=\"vertical-align: inherit;\">\u00dear sem 3-MMC er eing\u00f6ngu \u00e6tla\u00f0 til ranns\u00f3kna og ekki til neyslu, er mikilv\u00e6gt a\u00f0 3-MMC s\u00e9 geymt \u00fear sem b\u00f6rn og g\u00e6lud\u00fdr n\u00e1 ekki til.2C-E<\/span><\/span><\/p>\n<p><span dir=\"auto\" style=\"vertical-align: inherit;\"><span dir=\"auto\" style=\"vertical-align: inherit;\">Vi\u00f0 bj\u00f3\u00f0um upp \u00e1 h\u00e1g\u00e6\u00f0a ranns\u00f3knarefni \u00e1 sanngj\u00f6rnu ver\u00f0i. P\u00f6ntunin \u00fe\u00edn ver\u00f0ur send innan s\u00f3larhrings alla daga. <\/span><\/span><em><span dir=\"auto\" style=\"vertical-align: inherit;\"><span dir=\"auto\" style=\"vertical-align: inherit;\">3-MMC n\u00fana!<\/span><\/span><\/em><span dir=\"auto\" style=\"vertical-align: inherit;\"><span dir=\"auto\" style=\"vertical-align: inherit;\"> \u00f6rugglega og flj\u00f3tt me\u00f0 3-MEO-PCP.<\/span><\/span><\/p>\n<h2><span data-sheets-value=\"{\" data-sheets-userformat=\"{\"><span dir=\"auto\" style=\"vertical-align: inherit;\"><span dir=\"auto\" style=\"vertical-align: inherit;\">3-MMC k\u00falur<\/span><\/span><\/span><span dir=\"auto\" style=\"vertical-align: inherit;\"><span dir=\"auto\" style=\"vertical-align: inherit;\"> eiginleikar<\/span><\/span><\/h2>\n<p><strong><span dir=\"auto\" style=\"vertical-align: inherit;\"><span dir=\"auto\" style=\"vertical-align: inherit;\">Samheiti<\/span><\/span><\/strong><span dir=\"auto\" style=\"vertical-align: inherit;\"><span dir=\"auto\" style=\"vertical-align: inherit;\"> 2-(met\u00fdlam\u00edn\u00f3)-1-(3-met\u00fdlfen\u00fdl)-1-pr\u00f3pan\u00f3n, m\u00f3n\u00f3h\u00fddr\u00f3kl\u00f3r\u00ed\u00f0 <\/span><\/span><br \/>\n<strong><span dir=\"auto\" style=\"vertical-align: inherit;\"><span dir=\"auto\" style=\"vertical-align: inherit;\">CAS-n\u00famer<\/span><\/span><\/strong><span dir=\"auto\" style=\"vertical-align: inherit;\"><span dir=\"auto\" style=\"vertical-align: inherit;\"> : 1246816-62-5 <\/span><\/span><br \/>\n<strong><span dir=\"auto\" style=\"vertical-align: inherit;\"><span dir=\"auto\" style=\"vertical-align: inherit;\">Form\u00fala<\/span><\/span><\/strong><span dir=\"auto\" style=\"vertical-align: inherit;\"><span dir=\"auto\" style=\"vertical-align: inherit;\"> C11h15NO \u2022 HCL <\/span><\/span><br \/>\n<strong><span dir=\"auto\" style=\"vertical-align: inherit;\"><span dir=\"auto\" style=\"vertical-align: inherit;\">M\u00f3lmassi<\/span><\/span><\/strong><span dir=\"auto\" style=\"vertical-align: inherit;\"><span dir=\"auto\" style=\"vertical-align: inherit;\"> : 213.7 <\/span><\/span><br \/>\n<strong><span dir=\"auto\" style=\"vertical-align: inherit;\"><span dir=\"auto\" style=\"vertical-align: inherit;\">Hreinleiki<\/span><\/span><\/strong><span dir=\"auto\" style=\"vertical-align: inherit;\"><span dir=\"auto\" style=\"vertical-align: inherit;\"> : \u226599%<\/span><\/span><\/p>\n<h2><span dir=\"auto\" style=\"vertical-align: inherit;\"><span dir=\"auto\" style=\"vertical-align: inherit;\">H\u00e6ttuyfirl\u00fdsingar<\/span><\/span><\/h2>\n<p><span dir=\"auto\" style=\"vertical-align: inherit;\"><span dir=\"auto\" style=\"vertical-align: inherit;\">3-MMC getur valdi\u00f0 ertingu \u00ed \u00f6ndunarf\u00e6rum. <\/span><\/span><br \/>\n<span dir=\"auto\" style=\"vertical-align: inherit;\"><span dir=\"auto\" style=\"vertical-align: inherit;\">3-MMC getur valdi\u00f0 ertingu \u00ed augum. <\/span><\/span><br \/>\n<span dir=\"auto\" style=\"vertical-align: inherit;\"><span dir=\"auto\" style=\"vertical-align: inherit;\">\u00dea\u00f0 er banna\u00f0 a\u00f0 losa ranns\u00f3knarefni \u00fat \u00ed umhverfi\u00f0.<\/span><\/span><\/p>\n<p><span dir=\"auto\" style=\"vertical-align: inherit;\"><span dir=\"auto\" style=\"vertical-align: inherit;\">3-MMC \u00cd AUGU: Skoli\u00f0 augun varlega me\u00f0 vatni \u00ed fimm m\u00edn\u00fatur. Fjarl\u00e6gi\u00f0 snertilinsur ef \u00fe\u00e6r eru til sta\u00f0ar og au\u00f0velt er a\u00f0 gera \u00fea\u00f0.<\/span><\/span><\/p>\n<p><span dir=\"auto\" style=\"vertical-align: inherit;\"><span dir=\"auto\" style=\"vertical-align: inherit;\">3-MMC \u00cd SNERTINGU VI\u00d0 H\u00da\u00d0: \u00devoi\u00f0 h\u00fa\u00f0ina me\u00f0 s\u00e1pu og vatni. 4-HO-MET F\u00famarat<\/span><\/span><\/p>\n<p><span dir=\"auto\" style=\"vertical-align: inherit;\"><span dir=\"auto\" style=\"vertical-align: inherit;\">VI\u00d0 INN\u00d6NDUN 3-MMC: F\u00e6ri\u00f0 vi\u00f0komandi \u00fat \u00ed ferskt loft og haldi\u00f0 honum \u00ed \u00fe\u00e6gilegri \u00f6ndunarstellingu. 3-MEC,<\/span><\/span><\/p>","protected":false},"excerpt":{"rendered":"<h2><span data-sheets-value=\"{\" data-sheets-userformat=\"{\"><span dir=\"auto\" style=\"vertical-align: inherit;\"><span dir=\"auto\" style=\"vertical-align: inherit;\">3-MMC k\u00falur<\/span><\/span><\/span><span dir=\"auto\" style=\"vertical-align: inherit;\"><span dir=\"auto\" style=\"vertical-align: inherit;\"> eiginleikar<\/span><\/span><\/h2>\n<p><strong><span dir=\"auto\" style=\"vertical-align: inherit;\"><span dir=\"auto\" style=\"vertical-align: inherit;\">Samheiti<\/span><\/span><\/strong><span dir=\"auto\" style=\"vertical-align: inherit;\"><span dir=\"auto\" style=\"vertical-align: inherit;\"> 2-(met\u00fdlam\u00edn\u00f3)-1-(3-met\u00fdlfen\u00fdl)-1-pr\u00f3pan\u00f3n, m\u00f3n\u00f3h\u00fddr\u00f3kl\u00f3r\u00ed\u00f0 <\/span><\/span><br \/>\n<strong><span dir=\"auto\" style=\"vertical-align: inherit;\"><span dir=\"auto\" style=\"vertical-align: inherit;\">CAS-n\u00famer<\/span><\/span><\/strong><span dir=\"auto\" style=\"vertical-align: inherit;\"><span dir=\"auto\" style=\"vertical-align: inherit;\"> : 1246816-62-5 <\/span><\/span><br \/>\n<strong><span dir=\"auto\" style=\"vertical-align: inherit;\"><span dir=\"auto\" style=\"vertical-align: inherit;\">Form\u00fala<\/span><\/span><\/strong><span dir=\"auto\" style=\"vertical-align: inherit;\"><span dir=\"auto\" style=\"vertical-align: inherit;\"> C11h15NO \u2022 HCL <\/span><\/span><br \/>\n<strong><span dir=\"auto\" style=\"vertical-align: inherit;\"><span dir=\"auto\" style=\"vertical-align: inherit;\">M\u00f3lmassi<\/span><\/span><\/strong><span dir=\"auto\" style=\"vertical-align: inherit;\"><span dir=\"auto\" style=\"vertical-align: inherit;\"> : 213.7 <\/span><\/span><br \/>\n<strong><span dir=\"auto\" style=\"vertical-align: inherit;\"><span dir=\"auto\" style=\"vertical-align: inherit;\">Hreinleiki<\/span><\/span><\/strong><span dir=\"auto\" style=\"vertical-align: inherit;\"><span dir=\"auto\" style=\"vertical-align: inherit;\"> : \u226599%<\/span><\/span><\/p>","protected":false},"featured_media":28676,"comment_status":"closed","ping_status":"closed","template":"","meta":[],"product_brand":[],"product_cat":[488],"product_tag":[930,326],"class_list":{"0":"post-23586","1":"product","2":"type-product","3":"status-publish","4":"has-post-thumbnail","6":"product_cat-verboden","7":"product_tag-3-mmc-kopen","8":"product_tag-nl","10":"first","11":"outofstock","12":"taxable","13":"shipping-taxable","14":"purchasable","15":"product-type-simple"},"_links":{"self":[{"href":"https:\/\/researchchemicalstore.eu\/is\/wp-json\/wp\/v2\/product\/23586","targetHints":{"allow":["GET"]}}],"collection":[{"href":"https:\/\/researchchemicalstore.eu\/is\/wp-json\/wp\/v2\/product"}],"about":[{"href":"https:\/\/researchchemicalstore.eu\/is\/wp-json\/wp\/v2\/types\/product"}],"replies":[{"embeddable":true,"href":"https:\/\/researchchemicalstore.eu\/is\/wp-json\/wp\/v2\/comments?post=23586"}],"version-history":[{"count":5,"href":"https:\/\/researchchemicalstore.eu\/is\/wp-json\/wp\/v2\/product\/23586\/revisions"}],"predecessor-version":[{"id":28067,"href":"https:\/\/researchchemicalstore.eu\/is\/wp-json\/wp\/v2\/product\/23586\/revisions\/28067"}],"wp:featuredmedia":[{"embeddable":true,"href":"https:\/\/researchchemicalstore.eu\/is\/wp-json\/wp\/v2\/media\/28676"}],"wp:attachment":[{"href":"https:\/\/researchchemicalstore.eu\/is\/wp-json\/wp\/v2\/media?parent=23586"}],"wp:term":[{"taxonomy":"product_brand","embeddable":true,"href":"https:\/\/researchchemicalstore.eu\/is\/wp-json\/wp\/v2\/product_brand?post=23586"},{"taxonomy":"product_cat","embeddable":true,"href":"https:\/\/researchchemicalstore.eu\/is\/wp-json\/wp\/v2\/product_cat?post=23586"},{"taxonomy":"product_tag","embeddable":true,"href":"https:\/\/researchchemicalstore.eu\/is\/wp-json\/wp\/v2\/product_tag?post=23586"}],"curies":[{"name":"wp","href":"https:\/\/api.w.org\/{rel}","templated":true}]}}