{"id":23670,"date":"2025-04-13T17:40:12","date_gmt":"2025-04-13T17:40:12","guid":{"rendered":"https:\/\/researchchemicalstore.eu\/?post_type=product&#038;p=23670"},"modified":"2025-10-22T14:47:58","modified_gmt":"2025-10-22T14:47:58","slug":"1-stk-mipla-200-mikrog-thynnur","status":"publish","type":"product","link":"https:\/\/researchchemicalstore.eu\/is\/vara\/1-stk-mipla-200-mikrog-thynnur\/","title":{"rendered":"1cP-MiPLA 200 MCG \u00feynnur"},"content":{"rendered":"<h1>1cP-MiPLA 200 m\u00edkr\u00f3g \u00feynnur \u2013 V\u00edsindaleg v\u00f6rul\u00fdsing<\/h1>\n<h2>Inngangur<\/h2>\n<p>1cP-MiPLA (1-s\u00fdkl\u00f3pr\u00f3p\u00ed\u00f3n\u00fdl-met\u00fdl-\u00eds\u00f3pr\u00f3p\u00fdl-l\u00fdsergam\u00ed\u00f0) er n\u00fdtt l\u00fdsergam\u00ed\u00f0efnasamband sem er veri\u00f0 a\u00f0 rannsaka \u00ed lyfjafr\u00e6\u00f0ilegum og taugaefnafr\u00e6\u00f0ilegum ranns\u00f3knum. \u00deessir 200 m\u00edkr\u00f3gr\u00f6mm \u00feerrir eru eing\u00f6ngu \u00e6tla\u00f0ir til faglegrar v\u00edsindalegrar notkunar af vi\u00f0urkenndum ranns\u00f3knarstofnunum.<\/p>\n<h2>T\u00e6knilegar uppl\u00fdsingar<\/h2>\n<ul>\n<li>Efnaheiti: 1-s\u00fdkl\u00f3pr\u00f3p\u00ed\u00f3n\u00fdl-N-met\u00fdl-N-\u00eds\u00f3pr\u00f3p\u00fdl-l\u00fdsergam\u00ed\u00f0<\/li>\n<li>Sameindaform\u00fala: C\u2082\u2081H\u2082\u2087N\u2083O\u2082<\/li>\n<li>M\u00f3l\u00feyngd: 353,46 g\/m\u00f3l<\/li>\n<li>Skammtur \u00ed hverjum bletta\u00feynnu: 200 \u00b1 7 m\u00edkr\u00f3gr\u00f6mm (HPLC sta\u00f0fest)<\/li>\n<li>St\u00e6r\u00f0 papp\u00edrs\u00ferykkja: 6\u00d76 mm me\u00f0 n\u00e1kv\u00e6mri g\u00f6tun<\/li>\n<li>Bur\u00f0arefni: Lyfjafr\u00e6\u00f0ilega g\u00e6\u00f0a sellul\u00f3sagrunnur<\/li>\n<li>Hreinleiki: \u226599% (UPLC-MS\/MS)<\/li>\n<li>St\u00f6\u00f0ugleiki: 36 m\u00e1nu\u00f0ir vi\u00f0 -20\u00b0C \u00ed argon andr\u00famslofti<\/li>\n<\/ul>\n<h2>Ranns\u00f3knarums\u00f3knir<\/h2>\n<p>1cP-MiPLA blettirnir eru nota\u00f0ir til a\u00f0:<\/p>\n<ul>\n<li>Ranns\u00f3knir \u00e1 vi\u00f0takabindingu \u00e1 5-HT\u2082A\/2C vi\u00f0t\u00f6kum<\/li>\n<li>Samanbur\u00f0ur \u00e1 lyfhrifum innan l\u00fdsergam\u00ed\u00f0flokksins<\/li>\n<li>Ranns\u00f3knir \u00e1 efnaskiptum og kortlagning ferla in vitro<\/li>\n<li>Skammta-sv\u00f6runargreiningar \u00ed tilraunal\u00edk\u00f6num<\/li>\n<\/ul>\n<h2>G\u00e6\u00f0a\u00e1byrg\u00f0ir<\/h2>\n<p>Hver skammtur inniheldur:<\/p>\n<ul>\n<li>HPLC-DAD-ELSD greining<\/li>\n<li>Q-TOF massagreining me\u00f0 mikilli upplausn<\/li>\n<li>Einsleitnipr\u00f3f (n=20)<\/li>\n<li>Skimun \u00e1 leifum leysiefna (GC-MS)<\/li>\n<li>Eftirlit me\u00f0 \u00f6rverufr\u00e6\u00f0ilegri hreinleika<\/li>\n<\/ul>\n<h2>\u00d6ryggisreglur<\/h2>\n<h3>Ranns\u00f3knarstofureglur<\/h3>\n<ul>\n<li>\u00d6ryggissk\u00e1pur af flokki II \u00ed l\u00edffr\u00e6\u00f0ilegum efnum krafist<\/li>\n<li>Verndarb\u00fana\u00f0ur: Tyvek-galli, tv\u00f6faldir n\u00edtr\u00edlhanskar<\/li>\n<li>Sprengifestu geymsluumhverfi sem krafist er fyrir magngeymslu<\/li>\n<li>A\u00f0gangstakmarkanir fyrir vi\u00f0urkenndan starfsmann<\/li>\n<\/ul>\n<h3>Fyrsta hj\u00e1lp<\/h3>\n<ul>\n<li>Snerting vi\u00f0 augu: Skoli\u00f0 me\u00f0 vatni \u00ed a\u00f0 minnsta kosti 30 m\u00edn\u00fatur.<\/li>\n<li>Snerting vi\u00f0 h\u00fa\u00f0 e\u00f0a inn\u00f6ndun: Leiti\u00f0 tafarlaust l\u00e6knissko\u00f0unar.<\/li>\n<li>Mengun: Notkun s\u00e9rh\u00e6f\u00f0s hreinsib\u00fana\u00f0ar sem fylgir me\u00f0<\/li>\n<\/ul>\n<h2>Regluger\u00f0arrammi<\/h2>\n<ul>\n<li>Flokka\u00f0 samkv\u00e6mt hollensku \u00f3p\u00eduml\u00f6gunum (vi\u00f0auki I)<\/li>\n<li>WADA flokka\u00f0 sem banna\u00f0 efni (flokkur S6)<\/li>\n<li>H\u00e1\u00f0 regluger\u00f0 ESB um n\u00fd ge\u00f0virk efni<\/li>\n<li>A\u00f0eins leyft til ranns\u00f3kna \u00e1 ranns\u00f3knarstofu me\u00f0 leyfi<\/li>\n<\/ul>\n<h2>Dreifingarskilm\u00e1lar<\/h2>\n<ul>\n<li>L\u00e1gmarksfj\u00f6ldi p\u00f6ntunar: 5 \u00feynnur (pakka\u00f0ar hver fyrir sig)<\/li>\n<li>Flutningsa\u00f0fer\u00f0: K\u00e6lt me\u00f0 l\u00e1gum hita, me\u00f0 GPS m\u00e6lingum<\/li>\n<li>G\u00f6gn: Framlei\u00f0sluvottor\u00f0 EU-GMP og heildargreiningarskr\u00e1<\/li>\n<li>Nau\u00f0synleg h\u00e6fni: GLP skr\u00e1ning kaupanda<\/li>\n<\/ul>\n<h2>Tilv\u00edsunarefni<\/h2>\n<ul>\n<li>Brandt o.fl. (2022) \u2013 <em>T\u00edmarit um s\u00e1lfr\u00e6\u00f0ilega lyfjafr\u00e6\u00f0i<\/em><\/li>\n<li>\u00c1h\u00e6ttumatssk\u00fdrsla EMCDDA \u2013 2. \u00e1rsfj\u00f3r\u00f0ung 2023<\/li>\n<li>ICH Q3D \u2013 <em>Lei\u00f0beiningar um \u00f3hreinindi \u00far frumefnum<\/em><\/li>\n<\/ul>\n<h2>L\u00f6glegur fyrirvari<\/h2>\n<p>\u00deessi vara er eing\u00f6ngu \u00e6tlu\u00f0 til notkunar af vi\u00f0urkenndum v\u00edsindastofnunum fyrir l\u00f6glega vi\u00f0urkenndar ranns\u00f3knir. \u00d6ll \u00f6nnur notkun er b\u00f6nnu\u00f0. <a href=\"http:\/\/google.nl\" target=\"_blank\" rel=\"noopener\">og<\/a> Getur haft lagalegar aflei\u00f0ingar samkv\u00e6mt innlendum og al\u00fej\u00f3\u00f0legum reglum. Kaupandi ber endanlega \u00e1byrg\u00f0.<\/p>\n<p><a href=\"https:\/\/researchchemicalstore.eu\/is\/bud\/naestum-bannad\/6-cl-adba\/\">6-CL-ADBA <\/a><a href=\"https:\/\/researchchemicalstore.eu\/is\/bud\/katinon\/kaupa-2-cm\/\">2-CMC 250 mg k\u00falur <\/a><a href=\"https:\/\/researchchemicalstore.eu\/is\/bud\/fenetylamin\/2c-ef-2-mg-hylki\/\">2C-EF 2 mg hylki <\/a><a href=\"https:\/\/researchchemicalstore.eu\/is\/bud\/annad\/meai\/\">MEAI<\/a><\/p>","protected":false},"excerpt":{"rendered":"<h3><span data-sheets-value=\"{\" data-sheets-userformat=\"{\">Eiginleikar 1cP-MIPLA 200 MCG \u00feynnuk\u00f6ku<\/span><\/h3>\n<p><strong>Samheiti:<\/strong> 1-s\u00fdkl\u00f3pr\u00f3p\u00ed\u00f3n\u00fdl-l\u00fdserg\u00edns\u00fdra N,N-met\u00fdl\u00eds\u00f3pr\u00f3p\u00fdlam\u00ed\u00f0<br \/>\n<strong>CAS-n\u00famer:<\/strong> ekki til<br \/>\n<strong>Form\u00fala:<\/strong> (6aR,9R)-4-(s\u00fdkl\u00f3pr\u00f3pankarb\u00f3n\u00fdl)-N-\u00eds\u00f3pr\u00f3p\u00fdl-N,7-d\u00edmet\u00fdl-4,6,6a,7,8,9-hexah\u00fddr\u00f3ind\u00f3lo[4,3-fg]k\u00edn\u00f3l\u00edn-9-karboxam\u00ed\u00f0<br \/>\n<strong>M\u00f3lmassi:<\/strong> 454,5 g\/m\u00f3l<br \/>\n<strong>Hreinleiki:<\/strong> &gt;97%<\/p>","protected":false},"featured_media":28564,"comment_status":"closed","ping_status":"closed","template":"","meta":[],"product_brand":[82],"product_cat":[361,358],"product_tag":[642,326],"class_list":{"0":"post-23670","1":"product","2":"type-product","3":"status-publish","4":"has-post-thumbnail","6":"product_brand-research-chemical","7":"product_cat-1cp-mipla","8":"product_cat-lysergamides","9":"product_tag-1cp-mipla","10":"product_tag-nl","12":"first","13":"instock","14":"taxable","15":"shipping-taxable","16":"purchasable","17":"product-type-variable"},"_links":{"self":[{"href":"https:\/\/researchchemicalstore.eu\/is\/wp-json\/wp\/v2\/product\/23670","targetHints":{"allow":["GET"]}}],"collection":[{"href":"https:\/\/researchchemicalstore.eu\/is\/wp-json\/wp\/v2\/product"}],"about":[{"href":"https:\/\/researchchemicalstore.eu\/is\/wp-json\/wp\/v2\/types\/product"}],"replies":[{"embeddable":true,"href":"https:\/\/researchchemicalstore.eu\/is\/wp-json\/wp\/v2\/comments?post=23670"}],"version-history":[{"count":4,"href":"https:\/\/researchchemicalstore.eu\/is\/wp-json\/wp\/v2\/product\/23670\/revisions"}],"predecessor-version":[{"id":25429,"href":"https:\/\/researchchemicalstore.eu\/is\/wp-json\/wp\/v2\/product\/23670\/revisions\/25429"}],"wp:featuredmedia":[{"embeddable":true,"href":"https:\/\/researchchemicalstore.eu\/is\/wp-json\/wp\/v2\/media\/28564"}],"wp:attachment":[{"href":"https:\/\/researchchemicalstore.eu\/is\/wp-json\/wp\/v2\/media?parent=23670"}],"wp:term":[{"taxonomy":"product_brand","embeddable":true,"href":"https:\/\/researchchemicalstore.eu\/is\/wp-json\/wp\/v2\/product_brand?post=23670"},{"taxonomy":"product_cat","embeddable":true,"href":"https:\/\/researchchemicalstore.eu\/is\/wp-json\/wp\/v2\/product_cat?post=23670"},{"taxonomy":"product_tag","embeddable":true,"href":"https:\/\/researchchemicalstore.eu\/is\/wp-json\/wp\/v2\/product_tag?post=23670"}],"curies":[{"name":"wp","href":"https:\/\/api.w.org\/{rel}","templated":true}]}}