{"id":23947,"date":"2025-04-13T17:40:44","date_gmt":"2025-04-13T17:40:44","guid":{"rendered":"https:\/\/researchchemicalstore.eu\/?post_type=product&#038;p=23947"},"modified":"2025-10-22T11:24:04","modified_gmt":"2025-10-22T11:24:04","slug":"2-fea","status":"publish","type":"product","link":"https:\/\/researchchemicalstore.eu\/is\/vara\/2-fea\/","title":{"rendered":"2-FEA (2-fl\u00faoretampetam\u00edn)"},"content":{"rendered":"<h1>2 FEA (2-fl\u00faorethamfetam\u00edn) \u2013 Fyrsta flokks ranns\u00f3knarefni fyrir v\u00edsindalegar greiningar<\/h1>\n<h2>V\u00f6rul\u00fdsing<\/h2>\n<p>2-FEA (2-Fl\u00faorethamfetam\u00edn) er s\u00e9rh\u00e6ft ranns\u00f3knarefni sem a\u00f0allega er nota\u00f0 \u00ed v\u00edsindalegum og greiningarlegum tilgangi. Sem me\u00f0limur \u00ed flokki fl\u00faora\u00f0ra amfetam\u00edns b\u00fd\u00f0ur \u00feetta efnasamband upp \u00e1 einstaka eiginleika sem eru ver\u00f0m\u00e6tir fyrir lyfjafr\u00e6\u00f0ilegar ranns\u00f3knir, taugaefnafr\u00e6\u00f0ilegar ranns\u00f3knir og r\u00e9ttarl\u00e6knisfr\u00e6\u00f0ilegar greiningar. S\u00e9rst\u00f6k sameindabygging \u00feess gerir 2-FEA a\u00f0 \u00e1hugaver\u00f0u vi\u00f0fangsefni fyrir v\u00edsindamenn sem hafa \u00e1huga \u00e1 a\u00f0 rannsaka samspil \u00feess vi\u00f0 taugabo\u00f0efnakerfi.<\/p>\n<h2>G\u00e6\u00f0i og hreinleiki trygg\u00f0<\/h2>\n<p>2-FEA okkar er framleitt undir str\u00f6ngu g\u00e6\u00f0aeftirliti og er f\u00e1anlegt \u00ed h\u00e1g\u00e6\u00f0a hreinleikaflokkum (\u226598%). Hver lota er greind me\u00f0 h\u00e1\u00fer\u00f3a\u00f0ri t\u00e6kni eins og <strong>HPLC (h\u00e1afkastav\u00f6kvaskiljun)<\/strong> og <strong>GC-MS (gasgreining-massagreining)<\/strong> til a\u00f0 tryggja st\u00f6\u00f0uga og \u00e1rei\u00f0anlega g\u00e6\u00f0i.<\/p>\n<h2>\u00d6ryggislei\u00f0beiningar og l\u00f6gleg sta\u00f0a<\/h2>\n<p>2-FEA er <strong>eing\u00f6ngu \u00e6tla\u00f0 til ranns\u00f3knar<\/strong> og m\u00e1 ekki nota til manneldis e\u00f0a d\u00fdraf\u00f3\u00f0urs. \u00dea\u00f0 er \u00e1 \u00e1byrg\u00f0 kaupanda a\u00f0 sta\u00f0festa a\u00f0 eign og notkun \u00feessa efnis s\u00e9 l\u00f6gleg \u00ed vi\u00f0komandi landi. Vi\u00f0 m\u00e6lum me\u00f0 a\u00f0 a\u00f0eins s\u00e9 unni\u00f0 \u00ed st\u00fdr\u00f0u ranns\u00f3knarstofuumhverfi me\u00f0 vi\u00f0eigandi \u00f6ryggisr\u00e1\u00f0st\u00f6funum.<\/p>\n<h2>Notkunarm\u00f6guleikar<\/h2>\n<ul>\n<li><strong>Taugaefnafr\u00e6\u00f0ilegar ranns\u00f3knir:<\/strong> Rannsaka \u00e1hrif 2-FEA \u00e1 d\u00f3pam\u00edn-, noradrenal\u00edn- og ser\u00f3t\u00f3n\u00ednkerfin<\/li>\n<li><strong>R\u00e9ttarmeinafr\u00e6\u00f0ileg greining:<\/strong> Notkun sem vi\u00f0mi\u00f0unarsta\u00f0all vi\u00f0 lyfjagreiningu \u00ed r\u00e9ttarfr\u00e6\u00f0ilegum eiturefnafr\u00e6\u00f0ilegum ranns\u00f3knum<\/li>\n<li><strong>Ranns\u00f3knir \u00e1 efnaskiptum:<\/strong> Rannsaka ni\u00f0urbrotslei\u00f0ir og lyfjahv\u00f6rf fl\u00faora\u00f0ra amfetam\u00ednaflei\u00f0a<\/li>\n<\/ul>\n<h2>Geymsla og me\u00f0h\u00f6ndlun<\/h2>\n<p>Geymi\u00f0 2-FEA \u00ed <strong>loft\u00fe\u00e9ttar umb\u00fa\u00f0ir<\/strong>, vari\u00f0 gegn lj\u00f3si og raka, vi\u00f0 st\u00f6\u00f0ugt hitastig (helst \u00e1 milli 2\u20138\u00b0C). Noti\u00f0 alltaf pers\u00f3nulegan hl\u00edf\u00f0arb\u00fana\u00f0 (ranns\u00f3knarstofuslopp, n\u00edtr\u00edlhanska, \u00f6ryggisgleraugu) \u00feegar \u00feetta efni er me\u00f0h\u00f6ndla\u00f0.<\/p>\n<h2>Af hverju a\u00f0 kaupa 2-FEA okkar?<\/h2>\n<p>\u2714 <strong>Mikil hreinleiki<\/strong> \u2013 Bjarts\u00fdni fyrir n\u00e1kv\u00e6mar ranns\u00f3knarni\u00f0urst\u00f6\u00f0ur<br \/>\n\u2714 <strong>Hr\u00f6\u00f0 afhending<\/strong> - \u00c1rei\u00f0anleg sending innan Evr\u00f3pu<br \/>\n\u2714 <strong>N\u00e6rumb\u00fa\u00f0ir<\/strong> \u2013 Pers\u00f3nuvernd og \u00f6ryggi eru \u00ed fyrirr\u00fami<br \/>\n\u2714 <strong>Fagleg r\u00e1\u00f0gj\u00f6f<\/strong> \u2013 Stu\u00f0ningur vi\u00f0 v\u00edsindalegar ums\u00f3knir<\/p>\n<h2>Mikilv\u00e6g athugasemd<\/h2>\n<p>\u00deessi vara er <strong>ekki \u00e6tla\u00f0 til neyslu<\/strong> og \u00e6tti a\u00f0eins a\u00f0 vera nota\u00f0 af h\u00e6fum s\u00e9rfr\u00e6\u00f0ingum \u00ed l\u00f6gfr\u00e6\u00f0ilegu ranns\u00f3knarsamhengi.<\/p>\n<p>Fyrir frekari uppl\u00fdsingar um 2-FEA e\u00f0a \u00f6nnur ranns\u00f3knarefni, vinsamlegast hafi\u00f0 samband <a href=\"http:\/\/google.nl\" target=\"_blank\" rel=\"noopener\">okkur<\/a> Vi\u00f0 a\u00f0sto\u00f0um \u00feig me\u00f0 h\u00e1g\u00e6\u00f0a v\u00f6rur fyrir v\u00edsindaverkefni \u00fe\u00edn.<a href=\"https:\/\/researchchemicalstore.eu\/is\/bud\/iboga-ibogain\/iboga-rotarborkur\/\">iboga r\u00f3tarb\u00f6rkur<\/a><a href=\"https:\/\/researchchemicalstore.eu\/is\/bud\/iboga-ibogain\/kaupa-ibogaine-hcl-a-netinu\/\">kaupa ibogaine hcl \u00e1 netinu<\/a><a href=\"https:\/\/researchchemicalstore.eu\/is\/bud\/pellets\/o-dsmt-50-mg-kulur\/\">o-dsmt<\/a><a href=\"https:\/\/researchchemicalstore.eu\/is\/bud\/lysergamid\/1vlsd\/\">1vlsd<\/a><a href=\"https:\/\/researchchemicalstore.eu\/is\/bud\/lysergamid\/1cp-lsd\/\">1cp lsd<\/a><\/p>","protected":false},"excerpt":{"rendered":"<h2><span style=\"vertical-align: inherit;\"><span style=\"vertical-align: inherit;\">2-FEA eiginleikar<\/span><\/span><\/h2>\n<p><strong><span style=\"vertical-align: inherit;\"><span style=\"vertical-align: inherit;\">Samheiti<\/span><\/span><\/strong><span style=\"vertical-align: inherit;\"><span style=\"vertical-align: inherit;\"> 2-fl\u00faoretampetam\u00edn <\/span><\/span><br \/>\n<strong><span style=\"vertical-align: inherit;\"><span style=\"vertical-align: inherit;\">CAS-n\u00famer<\/span><\/span><\/strong><span style=\"vertical-align: inherit;\"><span style=\"vertical-align: inherit;\"> : 3871-89-4 <\/span><\/span><br \/>\n<strong><span style=\"vertical-align: inherit;\"><span style=\"vertical-align: inherit;\">Form\u00fala<\/span><\/span><\/strong><span style=\"vertical-align: inherit;\"><span style=\"vertical-align: inherit;\"> : C <\/span><\/span><sub><small><span style=\"vertical-align: inherit;\"><span style=\"vertical-align: inherit;\">11<\/span><\/span><\/small><\/sub><span style=\"vertical-align: inherit;\"><span style=\"vertical-align: inherit;\"> H <\/span><\/span><sub><small><span style=\"vertical-align: inherit;\"><span style=\"vertical-align: inherit;\">16<\/span><\/span><\/small><\/sub><span style=\"vertical-align: inherit;\"><span style=\"vertical-align: inherit;\"> FN \u2022 HCl <\/span><\/span><br \/>\n<strong><span style=\"vertical-align: inherit;\"><span style=\"vertical-align: inherit;\">M\u00f3lmassi<\/span><\/span><\/strong><span style=\"vertical-align: inherit;\"><span style=\"vertical-align: inherit;\"> : 217.7 <\/span><\/span><br \/>\n<strong><span style=\"vertical-align: inherit;\"><span style=\"vertical-align: inherit;\">Hreinleiki<\/span><\/span><\/strong><span style=\"vertical-align: inherit;\"><span style=\"vertical-align: inherit;\"> : \u226599%<\/span><\/span><\/p>","protected":false},"featured_media":28597,"comment_status":"closed","ping_status":"closed","template":"","meta":[],"product_brand":[82],"product_cat":[437,322,333,398],"product_tag":[655,656,326],"class_list":{"0":"post-23947","1":"product","2":"type-product","3":"status-publish","4":"has-post-thumbnail","6":"product_brand-research-chemical","7":"product_cat-2-fea","8":"product_cat-bijna-verboden","9":"product_cat-gefluoreerden","10":"product_cat-verkoop","11":"product_tag-2-fea","12":"product_tag-2-fluoroethamfetamine","13":"product_tag-nl","15":"first","16":"instock","17":"sale","18":"taxable","19":"shipping-taxable","20":"purchasable","21":"product-type-variable"},"_links":{"self":[{"href":"https:\/\/researchchemicalstore.eu\/is\/wp-json\/wp\/v2\/product\/23947","targetHints":{"allow":["GET"]}}],"collection":[{"href":"https:\/\/researchchemicalstore.eu\/is\/wp-json\/wp\/v2\/product"}],"about":[{"href":"https:\/\/researchchemicalstore.eu\/is\/wp-json\/wp\/v2\/types\/product"}],"replies":[{"embeddable":true,"href":"https:\/\/researchchemicalstore.eu\/is\/wp-json\/wp\/v2\/comments?post=23947"}],"version-history":[{"count":4,"href":"https:\/\/researchchemicalstore.eu\/is\/wp-json\/wp\/v2\/product\/23947\/revisions"}],"predecessor-version":[{"id":26407,"href":"https:\/\/researchchemicalstore.eu\/is\/wp-json\/wp\/v2\/product\/23947\/revisions\/26407"}],"wp:featuredmedia":[{"embeddable":true,"href":"https:\/\/researchchemicalstore.eu\/is\/wp-json\/wp\/v2\/media\/28597"}],"wp:attachment":[{"href":"https:\/\/researchchemicalstore.eu\/is\/wp-json\/wp\/v2\/media?parent=23947"}],"wp:term":[{"taxonomy":"product_brand","embeddable":true,"href":"https:\/\/researchchemicalstore.eu\/is\/wp-json\/wp\/v2\/product_brand?post=23947"},{"taxonomy":"product_cat","embeddable":true,"href":"https:\/\/researchchemicalstore.eu\/is\/wp-json\/wp\/v2\/product_cat?post=23947"},{"taxonomy":"product_tag","embeddable":true,"href":"https:\/\/researchchemicalstore.eu\/is\/wp-json\/wp\/v2\/product_tag?post=23947"}],"curies":[{"name":"wp","href":"https:\/\/api.w.org\/{rel}","templated":true}]}}