{"id":24083,"date":"2025-04-13T17:41:00","date_gmt":"2025-04-13T17:41:00","guid":{"rendered":"https:\/\/researchchemicalstore.eu\/?post_type=product&#038;p=24083"},"modified":"2025-04-21T10:49:25","modified_gmt":"2025-04-21T10:49:25","slug":"stafraen-litil-vog","status":"publish","type":"product","link":"https:\/\/researchchemicalstore.eu\/is\/vara\/stafraen-litil-vog\/","title":{"rendered":"Fagleg stafr\u00e6n l\u00edtil vog \u2013 50 g x 0,001 g"},"content":{"rendered":"<h1><strong>Stafr\u00e6n l\u00edtil vog 50g x 0,001g<\/strong><\/h1>\n<p>N\u00e1kv\u00e6mni innan seilingar. \u00deetta <strong>stafr\u00e6n l\u00edtil vog<\/strong> sameinar mikla n\u00e1kv\u00e6mni og netta h\u00f6nnun. \u00de\u00f6kk s\u00e9 m\u00e6lisvi\u00f0i allt a\u00f0 <strong>50 gr\u00f6mm<\/strong> og \u00e1lyktun um <strong>0,001 gramm<\/strong>, \u00feetta er hi\u00f0 fullkomna t\u00e6ki fyrir notkun \u00fear sem n\u00e1kv\u00e6mni er mikilv\u00e6g \u2013 allt fr\u00e1 notkun \u00ed ranns\u00f3knarstofum til skartgripa, jurta, f\u00e6\u00f0ub\u00f3tarefna e\u00f0a ranns\u00f3knarefna.<a href=\"https:\/\/researchchemicalstore.eu\/is\/bud\/vog\/stafraen-cs-vog\/\">Stafr\u00e6n CS vog \u2013 100 g x 0,01 g<\/a><\/p>\n<hr \/>\n<h4><strong>Eiginleikar:<\/strong><\/h4>\n<ul>\n<li><strong>M\u00e6lisvi\u00f0:<\/strong> 0,001 g til 50 g<\/li>\n<li><strong>S\u00fdna:<\/strong> Uppl\u00fdstur LCD skj\u00e1r fyrir sk\u00fdra lestur<\/li>\n<li><strong>Kv\u00f6r\u00f0un:<\/strong> Handvirk e\u00f0a sj\u00e1lfvirk (\u00feyngd ekki innifalin)<\/li>\n<li><strong>Eiginleikar:<\/strong> Tara\/n\u00fallstilling, sj\u00e1lfvirk sl\u00f6kkvun, mismunandi vigtunareiningar (g, oz, ct, gn, dwt)<\/li>\n<li><strong>Aflgjafi:<\/strong> Krefst AAA rafhl\u00f6\u00f0u (venjulega fylgja me\u00f0)<\/li>\n<li><strong>Sni\u00f0:<\/strong> L\u00edtill og flytjanlegur \u2013 passar \u00ed jakkavasann.<a href=\"https:\/\/researchchemicalstore.eu\/is\/bud\/vog\/stafraen-lifraen-smavog\/\">Stafr\u00e6n l\u00edffr\u00e6\u00f0ileg sm\u00e1vog \u2013 20 g x 0,001 g<\/a><\/li>\n<\/ul>\n<hr \/>\n<h4><strong>Kostir:<\/strong><\/h4>\n<p>\u2714 Mj\u00f6g hentugt til a\u00f0 vigta l\u00edti\u00f0 magn n\u00e1kv\u00e6mlega<br \/>\n\u2714 Hentar fyrir ranns\u00f3knarstofur, gimsteina, duft og f\u00ednkorna efni<br \/>\n\u2714 Au\u00f0velt \u00ed notkun \u2013 stinga \u00ed samband og vega<br \/>\n\u2714 Innifali\u00f0 er hl\u00edf\u00f0arhulstur e\u00f0a hulstur (ef vi\u00f0 \u00e1).<a href=\"https:\/\/researchchemicalstore.eu\/is\/bud\/vog\/stafraen-tankur-litill-vog\/\">Stafr\u00e6n tankvog \u2013 20 g x 0,001 g<\/a><\/p>\n<hr \/>\n<p>\ud83c\udfaf <strong>Fullkomi\u00f0 fyrir<\/strong>: ranns\u00f3knarstofuf\u00f3lk, safnara, \u00e1hugamenn, v\u00edsindamenn og allir sem vinna me\u00f0 n\u00e1kv\u00e6ma skammta.<\/p>\n<p>&nbsp;<\/p>","protected":false},"excerpt":{"rendered":"<p><strong>Uppl\u00fdsingar:<\/strong><\/p>\n<ul>\n<li>Stafr\u00e6nt<\/li>\n<li>Vegur fr\u00e1 0,001 g<\/li>\n<li>Vegur a\u00f0 h\u00e1marki 50 g<\/li>\n<li>Virkar me\u00f0: 2x AAA rafhl\u00f6\u00f0um<\/li>\n<li>LCD skj\u00e1r<\/li>\n<li>Litur: svartur<\/li>\n<\/ul>","protected":false},"featured_media":21116,"comment_status":"closed","ping_status":"closed","template":"","meta":[],"product_brand":[],"product_cat":[451],"product_tag":[452,764,767,847,765,766,768],"class_list":{"0":"post-24083","1":"product","2":"type-product","3":"status-publish","4":"has-post-thumbnail","6":"product_cat-weegschalen","7":"product_tag-de","8":"product_tag-digitale-cs-weegschaal","9":"product_tag-digitale-microweegschaal","10":"product_tag-digitale-mini-weegschaal","11":"product_tag-milligramweegschaal","12":"product_tag-precise-weegschaal-0-001g","13":"product_tag-weegschaal-voor-research-chemicals","15":"first","16":"instock","17":"taxable","18":"shipping-taxable","19":"purchasable","20":"product-type-simple"},"_links":{"self":[{"href":"https:\/\/researchchemicalstore.eu\/is\/wp-json\/wp\/v2\/product\/24083","targetHints":{"allow":["GET"]}}],"collection":[{"href":"https:\/\/researchchemicalstore.eu\/is\/wp-json\/wp\/v2\/product"}],"about":[{"href":"https:\/\/researchchemicalstore.eu\/is\/wp-json\/wp\/v2\/types\/product"}],"replies":[{"embeddable":true,"href":"https:\/\/researchchemicalstore.eu\/is\/wp-json\/wp\/v2\/comments?post=24083"}],"version-history":[{"count":4,"href":"https:\/\/researchchemicalstore.eu\/is\/wp-json\/wp\/v2\/product\/24083\/revisions"}],"predecessor-version":[{"id":25971,"href":"https:\/\/researchchemicalstore.eu\/is\/wp-json\/wp\/v2\/product\/24083\/revisions\/25971"}],"wp:featuredmedia":[{"embeddable":true,"href":"https:\/\/researchchemicalstore.eu\/is\/wp-json\/wp\/v2\/media\/21116"}],"wp:attachment":[{"href":"https:\/\/researchchemicalstore.eu\/is\/wp-json\/wp\/v2\/media?parent=24083"}],"wp:term":[{"taxonomy":"product_brand","embeddable":true,"href":"https:\/\/researchchemicalstore.eu\/is\/wp-json\/wp\/v2\/product_brand?post=24083"},{"taxonomy":"product_cat","embeddable":true,"href":"https:\/\/researchchemicalstore.eu\/is\/wp-json\/wp\/v2\/product_cat?post=24083"},{"taxonomy":"product_tag","embeddable":true,"href":"https:\/\/researchchemicalstore.eu\/is\/wp-json\/wp\/v2\/product_tag?post=24083"}],"curies":[{"name":"wp","href":"https:\/\/api.w.org\/{rel}","templated":true}]}}