{"id":24154,"date":"2025-04-13T17:41:09","date_gmt":"2025-04-13T17:41:09","guid":{"rendered":"https:\/\/researchchemicalstore.eu\/?post_type=product&#038;p=24154"},"modified":"2025-10-22T08:29:31","modified_gmt":"2025-10-22T08:29:31","slug":"green-mandala","status":"publish","type":"product","link":"https:\/\/researchchemicalstore.eu\/is\/vara\/green-mandala\/","title":{"rendered":"Gr\u00e6na Mandalan"},"content":{"rendered":"<h2>Gr\u00e6na Mandalan 4-FMA + 2-CE + 1cP-LSD<\/h2>\n<p>kaupa 4 fma, 4 fma, 4-fma,<\/p>\n<ul>\n<li><strong>Sm\u00e1s\u00f6luumb\u00fa\u00f0ir<br \/>\n<\/strong><\/li>\n<li><strong>Magn \u00ed ml \u00ed t\u00fapu: 5<\/strong><\/li>\n<li><strong>Ver\u00f0 \u00e1n VSK 21%<\/strong><\/li>\n<li><strong>R\u00e1\u00f0lagt sm\u00e1s\u00f6luver\u00f0: 11,95 evrur me\u00f0 VSK<\/strong><\/li>\n<\/ul>\n<p><a href=\"https:\/\/researchchemicalstore.eu\/is\/bud\/lysergamid\/1cp-lsd-150-mcg\/\">1cP-LSD 150 MCG listabletti<\/a><a href=\"https:\/\/researchchemicalstore.eu\/is\/bud\/pellets\/o-dsmt-50-mg-kulur\/\">O-DSMT 50 mg k\u00falur<\/a><a href=\"https:\/\/researchchemicalstore.eu\/is\/bud\/lysergamid\/1v-lsd-150-mcg-blotters\/\">1V-LSD 150 MCG \u00feynnur<\/a><a href=\"https:\/\/researchchemicalstore.eu\/is\/bud\/katinon\/kaupa-2-cm\/\">2-CMC 250 mg k\u00falur<\/a><a href=\"https:\/\/researchchemicalstore.eu\/is\/bud\/fenetylamin\/2c-ef-2-mg-hylki\/\">2C-EF 2 mg hylki<\/a><\/p>","protected":false},"excerpt":{"rendered":"<p>Green Mandala 4-FMA + 2-CE + 1cP-LSD 4 fma kaupa, 4 fma, 4-fma, Sm\u00e1s\u00f6luumb\u00fa\u00f0ir Magn ml \u00ed t\u00fapu: 5 Ver\u00f0<\/p>","protected":false},"featured_media":28794,"comment_status":"closed","ping_status":"closed","template":"","meta":[],"product_brand":[],"product_cat":[555],"product_tag":[629,644,326],"class_list":{"0":"post-24154","1":"product","2":"type-product","3":"status-publish","4":"has-post-thumbnail","6":"product_cat-b2b","7":"product_tag-4-fma-kopen","8":"product_tag-4-fma","9":"product_tag-nl","11":"first","12":"instock","13":"taxable","14":"shipping-taxable","15":"purchasable","16":"product-type-variable"},"_links":{"self":[{"href":"https:\/\/researchchemicalstore.eu\/is\/wp-json\/wp\/v2\/product\/24154","targetHints":{"allow":["GET"]}}],"collection":[{"href":"https:\/\/researchchemicalstore.eu\/is\/wp-json\/wp\/v2\/product"}],"about":[{"href":"https:\/\/researchchemicalstore.eu\/is\/wp-json\/wp\/v2\/types\/product"}],"replies":[{"embeddable":true,"href":"https:\/\/researchchemicalstore.eu\/is\/wp-json\/wp\/v2\/comments?post=24154"}],"version-history":[{"count":3,"href":"https:\/\/researchchemicalstore.eu\/is\/wp-json\/wp\/v2\/product\/24154\/revisions"}],"predecessor-version":[{"id":25923,"href":"https:\/\/researchchemicalstore.eu\/is\/wp-json\/wp\/v2\/product\/24154\/revisions\/25923"}],"wp:featuredmedia":[{"embeddable":true,"href":"https:\/\/researchchemicalstore.eu\/is\/wp-json\/wp\/v2\/media\/28794"}],"wp:attachment":[{"href":"https:\/\/researchchemicalstore.eu\/is\/wp-json\/wp\/v2\/media?parent=24154"}],"wp:term":[{"taxonomy":"product_brand","embeddable":true,"href":"https:\/\/researchchemicalstore.eu\/is\/wp-json\/wp\/v2\/product_brand?post=24154"},{"taxonomy":"product_cat","embeddable":true,"href":"https:\/\/researchchemicalstore.eu\/is\/wp-json\/wp\/v2\/product_cat?post=24154"},{"taxonomy":"product_tag","embeddable":true,"href":"https:\/\/researchchemicalstore.eu\/is\/wp-json\/wp\/v2\/product_tag?post=24154"}],"curies":[{"name":"wp","href":"https:\/\/api.w.org\/{rel}","templated":true}]}}