{"id":24177,"date":"2025-04-13T17:41:13","date_gmt":"2025-04-13T17:41:13","guid":{"rendered":"https:\/\/researchchemicalstore.eu\/?post_type=product&#038;p=24177"},"modified":"2025-10-21T18:23:48","modified_gmt":"2025-10-21T18:23:48","slug":"norflurazepam-10-mg-kassi","status":"publish","type":"product","link":"https:\/\/researchchemicalstore.eu\/is\/vara\/norflurazepam-10-mg-kassi\/","title":{"rendered":"RC+ Norflurazepam 10 mg kassi"},"content":{"rendered":"<h2><strong>Norfl\u00farasepam \u2013 \u00dea\u00f0 sem \u00fe\u00fa \u00fearft a\u00f0 vita<\/strong><\/h2>\n<p>Norfl\u00farazepam er bens\u00f3d\u00edazep\u00ednaflei\u00f0a me\u00f0 r\u00f3andi, v\u00f6\u00f0vaslakandi og kv\u00ed\u00f0astillandi \u00e1hrif. \u00de\u00f3tt \u00fea\u00f0 s\u00e9 stundum nota\u00f0 sem svefnlyf e\u00f0a vi\u00f0 kv\u00ed\u00f0a, er \u00fea\u00f0 ekki \u00e1v\u00edsa\u00f0 \u00ed m\u00f6rgum l\u00f6ndum, \u00fear \u00e1 me\u00f0al Hollandi og Belg\u00edu. <strong>ekki sam\u00feykkt<\/strong> til l\u00e6kninga. Vegna h\u00e6ttu \u00e1 misnotkun og f\u00edkn fellur \u00fea\u00f0 oft undir <strong>\u00d3p\u00eduml\u00f6gin<\/strong>.<\/p>\n<hr \/>\n<h3>\ud83d\udce6 Uppl\u00fdsingar um Norflurazepam 10 mg (50 t\u00f6flur)<\/h3>\n<h4>1. <strong>L\u00f6gleg sta\u00f0a<\/strong><\/h4>\n<ul>\n<li><strong>Holland<\/strong>Norfl\u00farasepam er virkt <strong>Listi I \u00ed \u00f3p\u00eduml\u00f6gunum<\/strong>Varsla, vi\u00f0skipti e\u00f0a framlei\u00f0sla \u00e1n leyfis er refsiver\u00f0.<\/li>\n<li><strong>Belg\u00eda<\/strong>Einnig banna\u00f0 samkv\u00e6mt <strong>f\u00edkniefnal\u00f6ggj\u00f6f<\/strong>\u00dea\u00f0 er ekki vi\u00f0urkennt sem lyf.<a href=\"https:\/\/researchchemicalstore.eu\/is\/bud\/fyrirtaeki-til-fyrirtaekja\/rc-norflurazepam-5mg-box\/\">RC+ Norflurazepam 5 mg kassi<\/a><\/li>\n<\/ul>\n<h4>2. <strong>Heilsufars\u00e1h\u00e6tta<\/strong><\/h4>\n<ul>\n<li><strong>Mikil h\u00e6tta \u00e1 f\u00edkn<\/strong>B\u00e6\u00f0i l\u00edkamleg og andleg \u00f3sj\u00e1lfst\u00e6\u00f0i.<\/li>\n<li><strong>Langt\u00edmanotkun<\/strong> getur leitt til:\n<ul>\n<li>\u00deol (s\u00edfellt h\u00e6rri skammtur \u00fearf)<\/li>\n<li>Fr\u00e1hvarfseinkenni eins og kv\u00ed\u00f0i, svefnleysi, flog<\/li>\n<\/ul>\n<\/li>\n<li><strong>H\u00e6ttulegar samsetningar<\/strong>Inntaka me\u00f0 \u00e1fengi e\u00f0a \u00f6\u00f0rum \u00feunglyndislyfjum (eins og \u00f3p\u00ed\u00f3\u00ed\u00f0um) getur leitt til \u00f6ndunarb\u00e6lingar og dau\u00f0a.<a title=\"6-CL-ADBA\" href=\"https:\/\/researchchemicalstore.eu\/is\/bud\/naestum-bannad\/6-cl-adba\/\" target=\"_blank\" rel=\"noopener\">6-CL-ADBA<\/a><\/li>\n<\/ul>\n<h4>3. <strong>L\u00e6knisfr\u00e6\u00f0ileg r\u00e1\u00f0<\/strong><\/h4>\n<ul>\n<li>Nota\u00f0u \u00feetta \u00farr\u00e6\u00f0i <strong>a\u00f0eins undir l\u00e6kniseftirliti<\/strong> \u00ed l\u00f6ndum \u00fear sem \u00fea\u00f0 er l\u00f6glegt.<\/li>\n<li>Ertu a\u00f0 \u00fej\u00e1st af ofbeldi e\u00f0a \u00f3sj\u00e1lfst\u00e6\u00f0i? <strong>Leita\u00f0u a\u00f0sto\u00f0ar fagf\u00f3lks.<a title=\"2C-EF 2 mg hylki\" href=\"https:\/\/researchchemicalstore.eu\/is\/bud\/fenetylamin\/2c-ef-2-mg-hylki\/\" target=\"_blank\" rel=\"noopener\">2C-EF 2 mg hylki<\/a><\/strong><\/li>\n<\/ul>\n<hr \/>\n<h3>\u26a0\ufe0fMikilv\u00e6g vi\u00f0v\u00f6run<\/h3>\n<p>Notkun <strong>aldrei<\/strong> Norflurazepam \u00e1n lyfse\u00f0ils l\u00e6knis. \u00d3l\u00f6gleg vi\u00f0skipti \u2014 \u00ed gegnum interneti\u00f0 e\u00f0a \u00ed gegnum g\u00f6tusala \u2014 hafa \u00ed f\u00f6r me\u00f0 s\u00e9r verulega \u00e1h\u00e6ttu:<\/p>\n<ul>\n<li>M\u00f6guleg mengun pillna<\/li>\n<li>\u00d3\u00e1rei\u00f0anlegur skammtur<\/li>\n<\/ul>\n<p>Fyrir <strong>\u00f6rugg og l\u00f6gleg valkostur<\/strong> Ef \u00fe\u00fa ert me\u00f0 svefnvandam\u00e1l e\u00f0a kvartanir yfir kv\u00ed\u00f0a skaltu hafa samband vi\u00f0 l\u00e6kninn \u00feinn <strong>heimilisl\u00e6knir e\u00f0a lyfjafr\u00e6\u00f0ingur<\/strong>.<\/p>\n<p>&nbsp;<\/p>","protected":false},"excerpt":{"rendered":"<p>Norfl\u00farazepam \u2013 \u00dea\u00f0 sem \u00fe\u00fa \u00fearft a\u00f0 vita Norfl\u00farazepam er bens\u00f3d\u00edazep\u00ednaflei\u00f0a me\u00f0 r\u00f3andi, v\u00f6\u00f0vaslakandi og kv\u00ed\u00f0astillandi \u00e1hrif. \u00de\u00f3tt \u00fea\u00f0 s\u00e9 stundum nota\u00f0<\/p>","protected":false},"featured_media":28862,"comment_status":"closed","ping_status":"closed","template":"","meta":[],"product_brand":[82],"product_cat":[555],"product_tag":[326,132,137,135,134,136,133],"class_list":{"0":"post-24177","1":"product","2":"type-product","3":"status-publish","4":"has-post-thumbnail","6":"product_brand-research-chemical","7":"product_cat-b2b","8":"product_tag-nl","9":"product_tag-norflurazepam","10":"product_tag-norflurazepam-dosering","11":"product_tag-norflurazepam-ervaring","12":"product_tag-norflurazepam-ervaringen","13":"product_tag-norflurazepam-psychonaut","14":"product_tag-norflurazepam-werking","16":"first","17":"instock","18":"taxable","19":"shipping-taxable","20":"purchasable","21":"product-type-variable"},"_links":{"self":[{"href":"https:\/\/researchchemicalstore.eu\/is\/wp-json\/wp\/v2\/product\/24177","targetHints":{"allow":["GET"]}}],"collection":[{"href":"https:\/\/researchchemicalstore.eu\/is\/wp-json\/wp\/v2\/product"}],"about":[{"href":"https:\/\/researchchemicalstore.eu\/is\/wp-json\/wp\/v2\/types\/product"}],"replies":[{"embeddable":true,"href":"https:\/\/researchchemicalstore.eu\/is\/wp-json\/wp\/v2\/comments?post=24177"}],"version-history":[{"count":4,"href":"https:\/\/researchchemicalstore.eu\/is\/wp-json\/wp\/v2\/product\/24177\/revisions"}],"predecessor-version":[{"id":26022,"href":"https:\/\/researchchemicalstore.eu\/is\/wp-json\/wp\/v2\/product\/24177\/revisions\/26022"}],"wp:featuredmedia":[{"embeddable":true,"href":"https:\/\/researchchemicalstore.eu\/is\/wp-json\/wp\/v2\/media\/28862"}],"wp:attachment":[{"href":"https:\/\/researchchemicalstore.eu\/is\/wp-json\/wp\/v2\/media?parent=24177"}],"wp:term":[{"taxonomy":"product_brand","embeddable":true,"href":"https:\/\/researchchemicalstore.eu\/is\/wp-json\/wp\/v2\/product_brand?post=24177"},{"taxonomy":"product_cat","embeddable":true,"href":"https:\/\/researchchemicalstore.eu\/is\/wp-json\/wp\/v2\/product_cat?post=24177"},{"taxonomy":"product_tag","embeddable":true,"href":"https:\/\/researchchemicalstore.eu\/is\/wp-json\/wp\/v2\/product_tag?post=24177"}],"curies":[{"name":"wp","href":"https:\/\/api.w.org\/{rel}","templated":true}]}}