{"id":24226,"date":"2025-04-13T17:41:17","date_gmt":"2025-04-13T17:41:17","guid":{"rendered":"https:\/\/researchchemicalstore.eu\/?post_type=product&#038;p=24226"},"modified":"2025-10-21T18:10:38","modified_gmt":"2025-10-21T18:10:38","slug":"nm-2-ai-hcl-hreint","status":"publish","type":"product","link":"https:\/\/researchchemicalstore.eu\/is\/vara\/nm-2-ai-hcl-hreint\/","title":{"rendered":"NM-2-AI HCl hreint"},"content":{"rendered":"<h2>NM-2-AI HCl hreint<\/h2>\n<p>NM-2-AI h\u00fddr\u00f3kl\u00f3r\u00ed\u00f0 er efni sem vi\u00f0 seljum eing\u00f6ngu \u00ed ranns\u00f3knarskyni og er \u00fev\u00ed ekki \u00e6tla\u00f0 til manneldis. NM-2-AI m\u00e1 nota \u00ed ranns\u00f3knir \u00ed allt a\u00f0 tv\u00f6 \u00e1r \u00feegar \u00fea\u00f0 er geymt \u00ed r\u00e9ttu umhverfi.<\/p>\n<p>\u00dear sem NM-2-AI er eing\u00f6ngu \u00e6tla\u00f0 til ranns\u00f3kna en ekki til neyslu, er mikilv\u00e6gt a\u00f0 NM-2-AI s\u00e9 geymt \u00fear sem b\u00f6rn og g\u00e6lud\u00fdr n\u00e1 ekki til.<a title=\"O-DSMT 50 mg k\u00falur\" href=\"https:\/\/researchchemicalstore.eu\/is\/bud\/pellets\/o-dsmt-50-mg-kulur\/\" target=\"_blank\" rel=\"noopener\">O-DSMT 50 mg k\u00falur<\/a><\/p>\n<p>Vi\u00f0 bj\u00f3\u00f0um upp \u00e1 h\u00e1g\u00e6\u00f0a ranns\u00f3knarefni \u00e1 sanngj\u00f6rnu ver\u00f0i. P\u00f6ntunin \u00fe\u00edn ver\u00f0ur send innan s\u00f3larhrings alla daga. Panta\u00f0u NM-2-AI \u00f6rugglega og flj\u00f3tt \u00ed gegnum okkur!<a title=\"1V-LSD 150 MCG \u00feynnur\" href=\"https:\/\/researchchemicalstore.eu\/is\/bud\/lysergamid\/1v-lsd-150-mcg-blotters\/\" target=\"_blank\" rel=\"noopener\">1V-LSD 150 MCG \u00feynnur<\/a><\/p>\n<h3>H\u00e6ttuyfirl\u00fdsing<\/h3>\n<p>NM-2-AI getur valdi\u00f0 ertingu \u00ed \u00f6ndunarf\u00e6rum<br \/>\nNM-2-AI getur valdi\u00f0 ertingu <a href=\"http:\/\/google.nl\" target=\"_blank\" rel=\"noopener\">\u00ed<\/a> valda augunum.<br \/>\n\u00dea\u00f0 er banna\u00f0 a\u00f0 losa ranns\u00f3knarefni \u00fat \u00ed umhverfi\u00f0.<\/p>\n<p>EFNI\u00d0 KEMST \u00cd AUGU: Skoli\u00f0 augun varlega me\u00f0 vatni \u00ed fimm m\u00edn\u00fatur. Fjarl\u00e6gi\u00f0 snertilinsur ef \u00fe\u00e6r eru til sta\u00f0ar og au\u00f0velt er a\u00f0 gera \u00fea\u00f0.<\/p>\n<p>NM-2-AI \u00cd SNERTINGU VI\u00d0 H\u00da\u00d0: \u00devoi\u00f0 h\u00fa\u00f0ina me\u00f0 s\u00e1pu og vatni.<a title=\"6-CL-ADBA\" href=\"https:\/\/researchchemicalstore.eu\/is\/bud\/naestum-bannad\/6-cl-adba\/\" target=\"_blank\" rel=\"noopener\">6-CL-ADBA<\/a><\/p>\n<p>VI\u00d0 INN\u00d6NDUN NM-2-AI: F\u00e6ri\u00f0 vi\u00f0komandi \u00fat \u00ed ferskt loft og haldi\u00f0 honum \u00ed \u00fe\u00e6gilegri \u00f6ndunarstellingu.<a title=\"2-CMC 250 mg k\u00falur\" href=\"https:\/\/researchchemicalstore.eu\/is\/bud\/katinon\/kaupa-2-cm\/\" target=\"_blank\" rel=\"noopener\">2-CMC 250 mg k\u00falur<\/a><\/p>","protected":false},"excerpt":{"rendered":"<h2>NM-2-AI HCl hreint<\/h2>\n<p>NM-2-AI h\u00fddr\u00f3kl\u00f3r\u00ed\u00f0 er efni sem vi\u00f0 seljum eing\u00f6ngu \u00ed ranns\u00f3knarskyni og er \u00fev\u00ed ekki \u00e6tla\u00f0 til manneldis. H\u00e6gt er a\u00f0 rannsaka NM-2-AI \u00ed allt a\u00f0 tv\u00f6 \u00e1r \u00feegar \u00fea\u00f0 er geymt \u00ed r\u00e9ttu umhverfi. 2C-E<\/p>","protected":false},"featured_media":28827,"comment_status":"closed","ping_status":"closed","template":"","meta":[],"product_brand":[82],"product_cat":[479,336],"product_tag":[326,879,880],"class_list":{"0":"post-24226","1":"product","2":"type-product","3":"status-publish","4":"has-post-thumbnail","6":"product_brand-research-chemical","7":"product_cat-nm-2-ai","8":"product_cat-overig","9":"product_tag-nl","10":"product_tag-nm-2-ai","11":"product_tag-nm-2-ai-hcl","13":"first","14":"instock","15":"taxable","16":"shipping-taxable","17":"purchasable","18":"product-type-variable"},"_links":{"self":[{"href":"https:\/\/researchchemicalstore.eu\/is\/wp-json\/wp\/v2\/product\/24226","targetHints":{"allow":["GET"]}}],"collection":[{"href":"https:\/\/researchchemicalstore.eu\/is\/wp-json\/wp\/v2\/product"}],"about":[{"href":"https:\/\/researchchemicalstore.eu\/is\/wp-json\/wp\/v2\/types\/product"}],"replies":[{"embeddable":true,"href":"https:\/\/researchchemicalstore.eu\/is\/wp-json\/wp\/v2\/comments?post=24226"}],"version-history":[{"count":4,"href":"https:\/\/researchchemicalstore.eu\/is\/wp-json\/wp\/v2\/product\/24226\/revisions"}],"predecessor-version":[{"id":26016,"href":"https:\/\/researchchemicalstore.eu\/is\/wp-json\/wp\/v2\/product\/24226\/revisions\/26016"}],"wp:featuredmedia":[{"embeddable":true,"href":"https:\/\/researchchemicalstore.eu\/is\/wp-json\/wp\/v2\/media\/28827"}],"wp:attachment":[{"href":"https:\/\/researchchemicalstore.eu\/is\/wp-json\/wp\/v2\/media?parent=24226"}],"wp:term":[{"taxonomy":"product_brand","embeddable":true,"href":"https:\/\/researchchemicalstore.eu\/is\/wp-json\/wp\/v2\/product_brand?post=24226"},{"taxonomy":"product_cat","embeddable":true,"href":"https:\/\/researchchemicalstore.eu\/is\/wp-json\/wp\/v2\/product_cat?post=24226"},{"taxonomy":"product_tag","embeddable":true,"href":"https:\/\/researchchemicalstore.eu\/is\/wp-json\/wp\/v2\/product_tag?post=24226"}],"curies":[{"name":"wp","href":"https:\/\/api.w.org\/{rel}","templated":true}]}}