{"id":24277,"date":"2025-04-13T17:41:22","date_gmt":"2025-04-13T17:41:22","guid":{"rendered":"https:\/\/researchchemicalstore.eu\/?post_type=product&#038;p=24277"},"modified":"2025-10-21T17:40:23","modified_gmt":"2025-10-21T17:40:23","slug":"flubrotizolam-05-mg","status":"publish","type":"product","link":"https:\/\/researchchemicalstore.eu\/is\/vara\/flubrotizolam-05-mg\/","title":{"rendered":"Fl\u00fabr\u00f3t\u00edz\u00f3lam 0,5 mg k\u00falur"},"content":{"rendered":"<h2><span data-sheets-value=\"{\" data-sheets-userformat=\"{\"><span dir=\"auto\" style=\"vertical-align: inherit;\"><span dir=\"auto\" style=\"vertical-align: inherit;\">Fl\u00fabr\u00f3t\u00edz\u00f3lam 0,5 mg k\u00falur<\/span><\/span><br \/>\n<\/span><\/h2>\n<p><span dir=\"auto\" style=\"vertical-align: inherit;\"><span dir=\"auto\" style=\"vertical-align: inherit;\">Fl\u00fabr\u00f3t\u00edz\u00f3lam k\u00falur innihalda 0,5 mg af virka efninu (fl\u00fabr\u00f3t\u00edz\u00f3lam 0,5 mg).<\/span><\/span><\/p>\n<p><strong><span dir=\"auto\" style=\"vertical-align: inherit;\"><span dir=\"auto\" style=\"vertical-align: inherit;\">\u00deessar Flubrotizolam 0,5 MG k\u00falur eru framleiddar \u00e1 sta\u00f0num og eru af h\u00e6sta g\u00e6\u00f0aflokki. \u00deessar k\u00falur innihalda 0,5 milligr\u00f6mm af virka innihaldsefninu (Flubrotizolam). Hver k\u00fala er um \u00fea\u00f0 bil 8 mm \u00ed \u00feverm\u00e1l me\u00f0 deiliskoru. \u00deessar Flubrotizolam 0,5 MG k\u00falur eru pakka\u00f0ar \u00ed 10 \u00feynnup\u00f6kkum til a\u00f0 tryggja ferskleika og pantanir me\u00f0 5 e\u00f0a fleiri \u00feynnum eru afhentar \u00ed handh\u00e6gum kassa. <\/span><\/span><a title=\"1V-LSD 150 MCG \u00feynnur\" href=\"https:\/\/researchchemicalstore.eu\/is\/bud\/lysergamid\/1v-lsd-150-mcg-blotters\/\" target=\"_blank\" rel=\"noopener\"><span dir=\"auto\" style=\"vertical-align: inherit;\"><span dir=\"auto\" style=\"vertical-align: inherit;\">1V-LSD 150 MCG \u00feynnur<\/span><\/span><\/a><\/strong><\/p>\n<p><span dir=\"auto\" style=\"vertical-align: inherit;\"><span dir=\"auto\" style=\"vertical-align: inherit;\">Fl\u00fabr\u00f3t\u00eds\u00f3lam er efni sem eing\u00f6ngu er selt \u00ed ranns\u00f3knarskyni. <\/span><\/span><a href=\"http:\/\/google.nl\" target=\"_blank\" rel=\"noopener\"><span dir=\"auto\" style=\"vertical-align: inherit;\"><span dir=\"auto\" style=\"vertical-align: inherit;\">og<\/span><\/span><\/a><span dir=\"auto\" style=\"vertical-align: inherit;\"><span dir=\"auto\" style=\"vertical-align: inherit;\"> er \u00fev\u00ed ekki \u00e6tla\u00f0 til neyslu.<\/span><\/span><\/p>\n<p><span dir=\"auto\" style=\"vertical-align: inherit;\"><span dir=\"auto\" style=\"vertical-align: inherit;\">Fl\u00fabr\u00f3t\u00edz\u00f3lam helst st\u00f6\u00f0ugt \u00ed allt a\u00f0 2 \u00e1r \u00feegar \u00fea\u00f0 er geymt \u00ed r\u00e9ttu umhverfi. Fl\u00fabr\u00f3t\u00edz\u00f3lam er \u00e6tla\u00f0 til ranns\u00f3kna en ekki til neyslu. \u00dev\u00ed er mikilv\u00e6gt a\u00f0 geyma v\u00f6runa \u00fear sem b\u00f6rn og g\u00e6lud\u00fdr n\u00e1 ekki til. <\/span><\/span><a title=\"6-CL-ADBA\" href=\"https:\/\/researchchemicalstore.eu\/is\/bud\/naestum-bannad\/6-cl-adba\/\" target=\"_blank\" rel=\"noopener\"><span dir=\"auto\" style=\"vertical-align: inherit;\"><span dir=\"auto\" style=\"vertical-align: inherit;\">6-CL-ADBA<\/span><\/span><\/a><\/p>\n<p><span dir=\"auto\" style=\"vertical-align: inherit;\"><span dir=\"auto\" style=\"vertical-align: inherit;\">Vi\u00f0 bj\u00f3\u00f0um upp \u00e1 h\u00e1g\u00e6\u00f0a ranns\u00f3knarefni \u00e1 sanngj\u00f6rnu ver\u00f0i. P\u00f6ntunin \u00fe\u00edn er send innan s\u00f3larhrings alla daga. Panta\u00f0u Flubrotizolam \u00f6rugglega og flj\u00f3tt \u00ed gegnum<\/span><\/span><\/p>\n<h3><span data-sheets-value=\"{\" data-sheets-userformat=\"{\"><span dir=\"auto\" style=\"vertical-align: inherit;\"><span dir=\"auto\" style=\"vertical-align: inherit;\">Eiginleikar fl\u00fabr\u00f3t\u00f3s\u00f3lams<\/span><\/span><\/span><\/h3>\n<p><strong><span dir=\"auto\" style=\"vertical-align: inherit;\"><span dir=\"auto\" style=\"vertical-align: inherit;\">Samheiti:<\/span><\/span><\/strong><span dir=\"auto\" style=\"vertical-align: inherit;\"><span dir=\"auto\" style=\"vertical-align: inherit;\"> Fl\u00fabr\u00f3t\u00eds\u00f3lam <\/span><\/span><br \/>\n<strong><span dir=\"auto\" style=\"vertical-align: inherit;\"><span dir=\"auto\" style=\"vertical-align: inherit;\">CAS-n\u00famer:<\/span><\/span><\/strong><span dir=\"auto\" style=\"vertical-align: inherit;\"><span dir=\"auto\" style=\"vertical-align: inherit;\"> 57801-95-3 <\/span><\/span><br \/>\n<strong><span dir=\"auto\" style=\"vertical-align: inherit;\"><span dir=\"auto\" style=\"vertical-align: inherit;\">Form\u00fala: <\/span><\/span><\/strong><span style=\"color: #333333; font-size: 14.4px;\"><span dir=\"auto\" style=\"vertical-align: inherit;\"><span dir=\"auto\" style=\"vertical-align: inherit;\">4-br\u00f3m\u00f3-7-(2-fl\u00faorfen\u00fdl)-13-met\u00fdl-3-\u00fe\u00eda-1,8,11,12-tetrazatr\u00eds\u00fdkl\u00f3[8.3.0.0 <\/span><\/span><\/span><sup style=\"color: #333333;\"><span dir=\"auto\" style=\"vertical-align: inherit;\"><span dir=\"auto\" style=\"vertical-align: inherit;\">2,6 <\/span><\/span><\/sup><span style=\"color: #333333; font-size: 14.4px;\"><span dir=\"auto\" style=\"vertical-align: inherit;\"><span dir=\"auto\" style=\"vertical-align: inherit;\">]tr\u00eddeka-2(6),4,7,10,12-pentaen <\/span><\/span><br \/>\n<\/span><strong><span dir=\"auto\" style=\"vertical-align: inherit;\"><span dir=\"auto\" style=\"vertical-align: inherit;\">M\u00f3lmassi:<\/span><\/span><\/strong><span dir=\"auto\" style=\"vertical-align: inherit;\"><span dir=\"auto\" style=\"vertical-align: inherit;\"> 377,24 g m\u00f3l <\/span><\/span><br \/>\n<strong><span dir=\"auto\" style=\"vertical-align: inherit;\"><span dir=\"auto\" style=\"vertical-align: inherit;\">Hreinleiki:<\/span><\/span><\/strong><span dir=\"auto\" style=\"vertical-align: inherit;\"><span dir=\"auto\" style=\"vertical-align: inherit;\"> &gt;98%<\/span><\/span><\/p>\n<h3><span dir=\"auto\" style=\"vertical-align: inherit;\"><span dir=\"auto\" style=\"vertical-align: inherit;\">H\u00e6ttuyfirl\u00fdsing<\/span><\/span><\/h3>\n<p><span dir=\"auto\" style=\"vertical-align: inherit;\"><span dir=\"auto\" style=\"vertical-align: inherit;\">Fl\u00fabr\u00f3t\u00edz\u00f3lam getur valdi\u00f0 ertingu \u00ed \u00f6ndunarf\u00e6rum. <\/span><\/span><br \/>\n<span dir=\"auto\" style=\"vertical-align: inherit;\"><span dir=\"auto\" style=\"vertical-align: inherit;\">Fl\u00fabr\u00f3t\u00edz\u00f3lam getur valdi\u00f0 ertingu \u00ed augum. <\/span><\/span><br \/>\n<span dir=\"auto\" style=\"vertical-align: inherit;\"><span dir=\"auto\" style=\"vertical-align: inherit;\">\u00dea\u00f0 er banna\u00f0 a\u00f0 losa ranns\u00f3knarefni \u00fat \u00ed umhverfi\u00f0.<\/span><\/span><\/p>\n<p><span dir=\"auto\" style=\"vertical-align: inherit;\"><span dir=\"auto\" style=\"vertical-align: inherit;\">Fl\u00fabr\u00f3t\u00edz\u00f3lam \u00cd AUGU: Skoli\u00f0 augun varlega me\u00f0 vatni \u00ed fimm m\u00edn\u00fatur. Fjarl\u00e6gi\u00f0 snertilinsur ef \u00fe\u00e6r eru til sta\u00f0ar og au\u00f0velt er a\u00f0 gera \u00fea\u00f0. <\/span><\/span><a title=\"2C-EF 2 mg hylki\" href=\"https:\/\/researchchemicalstore.eu\/is\/bud\/fenetylamin\/2c-ef-2-mg-hylki\/\" target=\"_blank\" rel=\"noopener\"><span dir=\"auto\" style=\"vertical-align: inherit;\"><span dir=\"auto\" style=\"vertical-align: inherit;\">2C-EF 2 mg hylki<\/span><\/span><\/a><\/p>\n<p><span dir=\"auto\" style=\"vertical-align: inherit;\"><span dir=\"auto\" style=\"vertical-align: inherit;\">Fl\u00fabr\u00f3t\u00edz\u00f3lam. KOMIST \u00cd SNERTINGU VI\u00d0 H\u00da\u00d0: \u00devoi\u00f0 h\u00fa\u00f0ina me\u00f0 s\u00e1pu og vatni.<\/span><\/span><\/p>\n<p><span dir=\"auto\" style=\"vertical-align: inherit;\"><span dir=\"auto\" style=\"vertical-align: inherit;\">VI\u00d0 INN\u00d6NDUN Fl\u00fabr\u00f3t\u00edz\u00f3lams: F\u00e6ri\u00f0 vi\u00f0komandi \u00fat \u00ed ferskt loft og haldi\u00f0 honum \u00ed \u00fe\u00e6gilegri \u00f6ndunarstellingu. <\/span><\/span><a title=\"MEAI\" href=\"https:\/\/researchchemicalstore.eu\/is\/bud\/annad\/meai\/\" target=\"_blank\" rel=\"noopener\"><span dir=\"auto\" style=\"vertical-align: inherit;\"><span dir=\"auto\" style=\"vertical-align: inherit;\">MEAI<\/span><\/span><\/a><\/p>","protected":false},"excerpt":{"rendered":"<p>Flubrotizolam 0.5 MG pellets Flubrotizolam pellets contain 0.5 MG of active substance (Flubrotizolam 0.5 MG). These Flubrotizolam 0.5 MG pellets<\/p>","protected":false},"featured_media":28787,"comment_status":"closed","ping_status":"closed","template":"","meta":[],"product_brand":[82],"product_cat":[76,476,477,324],"product_tag":[150,153,154,151,152,155,326],"class_list":{"0":"post-24277","1":"product","2":"type-product","3":"status-publish","4":"has-post-thumbnail","6":"product_brand-research-chemical","7":"product_cat-benzodiazepinen","8":"product_cat-flubrotizolam","9":"product_cat-flubrotizolam-pellets","10":"product_cat-pellets-for-pellet","11":"product_tag-flubrotizolam","12":"product_tag-flubrotizolam-dosage","13":"product_tag-flubrotizolam-ervaring","14":"product_tag-flubrotizolam-half-life","15":"product_tag-flubrotizolam-werking","16":"product_tag-flunitrazolam-bijwerkingen","17":"product_tag-nl","19":"first","20":"instock","21":"taxable","22":"shipping-taxable","23":"purchasable","24":"product-type-variable"},"_links":{"self":[{"href":"https:\/\/researchchemicalstore.eu\/is\/wp-json\/wp\/v2\/product\/24277","targetHints":{"allow":["GET"]}}],"collection":[{"href":"https:\/\/researchchemicalstore.eu\/is\/wp-json\/wp\/v2\/product"}],"about":[{"href":"https:\/\/researchchemicalstore.eu\/is\/wp-json\/wp\/v2\/types\/product"}],"replies":[{"embeddable":true,"href":"https:\/\/researchchemicalstore.eu\/is\/wp-json\/wp\/v2\/comments?post=24277"}],"version-history":[{"count":4,"href":"https:\/\/researchchemicalstore.eu\/is\/wp-json\/wp\/v2\/product\/24277\/revisions"}],"predecessor-version":[{"id":28021,"href":"https:\/\/researchchemicalstore.eu\/is\/wp-json\/wp\/v2\/product\/24277\/revisions\/28021"}],"wp:featuredmedia":[{"embeddable":true,"href":"https:\/\/researchchemicalstore.eu\/is\/wp-json\/wp\/v2\/media\/28787"}],"wp:attachment":[{"href":"https:\/\/researchchemicalstore.eu\/is\/wp-json\/wp\/v2\/media?parent=24277"}],"wp:term":[{"taxonomy":"product_brand","embeddable":true,"href":"https:\/\/researchchemicalstore.eu\/is\/wp-json\/wp\/v2\/product_brand?post=24277"},{"taxonomy":"product_cat","embeddable":true,"href":"https:\/\/researchchemicalstore.eu\/is\/wp-json\/wp\/v2\/product_cat?post=24277"},{"taxonomy":"product_tag","embeddable":true,"href":"https:\/\/researchchemicalstore.eu\/is\/wp-json\/wp\/v2\/product_tag?post=24277"}],"curies":[{"name":"wp","href":"https:\/\/api.w.org\/{rel}","templated":true}]}}