{"id":24343,"date":"2025-04-13T17:41:31","date_gmt":"2025-04-13T17:41:31","guid":{"rendered":"https:\/\/researchchemicalstore.eu\/?post_type=product&#038;p=24343"},"modified":"2026-02-02T09:56:39","modified_gmt":"2026-02-02T09:56:39","slug":"stafraen-lifraen-smavog","status":"publish","type":"product","link":"https:\/\/researchchemicalstore.eu\/is\/vara\/stafraen-lifraen-smavog\/","title":{"rendered":"Stafr\u00e6n l\u00edffr\u00e6\u00f0ileg sm\u00e1vog \u2013 20 g x 0,001 g"},"content":{"rendered":"<h1><strong>Stafr\u00e6n l\u00edfr\u00e6n l\u00edtil vog 20g x 0,001g<\/strong><\/h1>\n<p>Vinni\u00f0 me\u00f0 mikilli n\u00e1kv\u00e6mni. <strong>Stafr\u00e6n l\u00edffr\u00e6\u00f0ileg sm\u00e1vog<\/strong> vegur allt a\u00f0 <strong>20 gr\u00f6mm<\/strong> me\u00f0 n\u00e1kv\u00e6mni upp \u00e1 <strong>0,001 gramm<\/strong> \u2013 tilvali\u00f0 fyrir l\u00edfe\u00f0lisfr\u00e6\u00f0ilega notkun, \u00f6rsk\u00f6mmtun, ranns\u00f3knir \u00e1 f\u00e6\u00f0ub\u00f3tarefnum e\u00f0a greiningar \u00e1 ranns\u00f3knarstofum. L\u00edtill \u00ed st\u00e6r\u00f0 en mikill \u00ed afk\u00f6stum.<a href=\"https:\/\/researchchemicalstore.eu\/is\/bud\/vog\/stafraen-litil-vog\/\">Fagleg stafr\u00e6n l\u00edtil vog \u2013 50 g x 0,001 g<\/a><\/p>\n<hr \/>\n<h4><strong>Eiginleikar:<\/strong><\/h4>\n<ul>\n<li><strong>M\u00e6lisvi\u00f0:<\/strong> 0,001 g \u2013 20 g<\/li>\n<li><strong>N\u00e1kv\u00e6mni:<\/strong> 1 milligramm (0,001 g)<\/li>\n<li><strong>S\u00fdna:<\/strong> Bj\u00f6rt LCD skj\u00e1r me\u00f0 bakl\u00fdsingu<\/li>\n<li><strong>Vigtunareiningar:<\/strong> g, \u00fansur, ct, gn, dwt, \u00fansur<\/li>\n<li><strong>Eiginleikar:<\/strong> Tara-virkni, sj\u00e1lfvirk sl\u00f6kkvun, hra\u00f0ur vi\u00f0brag\u00f0st\u00edmi<\/li>\n<li><strong>Aflgjafi:<\/strong> 2x AAA rafhl\u00f6\u00f0ur (innifalin e\u00f0a valfrj\u00e1lsar)<\/li>\n<li><strong>Sni\u00f0:<\/strong> Mj\u00f6g nett og l\u00e9tt \u2013 passar fullkomlega \u00ed h\u00f6ndina e\u00f0a jakkavasann.<a href=\"https:\/\/researchchemicalstore.eu\/is\/bud\/vog\/stafraen-cs-vog\/\">Stafr\u00e6n CS vog \u2013 100g<\/a> x 0,01 g<\/li>\n<\/ul>\n<hr \/>\n<h4><strong>Ums\u00f3knir:<\/strong><\/h4>\n<p>\u2714 L\u00edffr\u00e6\u00f0ileg s\u00fdni og \u00f6rtilraunir<br \/>\n\u2714 \u00d6rsk\u00f6mmtun f\u00e6\u00f0ub\u00f3tarefna e\u00f0a pl\u00f6ntu\u00fatdr\u00e1ttar<br \/>\n\u2714 Ranns\u00f3knarstofu- og v\u00edsindalegar m\u00e6lingar<br \/>\n\u2714 Skartgripir, gimsteinar e\u00f0a ver\u00f0m\u00e6tir m\u00e1lmar.<a href=\"https:\/\/researchchemicalstore.eu\/is\/bud\/vog\/stafraen-tankur-litill-vog\/\">Stafr\u00e6n tankvog \u2013 20 g x 0,001 g<\/a><\/p>\n<hr \/>\n<p>\ud83c\udfaf <strong>Af hverju a\u00f0 velja \u00feessa l\u00edfr\u00e6nu vog?<\/strong><\/p>\n<ul>\n<li>Mj\u00f6g n\u00e1kv\u00e6mt vi\u00f0 l\u00e1ga skammta<\/li>\n<li>\u00c1rei\u00f0anlegar m\u00e6lingar \u00e1n sveiflna<\/li>\n<li>Endingarg\u00f3\u00f0ur, flytjanlegur og tilb\u00fainn til notkunar<\/li>\n<\/ul>","protected":false},"excerpt":{"rendered":"<p><strong>Uppl\u00fdsingar:<\/strong><\/p>\n<ul>\n<li>Stafr\u00e6nt<\/li>\n<li>Vegur fr\u00e1 0,001 g<\/li>\n<li>Vegur a\u00f0 h\u00e1marki 20 g<\/li>\n<li>Virkar me\u00f0: 2x AAA rafhl\u00f6\u00f0um<\/li>\n<li>LCD skj\u00e1r<\/li>\n<li>Litur: svartur<\/li>\n<\/ul>","protected":false},"featured_media":24680,"comment_status":"closed","ping_status":"closed","template":"","meta":[],"product_brand":[],"product_cat":[451],"product_tag":[452,848,764,767,765,766,768],"class_list":{"0":"post-24343","1":"product","2":"type-product","3":"status-publish","4":"has-post-thumbnail","6":"product_cat-weegschalen","7":"product_tag-de","8":"product_tag-digitale-bio-mini-weegschaal","9":"product_tag-digitale-cs-weegschaal","10":"product_tag-digitale-microweegschaal","11":"product_tag-milligramweegschaal","12":"product_tag-precise-weegschaal-0-001g","13":"product_tag-weegschaal-voor-research-chemicals","15":"first","16":"instock","17":"taxable","18":"shipping-taxable","19":"purchasable","20":"product-type-simple"},"_links":{"self":[{"href":"https:\/\/researchchemicalstore.eu\/is\/wp-json\/wp\/v2\/product\/24343","targetHints":{"allow":["GET"]}}],"collection":[{"href":"https:\/\/researchchemicalstore.eu\/is\/wp-json\/wp\/v2\/product"}],"about":[{"href":"https:\/\/researchchemicalstore.eu\/is\/wp-json\/wp\/v2\/types\/product"}],"replies":[{"embeddable":true,"href":"https:\/\/researchchemicalstore.eu\/is\/wp-json\/wp\/v2\/comments?post=24343"}],"version-history":[{"count":5,"href":"https:\/\/researchchemicalstore.eu\/is\/wp-json\/wp\/v2\/product\/24343\/revisions"}],"predecessor-version":[{"id":25978,"href":"https:\/\/researchchemicalstore.eu\/is\/wp-json\/wp\/v2\/product\/24343\/revisions\/25978"}],"wp:featuredmedia":[{"embeddable":true,"href":"https:\/\/researchchemicalstore.eu\/is\/wp-json\/wp\/v2\/media\/24680"}],"wp:attachment":[{"href":"https:\/\/researchchemicalstore.eu\/is\/wp-json\/wp\/v2\/media?parent=24343"}],"wp:term":[{"taxonomy":"product_brand","embeddable":true,"href":"https:\/\/researchchemicalstore.eu\/is\/wp-json\/wp\/v2\/product_brand?post=24343"},{"taxonomy":"product_cat","embeddable":true,"href":"https:\/\/researchchemicalstore.eu\/is\/wp-json\/wp\/v2\/product_cat?post=24343"},{"taxonomy":"product_tag","embeddable":true,"href":"https:\/\/researchchemicalstore.eu\/is\/wp-json\/wp\/v2\/product_tag?post=24343"}],"curies":[{"name":"wp","href":"https:\/\/api.w.org\/{rel}","templated":true}]}}