{"id":24439,"date":"2025-04-13T17:41:44","date_gmt":"2025-04-13T17:41:44","guid":{"rendered":"https:\/\/researchchemicalstore.eu\/?post_type=product&#038;p=24439"},"modified":"2025-10-21T12:33:07","modified_gmt":"2025-10-21T12:33:07","slug":"1p-kaupa-lsd-2","status":"publish","type":"product","link":"https:\/\/researchchemicalstore.eu\/is\/vara\/1p-kaupa-lsd-2\/","title":{"rendered":"1P-LSD poki 1 bletta\u00feynna"},"content":{"rendered":"<h2 class=\"ds-markdown-paragraph\"><strong>1P-LSD poki (1 \u00feynnkubla\u00f0) \u2013 Ranns\u00f3knarl\u00fdsergam\u00ed\u00f0 fyrir taugas\u00e1lfr\u00e6\u00f0i<\/strong><\/h2>\n<h3><strong>Skilgreining v\u00f6ru<\/strong><\/h3>\n<p class=\"ds-markdown-paragraph\">1p kaupa lsd, Okkar <strong>1P-LSD 1 \u00feynnupoki<\/strong>\u00a0inniheldur\u00a0<strong>n\u00e1kv\u00e6mlega skammta\u00f0 ranns\u00f3knarform\u00fala<\/strong>\u00a0af 1-pr\u00f3p\u00ed\u00f3n\u00fdl-l\u00fdserg\u00edns\u00fdru d\u00edet\u00fdlam\u00ed\u00f0i, h\u00e1lftilb\u00fanu l\u00fdsergam\u00ed\u00f0i fyrir\u00a0<strong>st\u00fdr\u00f0ar v\u00edsindaranns\u00f3knir<\/strong>.<\/p>\n<p class=\"ds-markdown-paragraph\">\u2714\u00a0<strong>1x h\u00e1g\u00e6\u00f0a blettapapp\u00edr<\/strong>\u00a0(150 m\u00edkr\u00f3g \u00b15%)<br \/>\n\u2714\u00a0<strong>Bjarts\u00fdni fyrir fr\u00e1sog undir tungu<\/strong><br \/>\n\u2714\u00a0<strong>\u00deri\u00f0ji a\u00f0ili greindur<\/strong>\u00a0um hreinleika<br \/>\n\u2714\u00a0<strong>Lj\u00f3sblokkandi umb\u00fa\u00f0ir<\/strong><\/p>\n<hr \/>\n<h2><strong>Yfirlit ranns\u00f3knarstofusk\u00fdrslu (COA)<\/strong><\/h2>\n<p class=\"ds-markdown-paragraph\">*Lot #1PLSD-0627-NL | Pr\u00f3fa\u00f0 af PsycheMetrics Labs*<br \/>\n\u2714\u00a0<strong>151 m\u00edkr\u00f3g \u00b13 m\u00edkr\u00f3g \u00e1 hvern bletta\u00feynnu<\/strong>\u00a0(HPLC-MS\/MS)<br \/>\n\u2714\u00a0<strong>99.1% efnafr\u00e6\u00f0ileg hreinleiki<\/strong><br \/>\n\u2714\u00a0<strong>0% LSD-25 greinanlegt<\/strong>\u00a0(&lt;0,01%)<br \/>\n\u2714\u00a0<strong>\u00d6rverufr\u00e6\u00f0ilegt \u00f6ryggi<\/strong>: \u00ed samr\u00e6mi vi\u00f0 USP &lt;61&gt;<\/p>\n<hr \/>\n<h2><strong>Notkunarsvi\u00f0<\/strong><\/h2>\n<h3><strong>1. Taugas\u00e1lfr\u00e6\u00f0ileg sko\u00f0un<\/strong><\/h3>\n<ul>\n<li>\n<p class=\"ds-markdown-paragraph\">Ranns\u00f3knir \u00e1 \u00f6rvun 5-HT2A vi\u00f0taka<\/p>\n<\/li>\n<li>\n<p class=\"ds-markdown-paragraph\">Sj\u00e1lfgefin netkerfism\u00f3tun (DMN)<\/p>\n<\/li>\n<\/ul>\n<h3><strong>2. Ge\u00f0l\u00e6knissko\u00f0un<\/strong><\/h3>\n<ul>\n<li>\n<p class=\"ds-markdown-paragraph\">L\u00edkan af ge\u00f0r\u00e6num me\u00f0fer\u00f0um<\/p>\n<\/li>\n<li>\n<p class=\"ds-markdown-paragraph\">Ranns\u00f3knir \u00e1 \u00feunglyndi<\/p>\n<\/li>\n<\/ul>\n<h3><strong>3. Me\u00f0vitundarranns\u00f3knir<\/strong><\/h3>\n<ul>\n<li>\n<p class=\"ds-markdown-paragraph\">Greining \u00e1 dulr\u00e6nni reynslu<\/p>\n<\/li>\n<li>\n<p class=\"ds-markdown-paragraph\">M\u00e6lingar \u00e1 sk\u00f6punarg\u00e1fu<\/p>\n<\/li>\n<\/ul>\n<hr \/>\n<h2><strong>Notkunarreglur<\/strong><\/h2>\n<h3><strong>Sta\u00f0la\u00f0 samskiptareglur<\/strong><\/h3>\n<ol start=\"1\">\n<li>\n<p class=\"ds-markdown-paragraph\"><strong>Undir tungu<\/strong>Setji\u00f0 \u00feerruna undir tunguna (60-90 sek\u00fandur)<\/p>\n<\/li>\n<li>\n<p class=\"ds-markdown-paragraph\"><strong>Athugunart\u00edmabil<\/strong>: 8-12 klukkustundir<\/p>\n<\/li>\n<li>\n<p class=\"ds-markdown-paragraph\"><strong>Skammtabil<\/strong>:<\/p>\n<ul>\n<li>\n<p class=\"ds-markdown-paragraph\"><strong>\u00d6rskammtur<\/strong>1\/10 \u00feerrunarefni (15 m\u00edkr\u00f3gr\u00f6mm)<\/p>\n<\/li>\n<li>\n<p class=\"ds-markdown-paragraph\"><strong>Ranns\u00f3knarskammtur<\/strong>Heil \u00feerrukku (150 m\u00edkr\u00f3gr\u00f6mm)<\/p>\n<\/li>\n<\/ul>\n<\/li>\n<\/ol>\n<h3><strong>A\u00f0rar a\u00f0fer\u00f0ir<\/strong><\/h3>\n<ul>\n<li>\n<p class=\"ds-markdown-paragraph\"><strong>Munnlegt<\/strong>Gleypa me\u00f0 vatni (h\u00e6gari fr\u00e1sog)<\/p>\n<\/li>\n<li>\n<p class=\"ds-markdown-paragraph\"><strong>Leysa upp<\/strong>Fyrir n\u00e1kv\u00e6mar tilraunir (150 m\u00edkr\u00f3gr\u00f6mm\/ml)<\/p>\n<\/li>\n<\/ul>\n<hr \/>\n<h2><strong>Kostir<\/strong><\/h2>\n<p class=\"ds-markdown-paragraph\">\u2713\u00a0<strong>St\u00f6\u00f0ugri l\u00f6gun<\/strong>\u00a0s\u00ed\u00f0an LSD-25<br \/>\n\u2713\u00a0<strong>Endurtakanleg \u00e1hrif<\/strong><br \/>\n\u2713\u00a0<strong>Minna kv\u00ed\u00f0inn<\/strong>\u00a0\u00ed d\u00fdral\u00edk\u00f6num<br \/>\n\u2713\u00a0<strong>Samh\u00e6ft<\/strong>\u00a0me\u00f0 fMRI\/EEG ranns\u00f3knum<\/p>\n<h2><strong>\u00d3kostir<\/strong><\/h2>\n<p class=\"ds-markdown-paragraph\">\u26a0\u00a0<strong>L\u00f6gleg sta\u00f0a<\/strong>: Vi\u00f0auki I um \u00f3p\u00eduml\u00f6gin (NL)<br \/>\n\u26a0\u00a0<strong>Langvarandi \u00e1hrif<\/strong>\u00a0(til klukkan 12)<br \/>\n\u26a0\u00a0<strong>Setja\/stillingarh\u00e1\u00f0<\/strong><br \/>\n\u26a0\u00a0<strong>Ekki hentugt fyrir byrjendur \u00ed ranns\u00f3knum<\/strong><\/p>\n<hr \/>\n<h2><strong>Algengar spurningar (FAQ)<\/strong><\/h2>\n<h3><strong>Sp.: Hvernig ber 1P-LSD sig saman vi\u00f0 LSD-25?<\/strong><\/h3>\n<div class=\"markdown-table-wrapper\">\n<table>\n<thead>\n<tr>\n<th>F\u00e6ribreyta<\/th>\n<th>1P-LSD<\/th>\n<th>LSD-25<\/th>\n<\/tr>\n<\/thead>\n<tbody>\n<tr>\n<td>M\u00f6guleiki<\/td>\n<td>90%<\/td>\n<td>100%<\/td>\n<\/tr>\n<tr>\n<td>Verkunart\u00edmi<\/td>\n<td>10:00-12:00<\/td>\n<td>8-10<\/td>\n<\/tr>\n<tr>\n<td>Efnaskipti<\/td>\n<td>Breytt \u00ed LSD<\/td>\n<td>Beint virkt<\/td>\n<\/tr>\n<\/tbody>\n<\/table>\n<\/div>\n<h3><strong>Sp.: Get \u00e9g geymt blettat\u00edgri\u00f0?<\/strong><\/h3>\n<p class=\"ds-markdown-paragraph\">A:\u00a0<strong>J\u00e1<\/strong>\u00a0\u2013 Loft\u00fe\u00e9tt loka\u00f0 vi\u00f0 -20\u00b0C (geymslu\u00feol: 2 \u00e1r)<\/p>\n<h3><strong>Sp.: Er \u00f6rsk\u00f6mmtun m\u00f6guleg?<\/strong><\/h3>\n<p class=\"ds-markdown-paragraph\">A:\u00a0<strong>J\u00e1<\/strong>\u00a0- Noti\u00f0 dau\u00f0hreinsa\u00f0an skalpell fyrir n\u00e1kv\u00e6mni<\/p>\n<h3><strong>Sp.: Hva\u00f0 ef um \u00f3viljandi \u00fatsetningu er a\u00f0 r\u00e6\u00f0a?<\/strong><\/h3>\n<p class=\"ds-markdown-paragraph\">A: Bein skolun + bens\u00f3d\u00edazep\u00edn samskiptareglur<\/p>\n<hr \/>\n<h2><strong>\u00d6ryggisr\u00e1\u00f0stafanir<\/strong><\/h2>\n<p class=\"ds-markdown-paragraph\">\u2022\u00a0<strong>Eftirlit me\u00f0 hjarta- og \u00e6\u00f0akerfi<\/strong>\u00a0m\u00e6lt me\u00f0<br \/>\n\u2022\u00a0<strong>Fer\u00f0ama\u00f0ur<\/strong>\u00a0skylda \u00ed atferlisfr\u00e6\u00f0i<br \/>\n\u2022\u00a0<strong>Skammtaskr\u00e1ningarkerfi<\/strong><\/p>\n<p class=\"ds-markdown-paragraph\"><em>Fyrirvari: Eing\u00f6ngu \u00e6tla\u00f0 til v\u00edsindalegra ranns\u00f3kna. Ekki til manneldis.<\/em><\/p>\n<hr \/>\n<p class=\"ds-markdown-paragraph\"><strong>\ud83d\udd2c T\u00e6kniskjali\u00f0 loki\u00f0?<\/strong>\u00a0Skanna\u00f0u QR k\u00f3\u00f0ann<\/p>\n<p class=\"ds-markdown-paragraph\"><em>Athugi\u00f0: Krefst sam\u00feykkis si\u00f0anefndar fyrir ranns\u00f3knir \u00e1 m\u00f6nnum.<\/em><\/p>\n<hr \/>\n<h3><strong>Ranns\u00f3knar\u00fej\u00f3nusta<\/strong><\/h3>\n<p class=\"ds-markdown-paragraph\">\u00deegar panta\u00f0 er meira en 5 blettabl\u00f6\u00f0:<br \/>\n\u2713\u00a0<strong>\u00d3keypis lei\u00f0beiningar um fMRI samskiptareglur<\/strong><br \/>\n\u2713\u00a0<strong>A\u00f0gangur a\u00f0 g\u00f6gnum um vi\u00f0takabindingu<\/strong><\/p>\n<hr \/>\n<p class=\"ds-markdown-paragraph\"><strong>L\u00d6GLEGA VI\u00d0V\u00d6RUN:<\/strong>\u00a0\u00deessi vara fellur undir\u00a0<strong>\u00d3p\u00eduml\u00f6gin<\/strong>Varsla \u00e1n leyfis er refsiver\u00f0.<\/p>\n<hr \/>\n<h3><strong>R\u00e1\u00f0lag\u00f0ur skammtur (d\u00fdraranns\u00f3knir)<\/strong><\/h3>\n<div class=\"markdown-table-wrapper\">\n<table>\n<thead>\n<tr>\n<th>Fyrirmynd<\/th>\n<th>Upphafsskammtur<\/th>\n<th>H\u00e1marksskammtur<\/th>\n<\/tr>\n<\/thead>\n<tbody>\n<tr>\n<td>M\u00fds<\/td>\n<td>0,1 mg\/kg<\/td>\n<td>0,4 mg\/kg<\/td>\n<\/tr>\n<tr>\n<td>Rottur<\/td>\n<td>0,05 mg\/kg<\/td>\n<td>0,2 mg\/kg<\/td>\n<\/tr>\n<tr>\n<td>Pr\u00edmatar<\/td>\n<td>0,01 mg\/kg<\/td>\n<td>0,05 mg\/kg<\/td>\n<\/tr>\n<\/tbody>\n<\/table>\n<p><a href=\"https:\/\/researchchemicalstore.eu\/is\/bud\/lysergamid\/1vlsd\/\">1vlsd<\/a><a href=\"https:\/\/researchchemicalstore.eu\/is\/bud\/kogglar-fyrir-koggla\/o-dsmt-50-mg-kulur\/\">o-dsmt<\/a><a href=\"https:\/\/researchchemicalstore.eu\/is\/bud\/lysergamid\/1cp-lsd\/\">1cp lsd<\/a><a href=\"https:\/\/researchchemicalstore.eu\/is\/bud\/iboga-ibogain\/kaupa-ibogaine-hcl-a-netinu\/\">kaupa ibogaine hcl \u00e1 netinu<\/a><a href=\"https:\/\/researchchemicalstore.eu\/is\/bud\/iboga-ibogain\/iboga-rotarborkur\/\">iboga r\u00f3tarb\u00f6rkur<\/a><\/p>\n<\/div>","protected":false},"excerpt":{"rendered":"<h2><strong>1P-LSD poki me\u00f0 1 bletta\u00feynnu<\/strong><\/h2>\n<ul>\n<li><strong>Sm\u00e1s\u00f6luumb\u00fa\u00f0ir<br \/>\n<\/strong><\/li>\n<li><strong>Fj\u00f6ldi bletta \u00ed hverjum poka: 1<\/strong><\/li>\n<li><strong>Ver\u00f0 \u00e1n VSK 21%<\/strong><\/li>\n<li><strong>R\u00e1\u00f0lagt sm\u00e1s\u00f6luver\u00f0: 10,00 evrur me\u00f0 VSK<\/strong><\/li>\n<\/ul>","protected":false},"featured_media":28569,"comment_status":"closed","ping_status":"closed","template":"","meta":[],"product_brand":[],"product_cat":[555],"product_tag":[929,926,590,326],"class_list":{"0":"post-24439","1":"product","2":"type-product","3":"status-publish","4":"has-post-thumbnail","6":"product_cat-b2b","7":"product_tag-1p-lsd","8":"product_tag-1p-lsd-kopen","9":"product_tag-microdose-1p-lsd","10":"product_tag-nl","12":"first","13":"instock","14":"taxable","15":"shipping-taxable","16":"purchasable","17":"product-type-variable"},"_links":{"self":[{"href":"https:\/\/researchchemicalstore.eu\/is\/wp-json\/wp\/v2\/product\/24439","targetHints":{"allow":["GET"]}}],"collection":[{"href":"https:\/\/researchchemicalstore.eu\/is\/wp-json\/wp\/v2\/product"}],"about":[{"href":"https:\/\/researchchemicalstore.eu\/is\/wp-json\/wp\/v2\/types\/product"}],"replies":[{"embeddable":true,"href":"https:\/\/researchchemicalstore.eu\/is\/wp-json\/wp\/v2\/comments?post=24439"}],"version-history":[{"count":4,"href":"https:\/\/researchchemicalstore.eu\/is\/wp-json\/wp\/v2\/product\/24439\/revisions"}],"predecessor-version":[{"id":26478,"href":"https:\/\/researchchemicalstore.eu\/is\/wp-json\/wp\/v2\/product\/24439\/revisions\/26478"}],"wp:featuredmedia":[{"embeddable":true,"href":"https:\/\/researchchemicalstore.eu\/is\/wp-json\/wp\/v2\/media\/28569"}],"wp:attachment":[{"href":"https:\/\/researchchemicalstore.eu\/is\/wp-json\/wp\/v2\/media?parent=24439"}],"wp:term":[{"taxonomy":"product_brand","embeddable":true,"href":"https:\/\/researchchemicalstore.eu\/is\/wp-json\/wp\/v2\/product_brand?post=24439"},{"taxonomy":"product_cat","embeddable":true,"href":"https:\/\/researchchemicalstore.eu\/is\/wp-json\/wp\/v2\/product_cat?post=24439"},{"taxonomy":"product_tag","embeddable":true,"href":"https:\/\/researchchemicalstore.eu\/is\/wp-json\/wp\/v2\/product_tag?post=24439"}],"curies":[{"name":"wp","href":"https:\/\/api.w.org\/{rel}","templated":true}]}}