{"id":24521,"date":"2025-04-13T17:41:54","date_gmt":"2025-04-13T17:41:54","guid":{"rendered":"https:\/\/researchchemicalstore.eu\/?post_type=product&#038;p=24521"},"modified":"2025-10-21T11:50:20","modified_gmt":"2025-10-21T11:50:20","slug":"efnaudi","status":"publish","type":"product","link":"https:\/\/researchchemicalstore.eu\/is\/vara\/efnaudi\/","title":{"rendered":"Chem-mist NOOPEPT \u00fa\u00f0i"},"content":{"rendered":"<h2><strong>Efna\u00feoka <\/strong><strong>\u00da\u00f0a <\/strong><strong>N\u00d3OPEPT 1,5 mg\u00a0<\/strong><\/h2>\n<p><strong>V\u00f6ruheiti:<\/strong> Efnafr\u00e6\u00f0ilegt \u00fa\u00f0aefni NOOPEPT 1,5 mg\/\u00fa\u00f0i<br \/>\n<strong>Efnisyfirlit:<\/strong>\u00a010 ml flaska (\u2248600 skammtar)<br \/>\n<strong>Einbeiting:<\/strong>\u00a01,5 mg af Noopept \u00ed hverjum \u00fa\u00f0a<br \/>\n<strong>Form\u00fala:<\/strong> H\u00e1\u00fer\u00f3u\u00f0 vatnslausn fyrir bestu m\u00f6gulegu st\u00f6\u00f0ugleika. <a title=\"1cP-LSD 150 MCG listabletti\" href=\"https:\/\/researchchemicalstore.eu\/is\/bud\/lysergamid\/1cp-lsd-150-mcg\/\" target=\"_blank\" rel=\"noopener\">1cP-LSD 150 MCG listabletti<\/a><\/p>\n<h3><strong>Helstu eiginleikar:<\/strong><\/h3>\n<p>\ud83d\udd2c\u00a0<strong>N\u00e1kv\u00e6m sk\u00f6mmtun<\/strong>\u00a0\u2013 1,5 mg af Noopept \u00ed hverjum kvar\u00f0a\u00f0a \u00fa\u00f0a<br \/>\n\ud83e\uddea\u00a0<strong>Ranns\u00f3knarform\u00fala<\/strong>\u00a0\u2013 Hentar fyrir lyfjafr\u00e6\u00f0ilegar ranns\u00f3knir<br \/>\n\ud83d\udca7\u00a0<strong>Nefgj\u00f6f<\/strong>\u00a0\u2013 Hr\u00f6\u00f0 upptaka fyrir ranns\u00f3knarverkefni<br \/>\n\ud83d\udcc6\u00a0<strong>Geymslu\u00feol:<\/strong> 18 m\u00e1nu\u00f0ir \u00f3opna\u00f0 (geymi\u00f0 vi\u00f0 15-25\u00b0C). <a title=\"O-DSMT 50 mg k\u00falur\" href=\"https:\/\/researchchemicalstore.eu\/is\/bud\/pellets\/o-dsmt-50-mg-kulur\/\" target=\"_blank\" rel=\"noopener\">O-DSMT 50 mg k\u00falur<\/a><\/p>\n<h3><strong>T\u00e6knilegar uppl\u00fdsingar:<\/strong><\/h3>\n<p>\u2022 CAS-n\u00famer: [157115-85-0]<br \/>\n\u2022 Sameindaform\u00fala: C16H27N3O3<br \/>\n\u2022 M\u00f3l\u00feyngd: 309,41 g\/m\u00f3l<\/p>\n<p>\u26a0\ufe0f\u00a0<strong>MIKILV\u00c6GT:<\/strong><br \/>\n\u2022 A\u00f0eins fyrir ranns\u00f3knir in vitro<br \/>\n\u2022 Ekki \u00e6tla\u00f0 til manneldisnotkunar <a href=\"http:\/\/google.nl\" target=\"_blank\" rel=\"noopener\">e\u00f0a<\/a> d\u00fdral\u00e6kningatilgangur<br \/>\n\u2022 Geymi\u00f0 \u00fear sem b\u00f6rn n\u00e1 ekki til.<a title=\"6-CL-ADBA\" href=\"https:\/\/researchchemicalstore.eu\/is\/bud\/naestum-bannad\/6-cl-adba\/\" target=\"_blank\" rel=\"noopener\">6-CL-ADBA<\/a><\/p>\n<ul>\n<li><strong>Sm\u00e1s\u00f6luumb\u00fa\u00f0ir<br \/>\n<\/strong><\/li>\n<li><strong>Magn af NOOPEPT mg \u00ed hverjum \u00fa\u00f0a: 1,5<\/strong><\/li>\n<li><strong>Ver\u00f0 \u00e1n VSK 21%<\/strong><\/li>\n<li><strong>R\u00e1\u00f0lagt sm\u00e1s\u00f6luver\u00f0: 24,95 evrur me\u00f0 VSK<\/strong><\/li>\n<\/ul>","protected":false},"excerpt":{"rendered":"<h2><strong>Chem-mist NOOPEPT 1,5 mg \u00fa\u00f0i<\/strong><\/h2>\n<ul>\n<li><strong>Sm\u00e1s\u00f6luumb\u00fa\u00f0ir<br \/>\n<\/strong><\/li>\n<li><strong>Magn af NOOPEPT mg \u00ed hverjum \u00fa\u00f0a: 1,5<\/strong><\/li>\n<li><strong>Ver\u00f0 \u00e1n VSK 21%<\/strong><\/li>\n<li><strong>R\u00e1\u00f0lagt sm\u00e1s\u00f6luver\u00f0: 24,95 evrur me\u00f0 VSK<\/strong><\/li>\n<\/ul>","protected":false},"featured_media":28758,"comment_status":"closed","ping_status":"closed","template":"","meta":[],"product_brand":[82],"product_cat":[555],"product_tag":[812,810,811,326,813,814,815],"class_list":{"0":"post-24521","1":"product","2":"type-product","3":"status-publish","4":"has-post-thumbnail","6":"product_brand-research-chemical","7":"product_cat-b2b","8":"product_tag-buy-noopept-spray","9":"product_tag-chem-mist-spray","10":"product_tag-chem-mist","11":"product_tag-nl","12":"product_tag-noopept-nasal-spray","13":"product_tag-noopept-nasal-spray-diy","14":"product_tag-noopept-nasal-spray-dosage","16":"first","17":"instock","18":"taxable","19":"shipping-taxable","20":"purchasable","21":"product-type-variable"},"_links":{"self":[{"href":"https:\/\/researchchemicalstore.eu\/is\/wp-json\/wp\/v2\/product\/24521","targetHints":{"allow":["GET"]}}],"collection":[{"href":"https:\/\/researchchemicalstore.eu\/is\/wp-json\/wp\/v2\/product"}],"about":[{"href":"https:\/\/researchchemicalstore.eu\/is\/wp-json\/wp\/v2\/types\/product"}],"replies":[{"embeddable":true,"href":"https:\/\/researchchemicalstore.eu\/is\/wp-json\/wp\/v2\/comments?post=24521"}],"version-history":[{"count":4,"href":"https:\/\/researchchemicalstore.eu\/is\/wp-json\/wp\/v2\/product\/24521\/revisions"}],"predecessor-version":[{"id":25947,"href":"https:\/\/researchchemicalstore.eu\/is\/wp-json\/wp\/v2\/product\/24521\/revisions\/25947"}],"wp:featuredmedia":[{"embeddable":true,"href":"https:\/\/researchchemicalstore.eu\/is\/wp-json\/wp\/v2\/media\/28758"}],"wp:attachment":[{"href":"https:\/\/researchchemicalstore.eu\/is\/wp-json\/wp\/v2\/media?parent=24521"}],"wp:term":[{"taxonomy":"product_brand","embeddable":true,"href":"https:\/\/researchchemicalstore.eu\/is\/wp-json\/wp\/v2\/product_brand?post=24521"},{"taxonomy":"product_cat","embeddable":true,"href":"https:\/\/researchchemicalstore.eu\/is\/wp-json\/wp\/v2\/product_cat?post=24521"},{"taxonomy":"product_tag","embeddable":true,"href":"https:\/\/researchchemicalstore.eu\/is\/wp-json\/wp\/v2\/product_tag?post=24521"}],"curies":[{"name":"wp","href":"https:\/\/api.w.org\/{rel}","templated":true}]}}