{"id":24912,"date":"2025-04-13T17:43:41","date_gmt":"2025-04-13T17:43:41","guid":{"rendered":"https:\/\/researchchemicalstore.eu\/?post_type=product&#038;p=24912"},"modified":"2025-10-21T09:46:04","modified_gmt":"2025-10-21T09:46:04","slug":"cbd-kulur-25-mg","status":"publish","type":"product","link":"https:\/\/researchchemicalstore.eu\/is\/vara\/cbd-kulur-25-mg\/","title":{"rendered":"CBD 25 mg k\u00falur"},"content":{"rendered":"<h2>CBD k\u00falur 25 mg<\/h2>\n<p>CBD-k\u00falur eru efni sem eing\u00f6ngu er selt \u00ed ranns\u00f3knarskyni og eru \u00fev\u00ed ekki \u00e6tla\u00f0ar til neyslu.<\/p>\n<p>CBD heldur st\u00f6\u00f0ugleika s\u00ednum \u00ed allt a\u00f0 2 \u00e1r vi\u00f0 geymslu <a href=\"http:\/\/google.nl\" target=\"_blank\" rel=\"noopener\">\u00ed<\/a> Geymt \u00ed r\u00e9ttu umhverfi. CBD er \u00e6tla\u00f0 \u00ed ranns\u00f3knarskyni en ekki til neyslu. \u00deess vegna er mikilv\u00e6gt a\u00f0 geyma v\u00f6runa \u00fear sem b\u00f6rn og g\u00e6lud\u00fdr n\u00e1 ekki til.<a title=\"1cP-LSD 150 MCG listabletti\" href=\"https:\/\/researchchemicalstore.eu\/is\/bud\/lysergamid\/1cp-lsd-150-mcg\/\" target=\"_blank\" rel=\"noopener\">1cP-LSD 150 MCG listabletti<\/a><\/p>\n<p>Vi\u00f0 bj\u00f3\u00f0um upp \u00e1 h\u00e1g\u00e6\u00f0a ranns\u00f3knarefni \u00e1 sanngj\u00f6rnu ver\u00f0i. P\u00f6ntunin \u00fe\u00edn ver\u00f0ur send innan s\u00f3larhrings alla daga. Panta\u00f0u n\u00fana! <em>CBD<\/em> \u00f6ruggt og hratt \u00ed gegnum bls.<a title=\"O-DSMT 50 mg k\u00falur\" href=\"https:\/\/researchchemicalstore.eu\/is\/bud\/pellets\/o-dsmt-50-mg-kulur\/\" target=\"_blank\" rel=\"noopener\">O-DSMT 50 mg k\u00falur<\/a><\/p>\n<h3>CBD eiginleikar<\/h3>\n<p><strong>Samheiti:<\/strong> Kannab\u00edd\u00ed\u00f3l<br \/>\n<strong>CAS-n\u00famer:<\/strong> ekki vi\u00f0<br \/>\n<strong>Form\u00fala:<\/strong> C<sub>21<\/sub>H<sub>30<\/sub>\u00d3<sub>2<\/sub><br \/>\n<strong>M\u00f3lmassi:<\/strong> ekki vi\u00f0<br \/>\n<strong>Hreinleiki:<\/strong> &gt;98%<\/p>\n<h3>H\u00e6ttuyfirl\u00fdsing<\/h3>\n<p>CBD getur valdi\u00f0 ertingu \u00ed \u00f6ndunarf\u00e6rum<br \/>\nCBD getur valdi\u00f0 ertingu \u00ed augum.<br \/>\n\u00dea\u00f0 er banna\u00f0 a\u00f0 losa ranns\u00f3knarefni \u00fat \u00ed umhverfi\u00f0.<a title=\"2C-EF 2 mg hylki\" href=\"https:\/\/researchchemicalstore.eu\/is\/bud\/fenetylamin\/2c-ef-2-mg-hylki\/\" target=\"_blank\" rel=\"noopener\">2C-EF 2 mg hylki<\/a><\/p>\n<p>EF \u00de\u00da ER\u00d0UR ME\u00d0 CBD \u00cd AUGUNUM: Skoli\u00f0 augun varlega me\u00f0 vatni \u00ed fimm m\u00edn\u00fatur. Fjarl\u00e6gi\u00f0 snertilinsur ef m\u00f6gulegt er.<\/p>\n<p>CBD \u00cd SNERTINGU VI\u00d0 H\u00da\u00d0: \u00devoi\u00f0 h\u00fa\u00f0ina me\u00f0 s\u00e1pu og vatni.<a title=\"1V-LSD 150 MCG \u00feynnur\" href=\"https:\/\/researchchemicalstore.eu\/is\/bud\/lysergamid\/1v-lsd-150-mcg-blotters\/\" target=\"_blank\" rel=\"noopener\">1V-LSD 150 MCG \u00feynnur<\/a><\/p>\n<p>VI\u00d0 INN\u00d6NDUN \u00c1 CBD: F\u00e6ri\u00f0 vi\u00f0komandi \u00fat \u00ed ferskt loft og komi\u00f0 honum fyrir \u00ed \u00fe\u00e6gilegri \u00f6ndunarstellingu.<a title=\"2-CMC 250 mg k\u00falur\" href=\"https:\/\/researchchemicalstore.eu\/is\/bud\/katinon\/kaupa-2-cm\/\" target=\"_blank\" rel=\"noopener\">2-CMC 250 mg k\u00falur<\/a><\/p>","protected":false},"excerpt":{"rendered":"<h3>CBD eiginleikar<\/h3>\n<p><strong>Samheiti:<\/strong> Kannab\u00edd\u00ed\u00f3l<br \/>\n<strong>CAS-n\u00famer:<\/strong> ekki vi\u00f0<br \/>\n<strong>Form\u00fala:<\/strong> C<sub>21<\/sub>H<sub>30<\/sub>\u00d3<sub>2<\/sub><br \/>\n<strong>M\u00f3lmassi:<\/strong> ekki vi\u00f0<br \/>\n<strong>Hreinleiki:<\/strong> &gt;98%<\/p>","protected":false},"featured_media":28750,"comment_status":"closed","ping_status":"closed","template":"","meta":[],"product_brand":[82],"product_cat":[422,423,336,324],"product_tag":[735,736,737,732,733,734,326],"class_list":{"0":"post-24912","1":"product","2":"type-product","3":"status-publish","4":"has-post-thumbnail","6":"product_brand-research-chemical","7":"product_cat-cbd","8":"product_cat-cbd-pellets","9":"product_cat-overig","10":"product_cat-pellets-for-pellet","11":"product_tag-benefits-of-cbd-pellets-for-horses","12":"product_tag-best-cbd-pellets-for-horses","13":"product_tag-can-your-horse-test-positive-using-cbd-pellets","14":"product_tag-cbd-pellets","15":"product_tag-cbd-pellets-ervaringen","16":"product_tag-cbd-pellets-for-horses","17":"product_tag-nl","19":"first","20":"instock","21":"taxable","22":"shipping-taxable","23":"purchasable","24":"product-type-variable"},"_links":{"self":[{"href":"https:\/\/researchchemicalstore.eu\/is\/wp-json\/wp\/v2\/product\/24912","targetHints":{"allow":["GET"]}}],"collection":[{"href":"https:\/\/researchchemicalstore.eu\/is\/wp-json\/wp\/v2\/product"}],"about":[{"href":"https:\/\/researchchemicalstore.eu\/is\/wp-json\/wp\/v2\/types\/product"}],"replies":[{"embeddable":true,"href":"https:\/\/researchchemicalstore.eu\/is\/wp-json\/wp\/v2\/comments?post=24912"}],"version-history":[{"count":5,"href":"https:\/\/researchchemicalstore.eu\/is\/wp-json\/wp\/v2\/product\/24912\/revisions"}],"predecessor-version":[{"id":25867,"href":"https:\/\/researchchemicalstore.eu\/is\/wp-json\/wp\/v2\/product\/24912\/revisions\/25867"}],"wp:featuredmedia":[{"embeddable":true,"href":"https:\/\/researchchemicalstore.eu\/is\/wp-json\/wp\/v2\/media\/28750"}],"wp:attachment":[{"href":"https:\/\/researchchemicalstore.eu\/is\/wp-json\/wp\/v2\/media?parent=24912"}],"wp:term":[{"taxonomy":"product_brand","embeddable":true,"href":"https:\/\/researchchemicalstore.eu\/is\/wp-json\/wp\/v2\/product_brand?post=24912"},{"taxonomy":"product_cat","embeddable":true,"href":"https:\/\/researchchemicalstore.eu\/is\/wp-json\/wp\/v2\/product_cat?post=24912"},{"taxonomy":"product_tag","embeddable":true,"href":"https:\/\/researchchemicalstore.eu\/is\/wp-json\/wp\/v2\/product_tag?post=24912"}],"curies":[{"name":"wp","href":"https:\/\/api.w.org\/{rel}","templated":true}]}}