{"id":24941,"date":"2025-04-13T17:43:52","date_gmt":"2025-04-13T17:43:52","guid":{"rendered":"https:\/\/researchchemicalstore.eu\/?post_type=product&#038;p=24941"},"modified":"2025-10-18T15:46:07","modified_gmt":"2025-10-18T15:46:07","slug":"kaupa-2-cm","status":"publish","type":"product","link":"https:\/\/researchchemicalstore.eu\/is\/vara\/kaupa-2-cm\/","title":{"rendered":"2-CMC 250 mg k\u00falur"},"content":{"rendered":"<h1 class=\"ds-markdown-paragraph\"><strong>2-CMC 250 mg k\u00falur \u2013 Ranns\u00f3knarefni af fyrsta flokks g\u00e6\u00f0um<\/strong><\/h1>\n<p>kaupa 2 cm<\/p>\n<h3><strong>\ud83d\udd2c V\u00f6ruuppl\u00fdsingar<\/strong><\/h3>\n<ul>\n<li>\n<p class=\"ds-markdown-paragraph\"><strong>Heiti efnis:<\/strong>\u00a02-kl\u00f3rmetkat\u00edn\u00f3n (2-CMC)<\/p>\n<\/li>\n<li>\n<p class=\"ds-markdown-paragraph\"><strong>Skammtar:<\/strong>\u00a0250 mg \u00ed hverri k\u00falu (n\u00e1kv\u00e6mlega skammta\u00f0)<\/p>\n<\/li>\n<li>\n<p class=\"ds-markdown-paragraph\"><strong>Ey\u00f0ubla\u00f0:<\/strong>\u00a0Kringl\u00f3ttar, einsleitar k\u00falur (\u00d8 6 mm)<\/p>\n<\/li>\n<li>\n<p class=\"ds-markdown-paragraph\"><strong>Hreinleiki:<\/strong>\u00a0\u226598% (GC-MS greint)<\/p>\n<\/li>\n<li>\n<p class=\"ds-markdown-paragraph\"><strong>Litur:<\/strong>\u00a0Lj\u00f3sgr\u00e1r til hv\u00edtur<\/p>\n<\/li>\n<li>\n<p class=\"ds-markdown-paragraph\"><strong>St\u00f6\u00f0ugleiki:<\/strong>\u00a0Langur geymslu\u00feol vi\u00f0 r\u00e9tta geymslu<\/p>\n<\/li>\n<\/ul>\n<h3><strong>\ud83e\uddea Ranns\u00f3knartilgangur<\/strong><\/h3>\n<p class=\"ds-markdown-paragraph\">\u2714\u00a0<strong>Taugaefnafr\u00e6\u00f0ilegar ranns\u00f3knir<\/strong>\u00a0\u2013 Milliverkanir d\u00f3pam\u00edns\/noradrenal\u00edns flutningspr\u00f3teina<br \/>\n\u2714\u00a0<strong>R\u00e9ttarmeinafr\u00e6\u00f0ileg greining<\/strong>\u00a0\u2013 Tilv\u00edsunarefni fyrir lyfjapr\u00f3fanir<br \/>\n\u2714\u00a0<strong>Lyfjafr\u00e6\u00f0ilegar ranns\u00f3knir<\/strong>\u00a0\u2013 Tengsl uppbyggingar og virkni<\/p>\n<h3><strong>\u2697\ufe0f G\u00e6\u00f0aeftirlit<\/strong><\/h3>\n<ul>\n<li>\n<p class=\"ds-markdown-paragraph\">Lotubundi\u00f0\u00a0<strong>Greiningarvottor\u00f0<\/strong>\u00a0innifali\u00f0<\/p>\n<\/li>\n<li>\n<p class=\"ds-markdown-paragraph\">Framlei\u00f0sla \u00ed GMP-vottu\u00f0u umhverfi<\/p>\n<\/li>\n<li>\n<p class=\"ds-markdown-paragraph\">Engin greinanleg \u00f3hreinindi (&lt;0,5%)<\/p>\n<\/li>\n<\/ul>\n<h3><strong>\u26a0\ufe0f \u00d6ryggisreglur<\/strong><\/h3>\n<ul>\n<li>\n<p class=\"ds-markdown-paragraph\"><strong>A\u00d0EINS \u00cd V\u00cdSINDALEGUM RANNS\u00d3KNARTILGANGI<\/strong><\/p>\n<\/li>\n<li>\n<p class=\"ds-markdown-paragraph\"><strong>Ekki \u00e6tla\u00f0 til notkunar fyrir menn e\u00f0a d\u00fdr<\/strong><\/p>\n<\/li>\n<li>\n<p class=\"ds-markdown-paragraph\"><strong>L\u00f6gbo\u00f0nar \u00f6ryggisr\u00e1\u00f0stafanir:<\/strong><\/p>\n<ul>\n<li>\n<p class=\"ds-markdown-paragraph\">Hanskar og ranns\u00f3knarstofusloppur<\/p>\n<\/li>\n<li>\n<p class=\"ds-markdown-paragraph\">Vinni\u00f0 vi\u00f0 loftr\u00e6star a\u00f0st\u00e6\u00f0ur, kaupi\u00f0 2 cm3<\/p>\n<\/li>\n<\/ul>\n<\/li>\n<\/ul>\n<h3><strong>\ud83c\udf21 Geymslur\u00e1\u00f0<\/strong><\/h3>\n<ul>\n<li>\n<p class=\"ds-markdown-paragraph\"><strong>Loft\u00fe\u00e9tt<\/strong>\u00a0umb\u00fa\u00f0ir<\/p>\n<\/li>\n<li>\n<p class=\"ds-markdown-paragraph\"><strong>Kalt og dimmt<\/strong>\u00a0(4-8\u00b0C \u00e1kj\u00f3sanlegt)<\/p>\n<\/li>\n<li>\n<p class=\"ds-markdown-paragraph\"><strong>Raka- og lj\u00f3sfr\u00edtt<\/strong>\u00a0vista<\/p>\n<\/li>\n<\/ul>\n<h3><strong>\ud83d\udce6 Umb\u00fa\u00f0avalkostir<\/strong><\/h3>\n<div class=\"markdown-table-wrapper\">\n<table>\n<thead>\n<tr>\n<th>Magn<\/th>\n<th>Tegund umb\u00fa\u00f0a<\/th>\n<\/tr>\n<\/thead>\n<tbody>\n<tr>\n<td>10 k\u00falur<\/td>\n<td>Loftt\u00e6md innsiglu\u00f0 \u00feynna<\/td>\n<\/tr>\n<tr>\n<td>50 k\u00falur<\/td>\n<td>Loft\u00fe\u00e9tt HDPE \u00edl\u00e1t<\/td>\n<\/tr>\n<tr>\n<td>100+ k\u00falur<\/td>\n<td>Magnpakkning (eftir bei\u00f0ni)<\/td>\n<\/tr>\n<\/tbody>\n<\/table>\n<\/div>\n<h3><strong>\ud83d\udccc L\u00f6gleg sta\u00f0a<\/strong><\/h3>\n<ul>\n<li>\n<p class=\"ds-markdown-paragraph\">Eing\u00f6ngu fyrir\u00a0<strong>h\u00e6fir v\u00edsindamenn<\/strong><\/p>\n<\/li>\n<li>\n<p class=\"ds-markdown-paragraph\">Ekki \u00e6tla\u00f0 til neyslu<\/p>\n<\/li>\n<li>\n<p class=\"ds-markdown-paragraph\">Kaupandi ber \u00e1byrg\u00f0 \u00e1 gildandi l\u00f6gum<\/p>\n<\/li>\n<\/ul>\n<h3><strong>\ud83d\udd0d T\u00e6knileg a\u00f0sto\u00f0<\/strong><\/h3>\n<ul>\n<li>\n<p class=\"ds-markdown-paragraph\">\u00d3keypis\u00a0<strong>\u00d6ryggisbla\u00f0<\/strong>\u00a0tilt\u00e6kt<\/p>\n<\/li>\n<li>\n<p class=\"ds-markdown-paragraph\">NMR og HPLC g\u00f6gn eru f\u00e1anleg ef \u00f3ska\u00f0 er<\/p>\n<\/li>\n<li>\n<p class=\"ds-markdown-paragraph\">Ranns\u00f3knarr\u00e1\u00f0gj\u00f6f m\u00f6guleg, <a href=\"https:\/\/researchchemicalstore.eu\/is\/bud\/iboga-ibogain\/kaupa-ibogaine-hcl-a-netinu\/\">Kaupa \u00edb\u00f3gain HCL<\/a><a href=\"https:\/\/researchchemicalstore.eu\/is\/bud\/iboga-ibogain\/iboga-rotarborkur\/\">Iboga r\u00f3tarb\u00f6rkur<\/a><a href=\"https:\/\/researchchemicalstore.eu\/is\/bud\/lysergamid\/1cp-lsd\/\">1cP-LSD 150 MCG listabletti<\/a><a href=\"https:\/\/researchchemicalstore.eu\/is\/bud\/pellets\/o-dsmt-50-mg-kulur\/\">O-DSMT 50 mg k\u00falur<\/a><a href=\"https:\/\/researchchemicalstore.eu\/is\/bud\/lysergamid\/1v-lsd-150-mcg-blotters\/\">1V-LSD 150 MCG \u00feynnur<\/a><\/p>\n<\/li>\n<\/ul>","protected":false},"excerpt":{"rendered":"<h2>2-CMC eiginleikar<\/h2>\n<p><strong>CAS-n\u00famer<\/strong>: 1246911-71-6<br \/>\n<strong>Form\u00fala<\/strong>C11h15NO \u2022 HCL<br \/>\n<strong>M\u00f3lmassi<\/strong>: 177.247<br \/>\n<strong>Hreinleiki<\/strong>: \u226599%<\/p>","protected":false},"featured_media":28590,"comment_status":"closed","ping_status":"closed","template":"","meta":[],"product_brand":[],"product_cat":[371,421,322,79,324],"product_tag":[561,562,326],"class_list":{"0":"post-24941","1":"product","2":"type-product","3":"status-publish","4":"has-post-thumbnail","6":"product_cat-2-cmc-kopen","7":"product_cat-2-cmc-pellets","8":"product_cat-bijna-verboden","9":"product_cat-cathinonen","10":"product_cat-pellets-for-pellet","11":"product_tag-2-cmc-kopen","12":"product_tag-2-cmc-pellets-kopen","13":"product_tag-nl","15":"first","16":"instock","17":"taxable","18":"shipping-taxable","19":"purchasable","20":"product-type-variable"},"_links":{"self":[{"href":"https:\/\/researchchemicalstore.eu\/is\/wp-json\/wp\/v2\/product\/24941","targetHints":{"allow":["GET"]}}],"collection":[{"href":"https:\/\/researchchemicalstore.eu\/is\/wp-json\/wp\/v2\/product"}],"about":[{"href":"https:\/\/researchchemicalstore.eu\/is\/wp-json\/wp\/v2\/types\/product"}],"replies":[{"embeddable":true,"href":"https:\/\/researchchemicalstore.eu\/is\/wp-json\/wp\/v2\/comments?post=24941"}],"version-history":[{"count":6,"href":"https:\/\/researchchemicalstore.eu\/is\/wp-json\/wp\/v2\/product\/24941\/revisions"}],"predecessor-version":[{"id":26269,"href":"https:\/\/researchchemicalstore.eu\/is\/wp-json\/wp\/v2\/product\/24941\/revisions\/26269"}],"wp:featuredmedia":[{"embeddable":true,"href":"https:\/\/researchchemicalstore.eu\/is\/wp-json\/wp\/v2\/media\/28590"}],"wp:attachment":[{"href":"https:\/\/researchchemicalstore.eu\/is\/wp-json\/wp\/v2\/media?parent=24941"}],"wp:term":[{"taxonomy":"product_brand","embeddable":true,"href":"https:\/\/researchchemicalstore.eu\/is\/wp-json\/wp\/v2\/product_brand?post=24941"},{"taxonomy":"product_cat","embeddable":true,"href":"https:\/\/researchchemicalstore.eu\/is\/wp-json\/wp\/v2\/product_cat?post=24941"},{"taxonomy":"product_tag","embeddable":true,"href":"https:\/\/researchchemicalstore.eu\/is\/wp-json\/wp\/v2\/product_tag?post=24941"}],"curies":[{"name":"wp","href":"https:\/\/api.w.org\/{rel}","templated":true}]}}