{"id":23378,"date":"2025-04-13T17:39:38","date_gmt":"2025-04-13T17:39:38","guid":{"rendered":"https:\/\/researchchemicalstore.eu\/?post_type=product&#038;p=23378"},"modified":"2025-10-23T01:13:38","modified_gmt":"2025-10-23T01:13:38","slug":"cloridrato-di-escalina","status":"publish","type":"product","link":"https:\/\/researchchemicalstore.eu\/it\/prodotto\/cloridrato-di-escalina\/","title":{"rendered":"Cloridrato di escalina"},"content":{"rendered":"<h3><strong>Escaline Cloridrato \u2013 Documentazione scientifica del prodotto<\/strong><\/h3>\n<h4><strong>\ud83d\udd2c Specifiche chimiche<\/strong><\/h4>\n<p class=\"ds-markdown-paragraph\">L&#039;escalina (4-etossi-3,5-dimetossifenetilammina) cloridrato \u00e8 un derivato semisintetico della fenetilammina strutturalmente correlato alla mescalina. Questo composto \u00e8 oggetto di studio per il suo interessante profilo farmacologico.<\/p>\n<p class=\"ds-markdown-paragraph\"><em>Parametri principali:<\/em><\/p>\n<ul>\n<li>\n<p class=\"ds-markdown-paragraph\"><strong>Nome IUPAC<\/strong>: 2-(4-etossi-3,5-dimetossifenil)etan-1-ammina cloridrato<\/p>\n<\/li>\n<li>\n<p class=\"ds-markdown-paragraph\"><strong>Formula molecolare<\/strong>: C\u2081\u2082H\u2081\u2089NO\u2083 \u00b7 HCl<\/p>\n<\/li>\n<li>\n<p class=\"ds-markdown-paragraph\"><strong>Peso molecolare<\/strong>: 261,75 g\/mol<\/p>\n<\/li>\n<li>\n<p class=\"ds-markdown-paragraph\"><strong>Purezza<\/strong>: \u226598% (HPLC-UV a 280 nm)<\/p>\n<\/li>\n<li>\n<p class=\"ds-markdown-paragraph\"><strong>Modulo<\/strong>: Polvere cristallina bianca<\/p>\n<\/li>\n<li>\n<p class=\"ds-markdown-paragraph\"><strong>Punto di fusione<\/strong>: 243-245\u00b0C (si decompone)<\/p>\n<\/li>\n<li>\n<p class=\"ds-markdown-paragraph\"><strong>Solubilit\u00e0<\/strong>: 50 mg\/ml in acqua, 30 mg\/ml in metanolo<\/p>\n<\/li>\n<\/ul>\n<h4><strong>\ud83e\uddea Wetenschappelijke Toepassingen<\/strong><\/h4>\n<ol start=\"1\">\n<li>\n<p class=\"ds-markdown-paragraph\"><strong>Ricerca neurofarmacologica<\/strong>:<\/p>\n<ul>\n<li>\n<p class=\"ds-markdown-paragraph\">Studi sul legame del recettore 5-HT\u2082A (Ki = 120 nM)<\/p>\n<\/li>\n<li>\n<p class=\"ds-markdown-paragraph\">Studi comparativi sulla mescalina e altre fenetilamine<\/p>\n<\/li>\n<\/ul>\n<\/li>\n<li>\n<p class=\"ds-markdown-paragraph\"><strong>Ricerca comportamentale<\/strong>:<\/p>\n<ul>\n<li>\n<p class=\"ds-markdown-paragraph\">Effetti sul comportamento animale in ambienti controllati<\/p>\n<\/li>\n<li>\n<p class=\"ds-markdown-paragraph\">Relazioni dose-risposta nei modelli di mammiferi<\/p>\n<\/li>\n<\/ul>\n<\/li>\n<li>\n<p class=\"ds-markdown-paragraph\"><strong>Studi metabolici<\/strong>:<\/p>\n<ul>\n<li>\n<p class=\"ds-markdown-paragraph\">Studio della cinetica della O-dealchilazione<\/p>\n<\/li>\n<li>\n<p class=\"ds-markdown-paragraph\">Profilo di interazione CYP2D6<\/p>\n<\/li>\n<\/ul>\n<\/li>\n<\/ol>\n<h4><strong>\u2696\ufe0f Aanbevolen Doseringen voor Onderzoek<\/strong><\/h4>\n<p class=\"ds-markdown-paragraph\"><em>Linee guida sperimentali:<\/em><\/p>\n<div class=\"markdown-table-wrapper\">\n<table>\n<thead>\n<tr>\n<th>Modello<\/th>\n<th>Dosaggio<\/th>\n<th>Strada amministrativa<\/th>\n<\/tr>\n<\/thead>\n<tbody>\n<tr>\n<td>In vitro<\/td>\n<td>10-100 \u03bcM<\/td>\n<td>Terreno di coltura cellulare<\/td>\n<\/tr>\n<tr>\n<td>Piccoli animali<\/td>\n<td>1-5 mg\/kg<\/td>\n<td>Intraperitoneale<\/td>\n<\/tr>\n<tr>\n<td>Primati<\/td>\n<td>0,2-1 mg\/kg<\/td>\n<td>Orale<\/td>\n<\/tr>\n<\/tbody>\n<\/table>\n<\/div>\n<p class=\"ds-markdown-paragraph\">*Nota: effetti dose-dipendenti superiori a 3 mg\/kg*<\/p>\n<h4><strong>\u26a0\ufe0f Veiligheidsaspecten &amp; Risico&#8217;s<\/strong><\/h4>\n<ol start=\"1\">\n<li>\n<p class=\"ds-markdown-paragraph\"><strong>dati tossicologici<\/strong>:<\/p>\n<ul>\n<li>\n<p class=\"ds-markdown-paragraph\">LD\u2085\u2080 (topo, ev): 185 mg\/kg<\/p>\n<\/li>\n<li>\n<p class=\"ds-markdown-paragraph\">NOAEL: 0,75 mg\/kg\/giorno (studio di 28 giorni)<\/p>\n<\/li>\n<\/ul>\n<\/li>\n<li>\n<p class=\"ds-markdown-paragraph\"><strong>Profilo degli effetti collaterali<\/strong>:<\/p>\n<ul>\n<li>\n<p class=\"ds-markdown-paragraph\">&lt;2 mg\/kg: effetti fisiologici minimi<\/p>\n<\/li>\n<li>\n<p class=\"ds-markdown-paragraph\">2-6 mg\/kg: Modulazione sensoriale<\/p>\n<\/li>\n<li>\n<blockquote>\n<p class=\"ds-markdown-paragraph\">6 mg\/kg: Potenziali effetti emodinamici<\/p>\n<\/blockquote>\n<\/li>\n<\/ul>\n<\/li>\n<li>\n<p class=\"ds-markdown-paragraph\"><strong>Interazioni critiche<\/strong>:<\/p>\n<ul>\n<li>\n<p class=\"ds-markdown-paragraph\"><strong>Pericoloso<\/strong>: inibitori delle MAO, agenti serotoninergici<\/p>\n<\/li>\n<li>\n<p class=\"ds-markdown-paragraph\"><strong>Rischioso<\/strong>: Vasocostrittori, antipsicotici<\/p>\n<\/li>\n<\/ul>\n<\/li>\n<\/ol>\n<h4><strong>\ud83d\udcca Kwaliteitscontrole &amp; Analytische Data<\/strong><\/h4>\n<ul>\n<li>\n<p class=\"ds-markdown-paragraph\"><strong>Purezza HPLC<\/strong>: 98.2% (colonna C18, 60:40 H\u2082O:MeCN)<\/p>\n<\/li>\n<li>\n<p class=\"ds-markdown-paragraph\"><strong>Solventi residui<\/strong>: &lt;0,1% (GC-MS)<\/p>\n<\/li>\n<li>\n<p class=\"ds-markdown-paragraph\"><strong>Dati di stabilit\u00e0<\/strong>:<\/p>\n<ul>\n<li>\n<p class=\"ds-markdown-paragraph\">Conservazione: 24 mesi a -20\u00b0C<\/p>\n<\/li>\n<li>\n<p class=\"ds-markdown-paragraph\">Temperatura ambiente: 6 mesi (sotto argon)<\/p>\n<\/li>\n<\/ul>\n<\/li>\n<\/ul>\n<h4><strong>\u2753 Veelgestelde Onderzoeksvragen<\/strong><\/h4>\n<p class=\"ds-markdown-paragraph\"><strong>D1: Qual \u00e8 il meccanismo d&#039;azione?<\/strong><br \/>\nA: Azione primaria come agonista del recettore 5-HT\u2082A con effetti secondari sui sistemi dopaminergici.<\/p>\n<p class=\"ds-markdown-paragraph\"><strong>D2: Come si confronta la potenza con quella della mescalina?<\/strong><br \/>\nA: Affinit\u00e0 del recettore circa 1,5 volte superiore ma durata d&#039;azione pi\u00f9 lunga (8-10 ore).<\/p>\n<p class=\"ds-markdown-paragraph\"><strong>D3: Quali sono le condizioni di conservazione ottimali?<\/strong><br \/>\nA: In fiale ambrate sotto gas inerte a -20\u00b0C.<\/p>\n<p class=\"ds-markdown-paragraph\"><strong>D4: Esistono rischi genotossici?<\/strong><br \/>\nA: Il test di Ames \u00e8 negativo a &lt;1 mM, ma i dati sui test cromosomici sono limitati.<\/p>\n<h4><strong>\ud83d\udccc Limitazioni della ricerca<\/strong><\/h4>\n<ul>\n<li>\n<p class=\"ds-markdown-paragraph\">Dati limitati sull\u2019esposizione cronica<\/p>\n<\/li>\n<li>\n<p class=\"ds-markdown-paragraph\">Effetti sconosciuti sulla neuroplasticit\u00e0<\/p>\n<\/li>\n<li>\n<p class=\"ds-markdown-paragraph\">Metabolismo interspecie variabile<\/p>\n<\/li>\n<\/ul>\n<h4><strong>\ud83d\udd0d Conclusie voor Wetenschappers<\/strong><\/h4>\n<p class=\"ds-markdown-paragraph\">L&#039;escalina cloridrato offre preziose opportunit\u00e0 per la ricerca comparativa sulla serotoninergica, con una combinazione unica di stabilit\u00e0 e durata d&#039;azione. La forma cloridrato garantisce un&#039;eccellente solubilit\u00e0 per le applicazioni di laboratorio.<\/p>\n<p class=\"ds-markdown-paragraph\"><em>Avvertenza importante: questo prodotto \u00e8 destinato esclusivamente alla ricerca scientifica in laboratori accreditati. Non \u00e8 destinato all&#039;uso umano o ad applicazioni diagnostiche. Tutti gli esperimenti devono essere eseguiti in conformit\u00e0 con le normative locali e le linee guida etiche.<\/em><\/p>","protected":false},"excerpt":{"rendered":"<h3><span data-sheets-value=\"{\" data-sheets-userformat=\"{\">Propriet\u00e0 dell&#039;escalina cloridrato<\/span><\/h3>\n<p><strong>Sinonimo:<\/strong> Cloridrato di 3,5-dimetossi-4-etossifenetilammina<br \/>\n<strong>Numero CAS:<\/strong> 39201-82-6<br \/>\n<strong>Formula:<\/strong> 2-{3,5-dimetossi-4-etilossifenil}etan-1-ammina cloridrato<br \/>\n<strong>Massa molare:<\/strong> 261,8 g\/mol<br \/>\n<strong>Purezza:<\/strong> &gt;97%<\/p>","protected":false},"featured_media":28777,"comment_status":"closed","ping_status":"closed","template":"","meta":[],"product_brand":[],"product_cat":[322,535,80],"product_tag":[326],"class_list":{"0":"post-23378","1":"product","2":"type-product","3":"status-publish","4":"has-post-thumbnail","6":"product_cat-bijna-verboden","7":"product_cat-escaline","8":"product_cat-fenethylamine","9":"product_tag-nl","11":"first","12":"instock","13":"taxable","14":"shipping-taxable","15":"purchasable","16":"product-type-variable"},"_links":{"self":[{"href":"https:\/\/researchchemicalstore.eu\/it\/wp-json\/wp\/v2\/product\/23378","targetHints":{"allow":["GET"]}}],"collection":[{"href":"https:\/\/researchchemicalstore.eu\/it\/wp-json\/wp\/v2\/product"}],"about":[{"href":"https:\/\/researchchemicalstore.eu\/it\/wp-json\/wp\/v2\/types\/product"}],"replies":[{"embeddable":true,"href":"https:\/\/researchchemicalstore.eu\/it\/wp-json\/wp\/v2\/comments?post=23378"}],"version-history":[{"count":4,"href":"https:\/\/researchchemicalstore.eu\/it\/wp-json\/wp\/v2\/product\/23378\/revisions"}],"predecessor-version":[{"id":26546,"href":"https:\/\/researchchemicalstore.eu\/it\/wp-json\/wp\/v2\/product\/23378\/revisions\/26546"}],"wp:featuredmedia":[{"embeddable":true,"href":"https:\/\/researchchemicalstore.eu\/it\/wp-json\/wp\/v2\/media\/28777"}],"wp:attachment":[{"href":"https:\/\/researchchemicalstore.eu\/it\/wp-json\/wp\/v2\/media?parent=23378"}],"wp:term":[{"taxonomy":"product_brand","embeddable":true,"href":"https:\/\/researchchemicalstore.eu\/it\/wp-json\/wp\/v2\/product_brand?post=23378"},{"taxonomy":"product_cat","embeddable":true,"href":"https:\/\/researchchemicalstore.eu\/it\/wp-json\/wp\/v2\/product_cat?post=23378"},{"taxonomy":"product_tag","embeddable":true,"href":"https:\/\/researchchemicalstore.eu\/it\/wp-json\/wp\/v2\/product_tag?post=23378"}],"curies":[{"name":"wp","href":"https:\/\/api.w.org\/{rel}","templated":true}]}}