{"id":23553,"date":"2025-04-13T17:39:57","date_gmt":"2025-04-13T17:39:57","guid":{"rendered":"https:\/\/researchchemicalstore.eu\/?post_type=product&#038;p=23553"},"modified":"2025-10-22T16:03:06","modified_gmt":"2025-10-22T16:03:06","slug":"1b-lsd-l-tartrato-puro","status":"publish","type":"product","link":"https:\/\/researchchemicalstore.eu\/it\/prodotto\/1b-lsd-l-tartrato-puro\/","title":{"rendered":"1B-LSD L-tartrato puro"},"content":{"rendered":"<h1><strong>1B-LSD L-Tartrato Puro \u2013 Lisergamide di Alta Qualit\u00e0 per la Ricerca Scientifica<\/strong><\/h1>\n<p><strong>Nome del prodotto:<\/strong> 1B-LSD L-tartrato<br \/>\n<strong>Nome chimico:<\/strong> L-tartrato di dietilamide dell&#039;acido 1-butanoil-lisergico<br \/>\n<strong>Formula:<\/strong> C23H29N3O2 C4H6O6<br \/>\n<strong>Peso molecolare:<\/strong> 495,57 g\/mol<br \/>\n<strong>Modulo:<\/strong> Polvere cristallina bianca<br \/>\n<strong>Purezza:<\/strong> \u226599% (certificato HPLC)<br \/>\n<strong>Tipo:<\/strong> Grado di ricerca - Non destinato al consumo umano<\/p>\n<hr \/>\n<h2><strong>Che cosa \u00e8 l&#039;1B-LSD L-tartrato?<\/strong><\/h2>\n<p>L&#039;1B-LSD (1-butanoil-LSD) \u00e8 una lisergamide semisintetica chimicamente correlata all&#039;LSD e ad altri analoghi come l&#039;1P-LSD e l&#039;1cP-LSD. L&#039;aggiunta di un gruppo butanoile produce un composto noto per le sue <strong>carattere profarmaco<\/strong>:Nei sistemi biologici, si prevede che l&#039;1B-LSD venga parzialmente convertito in LSD.<\/p>\n<p>IL <strong>forma di sale di L-tartrato<\/strong> Fornisce maggiore stabilit\u00e0, pesatura accurata ed eccellente solubilit\u00e0 per applicazioni analitiche.<\/p>\n<hr \/>\n<h2><strong>Applicazioni dell&#039;1B-LSD nel contesto della ricerca<\/strong><\/h2>\n<ul>\n<li><strong>Ricerca farmacodinamica:<\/strong> Studio delle interazioni con i recettori della serotonina (in particolare 5-HT2A).<\/li>\n<li><strong>Ricerca neurochimica comparativa:<\/strong> Confronto con LSD, 1P-LSD e altri analoghi.<\/li>\n<li><strong>Screening della bioattivit\u00e0 in vitro e in vivo<\/strong> (solo per gli enti autorizzati).<\/li>\n<li><strong>Analisi del profarmaco:<\/strong> Analisi dei percorsi di trasformazione della lisergamide nei sistemi biologici.<\/li>\n<\/ul>\n<blockquote><p>\u26a0\ufe0f <strong>Nota bene:<\/strong> Questo prodotto \u00e8 destinato esclusivamente a scopi di ricerca scientifica e forense. Non destinato al consumo umano o animale.<\/p><\/blockquote>\n<hr \/>\n<h2><strong>Vantaggi per i ricercatori<\/strong><\/h2>\n<p>\u2714 Elevata stabilit\u00e0 chimica sotto forma di sale di L-tartrato<br \/>\n\u2714 Le propriet\u00e0 del profarmaco forniscono informazioni sul metabolismo della lisergamide<br \/>\n\u2714 Purezza costante di \u226599% (confermata da HPLC)<br \/>\n\u2714 Facilmente solubile in etanolo e altri solventi analitici<\/p>\n<hr \/>\n<h2><strong>Possibili svantaggi\/limitazioni<\/strong><\/h2>\n<ul>\n<li>Lo status legale pu\u00f2 variare a seconda del paese o della regione<\/li>\n<li>Dati tossicologici limitati a lungo termine<\/li>\n<li>Pu\u00f2 degradarsi se esposto alla luce, al calore o all&#039;aria<\/li>\n<li>Richiede conservazione in condizioni controllate<\/li>\n<\/ul>\n<hr \/>\n<h2><strong>Dati di laboratorio<\/strong><\/h2>\n<table>\n<thead>\n<tr>\n<th>Caratteristica<\/th>\n<th>Specificazione<\/th>\n<\/tr>\n<\/thead>\n<tbody>\n<tr>\n<td>Purezza<\/td>\n<td>\u226599% HPLC<\/td>\n<\/tr>\n<tr>\n<td>Punto di fusione<\/td>\n<td>192\u2013196 \u00b0C<\/td>\n<\/tr>\n<tr>\n<td>Solubilit\u00e0<\/td>\n<td>Buono in etanolo e acetone<\/td>\n<\/tr>\n<tr>\n<td>Consigli per lo stoccaggio<\/td>\n<td>2\u20138\u00b0C, buio e asciutto<\/td>\n<\/tr>\n<tr>\n<td>Codice batch<\/td>\n<td>Codice articolo: 1BLSD-LT0625<\/td>\n<\/tr>\n<tr>\n<td>Data di analisi<\/td>\n<td>18 giugno 2025<\/td>\n<\/tr>\n<\/tbody>\n<\/table>\n<hr \/>\n<h2><strong>Scenari di utilizzo (laboratorio)<\/strong><\/h2>\n<table>\n<thead>\n<tr>\n<th>Tipo di applicazione<\/th>\n<th>Concentrazione<\/th>\n<th>Metodo<\/th>\n<th>Obiettivo<\/th>\n<\/tr>\n<\/thead>\n<tbody>\n<tr>\n<td>In vitro<\/td>\n<td>1\u201310 \u00b5M<\/td>\n<td>Sciogliere in DMSO<\/td>\n<td>Studi sul legame dei recettori<\/td>\n<\/tr>\n<tr>\n<td>In vivo (indiretto)<\/td>\n<td>n \/ a<\/td>\n<td>Consentito solo con permesso<\/td>\n<td>Studio di conversione del profarmaco<\/td>\n<\/tr>\n<\/tbody>\n<\/table>\n<hr \/>\n<h2><strong>Domande frequenti (FAQ)<\/strong><\/h2>\n<h3>\u2753 Qual \u00e8 la differenza tra 1B-LSD e LSD?<\/h3>\n<p>L&#039;1B-LSD \u00e8 considerato un profarmaco dell&#039;LSD. Nei sistemi biologici pu\u00f2 essere convertito in LSD, il che lo rende particolarmente interessante per gli studi sul metabolismo.<\/p>\n<h3>\u2753 L&#039;1B-LSD \u00e8 legale nei Paesi Bassi o in Belgio?<\/h3>\n<p>L&#039;1B-LSD potrebbe rientrare nella legge sull&#039;analogia. Verificate sempre le leggi vigenti nella vostra regione in materia di importazione o possesso.<\/p>\n<h3>\u2753 Perch\u00e9 L-tartrato invece di base libera?<\/h3>\n<p>La forma L-tartrato \u00e8 pi\u00f9 stabile a livello chimico, pi\u00f9 facile da pesare e pi\u00f9 adatta alla conservazione a lungo termine.<\/p>\n<h3>\u2753 Posso utilizzare questo prodotto per il consumo umano?<\/h3>\n<p>L&#039;L-tartrato di LSD n. 1B \u00e8 destinato esclusivamente alla ricerca in laboratorio. Il consumo \u00e8 severamente vietato.<\/p>\n<hr \/>\n<h2><strong>Riepilogo<\/strong><\/h2>\n<p><strong>1B-LSD L-tartrato<\/strong> Offre ai ricercatori un&#039;opportunit\u00e0 unica di studiare gli analoghi della lisergamide in una forma pura, stabile e precisa. Questo composto combina il potenziale farmacologico con propriet\u00e0 adatte all&#039;uso in laboratorio ed \u00e8 ideale per studi esplorativi neurochimici e di targeting recettoriale.<\/p>","protected":false},"excerpt":{"rendered":"<h3><span style=\"vertical-align: inherit;\"><span style=\"vertical-align: inherit;\">Propriet\u00e0 dell&#039;L-tartrato 1B-LSD<\/span><\/span><\/h3>\n<p><strong><span style=\"vertical-align: inherit;\"><span style=\"vertical-align: inherit;\">Sinonimo:<\/span><\/span><\/strong><span style=\"vertical-align: inherit;\"><span style=\"vertical-align: inherit;\"> dietilamide emi-L-tartrato dell&#039;acido 1-butanoil-lisergico, BLSD <\/span><\/span><br \/>\n<strong><span style=\"vertical-align: inherit;\"><span style=\"vertical-align: inherit;\">Numero CAS:<\/span><\/span><\/strong><span style=\"vertical-align: inherit;\"><span style=\"vertical-align: inherit;\"> 2349376-12-9 <\/span><\/span><br \/>\n<strong><span style=\"vertical-align: inherit;\"><span style=\"vertical-align: inherit;\">Formula:<\/span><\/span><\/strong><span style=\"vertical-align: inherit;\"><span style=\"vertical-align: inherit;\"> (8\u03b2)-1-butanoil-N,N-dietil-6-metil-9,10-dideidroergolina-8-carbossammide emi-L-tartrato <\/span><\/span><br \/>\n<strong><span style=\"vertical-align: inherit;\"><span style=\"vertical-align: inherit;\">Massa molare:<\/span><\/span><\/strong><span style=\"vertical-align: inherit;\"><span style=\"vertical-align: inherit;\"> 468,5 g\/mol <\/span><\/span><br \/>\n<strong><span style=\"vertical-align: inherit;\"><span style=\"vertical-align: inherit;\">Purezza:<\/span><\/span><\/strong><span style=\"vertical-align: inherit;\"><span style=\"vertical-align: inherit;\"> &gt;97%<\/span><\/span><\/p>","protected":false},"featured_media":28557,"comment_status":"closed","ping_status":"closed","template":"","meta":[],"product_brand":[],"product_cat":[530,358],"product_tag":[326],"class_list":{"0":"post-23553","1":"product","2":"type-product","3":"status-publish","4":"has-post-thumbnail","6":"product_cat-1b-lsd","7":"product_cat-lysergamides","8":"product_tag-nl","10":"first","11":"instock","12":"taxable","13":"shipping-taxable","14":"purchasable","15":"product-type-variable"},"_links":{"self":[{"href":"https:\/\/researchchemicalstore.eu\/it\/wp-json\/wp\/v2\/product\/23553","targetHints":{"allow":["GET"]}}],"collection":[{"href":"https:\/\/researchchemicalstore.eu\/it\/wp-json\/wp\/v2\/product"}],"about":[{"href":"https:\/\/researchchemicalstore.eu\/it\/wp-json\/wp\/v2\/types\/product"}],"replies":[{"embeddable":true,"href":"https:\/\/researchchemicalstore.eu\/it\/wp-json\/wp\/v2\/comments?post=23553"}],"version-history":[{"count":2,"href":"https:\/\/researchchemicalstore.eu\/it\/wp-json\/wp\/v2\/product\/23553\/revisions"}],"predecessor-version":[{"id":26605,"href":"https:\/\/researchchemicalstore.eu\/it\/wp-json\/wp\/v2\/product\/23553\/revisions\/26605"}],"wp:featuredmedia":[{"embeddable":true,"href":"https:\/\/researchchemicalstore.eu\/it\/wp-json\/wp\/v2\/media\/28557"}],"wp:attachment":[{"href":"https:\/\/researchchemicalstore.eu\/it\/wp-json\/wp\/v2\/media?parent=23553"}],"wp:term":[{"taxonomy":"product_brand","embeddable":true,"href":"https:\/\/researchchemicalstore.eu\/it\/wp-json\/wp\/v2\/product_brand?post=23553"},{"taxonomy":"product_cat","embeddable":true,"href":"https:\/\/researchchemicalstore.eu\/it\/wp-json\/wp\/v2\/product_cat?post=23553"},{"taxonomy":"product_tag","embeddable":true,"href":"https:\/\/researchchemicalstore.eu\/it\/wp-json\/wp\/v2\/product_tag?post=23553"}],"curies":[{"name":"wp","href":"https:\/\/api.w.org\/{rel}","templated":true}]}}