{"id":23581,"date":"2025-04-13T17:40:01","date_gmt":"2025-04-13T17:40:01","guid":{"rendered":"https:\/\/researchchemicalstore.eu\/?post_type=product&#038;p=23581"},"modified":"2025-10-22T15:31:22","modified_gmt":"2025-10-22T15:31:22","slug":"4-ore-con-pellet-da-20-mg","status":"publish","type":"product","link":"https:\/\/researchchemicalstore.eu\/it\/prodotto\/4-ore-con-pellet-da-20-mg\/","title":{"rendered":"Pellet 4-HO-MET da 20 mg"},"content":{"rendered":"<h3><span dir=\"auto\" style=\"vertical-align: inherit;\"><span dir=\"auto\" style=\"vertical-align: inherit;\">Acquista Metocin 20 MG Pellets (4-idrossi-N-metil-N-etiltriptamina) \u2013 Precisione e affidabilit\u00e0 per la ricerca scientifica<\/span><\/span><\/h3>\n<h4><span dir=\"auto\" style=\"vertical-align: inherit;\"><span dir=\"auto\" style=\"vertical-align: inherit;\">Introduzione<\/span><\/span><\/h4>\n<p><span dir=\"auto\" style=\"vertical-align: inherit;\"><span dir=\"auto\" style=\"vertical-align: inherit;\">Acquistare metocina, nota anche come metocina, \u00e8 una sostanza chimica di ricerca appartenente alla famiglia delle triptamine. I nostri pellet di 4-HO-MET da 20 mg forniscono un dosaggio preciso e standardizzato, ideale per esperimenti scientifici e ricerca farmacologica. Questi pellet sono prodotti sotto rigorosi controlli di qualit\u00e0 per garantire coerenza e purezza, rendendoli adatti per applicazioni di laboratorio avanzate.<\/span><\/span><\/p>\n<h4><span dir=\"auto\" style=\"vertical-align: inherit;\"><span dir=\"auto\" style=\"vertical-align: inherit;\">Caratteristiche del prodotto<\/span><\/span><\/h4>\n<ul>\n<li><strong><span dir=\"auto\" style=\"vertical-align: inherit;\"><span dir=\"auto\" style=\"vertical-align: inherit;\">Dosaggio preciso<\/span><\/span><\/strong><span dir=\"auto\" style=\"vertical-align: inherit;\"><span dir=\"auto\" style=\"vertical-align: inherit;\"> : Ogni pellet contiene esattamente 20 mg di 4-HO-MET per risultati di ricerca riproducibili<\/span><\/span><\/li>\n<li><strong><span dir=\"auto\" style=\"vertical-align: inherit;\"><span dir=\"auto\" style=\"vertical-align: inherit;\">Purezza ottimale<\/span><\/span><\/strong><span dir=\"auto\" style=\"vertical-align: inherit;\"><span dir=\"auto\" style=\"vertical-align: inherit;\"> : Sintesi di alta qualit\u00e0 con impurit\u00e0 minime per dati affidabili<\/span><\/span><\/li>\n<li><strong><span dir=\"auto\" style=\"vertical-align: inherit;\"><span dir=\"auto\" style=\"vertical-align: inherit;\">Facile da usare<\/span><\/span><\/strong><span dir=\"auto\" style=\"vertical-align: inherit;\"><span dir=\"auto\" style=\"vertical-align: inherit;\"> : I pellet semplificano il dosaggio e la manipolazione in un ambiente di ricerca controllato<\/span><\/span><\/li>\n<li><strong><span dir=\"auto\" style=\"vertical-align: inherit;\"><span dir=\"auto\" style=\"vertical-align: inherit;\">Imballaggio professionale<\/span><\/span><\/strong><span dir=\"auto\" style=\"vertical-align: inherit;\"><span dir=\"auto\" style=\"vertical-align: inherit;\"> : Confezione leggera ed ermetica per la massima stabilit\u00e0 e durata di conservazione.<\/span><\/span><\/li>\n<\/ul>\n<h4><span dir=\"auto\" style=\"vertical-align: inherit;\"><span dir=\"auto\" style=\"vertical-align: inherit;\">Applicazioni nella ricerca<\/span><\/span><\/h4>\n<p><span dir=\"auto\" style=\"vertical-align: inherit;\"><span dir=\"auto\" style=\"vertical-align: inherit;\">La 4-HO-MET \u00e8 oggetto di studi scientifici per la sua somiglianza strutturale con altri derivati della triptamina. I ricercatori stanno studiando le propriet\u00e0 farmacodinamiche e farmacocinetiche di questa sostanza, nonch\u00e9 le potenziali interazioni con i sistemi neurotrasmettitoriali. Questo prodotto \u00e8 destinato esclusivamente a studi in vitro e preclinici e non \u00e8 destinato all&#039;uso umano.<\/span><\/span><\/p>\n<h4><span dir=\"auto\" style=\"vertical-align: inherit;\"><span dir=\"auto\" style=\"vertical-align: inherit;\">Linee guida di sicurezza<\/span><\/span><\/h4>\n<ul>\n<li><strong><span dir=\"auto\" style=\"vertical-align: inherit;\"><span dir=\"auto\" style=\"vertical-align: inherit;\">Solo per scopi scientifici<\/span><\/span><\/strong><span dir=\"auto\" style=\"vertical-align: inherit;\"><span dir=\"auto\" style=\"vertical-align: inherit;\"> : Non adatto al consumo, all&#039;uso medicinale o ricreativo.<\/span><\/span><\/li>\n<li><strong><span dir=\"auto\" style=\"vertical-align: inherit;\"><span dir=\"auto\" style=\"vertical-align: inherit;\">Precauzioni di sicurezza<\/span><\/span><\/strong><span dir=\"auto\" style=\"vertical-align: inherit;\"><span dir=\"auto\" style=\"vertical-align: inherit;\"> : Indossare sempre guanti, camice da laboratorio e occhiali di sicurezza durante la manipolazione<\/span><\/span><\/li>\n<li><strong><span dir=\"auto\" style=\"vertical-align: inherit;\"><span dir=\"auto\" style=\"vertical-align: inherit;\">Consigli per lo stoccaggio<\/span><\/span><\/strong><span dir=\"auto\" style=\"vertical-align: inherit;\"><span dir=\"auto\" style=\"vertical-align: inherit;\"> : Conservare in un ambiente fresco e asciutto, al riparo dalla luce e fuori dalla portata di persone non autorizzate.<\/span><\/span><\/li>\n<\/ul>\n<h4><span dir=\"auto\" style=\"vertical-align: inherit;\"><span dir=\"auto\" style=\"vertical-align: inherit;\">Perch\u00e9 scegliere i nostri pellet 4-HO-MET?<\/span><\/span><\/h4>\n<p><span dir=\"auto\" style=\"vertical-align: inherit;\"><span dir=\"auto\" style=\"vertical-align: inherit;\">Forniamo solo prodotti chimici di ricerca di alta qualit\u00e0 con specifiche documentate e analisi dei lotti. I nostri pellet 4-HO-MET sono prodotti in condizioni controllate, il che li rende una scelta affidabile per i ricercatori accademici e farmaceutici.<\/span><\/span><\/p>\n<h4><span dir=\"auto\" style=\"vertical-align: inherit;\"><span dir=\"auto\" style=\"vertical-align: inherit;\">Ordina ora per dati di ricerca accurati<\/span><\/span><\/h4>\n<p><span dir=\"auto\" style=\"vertical-align: inherit;\"><span dir=\"auto\" style=\"vertical-align: inherit;\">Aumenta l&#039;affidabilit\u00e0 dei tuoi esperimenti con i nostri pellet 4-HO-MET standardizzati. Per supporto tecnico o ulteriori informazioni, contatta il nostro team di esperti.<\/span><\/span><\/p>\n<p><strong><span dir=\"auto\" style=\"vertical-align: inherit;\"><span dir=\"auto\" style=\"vertical-align: inherit;\">Nota importante<\/span><\/span><\/strong><span dir=\"auto\" style=\"vertical-align: inherit;\"><span dir=\"auto\" style=\"vertical-align: inherit;\"> : Questo prodotto \u00e8 destinato esclusivamente all&#039;uso di ricerca legalmente autorizzato. Si prega di rispettare tutte le leggi e i regolamenti locali al momento dell&#039;acquisto. <\/span><\/span><a href=\"http:\/\/google.nl\" target=\"_blank\" rel=\"noopener\"><span dir=\"auto\" style=\"vertical-align: inherit;\"><span dir=\"auto\" style=\"vertical-align: inherit;\">E<\/span><\/span><\/a><span dir=\"auto\" style=\"vertical-align: inherit;\"><span dir=\"auto\" style=\"vertical-align: inherit;\"> usandolo. <\/span><\/span><a href=\"https:\/\/researchchemicalstore.eu\/it\/negozio\/iboga-ibogaina\/corteccia-di-radice-di-iboga\/\"><span dir=\"auto\" style=\"vertical-align: inherit;\"><span dir=\"auto\" style=\"vertical-align: inherit;\">corteccia di radice di iboga<\/span><\/span><\/a><a href=\"https:\/\/researchchemicalstore.eu\/it\/negozio\/iboga-ibogaina\/acquistare-ibogaina-cloridrato-online\/\"><span dir=\"auto\" style=\"vertical-align: inherit;\"><span dir=\"auto\" style=\"vertical-align: inherit;\">acquista ibogaina hcl online<\/span><\/span><\/a><a href=\"https:\/\/researchchemicalstore.eu\/it\/negozio\/lisergamidi\/1-cp-di-lsd-150-mcg\/\"><span dir=\"auto\" style=\"vertical-align: inherit;\"><span dir=\"auto\" style=\"vertical-align: inherit;\">1 cp di LSD <\/span><\/span><\/a><a href=\"https:\/\/researchchemicalstore.eu\/it\/negozio\/pellet-2\/o-pellet-dsmt-50mg\/\"><span dir=\"auto\" style=\"vertical-align: inherit;\"><span dir=\"auto\" style=\"vertical-align: inherit;\">o-dsmt <\/span><\/span><\/a><a href=\"https:\/\/researchchemicalstore.eu\/it\/negozio\/lisergamidi\/1v-lsd-150-mcg-blotters\/\"><span dir=\"auto\" style=\"vertical-align: inherit;\"><span dir=\"auto\" style=\"vertical-align: inherit;\">1vlsd<\/span><\/span><\/a><\/p>","protected":false},"excerpt":{"rendered":"<h2><span style=\"vertical-align: inherit;\"><span style=\"vertical-align: inherit;\"><span dir=\"auto\" style=\"vertical-align: inherit;\"><span dir=\"auto\" style=\"vertical-align: inherit;\">Propriet\u00e0 4-HO-MET<\/span><\/span><\/span><\/span><\/h2>\n<p><strong><span style=\"vertical-align: inherit;\"><span style=\"vertical-align: inherit;\"><span dir=\"auto\" style=\"vertical-align: inherit;\"><span dir=\"auto\" style=\"vertical-align: inherit;\">sinonimi<\/span><\/span><\/span><\/span><\/strong><span style=\"vertical-align: inherit;\"><span style=\"vertical-align: inherit;\"><span dir=\"auto\" style=\"vertical-align: inherit;\"><span dir=\"auto\" style=\"vertical-align: inherit;\"> : 4-idrossi-N-metil-N-etiltriptamina; metocina; 3-{2-[etil(metil)ammino]etil}-1H-indolo-4-olo <\/span><\/span><\/span><\/span><br \/>\n<strong><span style=\"vertical-align: inherit;\"><span style=\"vertical-align: inherit;\"><span dir=\"auto\" style=\"vertical-align: inherit;\"><span dir=\"auto\" style=\"vertical-align: inherit;\">Numero CAS<\/span><\/span><\/span><\/span><\/strong><span style=\"vertical-align: inherit;\"><span style=\"vertical-align: inherit;\"><span dir=\"auto\" style=\"vertical-align: inherit;\"><span dir=\"auto\" style=\"vertical-align: inherit;\"> : 77872-41-4 <\/span><\/span><\/span><\/span><br \/>\n<strong><span style=\"vertical-align: inherit;\"><span style=\"vertical-align: inherit;\"><span dir=\"auto\" style=\"vertical-align: inherit;\"><span dir=\"auto\" style=\"vertical-align: inherit;\">Formula<\/span><\/span><\/span><\/span><\/strong><span style=\"vertical-align: inherit;\"><span style=\"vertical-align: inherit;\"><span dir=\"auto\" style=\"vertical-align: inherit;\"><span dir=\"auto\" style=\"vertical-align: inherit;\"> : C13H18N2O <\/span><\/span><\/span><\/span><br \/>\n<strong><span style=\"vertical-align: inherit;\"><span style=\"vertical-align: inherit;\"><span dir=\"auto\" style=\"vertical-align: inherit;\"><span dir=\"auto\" style=\"vertical-align: inherit;\">Massa molare<\/span><\/span><\/span><\/span><\/strong><span style=\"vertical-align: inherit;\"><span style=\"vertical-align: inherit;\"><span dir=\"auto\" style=\"vertical-align: inherit;\"><span dir=\"auto\" style=\"vertical-align: inherit;\"> : 218,3 g\/mol <\/span><\/span><\/span><\/span><br \/>\n<strong><span style=\"vertical-align: inherit;\"><span style=\"vertical-align: inherit;\"><span dir=\"auto\" style=\"vertical-align: inherit;\"><span dir=\"auto\" style=\"vertical-align: inherit;\">Purezza<\/span><\/span><\/span><\/span><\/strong><span style=\"vertical-align: inherit;\"><span style=\"vertical-align: inherit;\"><span dir=\"auto\" style=\"vertical-align: inherit;\"><span dir=\"auto\" style=\"vertical-align: inherit;\"> : \u226598%<\/span><\/span><\/span><\/span><\/p>","protected":false},"featured_media":28704,"comment_status":"closed","ping_status":"closed","template":"","meta":[],"product_brand":[82],"product_cat":[382,403,324,381],"product_tag":[658,636,635,326],"class_list":{"0":"post-23581","1":"product","2":"type-product","3":"status-publish","4":"has-post-thumbnail","6":"product_brand-research-chemical","7":"product_cat-4-ho-met","8":"product_cat-4-ho-met-pellets","9":"product_cat-pellets-for-pellet","10":"product_cat-tryptamines","11":"product_tag-4-ho-met","12":"product_tag-metocin","13":"product_tag-metocin-kopen","14":"product_tag-nl","16":"first","17":"instock","18":"taxable","19":"shipping-taxable","20":"purchasable","21":"product-type-variable"},"_links":{"self":[{"href":"https:\/\/researchchemicalstore.eu\/it\/wp-json\/wp\/v2\/product\/23581","targetHints":{"allow":["GET"]}}],"collection":[{"href":"https:\/\/researchchemicalstore.eu\/it\/wp-json\/wp\/v2\/product"}],"about":[{"href":"https:\/\/researchchemicalstore.eu\/it\/wp-json\/wp\/v2\/types\/product"}],"replies":[{"embeddable":true,"href":"https:\/\/researchchemicalstore.eu\/it\/wp-json\/wp\/v2\/comments?post=23581"}],"version-history":[{"count":5,"href":"https:\/\/researchchemicalstore.eu\/it\/wp-json\/wp\/v2\/product\/23581\/revisions"}],"predecessor-version":[{"id":28066,"href":"https:\/\/researchchemicalstore.eu\/it\/wp-json\/wp\/v2\/product\/23581\/revisions\/28066"}],"wp:featuredmedia":[{"embeddable":true,"href":"https:\/\/researchchemicalstore.eu\/it\/wp-json\/wp\/v2\/media\/28704"}],"wp:attachment":[{"href":"https:\/\/researchchemicalstore.eu\/it\/wp-json\/wp\/v2\/media?parent=23581"}],"wp:term":[{"taxonomy":"product_brand","embeddable":true,"href":"https:\/\/researchchemicalstore.eu\/it\/wp-json\/wp\/v2\/product_brand?post=23581"},{"taxonomy":"product_cat","embeddable":true,"href":"https:\/\/researchchemicalstore.eu\/it\/wp-json\/wp\/v2\/product_cat?post=23581"},{"taxonomy":"product_tag","embeddable":true,"href":"https:\/\/researchchemicalstore.eu\/it\/wp-json\/wp\/v2\/product_tag?post=23581"}],"curies":[{"name":"wp","href":"https:\/\/api.w.org\/{rel}","templated":true}]}}