{"id":23624,"date":"2025-04-13T17:40:07","date_gmt":"2025-04-13T17:40:07","guid":{"rendered":"https:\/\/researchchemicalstore.eu\/?post_type=product&#038;p=23624"},"modified":"2025-10-22T15:07:41","modified_gmt":"2025-10-22T15:07:41","slug":"4-aco-con-pellet-da-20-mg","status":"publish","type":"product","link":"https:\/\/researchchemicalstore.eu\/it\/prodotto\/4-aco-con-pellet-da-20-mg\/","title":{"rendered":"Pellet di 4-AcO-MET da 20 mg"},"content":{"rendered":"<h1><strong><span dir=\"auto\" style=\"vertical-align: inherit;\"><span dir=\"auto\" style=\"vertical-align: inherit;\">Pellet di 4-AcO-MET da 20 mg \u2013 Sostanza di ricerca della famiglia delle triptamine<\/span><\/span><\/strong><\/h1>\n<p><strong><span dir=\"auto\" style=\"vertical-align: inherit;\"><span dir=\"auto\" style=\"vertical-align: inherit;\">Nome del prodotto:<\/span><\/span><\/strong><span dir=\"auto\" style=\"vertical-align: inherit;\"><span dir=\"auto\" style=\"vertical-align: inherit;\"> 4-AcO-MET (4-acetossi-N-etil-N-metiltriptamina) <\/span><\/span><br \/>\n<strong><span dir=\"auto\" style=\"vertical-align: inherit;\"><span dir=\"auto\" style=\"vertical-align: inherit;\">Modulo:<\/span><\/span><\/strong><span dir=\"auto\" style=\"vertical-align: inherit;\"><span dir=\"auto\" style=\"vertical-align: inherit;\"> Pellet pressati, 20 mg ciascuno <\/span><\/span><br \/>\n<strong><span dir=\"auto\" style=\"vertical-align: inherit;\"><span dir=\"auto\" style=\"vertical-align: inherit;\">Classe chimica:<\/span><\/span><\/strong><span dir=\"auto\" style=\"vertical-align: inherit;\"><span dir=\"auto\" style=\"vertical-align: inherit;\"> Triptamina psichedelica <\/span><\/span><br \/>\n<strong><span dir=\"auto\" style=\"vertical-align: inherit;\"><span dir=\"auto\" style=\"vertical-align: inherit;\">Formula molecolare:<\/span><\/span><\/strong><span dir=\"auto\" style=\"vertical-align: inherit;\"><span dir=\"auto\" style=\"vertical-align: inherit;\"> C15H22N2O2 <\/span><\/span><br \/>\n<strong><span dir=\"auto\" style=\"vertical-align: inherit;\"><span dir=\"auto\" style=\"vertical-align: inherit;\">Massa molecolare:<\/span><\/span><\/strong><span dir=\"auto\" style=\"vertical-align: inherit;\"><span dir=\"auto\" style=\"vertical-align: inherit;\"> 262,35 g\/mol <\/span><\/span><br \/>\n<strong><span dir=\"auto\" style=\"vertical-align: inherit;\"><span dir=\"auto\" style=\"vertical-align: inherit;\">Purezza:<\/span><\/span><\/strong><span dir=\"auto\" style=\"vertical-align: inherit;\"><span dir=\"auto\" style=\"vertical-align: inherit;\"> \u226598% (verificato tramite HPLC e NMR) <\/span><\/span><br \/>\n<strong><span dir=\"auto\" style=\"vertical-align: inherit;\"><span dir=\"auto\" style=\"vertical-align: inherit;\">Usi:<\/span><\/span><\/strong><span dir=\"auto\" style=\"vertical-align: inherit;\"><span dir=\"auto\" style=\"vertical-align: inherit;\"> Solo per ricerca analitica e uso di laboratorio<\/span><\/span><\/p>\n<hr \/>\n<h2><strong><span dir=\"auto\" style=\"vertical-align: inherit;\"><span dir=\"auto\" style=\"vertical-align: inherit;\">Descrizione<\/span><\/span><\/strong><\/h2>\n<p><span dir=\"auto\" style=\"vertical-align: inherit;\"><span dir=\"auto\" style=\"vertical-align: inherit;\">La 4-AcO-MET \u00e8 una triptamina semisintetica strutturalmente correlata sia alla psilocina che alla 4-AcO-DMT. \u00c8 spesso considerata un profarmaco della MET (N-etil-N-metiltriptamina), una sostanza con attivit\u00e0 serotoninergica. In ambito di ricerca, la 4-AcO-MET \u00e8 nota per le sue interessanti propriet\u00e0 farmacologiche e per gli effetti visivi e cognitivi relativamente lievi, ma significativi, nei modelli sperimentali.<\/span><\/span><\/p>\n<p><span dir=\"auto\" style=\"vertical-align: inherit;\"><span dir=\"auto\" style=\"vertical-align: inherit;\">IL <\/span><\/span><strong><span dir=\"auto\" style=\"vertical-align: inherit;\"><span dir=\"auto\" style=\"vertical-align: inherit;\">Pallini da 20 mg<\/span><\/span><\/strong><span dir=\"auto\" style=\"vertical-align: inherit;\"><span dir=\"auto\" style=\"vertical-align: inherit;\"> fornire un dosaggio standardizzato e accurato per i laboratori che analizzano questa sostanza per verificarne la stabilit\u00e0, l&#039;interazione con i recettori della serotonina o il confronto strutturale con triptamine correlate.<\/span><\/span><\/p>\n<hr \/>\n<h2><strong><span dir=\"auto\" style=\"vertical-align: inherit;\"><span dir=\"auto\" style=\"vertical-align: inherit;\">Applicazioni nella ricerca scientifica<\/span><\/span><\/strong><\/h2>\n<p>\ud83d\udd2c<span dir=\"auto\" style=\"vertical-align: inherit;\"><span dir=\"auto\" style=\"vertical-align: inherit;\">Studi sul legame dei recettori (in particolare 5-HT2A, 5-HT1A) <\/span><\/span><br \/>\n\ud83d\udd2c<span dir=\"auto\" style=\"vertical-align: inherit;\"><span dir=\"auto\" style=\"vertical-align: inherit;\">Ricerca comparativa sulla triptamina: relazioni strutturali e farmacologiche <\/span><\/span><br \/>\n\ud83d\udd2c<span dir=\"auto\" style=\"vertical-align: inherit;\"><span dir=\"auto\" style=\"vertical-align: inherit;\">Visualizzazione dei processi neurobiologici nei modelli animali <\/span><\/span><br \/>\n\ud83d\udd2c<span dir=\"auto\" style=\"vertical-align: inherit;\"><span dir=\"auto\" style=\"vertical-align: inherit;\">Analisi e metabolismo del profarmaco (da 4-AcO-MET a MET) <\/span><\/span><br \/>\n\ud83d\udd2c<span dir=\"auto\" style=\"vertical-align: inherit;\"><span dir=\"auto\" style=\"vertical-align: inherit;\">Standard di riferimento LC-MS e GC-MS per laboratori analitici<\/span><\/span><\/p>\n<hr \/>\n<h2><strong><span dir=\"auto\" style=\"vertical-align: inherit;\"><span dir=\"auto\" style=\"vertical-align: inherit;\">Vantaggi per i ricercatori<\/span><\/span><\/strong><\/h2>\n<p>\u2705 <strong><span dir=\"auto\" style=\"vertical-align: inherit;\"><span dir=\"auto\" style=\"vertical-align: inherit;\">Dosaggio standardizzato dei pellet<\/span><\/span><\/strong><span dir=\"auto\" style=\"vertical-align: inherit;\"><span dir=\"auto\" style=\"vertical-align: inherit;\"> \u2013 Riduce al minimo gli errori di pesatura negli esperimenti di microdosaggio <\/span><\/span><br \/>\n\u2705 <strong><span dir=\"auto\" style=\"vertical-align: inherit;\"><span dir=\"auto\" style=\"vertical-align: inherit;\">Propriet\u00e0 farmacologiche lievi e controllabili <\/span><\/span><\/strong><br \/>\n\u2705 <strong><span dir=\"auto\" style=\"vertical-align: inherit;\"><span dir=\"auto\" style=\"vertical-align: inherit;\">Struttura interessante del profarmaco<\/span><\/span><\/strong><span dir=\"auto\" style=\"vertical-align: inherit;\"><span dir=\"auto\" style=\"vertical-align: inherit;\"> \u2013 Studio del metabolismo e della conversione enzimatica <\/span><\/span><br \/>\n\u2705 <strong><span dir=\"auto\" style=\"vertical-align: inherit;\"><span dir=\"auto\" style=\"vertical-align: inherit;\">Elevata purezza e stabilit\u00e0<\/span><\/span><\/strong><span dir=\"auto\" style=\"vertical-align: inherit;\"><span dir=\"auto\" style=\"vertical-align: inherit;\"> \u2013 Ideale per la replicazione dei risultati<\/span><\/span><\/p>\n<hr \/>\n<h2><strong><span dir=\"auto\" style=\"vertical-align: inherit;\"><span dir=\"auto\" style=\"vertical-align: inherit;\">Svantaggi e possibili limitazioni<\/span><\/span><\/strong><\/h2>\n<p>\u26a0\ufe0f <strong><span dir=\"auto\" style=\"vertical-align: inherit;\"><span dir=\"auto\" style=\"vertical-align: inherit;\">Sensibile alla luce<\/span><\/span><\/strong><span dir=\"auto\" style=\"vertical-align: inherit;\"><span dir=\"auto\" style=\"vertical-align: inherit;\"> \u2013 Deve essere conservato al buio <\/span><\/span><br \/>\n\u26a0\ufe0f <strong><span dir=\"auto\" style=\"vertical-align: inherit;\"><span dir=\"auto\" style=\"vertical-align: inherit;\">Dati limitati a lungo termine<\/span><\/span><\/strong><span dir=\"auto\" style=\"vertical-align: inherit;\"><span dir=\"auto\" style=\"vertical-align: inherit;\"> \u2013 Letteratura clinica limitata sulle propriet\u00e0 tossicologiche <\/span><\/span><br \/>\n\u26a0\ufe0f <strong><span dir=\"auto\" style=\"vertical-align: inherit;\"><span dir=\"auto\" style=\"vertical-align: inherit;\">Effetti potenzialmente imprevedibili nei modelli animali a dosi pi\u00f9 elevate <\/span><\/span><\/strong><br \/>\n\u26a0\ufe0f <strong><span dir=\"auto\" style=\"vertical-align: inherit;\"><span dir=\"auto\" style=\"vertical-align: inherit;\">Non adatto all&#039;uso al di fuori di un ambiente di ricerca controllato<\/span><\/span><\/strong><\/p>\n<hr \/>\n<h2><strong><span dir=\"auto\" style=\"vertical-align: inherit;\"><span dir=\"auto\" style=\"vertical-align: inherit;\">Uso di laboratorio consigliato<\/span><\/span><\/strong><\/h2>\n<ul>\n<li><strong><span dir=\"auto\" style=\"vertical-align: inherit;\"><span dir=\"auto\" style=\"vertical-align: inherit;\">Dose iniziale per i test in vitro:<\/span><\/span><\/strong><span dir=\"auto\" style=\"vertical-align: inherit;\"><span dir=\"auto\" style=\"vertical-align: inherit;\"> 1\u20135 mg disciolti in etanolo o tampone acquoso<\/span><\/span><\/li>\n<li><strong><span dir=\"auto\" style=\"vertical-align: inherit;\"><span dir=\"auto\" style=\"vertical-align: inherit;\">Per esperimenti di legame:<\/span><\/span><\/strong><span dir=\"auto\" style=\"vertical-align: inherit;\"><span dir=\"auto\" style=\"vertical-align: inherit;\"> Concentrazione di 10\u201320 \u00b5M nel terreno di coltura cellulare<\/span><\/span><\/li>\n<li><strong><span dir=\"auto\" style=\"vertical-align: inherit;\"><span dir=\"auto\" style=\"vertical-align: inherit;\">Solubilit\u00e0:<\/span><\/span><\/strong><span dir=\"auto\" style=\"vertical-align: inherit;\"><span dir=\"auto\" style=\"vertical-align: inherit;\"> Buono in etanolo, moderato in acqua<\/span><\/span><\/li>\n<li><strong><span dir=\"auto\" style=\"vertical-align: inherit;\"><span dir=\"auto\" style=\"vertical-align: inherit;\">Magazzinaggio:<\/span><\/span><\/strong><span dir=\"auto\" style=\"vertical-align: inherit;\"><span dir=\"auto\" style=\"vertical-align: inherit;\"> Conservare in un contenitore asciutto e ermetico, in un luogo fresco (preferibilmente &lt; 8\u00b0C).<\/span><\/span><\/li>\n<\/ul>\n<hr \/>\n<h2><strong><span dir=\"auto\" style=\"vertical-align: inherit;\"><span dir=\"auto\" style=\"vertical-align: inherit;\">Rapporto di laboratorio \u2013 Dati batch<\/span><\/span><\/strong><\/h2>\n<table>\n<thead>\n<tr>\n<th><span dir=\"auto\" style=\"vertical-align: inherit;\"><span dir=\"auto\" style=\"vertical-align: inherit;\">Parametro<\/span><\/span><\/th>\n<th><span dir=\"auto\" style=\"vertical-align: inherit;\"><span dir=\"auto\" style=\"vertical-align: inherit;\">Specifica<\/span><\/span><\/th>\n<\/tr>\n<\/thead>\n<tbody>\n<tr>\n<td><strong><span dir=\"auto\" style=\"vertical-align: inherit;\"><span dir=\"auto\" style=\"vertical-align: inherit;\">Numero di lotto<\/span><\/span><\/strong><\/td>\n<td><span dir=\"auto\" style=\"vertical-align: inherit;\"><span dir=\"auto\" style=\"vertical-align: inherit;\">4ACOMET-0725<\/span><\/span><\/td>\n<\/tr>\n<tr>\n<td><strong><span dir=\"auto\" style=\"vertical-align: inherit;\"><span dir=\"auto\" style=\"vertical-align: inherit;\">Purezza (HPLC)<\/span><\/span><\/strong><\/td>\n<td><span dir=\"auto\" style=\"vertical-align: inherit;\"><span dir=\"auto\" style=\"vertical-align: inherit;\">98.7%<\/span><\/span><\/td>\n<\/tr>\n<tr>\n<td><strong><span dir=\"auto\" style=\"vertical-align: inherit;\"><span dir=\"auto\" style=\"vertical-align: inherit;\">Identificazione<\/span><\/span><\/strong><\/td>\n<td><span dir=\"auto\" style=\"vertical-align: inherit;\"><span dir=\"auto\" style=\"vertical-align: inherit;\">Confermato da NMR, MS e FTIR<\/span><\/span><\/td>\n<\/tr>\n<tr>\n<td><strong><span dir=\"auto\" style=\"vertical-align: inherit;\"><span dir=\"auto\" style=\"vertical-align: inherit;\">Aspetto<\/span><\/span><\/strong><\/td>\n<td><span dir=\"auto\" style=\"vertical-align: inherit;\"><span dir=\"auto\" style=\"vertical-align: inherit;\">Polvere marrone chiaro\/bianca, compressa in pellet<\/span><\/span><\/td>\n<\/tr>\n<tr>\n<td><strong><span dir=\"auto\" style=\"vertical-align: inherit;\"><span dir=\"auto\" style=\"vertical-align: inherit;\">Punto di fusione<\/span><\/span><\/strong><\/td>\n<td><span dir=\"auto\" style=\"vertical-align: inherit;\"><span dir=\"auto\" style=\"vertical-align: inherit;\">192\u2013195 \u00b0C<\/span><\/span><\/td>\n<\/tr>\n<\/tbody>\n<\/table>\n<hr \/>\n<h2><strong><span dir=\"auto\" style=\"vertical-align: inherit;\"><span dir=\"auto\" style=\"vertical-align: inherit;\">Domande frequenti (FAQ)<\/span><\/span><\/strong><\/h2>\n<h3>\u2753 <em><span dir=\"auto\" style=\"vertical-align: inherit;\"><span dir=\"auto\" style=\"vertical-align: inherit;\">Il 4-AcO-MET \u00e8 legale nei Paesi Bassi o in Belgio?<\/span><\/span><\/em><\/h3>\n<p>\u27a1\ufe0f<span dir=\"auto\" style=\"vertical-align: inherit;\"><span dir=\"auto\" style=\"vertical-align: inherit;\">Lo stato \u00e8 <\/span><\/span><strong><span dir=\"auto\" style=\"vertical-align: inherit;\"><span dir=\"auto\" style=\"vertical-align: inherit;\">una zona grigia<\/span><\/span><\/strong><span dir=\"auto\" style=\"vertical-align: inherit;\"><span dir=\"auto\" style=\"vertical-align: inherit;\"> . Non regolamentato dall&#039;Opium Act, ma proibito per il consumo umano. Consentito solo per la ricerca autorizzata.<\/span><\/span><\/p>\n<h3>\u2753 <em><span dir=\"auto\" style=\"vertical-align: inherit;\"><span dir=\"auto\" style=\"vertical-align: inherit;\">Qual \u00e8 la differenza tra 4-AcO-MET e 4-AcO-DMT?<\/span><\/span><\/em><\/h3>\n<p>\u27a1\ufe0f<span dir=\"auto\" style=\"vertical-align: inherit;\"><span dir=\"auto\" style=\"vertical-align: inherit;\">Il 4-AcO-MET contiene un gruppo N-etile anzich\u00e9 un gruppo dimetilico. Ci\u00f2 pu\u00f2 comportare effetti farmacologici leggermente diversi, generalmente con un&#039;intensit\u00e0 visiva pi\u00f9 lieve.<\/span><\/span><\/p>\n<h3>\u2753 <em><span dir=\"auto\" style=\"vertical-align: inherit;\"><span dir=\"auto\" style=\"vertical-align: inherit;\">Come devo maneggiare i pellet in laboratorio?<\/span><\/span><\/em><\/h3>\n<p>\u27a1\ufe0f<span dir=\"auto\" style=\"vertical-align: inherit;\"><span dir=\"auto\" style=\"vertical-align: inherit;\">Utilizzare guanti e bilance con precisione al milligrammo. Indossare un camice da laboratorio e lavorare sotto una cappa aspirante durante la dissoluzione o la manipolazione del materiale.<\/span><\/span><\/p>\n<h3>\u2753 <em><span dir=\"auto\" style=\"vertical-align: inherit;\"><span dir=\"auto\" style=\"vertical-align: inherit;\">Il 4-AcO-MET pu\u00f2 essere conservato a lungo termine?<\/span><\/span><\/em><\/h3>\n<p>\u27a1\ufe0f<span dir=\"auto\" style=\"vertical-align: inherit;\"><span dir=\"auto\" style=\"vertical-align: inherit;\">S\u00ec, purch\u00e9 conservato in un luogo fresco e sigillato. Per una stabilit\u00e0 ottimale, conservare in un barattolo scuro a una temperatura inferiore a 8 \u00b0C.<\/span><\/span><\/p>\n<h3>\u2753 <em><span dir=\"auto\" style=\"vertical-align: inherit;\"><span dir=\"auto\" style=\"vertical-align: inherit;\">Il 4-AcO-MET viene convertito in MET nell&#039;organismo?<\/span><\/span><\/em><\/h3>\n<p>\u27a1\ufe0f<span dir=\"auto\" style=\"vertical-align: inherit;\"><span dir=\"auto\" style=\"vertical-align: inherit;\">Modelli animali hanno dimostrato che il 4-AcO-MET viene convertito in MET per idrolisi, rendendolo un profarmaco. Questo lo rende interessante per la ricerca metabolica.<\/span><\/span><\/p>\n<hr \/>\n<h2><strong><span dir=\"auto\" style=\"vertical-align: inherit;\"><span dir=\"auto\" style=\"vertical-align: inherit;\">Avvertimento<\/span><\/span><\/strong><\/h2>\n<p>\u26a0\ufe0f <strong><span dir=\"auto\" style=\"vertical-align: inherit;\"><span dir=\"auto\" style=\"vertical-align: inherit;\">Da utilizzare esclusivamente da parte di ricercatori qualificati in laboratori accreditati. Non destinato al consumo umano, diagnostico, terapeutico o domestico.<\/span><\/span><\/strong><\/p>","protected":false},"excerpt":{"rendered":"<p>4-AcO-MET 20 MG Pellets \u2013 Research Substance from the Tryptamine Family Product Name: 4-AcO-MET (4-Acetoxy-N-ethyl-N-methyltryptamine) Form: Pressed pellets, 20 mg<\/p>","protected":false},"featured_media":28680,"comment_status":"closed","ping_status":"closed","template":"","meta":[],"product_brand":[],"product_cat":[503,502,324,381],"product_tag":[326],"class_list":{"0":"post-23624","1":"product","2":"type-product","3":"status-publish","4":"has-post-thumbnail","6":"product_cat-4-aco-met","7":"product_cat-4-aco-met-pellets","8":"product_cat-pellets-for-pellet","9":"product_cat-tryptamines","10":"product_tag-nl","12":"first","13":"instock","14":"taxable","15":"shipping-taxable","16":"purchasable","17":"product-type-variable"},"_links":{"self":[{"href":"https:\/\/researchchemicalstore.eu\/it\/wp-json\/wp\/v2\/product\/23624","targetHints":{"allow":["GET"]}}],"collection":[{"href":"https:\/\/researchchemicalstore.eu\/it\/wp-json\/wp\/v2\/product"}],"about":[{"href":"https:\/\/researchchemicalstore.eu\/it\/wp-json\/wp\/v2\/types\/product"}],"replies":[{"embeddable":true,"href":"https:\/\/researchchemicalstore.eu\/it\/wp-json\/wp\/v2\/comments?post=23624"}],"version-history":[{"count":5,"href":"https:\/\/researchchemicalstore.eu\/it\/wp-json\/wp\/v2\/product\/23624\/revisions"}],"predecessor-version":[{"id":28060,"href":"https:\/\/researchchemicalstore.eu\/it\/wp-json\/wp\/v2\/product\/23624\/revisions\/28060"}],"wp:featuredmedia":[{"embeddable":true,"href":"https:\/\/researchchemicalstore.eu\/it\/wp-json\/wp\/v2\/media\/28680"}],"wp:attachment":[{"href":"https:\/\/researchchemicalstore.eu\/it\/wp-json\/wp\/v2\/media?parent=23624"}],"wp:term":[{"taxonomy":"product_brand","embeddable":true,"href":"https:\/\/researchchemicalstore.eu\/it\/wp-json\/wp\/v2\/product_brand?post=23624"},{"taxonomy":"product_cat","embeddable":true,"href":"https:\/\/researchchemicalstore.eu\/it\/wp-json\/wp\/v2\/product_cat?post=23624"},{"taxonomy":"product_tag","embeddable":true,"href":"https:\/\/researchchemicalstore.eu\/it\/wp-json\/wp\/v2\/product_tag?post=23624"}],"curies":[{"name":"wp","href":"https:\/\/api.w.org\/{rel}","templated":true}]}}