{"id":24192,"date":"2025-04-13T17:41:13","date_gmt":"2025-04-13T17:41:13","guid":{"rendered":"https:\/\/researchchemicalstore.eu\/?post_type=product&#038;p=24192"},"modified":"2025-10-22T08:22:25","modified_gmt":"2025-10-22T08:22:25","slug":"acquista-3-fpm","status":"publish","type":"product","link":"https:\/\/researchchemicalstore.eu\/it\/prodotto\/acquista-3-fpm\/","title":{"rendered":"Scatola RC+ Fluor 3-FPM 50 mg"},"content":{"rendered":"<h1><strong>Acquista 3 confezioni da 50 mg di FPM \u2013 Prodotto chimico di ricerca premium per esperimenti scientifici<\/strong><\/h1>\n<h2><strong>3-FPM (3-fluorofenmetrazina) 50 mg \u2013 Una sostanza di ricerca unica<\/strong><\/h2>\n<p class=\"ds-markdown-paragraph\">IL\u00a0<strong>Acquista RC+ 3 FPM 50mg Box<\/strong>\u00a0contiene una sostanza chimica di ricerca di alto valore che \u00e8 di interesse scientifico per le sue propriet\u00e0 strutturali e il suo profilo farmacologico. Questo analogo della fenmetrazina derivato dal fluoro \u00e8 venduto esclusivamente per scopi di ricerca in vitro e analitici.<\/p>\n<p class=\"ds-markdown-paragraph\">Con un dosaggio preciso di\u00a0<strong>50 mg per unit\u00e0<\/strong>\u00a0Questo prodotto fornisce ai ricercatori una fonte affidabile per esperimenti scientifici controllati.<a title=\"2-CMC 250 mg in pellet\" href=\"https:\/\/researchchemicalstore.eu\/it\/negozio\/catinoni\/%f0%9f%92%a1-2-mmc-polvere-cristallina-per-tutte-le-domande-e-risposte-per-lacquisto\/\" target=\"_blank\" rel=\"noopener\">2-CMC 250 mg in pellet<\/a><\/p>\n<hr \/>\n<h2><strong>Caratteristiche principali di RC+ 3-FPM 50 mg<\/strong><\/h2>\n<p class=\"ds-markdown-paragraph\">\u2705\u00a0<strong>Elevata purezza:<\/strong>\u00a0Testato analiticamente per purezza \u226598%<br \/>\n\u2705\u00a0<strong>Dosaggio esatto:<\/strong>\u00a050 mg per unit\u00e0 per risultati riproducibili<br \/>\n\u2705\u00a0<strong>Formulazione stabile:<\/strong>\u00a0Durata ottimale di conservazione in condizioni di conservazione corrette<br \/>\n\u2705\u00a0<strong>Imballaggio scientifico:<\/strong>\u00a0Imballaggio leggero ed ermetico<br \/>\n\u2705\u00a0<strong>Consegna rapida:<\/strong>\u00a0Hai ordinato prima delle 15:00? Di solito la spedizione avviene lo stesso giorno<\/p>\n<hr \/>\n<h2><strong>Rilevanza scientifica<\/strong><\/h2>\n<p class=\"ds-markdown-paragraph\">Il 3-FPM \u00e8 un composto interessante per la ricerca perch\u00e9:<\/p>\n<p class=\"ds-markdown-paragraph\">\u2022\u00a0<strong>Unicit\u00e0 strutturale<\/strong>\u00a0come derivato fluorato della fenmetrazina<br \/>\n\u2022\u00a0<strong>Potenziali propriet\u00e0 farmacodinamiche<\/strong>\u00a0per studio scientifico<br \/>\n\u2022\u00a0<strong>Possibilit\u00e0 di applicazione<\/strong> nella ricerca neurochimica e farmacologica.<a title=\"Blotter 1V-LSD 150 MCG\" href=\"https:\/\/researchchemicalstore.eu\/it\/negozio\/lisergamidi\/1v-lsd-150-mcg-blotters\/\" target=\"_blank\" rel=\"noopener\">Blotter 1V-LSD 150 MCG<\/a><\/p>\n<hr \/>\n<h2><strong>Protocollo di sicurezza e linee guida per la ricerca<\/strong><\/h2>\n<p class=\"ds-markdown-paragraph\">\u26a0\u00a0<strong>IMPORTANTE:<\/strong><\/p>\n<ul>\n<li>\n<p class=\"ds-markdown-paragraph\"><strong>Solo per la ricerca in vitro<\/strong><\/p>\n<\/li>\n<li>\n<p class=\"ds-markdown-paragraph\"><strong>Non destinato al consumo umano o animale<\/strong><\/p>\n<\/li>\n<li>\n<p class=\"ds-markdown-paragraph\"><strong>Solo per ricercatori qualificati<\/strong><\/p>\n<\/li>\n<\/ul>\n<p class=\"ds-markdown-paragraph\">\ud83d\udd2c\u00a0<strong>Requisiti di laboratorio:<\/strong><\/p>\n<ul>\n<li>\n<p class=\"ds-markdown-paragraph\">Utilizzare in un ambiente di ricerca controllato<\/p>\n<\/li>\n<li>\n<p class=\"ds-markdown-paragraph\">Indossare adeguati dispositivi di protezione individuale<\/p>\n<\/li>\n<li>\n<p class=\"ds-markdown-paragraph\">Seguire tutti i protocolli di sicurezza istituzionali.<a title=\"Pellet di O-DSMT da 50 mg\" href=\"https:\/\/researchchemicalstore.eu\/it\/negozio\/pellet-2\/o-pellet-dsmt-50mg\/\" target=\"_blank\" rel=\"noopener\">Pellet di O-DSMT da 50 mg<\/a><\/p>\n<\/li>\n<\/ul>\n<hr \/>\n<h2><strong>Consigli per lo stoccaggio<\/strong><\/h2>\n<p class=\"ds-markdown-paragraph\">\u2022 Conservare presso\u00a0<strong>15-25\u00b0C<\/strong><br \/>\n\u2022 Proteggere da\u00a0<strong>umidit\u00e0 e luce diretta<\/strong><br \/>\n\u2022\u00a0<strong>Imballaggio originale<\/strong>\u00a0tenere duro<\/p>\n<hr \/>\n<h2><strong>Informazioni sull&#039;ordine<\/strong><\/h2>\n<p class=\"ds-markdown-paragraph\"><strong>Codice prodotto:<\/strong>\u00a0RC-3FPM-50<br \/>\n<strong>Confezione:<\/strong>\u00a010 unit\u00e0 da 50 mg<br \/>\n<strong>Tempi di consegna:<\/strong> 1-3 giorni lavorativi (nei Paesi Bassi).<a title=\"1cP-LSD 150 MCG Art Blotters\" href=\"https:\/\/researchchemicalstore.eu\/it\/negozio\/lisergamidi\/1-cp-di-lsd-da-150-mcg-in-granuli\/\" target=\"_blank\" rel=\"noopener\">1cP-LSD 150 MCG Art Blotters<\/a><\/p>","protected":false},"excerpt":{"rendered":"<p>Acquista 3 FPM 50 mg Box \u2013 Prodotto chimico di ricerca premium per esperimenti scientifici 3-FPM (3-fluorofenmetrazina) 50 mg \u2013 Un prodotto chimico di ricerca unico RC+ 3<\/p>","protected":false},"featured_media":28853,"comment_status":"closed","ping_status":"closed","template":"","meta":[],"product_brand":[82],"product_cat":[555],"product_tag":[881,606,601,605,326],"class_list":{"0":"post-24192","1":"product","2":"type-product","3":"status-publish","4":"has-post-thumbnail","6":"product_brand-research-chemical","7":"product_cat-b2b","8":"product_tag-3-fpm-kopen","9":"product_tag-3-fluorophenmetrazine","10":"product_tag-3-fpm","11":"product_tag-3fpm","12":"product_tag-nl","14":"first","15":"instock","16":"taxable","17":"shipping-taxable","18":"purchasable","19":"product-type-variable"},"_links":{"self":[{"href":"https:\/\/researchchemicalstore.eu\/it\/wp-json\/wp\/v2\/product\/24192","targetHints":{"allow":["GET"]}}],"collection":[{"href":"https:\/\/researchchemicalstore.eu\/it\/wp-json\/wp\/v2\/product"}],"about":[{"href":"https:\/\/researchchemicalstore.eu\/it\/wp-json\/wp\/v2\/types\/product"}],"replies":[{"embeddable":true,"href":"https:\/\/researchchemicalstore.eu\/it\/wp-json\/wp\/v2\/comments?post=24192"}],"version-history":[{"count":3,"href":"https:\/\/researchchemicalstore.eu\/it\/wp-json\/wp\/v2\/product\/24192\/revisions"}],"predecessor-version":[{"id":26036,"href":"https:\/\/researchchemicalstore.eu\/it\/wp-json\/wp\/v2\/product\/24192\/revisions\/26036"}],"wp:featuredmedia":[{"embeddable":true,"href":"https:\/\/researchchemicalstore.eu\/it\/wp-json\/wp\/v2\/media\/28853"}],"wp:attachment":[{"href":"https:\/\/researchchemicalstore.eu\/it\/wp-json\/wp\/v2\/media?parent=24192"}],"wp:term":[{"taxonomy":"product_brand","embeddable":true,"href":"https:\/\/researchchemicalstore.eu\/it\/wp-json\/wp\/v2\/product_brand?post=24192"},{"taxonomy":"product_cat","embeddable":true,"href":"https:\/\/researchchemicalstore.eu\/it\/wp-json\/wp\/v2\/product_cat?post=24192"},{"taxonomy":"product_tag","embeddable":true,"href":"https:\/\/researchchemicalstore.eu\/it\/wp-json\/wp\/v2\/product_tag?post=24192"}],"curies":[{"name":"wp","href":"https:\/\/api.w.org\/{rel}","templated":true}]}}