{"id":27458,"date":"2025-09-02T16:57:33","date_gmt":"2025-09-02T16:57:33","guid":{"rendered":"https:\/\/researchchemicalstore.eu\/?post_type=product&#038;p=27458"},"modified":"2025-10-18T14:04:54","modified_gmt":"2025-10-18T14:04:54","slug":"polvere-di-benzocaina-%e2%89%a599-0","status":"publish","type":"product","link":"https:\/\/researchchemicalstore.eu\/it\/prodotto\/polvere-di-benzocaina-%e2%89%a599-0\/","title":{"rendered":"Polvere di benzocaina \u226599,0%"},"content":{"rendered":"<p data-start=\"433\" data-end=\"736\">Noi <strong data-start=\"437\" data-end=\"465\">Polvere di benzocaina \u226599,0%<\/strong> \u00e8 una materia prima ultrapura e di alta qualit\u00e0, ampiamente utilizzata in applicazioni farmaceutiche, cosmetiche e industriali. Grazie alla sua eccellente qualit\u00e0 e purezza, questo prodotto soddisfa i pi\u00f9 severi standard ed \u00e8 adatto a un&#039;ampia gamma di scopi.<\/p>\n<p data-start=\"738\" data-end=\"768\"><strong data-start=\"738\" data-end=\"766\">Caratteristiche principali:<\/strong><\/p>\n<ul data-start=\"769\" data-end=\"1018\">\n<li data-start=\"769\" data-end=\"791\">\n<p data-start=\"771\" data-end=\"791\">Purezza: \u226599,0%<\/p>\n<\/li>\n<li data-start=\"792\" data-end=\"829\">\n<p data-start=\"794\" data-end=\"829\">Forma: polvere cristallina bianca fine<\/p>\n<\/li>\n<li data-start=\"830\" data-end=\"930\">\n<p data-start=\"832\" data-end=\"930\">Solubilit\u00e0: Liberamente solubile in alcol e solventi organici, scarsamente solubile in acqua<\/p>\n<\/li>\n<li data-start=\"931\" data-end=\"954\">\n<p data-start=\"933\" data-end=\"954\">Numero CAS: 94-09-7<\/p>\n<\/li>\n<li data-start=\"955\" data-end=\"984\">\n<p data-start=\"957\" data-end=\"984\">Formula molecolare: C9H11NO2<\/p>\n<\/li>\n<li data-start=\"985\" data-end=\"1018\">\n<p data-start=\"987\" data-end=\"1018\">Peso molecolare: 165,19 g\/mol<\/p>\n<\/li>\n<\/ul>\n<p data-start=\"1020\" data-end=\"1039\"><strong data-start=\"1020\" data-end=\"1037\">Applicazioni:<\/strong><\/p>\n<ul data-start=\"1040\" data-end=\"1298\">\n<li data-start=\"1040\" data-end=\"1132\">\n<p data-start=\"1042\" data-end=\"1132\">Industria farmaceutica: utilizzato come anestetico locale in creme, gel e spray<\/p>\n<\/li>\n<li data-start=\"1133\" data-end=\"1210\">\n<p data-start=\"1135\" data-end=\"1210\">Settore cosmetico: utilizzato nei prodotti per il sollievo temporaneo dal dolore<\/p>\n<\/li>\n<li data-start=\"1211\" data-end=\"1298\">\n<p data-start=\"1213\" data-end=\"1298\">Ricerca e laboratori: utilizzabili per scopi scientifici e analitici<\/p>\n<\/li>\n<\/ul>\n<p data-start=\"1300\" data-end=\"1462\"><strong data-start=\"1300\" data-end=\"1325\">Conservazione e sicurezza:<\/strong><br data-start=\"1325\" data-end=\"1328\" \/>Conservare il prodotto in un luogo fresco e asciutto, al riparo dalla luce solare diretta e dall&#039;umidit\u00e0. Adatto solo per uso professionale.<\/p>\n<h1 data-start=\"1469\" data-end=\"1533\"><strong data-start=\"1471\" data-end=\"1531\">Domande frequenti (FAQ in olandese + spiegazione in inglese)<\/strong><\/h1>\n<p data-start=\"1535\" data-end=\"1789\"><strong data-start=\"1535\" data-end=\"1567\">1. Che cos&#039;\u00e8 la polvere di benzocaina?<\/strong><br data-start=\"1567\" data-end=\"1570\" \/>La benzocaina \u00e8 un anestetico locale spesso utilizzato per ridurre temporaneamente il dolore o l&#039;irritazione.<\/p>\n<p data-start=\"1791\" data-end=\"2058\"><strong data-start=\"1791\" data-end=\"1843\">2. Come viene solitamente utilizzata la polvere di benzocaina?<\/strong><br data-start=\"1843\" data-end=\"1846\" \/>Viene utilizzato in creme, gel, spray e talvolta in dispositivi medici per alleviare il dolore.<\/p>\n<p data-start=\"2060\" data-end=\"2360\"><strong data-start=\"2060\" data-end=\"2107\">3. Questo prodotto \u00e8 adatto al consumo?<\/strong><br data-start=\"2107\" data-end=\"2110\" \/>No, questo prodotto \u00e8 destinato esclusivamente all&#039;uso professionale e di ricerca. Non \u00e8 adatto al consumo diretto.<\/p>\n<p data-start=\"2362\" data-end=\"2596\"><strong data-start=\"2362\" data-end=\"2407\">4. Come devo conservare la polvere di benzocaina?<\/strong><br data-start=\"2407\" data-end=\"2410\" \/>Conservare in un luogo fresco, asciutto e ben chiuso, fuori dalla portata dei bambini e degli animali domestici.<\/p>\n<p data-start=\"2598\" data-end=\"2816\"><strong data-start=\"2598\" data-end=\"2657\">5. Posso ordinare questo prodotto in piccole quantit\u00e0?<\/strong><br data-start=\"2657\" data-end=\"2660\" \/>S\u00ec, offriamo quantit\u00e0 di ordine flessibili in base alle tue esigenze.<\/p>\n<p data-start=\"2818\" data-end=\"3078\"><strong data-start=\"2818\" data-end=\"2866\">6. Cosa rende questo prodotto di alta qualit\u00e0?<\/strong><br data-start=\"2866\" data-end=\"2869\" \/>La purezza \u226599,0% garantisce affidabilit\u00e0 e prestazioni costanti in varie applicazioni.<\/p>","protected":false},"excerpt":{"rendered":"<p>Ons Benzoca\u00efne Poeder \u226599.0% is een ultrazuivere, hoogwaardige grondstof die veel wordt gebruikt in farmaceutische, cosmetische en industri\u00eble toepassingen. Dankzij<\/p>","protected":false},"featured_media":28738,"comment_status":"open","ping_status":"closed","template":"","meta":[],"product_brand":[],"product_cat":[1085],"product_tag":[],"class_list":{"0":"post-27458","1":"product","2":"type-product","3":"status-publish","4":"has-post-thumbnail","6":"product_cat-okategoriserad","8":"first","9":"instock","10":"taxable","11":"shipping-taxable","12":"purchasable","13":"product-type-variable"},"_links":{"self":[{"href":"https:\/\/researchchemicalstore.eu\/it\/wp-json\/wp\/v2\/product\/27458","targetHints":{"allow":["GET"]}}],"collection":[{"href":"https:\/\/researchchemicalstore.eu\/it\/wp-json\/wp\/v2\/product"}],"about":[{"href":"https:\/\/researchchemicalstore.eu\/it\/wp-json\/wp\/v2\/types\/product"}],"replies":[{"embeddable":true,"href":"https:\/\/researchchemicalstore.eu\/it\/wp-json\/wp\/v2\/comments?post=27458"}],"version-history":[{"count":2,"href":"https:\/\/researchchemicalstore.eu\/it\/wp-json\/wp\/v2\/product\/27458\/revisions"}],"predecessor-version":[{"id":27974,"href":"https:\/\/researchchemicalstore.eu\/it\/wp-json\/wp\/v2\/product\/27458\/revisions\/27974"}],"wp:featuredmedia":[{"embeddable":true,"href":"https:\/\/researchchemicalstore.eu\/it\/wp-json\/wp\/v2\/media\/28738"}],"wp:attachment":[{"href":"https:\/\/researchchemicalstore.eu\/it\/wp-json\/wp\/v2\/media?parent=27458"}],"wp:term":[{"taxonomy":"product_brand","embeddable":true,"href":"https:\/\/researchchemicalstore.eu\/it\/wp-json\/wp\/v2\/product_brand?post=27458"},{"taxonomy":"product_cat","embeddable":true,"href":"https:\/\/researchchemicalstore.eu\/it\/wp-json\/wp\/v2\/product_cat?post=27458"},{"taxonomy":"product_tag","embeddable":true,"href":"https:\/\/researchchemicalstore.eu\/it\/wp-json\/wp\/v2\/product_tag?post=27458"}],"curies":[{"name":"wp","href":"https:\/\/api.w.org\/{rel}","templated":true}]}}