{"id":27570,"date":"2025-09-23T07:05:38","date_gmt":"2025-09-23T07:05:38","guid":{"rendered":"https:\/\/researchchemicalstore.eu\/?post_type=product&#038;p=27570"},"modified":"2025-10-18T14:07:41","modified_gmt":"2025-10-18T14:07:41","slug":"acquista-4mmc","status":"publish","type":"product","link":"https:\/\/researchchemicalstore.eu\/it\/prodotto\/acquista-4mmc\/","title":{"rendered":"Acquista Mefedrone (4MMC)"},"content":{"rendered":"<h1 data-start=\"660\" data-end=\"708\"><strong data-start=\"662\" data-end=\"706\">4-MMC (Mefedrone) \u2013 Substanzprofil &amp; FAQ<\/strong><\/h1>\n<h3 data-start=\"710\" data-end=\"732\"><strong data-start=\"714\" data-end=\"730\">Descrizione<\/strong><\/h3>\n<p data-start=\"733\" data-end=\"1149\">Acquista 4mmc, 4-MMC, altrimenti bekannt als <strong data-start=\"757\" data-end=\"770\">Mefedrone<\/strong>, correlato al gruppo sintetico <strong data-start=\"808\" data-end=\"821\">Catinone<\/strong>. Es agisce di per s\u00e9 con una sostanza psicoattiva, che negli anni 2000 come sogenannte <strong data-start=\"910\" data-end=\"933\">Ricerca chimica<\/strong> (RC) auftauchte. Aufgrund ihrer <strong data-start=\"966\" data-end=\"1009\">effetto stimolante ed empatogeno<\/strong> Se agissero come &quot;Legal High&quot;, sarebbero protetti nel Land, e anche in Germania, <strong data-start=\"1117\" data-end=\"1140\">legalmente proibito<\/strong> divenne.<\/p>\n<p data-start=\"1151\" data-end=\"1386\">Il mefedrone \u00e8 chimicamente correlato ad esso <strong data-start=\"1187\" data-end=\"1203\">Anfetamine<\/strong> E <strong data-start=\"1208\" data-end=\"1216\">MDMA<\/strong> und wird h\u00e4ufig in Form von <strong data-start=\"1245\" data-end=\"1280\">Polveri, cristalli o capsule<\/strong> angeboten. Heute gilt es als <strong data-start=\"1310\" data-end=\"1328\">illegale secco<\/strong> con buona salute e benessere.<\/p>\n<h3 data-start=\"1393\" data-end=\"1432\"><strong data-start=\"1397\" data-end=\"1430\">Wirkung von 4-MMC (Mephedron)<\/strong><\/h3>\n<p data-start=\"1433\" data-end=\"1503\">Die Wirkung ist meist <strong data-start=\"1455\" data-end=\"1468\">di breve durata<\/strong> e altri Stimulanzien:<\/p>\n<ul data-start=\"1504\" data-end=\"1691\">\n<li data-start=\"1504\" data-end=\"1549\">\n<p data-start=\"1506\" data-end=\"1549\">Altezza <strong data-start=\"1514\" data-end=\"1526\">Euforia<\/strong> E <strong data-start=\"1531\" data-end=\"1547\">Convivialit\u00e0<\/strong><\/p>\n<\/li>\n<li data-start=\"1550\" data-end=\"1616\">\n<p data-start=\"1552\" data-end=\"1616\">Intensivi <strong data-start=\"1563\" data-end=\"1579\">Wohlbefinden<\/strong> e impalcature <strong data-start=\"1596\" data-end=\"1614\">capacit\u00e0 di conversazione<\/strong><\/p>\n<\/li>\n<li data-start=\"1617\" data-end=\"1659\">\n<p data-start=\"1619\" data-end=\"1659\">Altezza <strong data-start=\"1627\" data-end=\"1657\">Herzfrequenz und Blutdruck<\/strong><\/p>\n<\/li>\n<li data-start=\"1660\" data-end=\"1691\">\n<p data-start=\"1662\" data-end=\"1691\">Unterdr\u00fcckung von M\u00fcdigkeit<\/p>\n<\/li>\n<\/ul>\n<h3 data-start=\"1698\" data-end=\"1732\"><strong data-start=\"1702\" data-end=\"1730\">Risiken &amp; Nebenwirkungen<\/strong><\/h3>\n<p data-start=\"1733\" data-end=\"1813\">Der Konsum von Mefedron \u00e8 mit <strong data-start=\"1766\" data-end=\"1800\">gravi rischi per la salute<\/strong> collegato:<\/p>\n<ul data-start=\"1814\" data-end=\"2094\">\n<li data-start=\"1814\" data-end=\"1893\">\n<p data-start=\"1816\" data-end=\"1893\"><strong data-start=\"1816\" data-end=\"1844\">Imposta Heart-Round-Run<\/strong> (Herzrasen, Bluthochdruck, Herzinfarkt-Risiko)<\/p>\n<\/li>\n<li data-start=\"1894\" data-end=\"1965\">\n<p data-start=\"1896\" data-end=\"1965\"><strong data-start=\"1896\" data-end=\"1918\">Effetti psichici<\/strong> come Angstzust\u00e4nde, Paranoia, Schlaflosigkeit<\/p>\n<\/li>\n<li data-start=\"1966\" data-end=\"2020\">\n<p data-start=\"1968\" data-end=\"2020\"><strong data-start=\"1968\" data-end=\"1994\">Abh\u00e4ngigkeitspotenzial<\/strong> bei regelm\u00e4\u00dfigem Konsum<\/p>\n<\/li>\n<li data-start=\"2021\" data-end=\"2094\">\n<p data-start=\"2023\" data-end=\"2094\"><strong data-start=\"2023\" data-end=\"2053\">Akute \u00dcberdosierungsgefahr<\/strong> grazie alla pulizia e alla dose non sicure<\/p>\n<\/li>\n<\/ul>\n<h3 data-start=\"2101\" data-end=\"2136\"><strong data-start=\"2105\" data-end=\"2134\">Procedimenti legali in Germania<\/strong><\/h3>\n<ul data-start=\"2137\" data-end=\"2384\">\n<li data-start=\"2137\" data-end=\"2232\">\n<p data-start=\"2139\" data-end=\"2232\">4-MMC \u00e8 in Germania <strong data-start=\"2164\" data-end=\"2175\">illegale<\/strong> und f\u00e4llt unter das <strong data-start=\"2196\" data-end=\"2229\">Betaubungsmittelgesetz (BtMG)<\/strong>.<\/p>\n<\/li>\n<li data-start=\"2233\" data-end=\"2287\">\n<p data-start=\"2235\" data-end=\"2287\">Besitz, Handel oder Herstellung sind <strong data-start=\"2272\" data-end=\"2284\">punibile<\/strong>.<\/p>\n<\/li>\n<li data-start=\"2288\" data-end=\"2384\">\n<p data-start=\"2290\" data-end=\"2384\">Der Kauf (&quot;comprare&quot;) im Internet ist <strong data-start=\"2325\" data-end=\"2343\">legge federale<\/strong> e pu\u00f2 essere perseguito penalmente.<\/p>\n<\/li>\n<\/ul>\n<h2 data-start=\"2391\" data-end=\"2450\"><strong data-start=\"2394\" data-end=\"2448\">Informazioni di base (FAQ) per 4-MMC (Mefedrone)<\/strong><\/h2>\n<p data-start=\"2452\" data-end=\"2575\"><strong data-start=\"2452\" data-end=\"2473\">1. Cos&#039;\u00e8 il 4-MMC?<\/strong><br data-start=\"2473\" data-end=\"2476\" \/>4-MMC (Mefedrone) \u00e8 un composto sintetico secco del gruppo <strong data-start=\"2541\" data-end=\"2572\">kathinonhaltigen Substanzen<\/strong>.<\/p>\n<p data-start=\"2577\" data-end=\"2779\"><strong data-start=\"2577\" data-end=\"2609\">2. Warum ist 4-MMC verboten?<\/strong><br data-start=\"2609\" data-end=\"2612\" \/>Modi del <strong data-start=\"2622\" data-end=\"2707\">rischi per la salute, benefici per la salute e assistenza medica<\/strong> sono stati trovati nei paesi ai sensi della legislazione vigente.<\/p>\n<p data-start=\"2781\" data-end=\"2914\"><strong data-start=\"2781\" data-end=\"2817\">3. Come si usa il mefedrone?<\/strong><br data-start=\"2817\" data-end=\"2820\" \/>Funziona <strong data-start=\"2829\" data-end=\"2876\">stimolante, euforico ed empatico<\/strong>, anche con MDMA o anfetamina.<\/p>\n<p data-start=\"2916\" data-end=\"3090\"><strong data-start=\"2916\" data-end=\"2958\">4. Quanto ti senti a tuo agio?<\/strong><br data-start=\"2958\" data-end=\"2961\" \/>Nebenwirkungen reichen von <strong data-start=\"2988\" data-end=\"3022\">Herzrasen, \u00dcbelkeit, Schwitzen<\/strong> bis hin zu <strong data-start=\"3034\" data-end=\"3059\">disturbi psicologici<\/strong> wie Angst oder Aggressionen.<\/p>\n<p data-start=\"3092\" data-end=\"3224\"><strong data-start=\"3092\" data-end=\"3130\">5. Il 4-MMC \u00e8 legale in Germania?<\/strong><br data-start=\"3130\" data-end=\"3133\" \/>No, il Mephedron \u00e8 in Germania <strong data-start=\"3168\" data-end=\"3187\">severamente vietato<\/strong>. Besitz und Verkauf \u00e8 punibile dalla legge.<\/p>\n<p data-start=\"3226\" data-end=\"3495\"><strong data-start=\"3226\" data-end=\"3261\">6. Esistono alternative legali?<\/strong><br data-start=\"3261\" data-end=\"3264\" \/>Es existieren keine <strong data-start=\"3284\" data-end=\"3322\">Ersatzstoffe sicuro o legale<\/strong> con identiche modalit\u00e0 di lavoro. Seri\u00f6se Beratung empfiehlt ausschlie\u00dflich <strong data-start=\"3390\" data-end=\"3414\">alternative sane<\/strong> wie Sport, Ern\u00e4hrung und psychologische Unterst\u00fctzung zur Stimmungsaufhellung.<\/p>","protected":false},"excerpt":{"rendered":"<p>4-MMC (Mephedron) \u2013 Substanzprofil &amp; FAQ Beschreibung 4mmc kopen, 4-MMC, auch bekannt als Mephedron, geh\u00f6rt zur Gruppe der synthetischen Cathinone.<\/p>","protected":false},"featured_media":28748,"comment_status":"open","ping_status":"closed","template":"","meta":[],"product_brand":[],"product_cat":[1085],"product_tag":[],"class_list":{"0":"post-27570","1":"product","2":"type-product","3":"status-publish","4":"has-post-thumbnail","6":"product_cat-okategoriserad","8":"first","9":"instock","10":"taxable","11":"shipping-taxable","12":"purchasable","13":"product-type-variable"},"_links":{"self":[{"href":"https:\/\/researchchemicalstore.eu\/it\/wp-json\/wp\/v2\/product\/27570","targetHints":{"allow":["GET"]}}],"collection":[{"href":"https:\/\/researchchemicalstore.eu\/it\/wp-json\/wp\/v2\/product"}],"about":[{"href":"https:\/\/researchchemicalstore.eu\/it\/wp-json\/wp\/v2\/types\/product"}],"replies":[{"embeddable":true,"href":"https:\/\/researchchemicalstore.eu\/it\/wp-json\/wp\/v2\/comments?post=27570"}],"version-history":[{"count":1,"href":"https:\/\/researchchemicalstore.eu\/it\/wp-json\/wp\/v2\/product\/27570\/revisions"}],"predecessor-version":[{"id":27572,"href":"https:\/\/researchchemicalstore.eu\/it\/wp-json\/wp\/v2\/product\/27570\/revisions\/27572"}],"wp:featuredmedia":[{"embeddable":true,"href":"https:\/\/researchchemicalstore.eu\/it\/wp-json\/wp\/v2\/media\/28748"}],"wp:attachment":[{"href":"https:\/\/researchchemicalstore.eu\/it\/wp-json\/wp\/v2\/media?parent=27570"}],"wp:term":[{"taxonomy":"product_brand","embeddable":true,"href":"https:\/\/researchchemicalstore.eu\/it\/wp-json\/wp\/v2\/product_brand?post=27570"},{"taxonomy":"product_cat","embeddable":true,"href":"https:\/\/researchchemicalstore.eu\/it\/wp-json\/wp\/v2\/product_cat?post=27570"},{"taxonomy":"product_tag","embeddable":true,"href":"https:\/\/researchchemicalstore.eu\/it\/wp-json\/wp\/v2\/product_tag?post=27570"}],"curies":[{"name":"wp","href":"https:\/\/api.w.org\/{rel}","templated":true}]}}