{"id":23102,"date":"2025-04-13T17:39:10","date_gmt":"2025-04-13T17:39:10","guid":{"rendered":"https:\/\/researchchemicalstore.eu\/?post_type=product&#038;p=23102"},"modified":"2025-10-23T02:59:27","modified_gmt":"2025-10-23T02:59:27","slug":"3-fpm","status":"publish","type":"product","link":"https:\/\/researchchemicalstore.eu\/nb\/produkt\/3-fpm\/","title":{"rendered":"3-FPM (3-fluorofenmetrazin)"},"content":{"rendered":"<h2><strong>3-FPM<\/strong><\/h2>\n<p><strong>3-FPM<\/strong> Dette stoffet selges utelukkende til forskningsform\u00e5l og er derfor ikke beregnet for konsum. Det faller inn under gruppen fluorerte stoffer. 3-FPM leveres i pulverform og kan brukes til forskning i opptil to \u00e5r n\u00e5r det oppbevares i riktig milj\u00f8.<\/p>\n<p>Fordi 3-FPM kun er til forskningsform\u00e5l og ikke til konsum, er det viktig at 3-FPM oppbevares utilgjengelig for barn og kj\u00e6ledyr.<a title=\"1V-LSD 150 MCG Blottere\" href=\"https:\/\/researchchemicalstore.eu\/nb\/butikk\/lysergamider\/1v-lsd-150-mcg-blotters\/\" target=\"_blank\" rel=\"noopener\">1V-LSD 150 MCG Blottere<\/a><\/p>\n<p>Vi tilbyr forskningskjemikalier av h\u00f8y kvalitet til en rimelig pris. Bestillingen din sendes innen 24 timer hver dag. Bestill 3FPM trygt og raskt gjennom oss!<\/p>\n<h2>3-FPM-egenskaper<\/h2>\n<p><strong>Synonym<\/strong>3-fluorofenmetrazin<br \/>\n<strong>CAS-nummer<\/strong>: 1803562-83-5<br \/>\n<strong>Formel<\/strong>C11H14FNO \u2022 HCL<br \/>\n<strong>Molar masse<\/strong>: 231,7 g\/mol<br \/>\n<strong>Renhet<\/strong>: \u226598%<\/p>\n<h2>Hva er 3-FPM?<\/h2>\n<p>3-FPM (3-fluorofenmetrazin) er et syntetisk sentralstimulerende middel som tilh\u00f8rer fenetylaminfamilien. Det er kjemisk likt andre syntetiske sentralstimulerende midler som amfetamin og metylfenidat, og gir en stimulerende effekt ved \u00e5 \u00f8ke niv\u00e5ene av dopamin, noradrenalin og serotonin i hjernen.<\/p>\n<p>3-FPM selges vanligvis som et hvitt eller off-white pulver som et forskningskjemikalie. Bruken er ulovlig i mange land og har v\u00e6rt knyttet til en rekke tilfeller av alvorlige bivirkninger og d\u00f8dsfall.<\/p>\n<p>Legemidlet ble f\u00f8rst syntetisert tidlig p\u00e5 1970-tallet og ble brukt i vitenskapelig forskning for \u00e5 studere effekten av sentralstimulerende midler p\u00e5 hjernen. P\u00e5 grunn av potensialet for misbruk er imidlertid ikke stoffet godkjent for konsum og brukes prim\u00e6rt til vitenskapelig forskning.<\/p>\n<p>Som andre sentralstimulerende midler kan 3-FPM for\u00e5rsake en rekke bivirkninger, inkludert \u00f8kt hjertefrekvens og blodtrykk, angst, agitasjon og s\u00f8vnl\u00f8shet. Det er viktig \u00e5 merke seg at sikkerheten og de langsiktige effektene av 3-FPM p\u00e5 menneskers helse ikke er godt forst\u00e5tt, og bruken anbefales ikke.<\/p>\n<h2>Hvordan oppsto 3-FPM?<\/h2>\n<p>Opprinnelsen til 3-FPM g\u00e5r tilbake til tidlig p\u00e5 1970-tallet, da det f\u00f8rst ble syntetisert av et team av forskere i Tyskland. Legemidlet ble utviklet som en del av et fors\u00f8k p\u00e5 \u00e5 lage nye forbindelser med stimulerende egenskaper som kunne brukes til \u00e5 behandle medisinske tilstander som narkolepsi og ADHD (Attention Deficit Hyperactivity Disorder).<a title=\"6-CL-ADBA\" href=\"https:\/\/researchchemicalstore.eu\/nb\/butikk\/nesten-forbudt\/6-cl-adba\/\" target=\"_blank\" rel=\"noopener\">6-CL-ADBA<\/a><\/p>\n<p>3-FPM er et derivat av fenmetrazin, et sentralstimulerende middel som ofte ble brukt p\u00e5 1960-tallet som et appetittdempende middel, men som senere ble trukket tilbake p\u00e5 grunn av bekymringer om dets avhengighetsskapende potensial. Forskere mente at modifisering av fenmetrazins kjemiske struktur kunne produsere nye forbindelser med lignende effekter, men f\u00e6rre risikoer.<\/p>\n<p>Etter den f\u00f8rste syntesen ble 3-FPM studert i dyremodeller for \u00e5 bestemme sikkerheten og effektiviteten som en potensiell behandling for ADHD og andre tilstander. Legemidlet ble imidlertid aldri godkjent for menneskelig bruk p\u00e5 grunn av bekymringer om misbruk og avhengighet.<a title=\"2-CMC 250 mg pellets\" href=\"https:\/\/researchchemicalstore.eu\/nb\/butikk\/katinoner\/kjop-2-cm\/\" target=\"_blank\" rel=\"noopener\">2-CMC 250 mg pellets<\/a><\/p>\n<p>Til tross for manglende godkjenning for menneskelig bruk, har 3-FPM blitt popul\u00e6rt de siste \u00e5rene som et forskningskjemikalie. Imidlertid er sikkerheten og langsiktige effekter p\u00e5 menneskers helse ikke godt forst\u00e5tt, og bruk til konsum anbefales ikke.<a title=\"Pink Star-pellets 5-MAPB 70 mg \/ 2-FMA 20 mg \/ 5-MeO-MiPT 2 mg\" href=\"https:\/\/researchchemicalstore.eu\/nb\/butikk\/nesten-forbudt\/rosa-stjernepellets-5-mapb-70-mg-2-fma-20-mg-5-meo-mipt-2-mg\/\" target=\"_blank\" rel=\"noopener\">Pink Star-pellets 5-MAPB 70 mg \/ 2-FMA 20 mg \/ 5-MeO-MiPT 2 mg<\/a><\/p>\n<h2>Faresetninger<\/h2>\n<p>3-FPM kan for\u00e5rsake irritasjon i luftveiene<br \/>\n3-FPM kan for\u00e5rsake \u00f8yeirritasjon<br \/>\nDet er forbudt \u00e5 slippe ut forskningskjemikalier i milj\u00f8et.<\/p>\n<p>3-FPM I \u00d8YNENE: Skyll \u00f8ynene forsiktig med vann i fem minutter. Fjern kontaktlinser hvis du bruker det og det er enkelt \u00e5 gj\u00f8re.<\/p>\n<p>3-FPM VED HUDKONTAKT: Vask huden med s\u00e5pe og vann.<\/p>\n<p>VED INN\u00c5NDING AV 3-FPM: Flytt personen til frisk luft og hold vedkommende i en stilling som er behagelig for pusten. <a title=\"4F-MPH 25 MG-pellets\" href=\"https:\/\/researchchemicalstore.eu\/nb\/butikk\/nesten-forbudt\/4f-mph-25-mg-pellets\/\" target=\"_blank\" rel=\"noopener\">4F-MPH 25 MG-pellets<\/a><\/p>","protected":false},"excerpt":{"rendered":"<p><span style=\"color: #ff6600;\"><strong>Eller leter du etter 3-FPM-pellets? &gt;&gt;<\/strong><\/span><\/p>","protected":false},"featured_media":28616,"comment_status":"closed","ping_status":"closed","template":"","meta":[],"product_brand":[82],"product_cat":[441,322,333],"product_tag":[601,602,326],"class_list":{"0":"post-23102","1":"product","2":"type-product","3":"status-publish","4":"has-post-thumbnail","6":"product_brand-research-chemical","7":"product_cat-3-fpm","8":"product_cat-bijna-verboden","9":"product_cat-gefluoreerden","10":"product_tag-3-fpm","11":"product_tag-fpm-3","12":"product_tag-nl","14":"first","15":"instock","16":"taxable","17":"shipping-taxable","18":"purchasable","19":"product-type-variable"},"_links":{"self":[{"href":"https:\/\/researchchemicalstore.eu\/nb\/wp-json\/wp\/v2\/product\/23102","targetHints":{"allow":["GET"]}}],"collection":[{"href":"https:\/\/researchchemicalstore.eu\/nb\/wp-json\/wp\/v2\/product"}],"about":[{"href":"https:\/\/researchchemicalstore.eu\/nb\/wp-json\/wp\/v2\/types\/product"}],"replies":[{"embeddable":true,"href":"https:\/\/researchchemicalstore.eu\/nb\/wp-json\/wp\/v2\/comments?post=23102"}],"version-history":[{"count":3,"href":"https:\/\/researchchemicalstore.eu\/nb\/wp-json\/wp\/v2\/product\/23102\/revisions"}],"predecessor-version":[{"id":25374,"href":"https:\/\/researchchemicalstore.eu\/nb\/wp-json\/wp\/v2\/product\/23102\/revisions\/25374"}],"wp:featuredmedia":[{"embeddable":true,"href":"https:\/\/researchchemicalstore.eu\/nb\/wp-json\/wp\/v2\/media\/28616"}],"wp:attachment":[{"href":"https:\/\/researchchemicalstore.eu\/nb\/wp-json\/wp\/v2\/media?parent=23102"}],"wp:term":[{"taxonomy":"product_brand","embeddable":true,"href":"https:\/\/researchchemicalstore.eu\/nb\/wp-json\/wp\/v2\/product_brand?post=23102"},{"taxonomy":"product_cat","embeddable":true,"href":"https:\/\/researchchemicalstore.eu\/nb\/wp-json\/wp\/v2\/product_cat?post=23102"},{"taxonomy":"product_tag","embeddable":true,"href":"https:\/\/researchchemicalstore.eu\/nb\/wp-json\/wp\/v2\/product_tag?post=23102"}],"curies":[{"name":"wp","href":"https:\/\/api.w.org\/{rel}","templated":true}]}}