{"id":23553,"date":"2025-04-13T17:39:57","date_gmt":"2025-04-13T17:39:57","guid":{"rendered":"https:\/\/researchchemicalstore.eu\/?post_type=product&#038;p=23553"},"modified":"2025-10-22T16:03:06","modified_gmt":"2025-10-22T16:03:06","slug":"1b-lsd-l-tartrat-ren","status":"publish","type":"product","link":"https:\/\/researchchemicalstore.eu\/nb\/produkt\/1b-lsd-l-tartrat-ren\/","title":{"rendered":"1B-LSD L-tartrat Ren"},"content":{"rendered":"<h1><strong>1B-LSD L-Tartrate Pure \u2013 Lysergamid av h\u00f8y kvalitet for vitenskapelig forskning<\/strong><\/h1>\n<p><strong>Produktnavn:<\/strong> 1B-LSD L-tartrat<br \/>\n<strong>Kjemisk navn:<\/strong> 1-Butanoyl-lysergsyredietylamid L-tartrat<br \/>\n<strong>Formel:<\/strong> C23H29N3O2 \u00b7 C4H6O6<br \/>\n<strong>Molekylvekt:<\/strong> 495,57 g\/mol<br \/>\n<strong>Skjema:<\/strong> Hvitt krystallinsk pulver<br \/>\n<strong>Renhet:<\/strong> \u226599% (HPLC-sertifisert)<br \/>\n<strong>Type:<\/strong> Forskningsgrad \u2013 Ikke til konsum<\/p>\n<hr \/>\n<h2><strong>Hva er 1B-LSD L-tartrat?<\/strong><\/h2>\n<p>1B-LSD (1-Butanoyl-LSD) er et semisyntetisk lysergam som er kjemisk beslektet med LSD og andre analoger som 1P-LSD og 1cP-LSD. Tilsetning av en butanoylgruppe resulterer i en forbindelse kjent for sin <strong>prodrug-karakter<\/strong>I biologiske systemer forventes det at 1B-LSD delvis omdannes til LSD.<\/p>\n<p>De <strong>L-tartratsaltform<\/strong> tilbyr \u00f8kt stabilitet, n\u00f8yaktig veiing og utmerket l\u00f8selighet for analytiske applikasjoner.<\/p>\n<hr \/>\n<h2><strong>Anvendelser av 1B-LSD i forskningssammenheng<\/strong><\/h2>\n<ul>\n<li><strong>Farmakodynamisk forskning:<\/strong> Studie av serotoninreseptor-interaksjoner (spesielt 5-HT2A).<\/li>\n<li><strong>Sammenlignende nevrokjemisk forskning:<\/strong> Sammenligning med LSD, 1P-LSD og andre analoger.<\/li>\n<li><strong>In-vitro og in-vivo bioaktivitetsscreening<\/strong> (kun for autoriserte institusjoner).<\/li>\n<li><strong>Prodrug-analyse:<\/strong> Analyse av lysergamidmetabolismeveier i biologiske systemer.<\/li>\n<\/ul>\n<blockquote><p>\u26a0\ufe0f <strong>NB:<\/strong> Dette produktet er kun beregnet for vitenskapelige og rettsmedisinske forskningsform\u00e5l. Ikke til konsum eller bruk p\u00e5 dyr.<\/p><\/blockquote>\n<hr \/>\n<h2><strong>Fordeler for forskere<\/strong><\/h2>\n<p>\u2714 H\u00f8y kjemisk stabilitet i L-tartratsaltform<br \/>\n\u2714 Prodrug-egenskaper gir innsikt i lysergamidmetabolismen<br \/>\n\u2714 Konsekvent renhet p\u00e5 \u226599% (HPLC-bekreftet)<br \/>\n\u2714 Lett l\u00f8selig i etanol og andre analytiske l\u00f8semidler<\/p>\n<hr \/>\n<h2><strong>Mulige ulemper \/ begrensninger<\/strong><\/h2>\n<ul>\n<li>Juridisk status kan variere fra land til land eller region<\/li>\n<li>Begrensede langsiktige toksikologiske data<\/li>\n<li>Kan brytes ned ved eksponering for lys, varme eller luft<\/li>\n<li>Krever lagring under kontrollerte forhold<\/li>\n<\/ul>\n<hr \/>\n<h2><strong>Laboratoriedata<\/strong><\/h2>\n<table>\n<thead>\n<tr>\n<th>Trekk<\/th>\n<th>Spesifikasjon<\/th>\n<\/tr>\n<\/thead>\n<tbody>\n<tr>\n<td>Renhet<\/td>\n<td>\u226599% HPLC<\/td>\n<\/tr>\n<tr>\n<td>Smeltepunkt<\/td>\n<td>192\u2013196 \u00b0C<\/td>\n<\/tr>\n<tr>\n<td>L\u00f8selighet<\/td>\n<td>God i etanol og aceton<\/td>\n<\/tr>\n<tr>\n<td>Oppbevaringsr\u00e5d<\/td>\n<td>2\u20138 \u00b0C, m\u00f8rkt og t\u00f8rt<\/td>\n<\/tr>\n<tr>\n<td>Batchkode<\/td>\n<td>1BLSD-LT0625<\/td>\n<\/tr>\n<tr>\n<td>Analysedato<\/td>\n<td>18. juni 2025<\/td>\n<\/tr>\n<\/tbody>\n<\/table>\n<hr \/>\n<h2><strong>Bruksscenarier (laboratorium)<\/strong><\/h2>\n<table>\n<thead>\n<tr>\n<th>S\u00f8knadstype<\/th>\n<th>Konsentrasjon<\/th>\n<th>Metode<\/th>\n<th>M\u00e5l<\/th>\n<\/tr>\n<\/thead>\n<tbody>\n<tr>\n<td>In vitro<\/td>\n<td>1\u201310 \u00b5M<\/td>\n<td>L\u00f8s opp i DMSO<\/td>\n<td>Studier av reseptorbinding<\/td>\n<\/tr>\n<tr>\n<td>In vivo (indirekte)<\/td>\n<td>ikke aktuelt<\/td>\n<td>Kun tillatt med tillatelse<\/td>\n<td>Studie av prodrugkonvertering<\/td>\n<\/tr>\n<\/tbody>\n<\/table>\n<hr \/>\n<h2><strong>Ofte stilte sp\u00f8rsm\u00e5l (FAQ)<\/strong><\/h2>\n<h3>\u2753 Hva er forskjellen mellom 1B-LSD og LSD?<\/h3>\n<p>1B-LSD regnes som et prodrug av LSD. I biologiske systemer kan det omdannes til LSD, noe som gj\u00f8r det spesielt interessant for metabolismeforskning.<\/p>\n<h3>\u2753 Er 1B-LSD lovlig i Nederland eller Belgia?<\/h3>\n<p>1B-LSD kan falle inn under analogiloven. Sjekk alltid gjeldende lover i din region for import eller besittelse.<\/p>\n<h3>\u2753 Hvorfor L-tartrat i stedet for fri base?<\/h3>\n<p>L-tartratformen er kjemisk mer stabil, lettere \u00e5 veie og bedre egnet for langtidslagring.<\/p>\n<h3>\u2753 Kan jeg bruke dette produktet til konsum?<\/h3>\n<p>Nr. 1B-LSD L-tartrat er kun beregnet for laboratorieforskning. Inntak er strengt forbudt.<\/p>\n<hr \/>\n<h2><strong>Sammendrag<\/strong><\/h2>\n<p><strong>1B-LSD L-tartrat<\/strong> gir forskere en unik mulighet til \u00e5 studere lysergamanaloger i en ren, stabil og presis form. Denne forbindelsen kombinerer farmakologisk potensial med laboratorievennlige egenskaper, noe som gj\u00f8r den ideelt egnet for utforskende nevrokjemisk og reseptorfokusert forskning.<\/p>","protected":false},"excerpt":{"rendered":"<h3><span style=\"vertical-align: inherit;\"><span style=\"vertical-align: inherit;\">1B-LSD L-tartrat egenskaper<\/span><\/span><\/h3>\n<p><strong><span style=\"vertical-align: inherit;\"><span style=\"vertical-align: inherit;\">Synonym:<\/span><\/span><\/strong><span style=\"vertical-align: inherit;\"><span style=\"vertical-align: inherit;\"> 1-butanoyl-lysergsyredietylamid hemi-L-tartrat, BLSD <\/span><\/span><br \/>\n<strong><span style=\"vertical-align: inherit;\"><span style=\"vertical-align: inherit;\">CAS-nummer:<\/span><\/span><\/strong><span style=\"vertical-align: inherit;\"><span style=\"vertical-align: inherit;\"> 2349376-12-9 <\/span><\/span><br \/>\n<strong><span style=\"vertical-align: inherit;\"><span style=\"vertical-align: inherit;\">Formel:<\/span><\/span><\/strong><span style=\"vertical-align: inherit;\"><span style=\"vertical-align: inherit;\"> (8\u03b2)-1-butanoyl-N,N-dietyl-6-metyl-9,10-didehydroergolin-8-karboksamid hemi-L-tartrat <\/span><\/span><br \/>\n<strong><span style=\"vertical-align: inherit;\"><span style=\"vertical-align: inherit;\">Molar masse:<\/span><\/span><\/strong><span style=\"vertical-align: inherit;\"><span style=\"vertical-align: inherit;\"> 468,5 g\/mol <\/span><\/span><br \/>\n<strong><span style=\"vertical-align: inherit;\"><span style=\"vertical-align: inherit;\">Renhet:<\/span><\/span><\/strong><span style=\"vertical-align: inherit;\"><span style=\"vertical-align: inherit;\"> &gt;97%<\/span><\/span><\/p>","protected":false},"featured_media":28557,"comment_status":"closed","ping_status":"closed","template":"","meta":[],"product_brand":[],"product_cat":[530,358],"product_tag":[326],"class_list":{"0":"post-23553","1":"product","2":"type-product","3":"status-publish","4":"has-post-thumbnail","6":"product_cat-1b-lsd","7":"product_cat-lysergamides","8":"product_tag-nl","10":"first","11":"instock","12":"taxable","13":"shipping-taxable","14":"purchasable","15":"product-type-variable"},"_links":{"self":[{"href":"https:\/\/researchchemicalstore.eu\/nb\/wp-json\/wp\/v2\/product\/23553","targetHints":{"allow":["GET"]}}],"collection":[{"href":"https:\/\/researchchemicalstore.eu\/nb\/wp-json\/wp\/v2\/product"}],"about":[{"href":"https:\/\/researchchemicalstore.eu\/nb\/wp-json\/wp\/v2\/types\/product"}],"replies":[{"embeddable":true,"href":"https:\/\/researchchemicalstore.eu\/nb\/wp-json\/wp\/v2\/comments?post=23553"}],"version-history":[{"count":2,"href":"https:\/\/researchchemicalstore.eu\/nb\/wp-json\/wp\/v2\/product\/23553\/revisions"}],"predecessor-version":[{"id":26605,"href":"https:\/\/researchchemicalstore.eu\/nb\/wp-json\/wp\/v2\/product\/23553\/revisions\/26605"}],"wp:featuredmedia":[{"embeddable":true,"href":"https:\/\/researchchemicalstore.eu\/nb\/wp-json\/wp\/v2\/media\/28557"}],"wp:attachment":[{"href":"https:\/\/researchchemicalstore.eu\/nb\/wp-json\/wp\/v2\/media?parent=23553"}],"wp:term":[{"taxonomy":"product_brand","embeddable":true,"href":"https:\/\/researchchemicalstore.eu\/nb\/wp-json\/wp\/v2\/product_brand?post=23553"},{"taxonomy":"product_cat","embeddable":true,"href":"https:\/\/researchchemicalstore.eu\/nb\/wp-json\/wp\/v2\/product_cat?post=23553"},{"taxonomy":"product_tag","embeddable":true,"href":"https:\/\/researchchemicalstore.eu\/nb\/wp-json\/wp\/v2\/product_tag?post=23553"}],"curies":[{"name":"wp","href":"https:\/\/api.w.org\/{rel}","templated":true}]}}