{"id":23975,"date":"2025-04-13T17:40:48","date_gmt":"2025-04-13T17:40:48","guid":{"rendered":"https:\/\/researchchemicalstore.eu\/?post_type=product&#038;p=23975"},"modified":"2025-10-22T11:04:38","modified_gmt":"2025-10-22T11:04:38","slug":"2-mmc-pellets","status":"publish","type":"product","link":"https:\/\/researchchemicalstore.eu\/nb\/produkt\/2-mmc-pellets\/","title":{"rendered":"2-MMC 220 mg pellets"},"content":{"rendered":"<h2><strong>2-MMC <\/strong><strong>pellets, <\/strong><strong>220 mg pellets<\/strong><\/h2>\n<p>Disse pelletsene inneholder 220 MG 2-MMC hver.<\/p>\n<p>2-MMC-pellets er et stoff vi kun selger til forskningsform\u00e5l og er derfor ikke beregnet for konsum. 2-MMC kan brukes til forskning i opptil to \u00e5r n\u00e5r det oppbevares i riktig milj\u00f8.<a title=\"MEAI\" href=\"https:\/\/researchchemicalstore.eu\/nb\/butikk\/annen\/meai\/\" target=\"_blank\" rel=\"noopener\">MEAI<\/a><\/p>\n<p>Fordi 2-MMC kun er til forskningsform\u00e5l og ikke til konsum, er det viktig \u00e5 oppbevare 2-MMC utilgjengelig for barn og kj\u00e6ledyr.<a title=\"6-CL-ADBA\" href=\"https:\/\/researchchemicalstore.eu\/nb\/butikk\/nesten-forbudt\/6-cl-adba\/\" target=\"_blank\" rel=\"noopener\">6-CL-ADBA<\/a><\/p>\n<p>Vi tilbyr forskningskjemikalier av h\u00f8y kvalitet til en rimelig pris. Bestillingen din sendes innen 24 timer hver dag. Bestill 2-MMC trygt og raskt.<a title=\"2C-EF 2 mg kapsler\" href=\"https:\/\/researchchemicalstore.eu\/nb\/butikk\/fenetylamin\/2c-ef-2-mg-kapsler\/\" target=\"_blank\" rel=\"noopener\">2C-EF 2 mg kapsler<\/a><\/p>\n<h2>2-MMC-egenskaper<\/h2>\n<p><strong>CAS-nummer<\/strong>: 1246911-71-6<br \/>\n<strong>Formel<\/strong>C11h15NO \u2022 HCL<br \/>\n<strong>Molar masse<\/strong>: 177.247<br \/>\n<strong>Renhet<\/strong>: \u226599%<\/p>\n<h3>Fareerkl\u00e6ring<\/h3>\n<p>2-MMC kan for\u00e5rsake irritasjon i luftveiene<br \/>\n2-MMC kan for\u00e5rsake \u00f8yeirritasjon.<br \/>\nDet er forbudt \u00e5 slippe ut forskningskjemikalier i milj\u00f8et.<a title=\"6-CL-ADBA\" href=\"https:\/\/researchchemicalstore.eu\/nb\/butikk\/nesten-forbudt\/6-cl-adba\/\" target=\"_blank\" rel=\"noopener\">6-CL-ADBA<\/a><\/p>\n<p>2-MMC I \u00d8YNENE: Skyll \u00f8ynene forsiktig med vann i fem minutter. Fjern kontaktlinser hvis du bruker det og det er enkelt \u00e5 gj\u00f8re.<\/p>\n<p>2-MMC VED HUDKONTAKT: Vask huden med s\u00e5pe og vann.<\/p>\n<p>ETTER INN\u00c5NDING AV 2-MMC: Ta offeret med <a href=\"http:\/\/google.nl\" target=\"_blank\" rel=\"noopener\">i<\/a> frisk luft og s\u00f8rg for at offeret st\u00e5r i en stilling som er behagelig for \u00e5 puste.<\/p>","protected":false},"excerpt":{"rendered":"<h2>2-MMC-egenskaper<\/h2>\n<p><strong>CAS-nummer<\/strong>: 1246911-71-6<br \/>\n<strong>Formel<\/strong>C11h15NO \u2022 HCL<br \/>\n<strong>Molar masse<\/strong>: 177.247<br \/>\n<strong>Renhet<\/strong>: \u226599%<\/p>","protected":false},"featured_media":28603,"comment_status":"closed","ping_status":"closed","template":"","meta":[],"product_brand":[82],"product_cat":[372,463,322,79,324],"product_tag":[83,679,652,678,326],"class_list":{"0":"post-23975","1":"product","2":"type-product","3":"status-publish","4":"has-post-thumbnail","6":"product_brand-research-chemical","7":"product_cat-2-mmc-kopen","8":"product_cat-2-mmc-pellets","9":"product_cat-bijna-verboden","10":"product_cat-cathinonen","11":"product_cat-pellets-for-pellet","12":"product_tag-2-mmc-kopen","13":"product_tag-2-mmc-pellets","14":"product_tag-2-mmc-pellets-kopen","15":"product_tag-2mmc-pellets","16":"product_tag-nl","18":"first","19":"instock","20":"taxable","21":"shipping-taxable","22":"purchasable","23":"product-type-variable"},"_links":{"self":[{"href":"https:\/\/researchchemicalstore.eu\/nb\/wp-json\/wp\/v2\/product\/23975","targetHints":{"allow":["GET"]}}],"collection":[{"href":"https:\/\/researchchemicalstore.eu\/nb\/wp-json\/wp\/v2\/product"}],"about":[{"href":"https:\/\/researchchemicalstore.eu\/nb\/wp-json\/wp\/v2\/types\/product"}],"replies":[{"embeddable":true,"href":"https:\/\/researchchemicalstore.eu\/nb\/wp-json\/wp\/v2\/comments?post=23975"}],"version-history":[{"count":3,"href":"https:\/\/researchchemicalstore.eu\/nb\/wp-json\/wp\/v2\/product\/23975\/revisions"}],"predecessor-version":[{"id":25527,"href":"https:\/\/researchchemicalstore.eu\/nb\/wp-json\/wp\/v2\/product\/23975\/revisions\/25527"}],"wp:featuredmedia":[{"embeddable":true,"href":"https:\/\/researchchemicalstore.eu\/nb\/wp-json\/wp\/v2\/media\/28603"}],"wp:attachment":[{"href":"https:\/\/researchchemicalstore.eu\/nb\/wp-json\/wp\/v2\/media?parent=23975"}],"wp:term":[{"taxonomy":"product_brand","embeddable":true,"href":"https:\/\/researchchemicalstore.eu\/nb\/wp-json\/wp\/v2\/product_brand?post=23975"},{"taxonomy":"product_cat","embeddable":true,"href":"https:\/\/researchchemicalstore.eu\/nb\/wp-json\/wp\/v2\/product_cat?post=23975"},{"taxonomy":"product_tag","embeddable":true,"href":"https:\/\/researchchemicalstore.eu\/nb\/wp-json\/wp\/v2\/product_tag?post=23975"}],"curies":[{"name":"wp","href":"https:\/\/api.w.org\/{rel}","templated":true}]}}