{"id":24083,"date":"2025-04-13T17:41:00","date_gmt":"2025-04-13T17:41:00","guid":{"rendered":"https:\/\/researchchemicalstore.eu\/?post_type=product&#038;p=24083"},"modified":"2025-04-21T10:49:25","modified_gmt":"2025-04-21T10:49:25","slug":"digital-minivekt","status":"publish","type":"product","link":"https:\/\/researchchemicalstore.eu\/nb\/produkt\/digital-minivekt\/","title":{"rendered":"Profesjonell digital minivekt \u2013 50 g x 0,001 g"},"content":{"rendered":"<h1><strong>Digital minivekt 50 g x 0,001 g<\/strong><\/h1>\n<p>Presisjon rett ved fingertuppene. Dette <strong>digital minivekt<\/strong> kombinerer ekstrem n\u00f8yaktighet med et kompakt design. Takket v\u00e6re et m\u00e5leomr\u00e5de p\u00e5 opptil <strong>50 gram<\/strong> og en resolusjon av <strong>0,001 gram<\/strong>, dette er det ideelle verkt\u00f8yet for applikasjoner der presisjon er avgj\u00f8rende \u2013 fra laboratoriebruk til smykker, urter, kosttilskudd eller forskningskjemikalier.<a href=\"https:\/\/researchchemicalstore.eu\/nb\/butikk\/vekter\/digital-cs-vekt\/\">Digital CS-vekt \u2013 100 g x 0,01 g<\/a><\/p>\n<hr \/>\n<h4><strong>Funksjoner:<\/strong><\/h4>\n<ul>\n<li><strong>M\u00e5leomr\u00e5de:<\/strong> 0,001 g til 50 g<\/li>\n<li><strong>Utstilling:<\/strong> Opplyst LCD-skjerm for tydelig avlesning<\/li>\n<li><strong>Kalibrering:<\/strong> Manuell eller automatisk (vekt ikke inkludert)<\/li>\n<li><strong>Funksjoner:<\/strong> Tara\/nullstilling, automatisk avstenging, forskjellige veieenheter (g, oz, ct, gn, dwt)<\/li>\n<li><strong>Str\u00f8mforsyning:<\/strong> Krever AAA-batterier (vanligvis inkludert)<\/li>\n<li><strong>Format:<\/strong> Kompakt og b\u00e6rbar \u2013 f\u00e5r plass i jakkelommen.<a href=\"https:\/\/researchchemicalstore.eu\/nb\/butikk\/vekter\/digital-bio-minivekt\/\">Digital bio minivekt \u2013 20 g x 0,001 g<\/a><\/li>\n<\/ul>\n<hr \/>\n<h4><strong>Fordeler:<\/strong><\/h4>\n<p>\u2714 Sv\u00e6rt egnet for n\u00f8yaktig veiing av sm\u00e5 mengder<br \/>\n\u2714 Egnet for laboratorier, edelstener, pulver og finkornede stoffer<br \/>\n\u2714 Enkel \u00e5 bruke \u2013 plugg inn og vei<br \/>\n\u2714 Inkluderer beskyttelsesdeksel eller deksel (hvis aktuelt).<a href=\"https:\/\/researchchemicalstore.eu\/nb\/butikk\/vekter\/digital-tank-minivekt\/\">Digital tankvekt \u2013 20 g x 0,001 g<\/a><\/p>\n<hr \/>\n<p>\ud83c\udfaf <strong>Perfekt for<\/strong>laboratoriefagfolk, samlere, hobbyfolk, forskere og alle som jobber med presise doseringer.<\/p>\n<p>&nbsp;<\/p>","protected":false},"excerpt":{"rendered":"<p><strong>Spesifikasjoner:<\/strong><\/p>\n<ul>\n<li>Digitalt<\/li>\n<li>Veier fra 0,001 g<\/li>\n<li>Veier maks. 50 g<\/li>\n<li>Fungerer p\u00e5: 2x AAA-batterier<\/li>\n<li>LCD-skjerm<\/li>\n<li>Farge: svart<\/li>\n<\/ul>","protected":false},"featured_media":21116,"comment_status":"closed","ping_status":"closed","template":"","meta":[],"product_brand":[],"product_cat":[451],"product_tag":[452,764,767,847,765,766,768],"class_list":{"0":"post-24083","1":"product","2":"type-product","3":"status-publish","4":"has-post-thumbnail","6":"product_cat-weegschalen","7":"product_tag-de","8":"product_tag-digitale-cs-weegschaal","9":"product_tag-digitale-microweegschaal","10":"product_tag-digitale-mini-weegschaal","11":"product_tag-milligramweegschaal","12":"product_tag-precise-weegschaal-0-001g","13":"product_tag-weegschaal-voor-research-chemicals","15":"first","16":"instock","17":"taxable","18":"shipping-taxable","19":"purchasable","20":"product-type-simple"},"_links":{"self":[{"href":"https:\/\/researchchemicalstore.eu\/nb\/wp-json\/wp\/v2\/product\/24083","targetHints":{"allow":["GET"]}}],"collection":[{"href":"https:\/\/researchchemicalstore.eu\/nb\/wp-json\/wp\/v2\/product"}],"about":[{"href":"https:\/\/researchchemicalstore.eu\/nb\/wp-json\/wp\/v2\/types\/product"}],"replies":[{"embeddable":true,"href":"https:\/\/researchchemicalstore.eu\/nb\/wp-json\/wp\/v2\/comments?post=24083"}],"version-history":[{"count":4,"href":"https:\/\/researchchemicalstore.eu\/nb\/wp-json\/wp\/v2\/product\/24083\/revisions"}],"predecessor-version":[{"id":25971,"href":"https:\/\/researchchemicalstore.eu\/nb\/wp-json\/wp\/v2\/product\/24083\/revisions\/25971"}],"wp:featuredmedia":[{"embeddable":true,"href":"https:\/\/researchchemicalstore.eu\/nb\/wp-json\/wp\/v2\/media\/21116"}],"wp:attachment":[{"href":"https:\/\/researchchemicalstore.eu\/nb\/wp-json\/wp\/v2\/media?parent=24083"}],"wp:term":[{"taxonomy":"product_brand","embeddable":true,"href":"https:\/\/researchchemicalstore.eu\/nb\/wp-json\/wp\/v2\/product_brand?post=24083"},{"taxonomy":"product_cat","embeddable":true,"href":"https:\/\/researchchemicalstore.eu\/nb\/wp-json\/wp\/v2\/product_cat?post=24083"},{"taxonomy":"product_tag","embeddable":true,"href":"https:\/\/researchchemicalstore.eu\/nb\/wp-json\/wp\/v2\/product_tag?post=24083"}],"curies":[{"name":"wp","href":"https:\/\/api.w.org\/{rel}","templated":true}]}}