{"id":26112,"date":"2025-05-01T01:20:16","date_gmt":"2025-05-01T01:20:16","guid":{"rendered":"https:\/\/researchchemicalstore.eu\/?post_type=product&#038;p=26112"},"modified":"2025-10-18T14:26:45","modified_gmt":"2025-10-18T14:26:45","slug":"caluanie-muelear-oksiderer","status":"publish","type":"product","link":"https:\/\/researchchemicalstore.eu\/nb\/produkt\/caluanie-muelear-oksiderer\/","title":{"rendered":"Caluanie Muelear Oksider"},"content":{"rendered":"<p class=\"\" data-start=\"268\" data-end=\"544\"><strong data-start=\"268\" data-end=\"296\">Caluanie Muelear Oksider<\/strong> er en mektig <strong data-start=\"314\" data-end=\"337\">kjemiske reagenser<\/strong> som er mest kjent for sin evne til \u00e5 <strong data-start=\"382\" data-end=\"427\">\u00e5 bryte ned sterke metaller og materialer<\/strong>Det er mye brukt i <strong data-start=\"459\" data-end=\"541\">industrisektoren, metallurgi, laboratorieforskning og gruvedrift<\/strong>Caluanie Muelear Oksidere, Caluanie Muelear Oksidere pris i USA, Caluanie Muelear Oksidere USA, Caluanie Muelear Oksidere pris, Caluanie Muelear Oksidere produsent i USA, Caluanie Muelear Oksidere til salgs<\/p>\n<p class=\"\" data-start=\"546\" data-end=\"822\">Denne ravfargede v\u00e6sken med h\u00f8y viskositet er kjent for sin dype <strong data-start=\"644\" data-end=\"672\">oksidative egenskaper<\/strong>P\u00e5 grunn av sin unike kjemiske sammensetning kan Caluanie angripe molekyl\u00e6re bindinger i harde materialer, noe som gj\u00f8r dem mykere eller spr\u00f8.<a href=\"https:\/\/researchchemicalstore.eu\/nb\/butikk\/top-10-research-chemicals\/3-cmc-hcl\/\">3-CMC HCl-pose 1 g<\/a><\/p>\n<hr class=\"\" data-start=\"824\" data-end=\"827\" \/>\n<h2 class=\"\" data-start=\"829\" data-end=\"862\">\u2699\ufe0f Viktige funksjoner<\/h2>\n<ul data-start=\"864\" data-end=\"1189\">\n<li class=\"\" data-start=\"864\" data-end=\"918\">\n<p class=\"\" data-start=\"866\" data-end=\"918\"><strong data-start=\"866\" data-end=\"885\">Kjemisk form:<\/strong> Tykk, ravfarget v\u00e6ske<\/p>\n<\/li>\n<li class=\"\" data-start=\"919\" data-end=\"1018\">\n<p class=\"\" data-start=\"921\" data-end=\"1018\"><strong data-start=\"921\" data-end=\"943\">Hovedapplikasjoner:<\/strong> Metallbearbeiding, materialriving, gruvedrift, vitenskapelig forskning<\/p>\n<\/li>\n<li class=\"\" data-start=\"1019\" data-end=\"1071\">\n<p class=\"\" data-start=\"1021\" data-end=\"1071\"><strong data-start=\"1021\" data-end=\"1038\">Reaktivitet:<\/strong> Sv\u00e6rt kraftig oksidasjonsmiddel<\/p>\n<\/li>\n<li class=\"\" data-start=\"1072\" data-end=\"1129\">\n<p class=\"\" data-start=\"1074\" data-end=\"1129\"><strong data-start=\"1074\" data-end=\"1085\">Fare:<\/strong> Etsende og skadelig ved feil bruk<\/p>\n<\/li>\n<li class=\"\" data-start=\"1130\" data-end=\"1189\">\n<p class=\"\" data-start=\"1132\" data-end=\"1189\"><strong data-start=\"1132\" data-end=\"1147\">Emballasje:<\/strong> Lufttett og lekkasjesikker, trygg for transport, <a href=\"https:\/\/researchchemicalstore.eu\/nb\/butikk\/vekter\/digital-bio-minivekt\/\">Digital bio minivekt \u2013 20 g x 0,001 g<\/a><\/p>\n<\/li>\n<\/ul>\n<hr class=\"\" data-start=\"1191\" data-end=\"1194\" \/>\n<h2 class=\"\" data-start=\"1196\" data-end=\"1243\">\ud83d\udcbc Bruksomr\u00e5der for Caluanie Muelear Oxidize<\/h2>\n<h3 class=\"\" data-start=\"1245\" data-end=\"1287\">1. <strong data-start=\"1252\" data-end=\"1285\">Metallforedling og resirkulering<\/strong><\/h3>\n<p class=\"\" data-start=\"1288\" data-end=\"1468\">Caluanie brukes til \u00e5 fjerne harde metaller som jern og st\u00e5l <strong data-start=\"1349\" data-end=\"1386\">\u00e5 myke opp eller svekke<\/strong>, noe som gj\u00f8r prosesseringsprosessen betydelig enklere uten tungt utstyr. <a href=\"https:\/\/researchchemicalstore.eu\/nb\/butikk\/top-10-research-chemicals\/pyrazolam-werking\/\">Pyrazolam 2,5 mg pellets<\/a><\/p>\n<h3 class=\"\" data-start=\"1470\" data-end=\"1514\">2. <strong data-start=\"1477\" data-end=\"1512\">Gruvedrift og utvinning av edelmetaller<\/strong><\/h3>\n<p class=\"\" data-start=\"1515\" data-end=\"1665\">I sm\u00e5 gruvedrifter er Caluanie vant til \u00e5 <strong data-start=\"1570\" data-end=\"1593\">\u00e5 bryte ned malmer<\/strong> og utvinne verdifulle metaller som gull eller platina mer effektivt.<\/p>\n<h3 class=\"\" data-start=\"1667\" data-end=\"1701\">3. <strong data-start=\"1674\" data-end=\"1699\">Laboratorieforskning<\/strong><\/h3>\n<p class=\"\" data-start=\"1702\" data-end=\"1834\">I forskningsinstitusjoner brukes det til <strong data-start=\"1752\" data-end=\"1779\">tester for materialnedbrytning<\/strong> og <strong data-start=\"1783\" data-end=\"1802\">oksidasjonsstudier<\/strong> i kjemi og materialvitenskap.<\/p>\n<h3 class=\"\" data-start=\"1836\" data-end=\"1872\">4. <strong data-start=\"1843\" data-end=\"1870\">Maling- og harpiksbehandling<\/strong><\/h3>\n<p class=\"\" data-start=\"1873\" data-end=\"2033\">I lavere konsentrasjoner kan Caluanie brukes til <strong data-start=\"1935\" data-end=\"1975\">fjerning av industrielle belegg<\/strong>, harpikslag eller polymerer i spesialiserte applikasjoner.<\/p>\n<hr class=\"\" data-start=\"2035\" data-end=\"2038\" \/>\n<h2 class=\"\" data-start=\"2040\" data-end=\"2068\">\u26a0\ufe0f Sikkerhetstiltak<\/h2>\n<p class=\"\" data-start=\"2070\" data-end=\"2185\">Caluanie Muelear Oxidize er en <strong data-start=\"2102\" data-end=\"2132\">etsende og reaktivt stoff<\/strong>Bruk krever strenge sikkerhetsprotokoller:<\/p>\n<ul data-start=\"2187\" data-end=\"2535\">\n<li class=\"\" data-start=\"2187\" data-end=\"2261\">\n<p class=\"\" data-start=\"2189\" data-end=\"2261\">Bruk alltid <strong data-start=\"2202\" data-end=\"2259\">hansker, vernebriller og vernekl\u00e6r<\/strong><\/p>\n<\/li>\n<li class=\"\" data-start=\"2262\" data-end=\"2334\">\n<p class=\"\" data-start=\"2264\" data-end=\"2334\">Bruk kun i godt ventilerte omr\u00e5der eller under avtrekksvifte.<\/p>\n<\/li>\n<li class=\"\" data-start=\"2335\" data-end=\"2397\">\n<p class=\"\" data-start=\"2337\" data-end=\"2397\">Ikke bland med andre kjemikalier med mindre det er spesifikt testet.<\/p>\n<\/li>\n<li class=\"\" data-start=\"2398\" data-end=\"2454\">\n<p class=\"\" data-start=\"2400\" data-end=\"2454\">Oppbevares utilgjengelig for barn og uvedkommende.<\/p>\n<\/li>\n<li class=\"\" data-start=\"2455\" data-end=\"2535\">\n<p class=\"\" data-start=\"2457\" data-end=\"2535\">Oppbevares kj\u00f8lig, t\u00f8rt og trygt i kjemikaliebestandig emballasje. <a href=\"https:\/\/researchchemicalstore.eu\/nb\/butikk\/vekter\/digital-tank-minivekt\/\">Digital tankvekt \u2013 20 g x 0,001 g<\/a><\/p>\n<\/li>\n<\/ul>\n<hr class=\"\" data-start=\"2537\" data-end=\"2540\" \/>\n<h2 class=\"\" data-start=\"2542\" data-end=\"2601\">\u2705 Hvorfor kj\u00f8pe Caluanie fra en p\u00e5litelig leverand\u00f8r?<\/h2>\n<p class=\"\" data-start=\"2603\" data-end=\"2729\">Hvis du leter etter <strong data-start=\"2628\" data-end=\"2671\">ren, industriell kvalitet Caluanie<\/strong>, da er det avgj\u00f8rende \u00e5 kj\u00f8pe fra en leverand\u00f8r som:<\/p>\n<ul data-start=\"2731\" data-end=\"2973\">\n<li class=\"\" data-start=\"2731\" data-end=\"2793\">\n<p class=\"\" data-start=\"2733\" data-end=\"2793\"><strong data-start=\"2733\" data-end=\"2755\">Laboratorietester<\/strong> og tilbyr renhetssertifikater<\/p>\n<\/li>\n<li class=\"\" data-start=\"2794\" data-end=\"2843\">\n<p class=\"\" data-start=\"2796\" data-end=\"2843\"><strong data-start=\"2796\" data-end=\"2830\">Sikker og diskret emballasje<\/strong> garantier<\/p>\n<\/li>\n<li class=\"\" data-start=\"2844\" data-end=\"2908\">\n<p class=\"\" data-start=\"2846\" data-end=\"2908\"><strong data-start=\"2846\" data-end=\"2877\">Rask og forsikret transport<\/strong> mulig i Europa<\/p>\n<\/li>\n<li class=\"\" data-start=\"2909\" data-end=\"2973\">\n<p class=\"\" data-start=\"2911\" data-end=\"2973\"><strong data-start=\"2911\" data-end=\"2939\">Teknisk st\u00f8tte<\/strong> tilbud i bruk og applikasjoner<\/p>\n<\/li>\n<\/ul>\n<hr class=\"\" data-start=\"2975\" data-end=\"2978\" \/>\n<h2 class=\"\" data-start=\"2980\" data-end=\"2995\">\ud83d\udd1a Konklusjon<\/h2>\n<p class=\"\" data-start=\"2997\" data-end=\"3265\"><strong data-start=\"2997\" data-end=\"3025\">Caluanie Muelear Oksider<\/strong> er en unik og kraftig v\u00e6ske med et bredt spekter av industrielle og vitenskapelige bruksomr\u00e5der. Den kan \u00f8ke effektiviteten i materialh\u00e5ndtering og metallbearbeiding betydelig n\u00e5r den brukes riktig og ansvarlig.<\/p>\n<p class=\"\" data-start=\"3267\" data-end=\"3398\">For fagfolk innen <strong data-start=\"3289\" data-end=\"3322\">kjemi, gruvedrift eller resirkulering<\/strong> Er Caluanie et verdifullt verkt\u00f8y i forsknings- eller produksjonsprosessen? <a href=\"https:\/\/researchchemicalstore.eu\/nb\/butikk\/vekter\/digital-cs-vekt\/\">Digital CS-vekt \u2013 100 g x 0,01 g<\/a><\/p>","protected":false},"excerpt":{"rendered":"<p>Caluanie Muelear Oxidize er et kraftig kjemisk reagens som er best kjent for sin evne til \u00e5 oksidere sterke metaller og materialer.<\/p>","protected":false},"featured_media":28749,"comment_status":"open","ping_status":"closed","template":"","meta":[],"product_brand":[],"product_cat":[1085],"product_tag":[905,897,904,902,903,901,906,900,907,898,899],"class_list":{"0":"post-26112","1":"product","2":"type-product","3":"status-publish","4":"has-post-thumbnail","6":"product_cat-okategoriserad","7":"product_tag-buy-caluanie-muelear-oxidize-online","8":"product_tag-caluanie-muelear-oxidize","9":"product_tag-caluanie-muelear-oxidize-deutschland","10":"product_tag-caluanie-muelear-oxidize-for-sale","11":"product_tag-caluanie-muelear-oxidize-kaufen","12":"product_tag-caluanie-muelear-oxidize-manufacturer-in-usa","13":"product_tag-caluanie-muelear-oxidize-pasteurize","14":"product_tag-caluanie-muelear-oxidize-price","15":"product_tag-caluanie-muelear-oxidize-price-in-india","16":"product_tag-caluanie-muelear-oxidize-price-in-usa","17":"product_tag-caluanie-muelear-oxidize-usa","19":"first","20":"instock","21":"taxable","22":"shipping-taxable","23":"purchasable","24":"product-type-simple"},"_links":{"self":[{"href":"https:\/\/researchchemicalstore.eu\/nb\/wp-json\/wp\/v2\/product\/26112","targetHints":{"allow":["GET"]}}],"collection":[{"href":"https:\/\/researchchemicalstore.eu\/nb\/wp-json\/wp\/v2\/product"}],"about":[{"href":"https:\/\/researchchemicalstore.eu\/nb\/wp-json\/wp\/v2\/types\/product"}],"replies":[{"embeddable":true,"href":"https:\/\/researchchemicalstore.eu\/nb\/wp-json\/wp\/v2\/comments?post=26112"}],"version-history":[{"count":2,"href":"https:\/\/researchchemicalstore.eu\/nb\/wp-json\/wp\/v2\/product\/26112\/revisions"}],"predecessor-version":[{"id":26116,"href":"https:\/\/researchchemicalstore.eu\/nb\/wp-json\/wp\/v2\/product\/26112\/revisions\/26116"}],"wp:featuredmedia":[{"embeddable":true,"href":"https:\/\/researchchemicalstore.eu\/nb\/wp-json\/wp\/v2\/media\/28749"}],"wp:attachment":[{"href":"https:\/\/researchchemicalstore.eu\/nb\/wp-json\/wp\/v2\/media?parent=26112"}],"wp:term":[{"taxonomy":"product_brand","embeddable":true,"href":"https:\/\/researchchemicalstore.eu\/nb\/wp-json\/wp\/v2\/product_brand?post=26112"},{"taxonomy":"product_cat","embeddable":true,"href":"https:\/\/researchchemicalstore.eu\/nb\/wp-json\/wp\/v2\/product_cat?post=26112"},{"taxonomy":"product_tag","embeddable":true,"href":"https:\/\/researchchemicalstore.eu\/nb\/wp-json\/wp\/v2\/product_tag?post=26112"}],"curies":[{"name":"wp","href":"https:\/\/api.w.org\/{rel}","templated":true}]}}