{"id":27458,"date":"2025-09-02T16:57:33","date_gmt":"2025-09-02T16:57:33","guid":{"rendered":"https:\/\/researchchemicalstore.eu\/?post_type=product&#038;p=27458"},"modified":"2025-10-18T14:04:54","modified_gmt":"2025-10-18T14:04:54","slug":"benzokainpulver-%e2%89%a599-0","status":"publish","type":"product","link":"https:\/\/researchchemicalstore.eu\/nb\/produkt\/benzokainpulver-%e2%89%a599-0\/","title":{"rendered":"Benzokainpulver \u226599,0%"},"content":{"rendered":"<p data-start=\"433\" data-end=\"736\">Oss <strong data-start=\"437\" data-end=\"465\">Benzokainpulver \u226599,0%<\/strong> er et ultrarent r\u00e5materiale av h\u00f8y kvalitet som er mye brukt i farmas\u00f8ytiske, kosmetiske og industrielle applikasjoner. Takket v\u00e6re sin utmerkede kvalitet og renhet oppfyller dette produktet de strengeste standardene og er egnet for et bredt spekter av form\u00e5l.<\/p>\n<p data-start=\"738\" data-end=\"768\"><strong data-start=\"738\" data-end=\"766\">Viktige funksjoner:<\/strong><\/p>\n<ul data-start=\"769\" data-end=\"1018\">\n<li data-start=\"769\" data-end=\"791\">\n<p data-start=\"771\" data-end=\"791\">Renhet: \u226599,0%<\/p>\n<\/li>\n<li data-start=\"792\" data-end=\"829\">\n<p data-start=\"794\" data-end=\"829\">Form: Fint hvitt krystallinsk pulver<\/p>\n<\/li>\n<li data-start=\"830\" data-end=\"930\">\n<p data-start=\"832\" data-end=\"930\">L\u00f8selighet: Lett l\u00f8selig i alkohol og organiske l\u00f8semidler, tungt l\u00f8selig i vann<\/p>\n<\/li>\n<li data-start=\"931\" data-end=\"954\">\n<p data-start=\"933\" data-end=\"954\">CAS-nummer: 94-09-7<\/p>\n<\/li>\n<li data-start=\"955\" data-end=\"984\">\n<p data-start=\"957\" data-end=\"984\">Molekylformel: C9H11NO2<\/p>\n<\/li>\n<li data-start=\"985\" data-end=\"1018\">\n<p data-start=\"987\" data-end=\"1018\">Molekylvekt: 165,19 g\/mol<\/p>\n<\/li>\n<\/ul>\n<p data-start=\"1020\" data-end=\"1039\"><strong data-start=\"1020\" data-end=\"1037\">Bruksomr\u00e5der:<\/strong><\/p>\n<ul data-start=\"1040\" data-end=\"1298\">\n<li data-start=\"1040\" data-end=\"1132\">\n<p data-start=\"1042\" data-end=\"1132\">Legemiddelindustri: brukt som lokalbed\u00f8velse i kremer, geler og sprayer<\/p>\n<\/li>\n<li data-start=\"1133\" data-end=\"1210\">\n<p data-start=\"1135\" data-end=\"1210\">Kosmetikksektoren: brukes i produkter for midlertidig smertelindring<\/p>\n<\/li>\n<li data-start=\"1211\" data-end=\"1298\">\n<p data-start=\"1213\" data-end=\"1298\">Forskning og laboratorier: kan brukes til vitenskapelige og analytiske form\u00e5l<\/p>\n<\/li>\n<\/ul>\n<p data-start=\"1300\" data-end=\"1462\"><strong data-start=\"1300\" data-end=\"1325\">Lagring og sikkerhet:<\/strong><br data-start=\"1325\" data-end=\"1328\" \/>Oppbevar produktet p\u00e5 et kj\u00f8lig, t\u00f8rt sted, beskyttet mot direkte sollys og fuktighet. Kun egnet for profesjonell bruk.<\/p>\n<h1 data-start=\"1469\" data-end=\"1533\"><strong data-start=\"1471\" data-end=\"1531\">Ofte stilte sp\u00f8rsm\u00e5l (FAQ p\u00e5 nederlandsk + engelsk forklaring)<\/strong><\/h1>\n<p data-start=\"1535\" data-end=\"1789\"><strong data-start=\"1535\" data-end=\"1567\">1. Hva er benzokainpulver?<\/strong><br data-start=\"1567\" data-end=\"1570\" \/>Benzokain er et lokalbed\u00f8velsesmiddel som ofte brukes til \u00e5 midlertidig redusere smerte eller irritasjon.<\/p>\n<p data-start=\"1791\" data-end=\"2058\"><strong data-start=\"1791\" data-end=\"1843\">2. Hvordan brukes benzokainpulver vanligvis?<\/strong><br data-start=\"1843\" data-end=\"1846\" \/>Det brukes i kremer, geler, sprayer og noen ganger i medisinsk utstyr for \u00e5 lindre smerter.<\/p>\n<p data-start=\"2060\" data-end=\"2360\"><strong data-start=\"2060\" data-end=\"2107\">3. Er dette produktet egnet for konsum?<\/strong><br data-start=\"2107\" data-end=\"2110\" \/>Nei, dette produktet er kun beregnet for profesjonell bruk og forskningsbruk. Det er ikke egnet for direkte konsum.<\/p>\n<p data-start=\"2362\" data-end=\"2596\"><strong data-start=\"2362\" data-end=\"2407\">4. Hvordan b\u00f8r jeg oppbevare benzokainpulver?<\/strong><br data-start=\"2407\" data-end=\"2410\" \/>Oppbevares kj\u00f8lig, t\u00f8rt og tett lukket, utilgjengelig for barn og kj\u00e6ledyr.<\/p>\n<p data-start=\"2598\" data-end=\"2816\"><strong data-start=\"2598\" data-end=\"2657\">5. Kan jeg bestille dette produktet i sm\u00e5 mengder?<\/strong><br data-start=\"2657\" data-end=\"2660\" \/>Ja, vi tilbyr fleksible bestillingsmengder avhengig av dine behov.<\/p>\n<p data-start=\"2818\" data-end=\"3078\"><strong data-start=\"2818\" data-end=\"2866\">6. Hva gj\u00f8r dette produktet av h\u00f8y kvalitet?<\/strong><br data-start=\"2866\" data-end=\"2869\" \/>Renheten p\u00e5 \u226599.0% sikrer p\u00e5litelighet og jevn ytelse i ulike applikasjoner.<\/p>","protected":false},"excerpt":{"rendered":"<p>V\u00e5rt benzokainpulver \u226599.0% er et ultrarent r\u00e5materiale av h\u00f8y kvalitet som er mye brukt i farmas\u00f8ytiske, kosmetiske og industrielle applikasjoner. Takket v\u00e6re<\/p>","protected":false},"featured_media":28738,"comment_status":"open","ping_status":"closed","template":"","meta":[],"product_brand":[],"product_cat":[1085],"product_tag":[],"class_list":{"0":"post-27458","1":"product","2":"type-product","3":"status-publish","4":"has-post-thumbnail","6":"product_cat-okategoriserad","8":"first","9":"instock","10":"taxable","11":"shipping-taxable","12":"purchasable","13":"product-type-variable"},"_links":{"self":[{"href":"https:\/\/researchchemicalstore.eu\/nb\/wp-json\/wp\/v2\/product\/27458","targetHints":{"allow":["GET"]}}],"collection":[{"href":"https:\/\/researchchemicalstore.eu\/nb\/wp-json\/wp\/v2\/product"}],"about":[{"href":"https:\/\/researchchemicalstore.eu\/nb\/wp-json\/wp\/v2\/types\/product"}],"replies":[{"embeddable":true,"href":"https:\/\/researchchemicalstore.eu\/nb\/wp-json\/wp\/v2\/comments?post=27458"}],"version-history":[{"count":2,"href":"https:\/\/researchchemicalstore.eu\/nb\/wp-json\/wp\/v2\/product\/27458\/revisions"}],"predecessor-version":[{"id":27974,"href":"https:\/\/researchchemicalstore.eu\/nb\/wp-json\/wp\/v2\/product\/27458\/revisions\/27974"}],"wp:featuredmedia":[{"embeddable":true,"href":"https:\/\/researchchemicalstore.eu\/nb\/wp-json\/wp\/v2\/media\/28738"}],"wp:attachment":[{"href":"https:\/\/researchchemicalstore.eu\/nb\/wp-json\/wp\/v2\/media?parent=27458"}],"wp:term":[{"taxonomy":"product_brand","embeddable":true,"href":"https:\/\/researchchemicalstore.eu\/nb\/wp-json\/wp\/v2\/product_brand?post=27458"},{"taxonomy":"product_cat","embeddable":true,"href":"https:\/\/researchchemicalstore.eu\/nb\/wp-json\/wp\/v2\/product_cat?post=27458"},{"taxonomy":"product_tag","embeddable":true,"href":"https:\/\/researchchemicalstore.eu\/nb\/wp-json\/wp\/v2\/product_tag?post=27458"}],"curies":[{"name":"wp","href":"https:\/\/api.w.org\/{rel}","templated":true}]}}