{"id":23090,"date":"2025-04-13T17:39:07","date_gmt":"2025-04-13T17:39:07","guid":{"rendered":"https:\/\/researchchemicalstore.eu\/?post_type=product&#038;p=23090"},"modified":"2025-10-21T11:30:38","modified_gmt":"2025-10-21T11:30:38","slug":"1p-lsd-100-mcg-blottery","status":"publish","type":"product","link":"https:\/\/researchchemicalstore.eu\/pl\/produkt\/1p-lsd-100-mcg-blottery\/","title":{"rendered":"1P-LSD 100 MCG Blottery"},"content":{"rendered":"<h1><strong><span dir=\"auto\" style=\"vertical-align: inherit;\"><span dir=\"auto\" style=\"vertical-align: inherit;\">Blottery LSD \u2013 Wyj\u0105tkowe doznania psychodeliczne<\/span><\/span><\/strong><\/h1>\n<p><strong><span dir=\"auto\" style=\"vertical-align: inherit;\"><span dir=\"auto\" style=\"vertical-align: inherit;\">Kup blottery 1P-LSD 100 mcg o jako\u015bci laboratoryjnej \u2013 bezpieczne, precyzyjnie dawkowane i dyskretnie wysy\u0142ane.<\/span><\/span><\/strong><\/p>\n<hr \/>\n<h2>\u2705<span dir=\"auto\" style=\"vertical-align: inherit;\"><span dir=\"auto\" style=\"vertical-align: inherit;\">Czym jest 1P-LSD?<\/span><\/span><\/h2>\n<p><strong><span dir=\"auto\" style=\"vertical-align: inherit;\"><span dir=\"auto\" style=\"vertical-align: inherit;\">1P-LSD (dietyloamid kwasu 1-propionylo-lizergowego)<\/span><\/span><\/strong><span dir=\"auto\" style=\"vertical-align: inherit;\"><span dir=\"auto\" style=\"vertical-align: inherit;\"> jest popularny <\/span><\/span><em><span dir=\"auto\" style=\"vertical-align: inherit;\"><span dir=\"auto\" style=\"vertical-align: inherit;\">chemikalia badawcze<\/span><\/span><\/em><span dir=\"auto\" style=\"vertical-align: inherit;\"><span dir=\"auto\" style=\"vertical-align: inherit;\"> z rodziny lizergamid\u00f3w. Jest znany ze swojego <\/span><\/span><strong><span dir=\"auto\" style=\"vertical-align: inherit;\"><span dir=\"auto\" style=\"vertical-align: inherit;\">efekty psychodeliczne<\/span><\/span><\/strong><span dir=\"auto\" style=\"vertical-align: inherit;\"><span dir=\"auto\" style=\"vertical-align: inherit;\"> i jest cz\u0119sto u\u017cywany do samoeksploracji i cel\u00f3w naukowych. Pod wzgl\u0119dem chemicznym jest bardzo podobny do LSD, ale ma nieco inne dzia\u0142anie i status prawny w niekt\u00f3rych krajach.<\/span><\/span><\/p>\n<p><span dir=\"auto\" style=\"vertical-align: inherit;\"><span dir=\"auto\" style=\"vertical-align: inherit;\">Nasz <\/span><\/span><strong><span dir=\"auto\" style=\"vertical-align: inherit;\"><span dir=\"auto\" style=\"vertical-align: inherit;\">Blottery 100 mcg 1P-LSD<\/span><\/span><\/strong><span dir=\"auto\" style=\"vertical-align: inherit;\"><span dir=\"auto\" style=\"vertical-align: inherit;\"> s\u0105 idealnie dozowane zar\u00f3wno dla pocz\u0105tkuj\u0105cych, jak i do\u015bwiadczonych u\u017cytkownik\u00f3w.<\/span><\/span><\/p>\n<hr \/>\n<h2>\u2b50<span dir=\"auto\" style=\"vertical-align: inherit;\"><span dir=\"auto\" style=\"vertical-align: inherit;\">Dlaczego warto kupi\u0107 1P-LSD w\u0142a\u015bnie u nas?<\/span><\/span><\/h2>\n<ul>\n<li>\ud83d\udd2c <strong><span dir=\"auto\" style=\"vertical-align: inherit;\"><span dir=\"auto\" style=\"vertical-align: inherit;\">Badania laboratoryjne:<\/span><\/span><\/strong><span dir=\"auto\" style=\"vertical-align: inherit;\"><span dir=\"auto\" style=\"vertical-align: inherit;\"> Gwarantowana czysto\u015b\u0107 i jako\u015b\u0107<\/span><\/span><\/li>\n<li>\ud83d\udccf <strong><span dir=\"auto\" style=\"vertical-align: inherit;\"><span dir=\"auto\" style=\"vertical-align: inherit;\">Dok\u0142adne dawkowanie:<\/span><\/span><\/strong><span dir=\"auto\" style=\"vertical-align: inherit;\"><span dir=\"auto\" style=\"vertical-align: inherit;\"> Ka\u017cdy blotter zawiera dok\u0142adnie 100 mikrogram\u00f3w 1P-LSD<\/span><\/span><\/li>\n<li>\ud83d\udce6 <strong><span dir=\"auto\" style=\"vertical-align: inherit;\"><span dir=\"auto\" style=\"vertical-align: inherit;\">Dyskretna wysy\u0142ka:<\/span><\/span><\/strong><span dir=\"auto\" style=\"vertical-align: inherit;\"><span dir=\"auto\" style=\"vertical-align: inherit;\"> Bezpiecznie zapakowane, bez widocznych etykiet<\/span><\/span><\/li>\n<li>\u2705 <strong><span dir=\"auto\" style=\"vertical-align: inherit;\"><span dir=\"auto\" style=\"vertical-align: inherit;\">Wiarygodne \u017ar\u00f3d\u0142o:<\/span><\/span><\/strong><span dir=\"auto\" style=\"vertical-align: inherit;\"><span dir=\"auto\" style=\"vertical-align: inherit;\"> Setki zadowolonych klient\u00f3w posz\u0142o <\/span><\/span><a href=\"http:\/\/google.nl\" target=\"_blank\" rel=\"noopener\"><span dir=\"auto\" style=\"vertical-align: inherit;\"><span dir=\"auto\" style=\"vertical-align: inherit;\">przed tob\u0105<\/span><\/span><\/a><\/li>\n<\/ul>\n<hr \/>\n<h2>\ud83c\udf08<span dir=\"auto\" style=\"vertical-align: inherit;\"><span dir=\"auto\" style=\"vertical-align: inherit;\">Efekty 1P-LSD 100 mcg<\/span><\/span><\/h2>\n<p><span dir=\"auto\" style=\"vertical-align: inherit;\"><span dir=\"auto\" style=\"vertical-align: inherit;\">Skutki <\/span><\/span><strong><span dir=\"auto\" style=\"vertical-align: inherit;\"><span dir=\"auto\" style=\"vertical-align: inherit;\">1P-LSD 100 mcg<\/span><\/span><\/strong><span dir=\"auto\" style=\"vertical-align: inherit;\"><span dir=\"auto\" style=\"vertical-align: inherit;\"> S\u0105 intensywne i wzbogacaj\u0105ce duchowo. U\u017cytkownicy zg\u0142aszaj\u0105 mi\u0119dzy innymi:<\/span><\/span><\/p>\n<ul>\n<li><span dir=\"auto\" style=\"vertical-align: inherit;\"><span dir=\"auto\" style=\"vertical-align: inherit;\">Wzory wizualne i kolorowe halucynacje<\/span><\/span><\/li>\n<li><span dir=\"auto\" style=\"vertical-align: inherit;\"><span dir=\"auto\" style=\"vertical-align: inherit;\">Zwi\u0119kszona kreatywno\u015b\u0107 i elastyczno\u015b\u0107 umys\u0142owa<\/span><\/span><\/li>\n<li><span dir=\"auto\" style=\"vertical-align: inherit;\"><span dir=\"auto\" style=\"vertical-align: inherit;\">Introspekcja i g\u0142\u0119bokie osobiste spostrze\u017cenia<\/span><\/span><\/li>\n<li><span dir=\"auto\" style=\"vertical-align: inherit;\"><span dir=\"auto\" style=\"vertical-align: inherit;\">Zmienione postrzeganie czasu i wzmocnienie bod\u017ac\u00f3w sensorycznych<\/span><\/span><\/li>\n<\/ul>\n<p>\u23f1\ufe0f <em><span dir=\"auto\" style=\"vertical-align: inherit;\"><span dir=\"auto\" style=\"vertical-align: inherit;\">Czas trwania:<\/span><\/span><\/em><span dir=\"auto\" style=\"vertical-align: inherit;\"><span dir=\"auto\" style=\"vertical-align: inherit;\"> od 6 do 10 godzin <\/span><\/span><br \/>\n\u23f3 <em><span dir=\"auto\" style=\"vertical-align: inherit;\"><span dir=\"auto\" style=\"vertical-align: inherit;\">Pocz\u0105tek:<\/span><\/span><\/em><span dir=\"auto\" style=\"vertical-align: inherit;\"><span dir=\"auto\" style=\"vertical-align: inherit;\"> w ci\u0105gu 30 do 60 minut po spo\u017cyciu<\/span><\/span><\/p>\n<hr \/>\n<h2>\ud83d\udc8a<span dir=\"auto\" style=\"vertical-align: inherit;\"><span dir=\"auto\" style=\"vertical-align: inherit;\">Zalecana dawka 1P-LSD<\/span><\/span><\/h2>\n<table>\n<thead>\n<tr>\n<th><span dir=\"auto\" style=\"vertical-align: inherit;\"><span dir=\"auto\" style=\"vertical-align: inherit;\">Poziom u\u017cytkownika<\/span><\/span><\/th>\n<th><span dir=\"auto\" style=\"vertical-align: inherit;\"><span dir=\"auto\" style=\"vertical-align: inherit;\">Dawkowanie<\/span><\/span><\/th>\n<th><span dir=\"auto\" style=\"vertical-align: inherit;\"><span dir=\"auto\" style=\"vertical-align: inherit;\">Efekt<\/span><\/span><\/th>\n<\/tr>\n<\/thead>\n<tbody>\n<tr>\n<td><span dir=\"auto\" style=\"vertical-align: inherit;\"><span dir=\"auto\" style=\"vertical-align: inherit;\">Pocz\u0105tkuj\u0105cy<\/span><\/span><\/td>\n<td><span dir=\"auto\" style=\"vertical-align: inherit;\"><span dir=\"auto\" style=\"vertical-align: inherit;\">50-100 mcg<\/span><\/span><\/td>\n<td><span dir=\"auto\" style=\"vertical-align: inherit;\"><span dir=\"auto\" style=\"vertical-align: inherit;\">Podr\u00f3\u017c \u0142agodna do umiarkowanej<\/span><\/span><\/td>\n<\/tr>\n<tr>\n<td><span dir=\"auto\" style=\"vertical-align: inherit;\"><span dir=\"auto\" style=\"vertical-align: inherit;\">Do\u015bwiadczony u\u017cytkownik<\/span><\/span><\/td>\n<td><span dir=\"auto\" style=\"vertical-align: inherit;\"><span dir=\"auto\" style=\"vertical-align: inherit;\">100-150 mcg<\/span><\/span><\/td>\n<td><span dir=\"auto\" style=\"vertical-align: inherit;\"><span dir=\"auto\" style=\"vertical-align: inherit;\">Intensywne do\u015bwiadczenie psychodeliczne<\/span><\/span><\/td>\n<\/tr>\n<tr>\n<td><span dir=\"auto\" style=\"vertical-align: inherit;\"><span dir=\"auto\" style=\"vertical-align: inherit;\">Bardzo do\u015bwiadczony u\u017cytkownik<\/span><\/span><\/td>\n<td><span dir=\"auto\" style=\"vertical-align: inherit;\"><span dir=\"auto\" style=\"vertical-align: inherit;\">150+ mcg<\/span><\/span><\/td>\n<td><span dir=\"auto\" style=\"vertical-align: inherit;\"><span dir=\"auto\" style=\"vertical-align: inherit;\">G\u0142\u0119boka i d\u0142ugotrwa\u0142a podr\u00f3\u017c<\/span><\/span><\/td>\n<\/tr>\n<\/tbody>\n<\/table>\n<p>\u26a0\ufe0f <strong><span dir=\"auto\" style=\"vertical-align: inherit;\"><span dir=\"auto\" style=\"vertical-align: inherit;\">Ostro\u017cno\u015b\u0107:<\/span><\/span><\/strong><span dir=\"auto\" style=\"vertical-align: inherit;\"><span dir=\"auto\" style=\"vertical-align: inherit;\"> Nigdy nie \u0142\u0105czy\u0107 z alkoholem ani innymi narkotykami. Zawsze stosowa\u0107 w bezpiecznym otoczeniu.<\/span><\/span><\/p>\n<hr \/>\n<h2>\ud83d\udd10<span dir=\"auto\" style=\"vertical-align: inherit;\"><span dir=\"auto\" style=\"vertical-align: inherit;\">Bezpiecze\u0144stwo i przechowywanie<\/span><\/span><\/h2>\n<ul>\n<li><span dir=\"auto\" style=\"vertical-align: inherit;\"><span dir=\"auto\" style=\"vertical-align: inherit;\">Nie stosowa\u0107 w przypadku problem\u00f3w ze zdrowiem psychicznym<\/span><\/span><\/li>\n<li><span dir=\"auto\" style=\"vertical-align: inherit;\"><span dir=\"auto\" style=\"vertical-align: inherit;\">Zawsze u\u017cywaj w znanym otoczeniu (ustawienie i otoczenie)<\/span><\/span><\/li>\n<li><span dir=\"auto\" style=\"vertical-align: inherit;\"><span dir=\"auto\" style=\"vertical-align: inherit;\">Przechowywa\u0107 w ch\u0142odnym, suchym i ciemnym miejscu.<\/span><\/span><\/li>\n<li><span dir=\"auto\" style=\"vertical-align: inherit;\"><span dir=\"auto\" style=\"vertical-align: inherit;\">Trzyma\u0107 poza zasi\u0119giem dzieci.<\/span><\/span><\/li>\n<\/ul>\n<hr \/>\n<h2>\ud83d\udc64<span dir=\"auto\" style=\"vertical-align: inherit;\"><span dir=\"auto\" style=\"vertical-align: inherit;\">Dla kogo przeznaczony jest 1P-LSD?<\/span><\/span><\/h2>\n<p><span dir=\"auto\" style=\"vertical-align: inherit;\"><span dir=\"auto\" style=\"vertical-align: inherit;\">Te <\/span><\/span><strong><span dir=\"auto\" style=\"vertical-align: inherit;\"><span dir=\"auto\" style=\"vertical-align: inherit;\">1P-LSD 100 mcg blottery<\/span><\/span><\/strong><span dir=\"auto\" style=\"vertical-align: inherit;\"><span dir=\"auto\" style=\"vertical-align: inherit;\"> s\u0105 idealne dla:<\/span><\/span><\/p>\n<ul>\n<li>\ud83e\udde0 <strong><span dir=\"auto\" style=\"vertical-align: inherit;\"><span dir=\"auto\" style=\"vertical-align: inherit;\">Psychonauci<\/span><\/span><\/strong><span dir=\"auto\" style=\"vertical-align: inherit;\"><span dir=\"auto\" style=\"vertical-align: inherit;\"> \u2013 Poznaj swoj\u0105 \u015bwiadomo\u015b\u0107<\/span><\/span><\/li>\n<li>\ud83c\udfa8 <strong><span dir=\"auto\" style=\"vertical-align: inherit;\"><span dir=\"auto\" style=\"vertical-align: inherit;\">Kreatywne umys\u0142y<\/span><\/span><\/strong><span dir=\"auto\" style=\"vertical-align: inherit;\"><span dir=\"auto\" style=\"vertical-align: inherit;\"> \u2013 Stymuluj nowe pomys\u0142y<\/span><\/span><\/li>\n<li>\ud83e\uddd8\u200d\u2640\ufe0f <strong><span dir=\"auto\" style=\"vertical-align: inherit;\"><span dir=\"auto\" style=\"vertical-align: inherit;\">Poszukiwacze duchowi<\/span><\/span><\/strong><span dir=\"auto\" style=\"vertical-align: inherit;\"><span dir=\"auto\" style=\"vertical-align: inherit;\"> \u2013 Szukaj g\u0142\u0119bokich spostrze\u017ce\u0144<\/span><\/span><\/li>\n<li>\ud83e\uddea <strong><span dir=\"auto\" style=\"vertical-align: inherit;\"><span dir=\"auto\" style=\"vertical-align: inherit;\">Badacze<\/span><\/span><\/strong><span dir=\"auto\" style=\"vertical-align: inherit;\"><span dir=\"auto\" style=\"vertical-align: inherit;\"> \u2013 Eksperymentuj odpowiedzialnie <\/span><a title=\"6-CL-ADBA\" href=\"https:\/\/researchchemicalstore.eu\/pl\/sklep\/prawie-zabronione\/6-cl-adba\/\" target=\"_blank\" rel=\"noopener\"><span style=\"vertical-align: inherit;\"><span dir=\"auto\" style=\"vertical-align: inherit;\">6-CL-ADBA<\/span><\/span><\/a><\/span><span style=\"vertical-align: inherit;\">\u00a0<\/span><\/li>\n<\/ul>\n<hr \/>\n<h2>\ud83d\uded2<span dir=\"auto\" style=\"vertical-align: inherit;\"><span dir=\"auto\" style=\"vertical-align: inherit;\">Zam\u00f3w blottery 1P-LSD 100 mcg online<\/span><\/span><\/h2>\n<p><span dir=\"auto\" style=\"vertical-align: inherit;\"><span dir=\"auto\" style=\"vertical-align: inherit;\">Poczuj moc <\/span><\/span><strong><span dir=\"auto\" style=\"vertical-align: inherit;\"><span dir=\"auto\" style=\"vertical-align: inherit;\">1P-LSD<\/span><\/span><\/strong><span dir=\"auto\" style=\"vertical-align: inherit;\"><span dir=\"auto\" style=\"vertical-align: inherit;\"> z naszymi wysokiej jako\u015bci bibu\u0142ami. Zam\u00f3w ju\u017c dzi\u015b:<\/span><\/span><\/p>\n<p>\u2714\ufe0f<span dir=\"auto\" style=\"vertical-align: inherit;\"><span dir=\"auto\" style=\"vertical-align: inherit;\">Szybka dostawa <\/span><\/span><br \/>\n\u2714\ufe0f<span dir=\"auto\" style=\"vertical-align: inherit;\"><span dir=\"auto\" style=\"vertical-align: inherit;\">Dyskretne opakowanie <\/span><\/span><br \/>\n\u2714\ufe0f<span dir=\"auto\" style=\"vertical-align: inherit;\"><span dir=\"auto\" style=\"vertical-align: inherit;\">Gwarancja najwy\u017cszej jako\u015bci<\/span><\/span><\/p>\n<p><strong>\ud83d\udc49<span dir=\"auto\" style=\"vertical-align: inherit;\"><span dir=\"auto\" style=\"vertical-align: inherit;\">Zam\u00f3w ju\u017c teraz i rozpocznij swoj\u0105 psychodeliczn\u0105 podr\u00f3\u017c! <\/span><\/span><a title=\"Bibu\u0142ki 1V-LSD 150 MCG\" href=\"https:\/\/researchchemicalstore.eu\/pl\/sklep\/lizergamidy\/1v-lsd-150-mcg-blotters\/\" target=\"_blank\" rel=\"noopener\"><span style=\"vertical-align: inherit;\"><span dir=\"auto\" style=\"vertical-align: inherit;\"><span dir=\"auto\" style=\"vertical-align: inherit;\">Bibu\u0142ki 1V-LSD 150 MCG<\/span><\/span><\/span><\/a><\/strong><\/p>\n<hr \/>\n<h2>\u2753<span dir=\"auto\" style=\"vertical-align: inherit;\"><span dir=\"auto\" style=\"vertical-align: inherit;\">Cz\u0119sto zadawane pytania (FAQ)<\/span><\/span><\/h2>\n<p><strong><span dir=\"auto\" style=\"vertical-align: inherit;\"><span dir=\"auto\" style=\"vertical-align: inherit;\">Czy 1P-LSD jest legalne w Holandii?<\/span><\/span><\/strong><br \/>\n<span dir=\"auto\" style=\"vertical-align: inherit;\"><span dir=\"auto\" style=\"vertical-align: inherit;\"> Przepisy dotycz\u0105ce 1P-LSD mog\u0105 ulec zmianie. Zawsze sprawdzaj najnowsze przepisy.<\/span><\/span><\/p>\n<p><strong><span dir=\"auto\" style=\"vertical-align: inherit;\"><span dir=\"auto\" style=\"vertical-align: inherit;\">Jak przechowywa\u0107 blottery 1P-LSD?<\/span><\/span><\/strong><br \/>\n<span dir=\"auto\" style=\"vertical-align: inherit;\"><span dir=\"auto\" style=\"vertical-align: inherit;\"> W szczelnym pojemniku, w ciemnym i suchym miejscu, w temperaturze pokojowej.<\/span><\/span><\/p>\n<p><strong><span dir=\"auto\" style=\"vertical-align: inherit;\"><span dir=\"auto\" style=\"vertical-align: inherit;\">Czy mog\u0119 \u0142\u0105czy\u0107 1P-LSD z innymi narkotykami?<\/span><\/span><\/strong><br \/>\n<span dir=\"auto\" style=\"vertical-align: inherit;\"><span dir=\"auto\" style=\"vertical-align: inherit;\"> Nie zaleca si\u0119 ich \u0142\u0105czenia ze wzgl\u0119du na nieprzewidywalne interakcje.<\/span><\/span><\/p>\n<p><strong><span dir=\"auto\" style=\"vertical-align: inherit;\"><span dir=\"auto\" style=\"vertical-align: inherit;\">Kiedy zaczynaj\u0105 si\u0119 efekty dzia\u0142ania 1P-LSD?<\/span><\/span><\/strong><br \/>\n<span dir=\"auto\" style=\"vertical-align: inherit;\"><span dir=\"auto\" style=\"vertical-align: inherit;\"> Zazwyczaj w ci\u0105gu 30 do 60 minut od spo\u017cycia, w zale\u017cno\u015bci od zawarto\u015bci \u017co\u0142\u0105dka i metabolizmu. <\/span><a title=\"Kapsu\u0142ki 2C-EF 2 mg\" href=\"https:\/\/researchchemicalstore.eu\/pl\/sklep\/fenetyloamina\/2-kapsulki-2c-ef-2mg\/\" target=\"_blank\" rel=\"noopener\"><span style=\"vertical-align: inherit;\"><span dir=\"auto\" style=\"vertical-align: inherit;\">Kapsu\u0142ki 2C-EF 2 mg<\/span><\/span><\/a><\/span><span style=\"vertical-align: inherit;\">\u00a0<\/span><\/p>","protected":false},"excerpt":{"rendered":"<h2><span style=\"vertical-align: inherit;\"><span style=\"vertical-align: inherit;\"><span dir=\"auto\" style=\"vertical-align: inherit;\"><span dir=\"auto\" style=\"vertical-align: inherit;\">W\u0142a\u015bciwo\u015bci blotteru 1P-LSD<\/span><\/span><\/span><\/span><\/h2>\n<p><strong><span style=\"vertical-align: inherit;\"><span style=\"vertical-align: inherit;\"><span dir=\"auto\" style=\"vertical-align: inherit;\"><span dir=\"auto\" style=\"vertical-align: inherit;\">Synonimy<\/span><\/span><\/span><\/span><\/strong><span style=\"vertical-align: inherit;\"><span style=\"vertical-align: inherit;\"><span dir=\"auto\" style=\"vertical-align: inherit;\"><span dir=\"auto\" style=\"vertical-align: inherit;\"> : N,N-dietylo-7-metylo-4-propanoylo-6,6a,8,9-tetrahydroindolo[4,3-fg]chinolino-9-karboksyamid <\/span><\/span><\/span><\/span><br \/>\n<strong><span style=\"vertical-align: inherit;\"><span style=\"vertical-align: inherit;\"><span dir=\"auto\" style=\"vertical-align: inherit;\"><span dir=\"auto\" style=\"vertical-align: inherit;\">Numer CAS<\/span><\/span><\/span><\/span><\/strong><span style=\"vertical-align: inherit;\"><span style=\"vertical-align: inherit;\"><span dir=\"auto\" style=\"vertical-align: inherit;\"><span dir=\"auto\" style=\"vertical-align: inherit;\"> : 2349358-81-0 <\/span><\/span><\/span><\/span><br \/>\n<strong><span style=\"vertical-align: inherit;\"><span style=\"vertical-align: inherit;\"><span dir=\"auto\" style=\"vertical-align: inherit;\"><span dir=\"auto\" style=\"vertical-align: inherit;\">Formu\u0142a<\/span><\/span><\/span><\/span><\/strong><span style=\"vertical-align: inherit;\"><span style=\"vertical-align: inherit;\"><span dir=\"auto\" style=\"vertical-align: inherit;\"><span dir=\"auto\" style=\"vertical-align: inherit;\"> : C23H29N3O2 <\/span><\/span><\/span><\/span><br \/>\n<strong><span style=\"vertical-align: inherit;\"><span style=\"vertical-align: inherit;\"><span dir=\"auto\" style=\"vertical-align: inherit;\"><span dir=\"auto\" style=\"vertical-align: inherit;\">Masa molowa<\/span><\/span><\/span><\/span><\/strong><span style=\"vertical-align: inherit;\"><span style=\"vertical-align: inherit;\"><span dir=\"auto\" style=\"vertical-align: inherit;\"><span dir=\"auto\" style=\"vertical-align: inherit;\"> : 379,5 g\/mol <\/span><\/span><\/span><\/span><br \/>\n<strong><span style=\"vertical-align: inherit;\"><span style=\"vertical-align: inherit;\"><span dir=\"auto\" style=\"vertical-align: inherit;\"><span dir=\"auto\" style=\"vertical-align: inherit;\">Czysto\u015b\u0107<\/span><\/span><\/span><\/span><\/strong><span style=\"vertical-align: inherit;\"><span style=\"vertical-align: inherit;\"><span dir=\"auto\" style=\"vertical-align: inherit;\"><span dir=\"auto\" style=\"vertical-align: inherit;\"> : \u226599,3%<\/span><\/span><\/span><\/span><\/p>","protected":false},"featured_media":28570,"comment_status":"closed","ping_status":"closed","template":"","meta":[],"product_brand":[82],"product_cat":[363,358],"product_tag":[633,634,632,326],"class_list":{"0":"post-23090","1":"product","2":"type-product","3":"status-publish","4":"has-post-thumbnail","6":"product_brand-research-chemical","7":"product_cat-1p-lsd-kopen","8":"product_cat-lysergamides","9":"product_tag-blotters","10":"product_tag-lsd","11":"product_tag-lsd-blotter","12":"product_tag-nl","14":"first","15":"instock","16":"taxable","17":"shipping-taxable","18":"purchasable","19":"product-type-variable"},"_links":{"self":[{"href":"https:\/\/researchchemicalstore.eu\/pl\/wp-json\/wp\/v2\/product\/23090","targetHints":{"allow":["GET"]}}],"collection":[{"href":"https:\/\/researchchemicalstore.eu\/pl\/wp-json\/wp\/v2\/product"}],"about":[{"href":"https:\/\/researchchemicalstore.eu\/pl\/wp-json\/wp\/v2\/types\/product"}],"replies":[{"embeddable":true,"href":"https:\/\/researchchemicalstore.eu\/pl\/wp-json\/wp\/v2\/comments?post=23090"}],"version-history":[{"count":5,"href":"https:\/\/researchchemicalstore.eu\/pl\/wp-json\/wp\/v2\/product\/23090\/revisions"}],"predecessor-version":[{"id":25418,"href":"https:\/\/researchchemicalstore.eu\/pl\/wp-json\/wp\/v2\/product\/23090\/revisions\/25418"}],"wp:featuredmedia":[{"embeddable":true,"href":"https:\/\/researchchemicalstore.eu\/pl\/wp-json\/wp\/v2\/media\/28570"}],"wp:attachment":[{"href":"https:\/\/researchchemicalstore.eu\/pl\/wp-json\/wp\/v2\/media?parent=23090"}],"wp:term":[{"taxonomy":"product_brand","embeddable":true,"href":"https:\/\/researchchemicalstore.eu\/pl\/wp-json\/wp\/v2\/product_brand?post=23090"},{"taxonomy":"product_cat","embeddable":true,"href":"https:\/\/researchchemicalstore.eu\/pl\/wp-json\/wp\/v2\/product_cat?post=23090"},{"taxonomy":"product_tag","embeddable":true,"href":"https:\/\/researchchemicalstore.eu\/pl\/wp-json\/wp\/v2\/product_tag?post=23090"}],"curies":[{"name":"wp","href":"https:\/\/api.w.org\/{rel}","templated":true}]}}