{"id":23229,"date":"2025-04-13T17:39:23","date_gmt":"2025-04-13T17:39:23","guid":{"rendered":"https:\/\/researchchemicalstore.eu\/?post_type=product&#038;p=23229"},"modified":"2025-10-23T02:01:48","modified_gmt":"2025-10-23T02:01:48","slug":"3-me-pcp-3-metylofencyklidyna","status":"publish","type":"product","link":"https:\/\/researchchemicalstore.eu\/pl\/produkt\/3-me-pcp-3-metylofencyklidyna\/","title":{"rendered":"3-Me-PCP (3-metylofencyklidyna)"},"content":{"rendered":"<h1>3-Me-PCP (3-metylofencyklidyna) \u2013 opis naukowy produktu<\/h1>\n<h2>Wprowadzenie i cechy og\u00f3lne<\/h2>\n<p>3-Me-PCP (3-metylofencyklidyna) to dysocjacyjny zwi\u0105zek chemiczny z grupy arylocykloheksyloamin. Podstawienie metylowe w pozycji 3 pier\u015bcienia fenylowego wp\u0142ywa na oba <a href=\"http:\/\/google.nl\" target=\"_blank\" rel=\"noopener\">ten<\/a> W\u0142a\u015bciwo\u015bci farmakokinetyczne i farmakodynamiczne zwi\u0105zku. Taka struktura chemiczna sprawia, \u017ce 3-Me-PCP jest szczeg\u00f3lnie odpowiedni do bada\u0144 nad interakcjami receptor\u00f3w, procesami neurochemicznymi oraz zale\u017cno\u015bciami mi\u0119dzy struktur\u0105 a aktywno\u015bci\u0105. Przeznaczony wy\u0142\u0105cznie do profesjonalnego u\u017cytku laboratoryjnego.<a href=\"https:\/\/researchchemicalstore.eu\/pl\/sklep\/peletki-2\/o-dsmt-50mg-granulki\/\">O-DSMT 50 mg granulki<\/a><\/p>\n<h2>Identyfikacja i w\u0142a\u015bciwo\u015bci chemiczne<\/h2>\n<ul>\n<li><strong>Nazwa IUPAC<\/strong>: 1-(1-(3-metylofenylo)cykloheksylo)piperydyna<\/li>\n<li><strong>Wz\u00f3r cz\u0105steczkowy<\/strong>: C\u2081\u2088H\u2082\u2087N<\/li>\n<li><strong>Masa cz\u0105steczkowa<\/strong>: 257,42 g\/mol<\/li>\n<li><strong>Czysto\u015b\u0107<\/strong>: \u226599% (zweryfikowane metod\u0105 HPLC-MS)<\/li>\n<li><strong>Wygl\u0105d<\/strong>: Bia\u0142y lub jasnokremowy krystaliczny proszek<\/li>\n<li><strong>Rozpuszczalno\u015b\u0107<\/strong>:\n<ul>\n<li>Dobrze rozpuszczalny w metanolu, etanolu, acetonie<\/li>\n<li>S\u0142abo rozpuszczalny w wodzie<\/li>\n<\/ul>\n<\/li>\n<\/ul>\n<h2>Obszary zastosowa\u0144 naukowych<\/h2>\n<p>3-Me-PCP jest stosowany w:<\/p>\n<ul>\n<li>Badania wi\u0105zania receptor\u00f3w (NMDA, receptory sigma)<\/li>\n<li>Analiza interakcji neuroprzeka\u017anik\u00f3w<\/li>\n<li>Por\u00f3wnania SAR (zale\u017cno\u015bci struktura-aktywno\u015b\u0107)<\/li>\n<li>Modelowanie farmakokinetyczne<\/li>\n<li>Badania dokowania i wi\u0105zania molekularnego<\/li>\n<\/ul>\n<h2>Protok\u00f3\u0142 bezpiecze\u0144stwa laboratorium<\/h2>\n<ul>\n<li>Zawsze nale\u017cy nosi\u0107 fartuch laboratoryjny, r\u0119kawice nitrylowe i okulary ochronne<\/li>\n<li>Praca obowi\u0105zkowa pod wyci\u0105giem (min. 0,5 m\/s)<\/li>\n<li>Unika\u0107 wdychania i kontaktu ze sk\u00f3r\u0105<\/li>\n<li>Ga\u015bnica i stanowisko do p\u0142ukania oczu w zasi\u0119gu r\u0119ki<\/li>\n<li>Nigdy nie pracuj sam podczas pracy z substancjami<\/li>\n<\/ul>\n<h2>Warunki przechowywania i stabilno\u015bci<\/h2>\n<ul>\n<li><strong>D\u0142ugoterminowe przechowywanie<\/strong>: -20\u00b0C w szczelnym opakowaniu<\/li>\n<li><strong>Kr\u00f3tkotrwa\u0142e stosowanie<\/strong>: 2\u20138\u00b0C (maks. 2 tygodnie)<\/li>\n<li><strong>Opakowanie<\/strong>Szk\u0142o bursztynowe z uszczelk\u0105 teflonow\u0105<\/li>\n<li><strong>Wilgotno\u015b\u0107<\/strong>: &lt;30% RH, przechowywa\u0107 z poch\u0142aniaczem wilgoci<\/li>\n<li><strong>\u015awiat\u0142oczu\u0142y<\/strong>:Unikaj promieniowania UV i jasnego \u015bwiat\u0142a<\/li>\n<\/ul>\n<h2>Zapewnienie jako\u015bci i kontrola analityczna<\/h2>\n<p>Ka\u017cda partia jest sprawdzana pod k\u0105tem:<\/p>\n<ul>\n<li>Czysto\u015b\u0107 szczytowa HPLC<\/li>\n<li>Czysto\u015b\u0107 chromatograficzna gazowa (GC-MS)<\/li>\n<li>Walidacja NMR (\u00b9H i \u00b9\u00b3C)<\/li>\n<li>Resztkowe rozpuszczalniki i metale ci\u0119\u017ckie<\/li>\n<li>Stabilno\u015b\u0107 (24 miesi\u0105ce w warunkach zamra\u017cania)<\/li>\n<\/ul>\n<h2>Opcje pakowania i warunki dostawy<\/h2>\n<ul>\n<li><strong>250 mg<\/strong> \u2013 pr\u00f3bka badawcza<\/li>\n<li><strong>1 gram<\/strong> \u2013 standardowa skala laboratoryjna<\/li>\n<li><strong>5 gram\u00f3w<\/strong> \u2013 programy badawcze<\/li>\n<li><strong>10 gram\u00f3w<\/strong> \u2013 format zbiorczy dla bada\u0144 walidacyjnych<\/li>\n<li>Niestandardowe ilo\u015bci na \u017cyczenie<\/li>\n<li>Dostawa w kontrolowanej temperaturze z dyskretnym oznakowaniem<\/li>\n<\/ul>\n<h2>Dokumentacja techniczna i wsparcie<\/h2>\n<p>Zawarto\u015b\u0107 przesy\u0142ki:<\/p>\n<ul>\n<li>Certyfikat analizy (COA)<a href=\"https:\/\/researchchemicalstore.eu\/pl\/sklep\/lizergamidy\/1cp-lsd-150-mcg-bibuly-artystyczne\/\">1cP-LSD 150 MCG Art Blotters<\/a><\/li>\n<li>Karta charakterystyki bezpiecze\u0144stwa materia\u0142u (MSDS)<a href=\"https:\/\/researchchemicalstore.eu\/pl\/sklep\/lizergamidy\/1v-lsd-150-mcg-blottery\/\">Bibu\u0142ki 1V-LSD 150 MCG<\/a><\/li>\n<li>Profil rozpuszczalno\u015bci i wytyczne dotycz\u0105ce przechowywania<\/li>\n<li>Odniesienia widmowe: FT-IR, NMR, LC-MS<\/li>\n<\/ul>\n<h2>Ramy regulacyjne i zgodno\u015b\u0107<\/h2>\n<ul>\n<li>Nie jest przeznaczony do spo\u017cycia przez ludzi i zwierz\u0119ta.<\/li>\n<li>Tylko do bada\u0144 in vitro lub ex vivo<\/li>\n<li>Kupuj\u0105cy jest odpowiedzialny za przestrzeganie wszystkich obowi\u0105zuj\u0105cych przepis\u00f3w i regulacji<\/li>\n<li>Dostawa wy\u0142\u0105cznie do uznanych plac\u00f3wek badawczych<\/li>\n<li>Wymagana kontrola eksportu i deklaracja u\u017cytkownika ko\u0144cowego<\/li>\n<\/ul>\n<h2>Wsparcie i serwis badawczy<\/h2>\n<p>Wsparcie dla:<\/p>\n<ul>\n<li>Rozw\u00f3j i walidacja metod analitycznych<\/li>\n<li>Porady techniczne dotycz\u0105ce konfiguracji i reaktywno\u015bci laboratorium<\/li>\n<li>Odniesienia do literatury i analizy SAR<\/li>\n<li>Rozwi\u0105zywanie problem\u00f3w w procesach analitycznych<\/li>\n<\/ul>\n<h2>Wnioski i warto\u015b\u0107 naukowa<\/h2>\n<p>3-Me-PCP stanowi cenne uzupe\u0142nienie bada\u0144 nad arylocykloheksyloamin\u0105. Grupa metylowa w pier\u015bcieniu fenylowym oferuje unikalne w\u0142a\u015bciwo\u015bci farmakologiczne i molekularne, dzi\u0119ki czemu jest szczeg\u00f3lnie odpowiedni do bada\u0144 in vitro i przedklinicznych. Produkt jest dostarczany z pe\u0142n\u0105 dokumentacj\u0105 i gwarancj\u0105 wysokiej jako\u015bci do u\u017cytku profesjonalnego.<\/p>","protected":false},"excerpt":{"rendered":"<h3>W\u0142a\u015bciwo\u015bci 3-Me-PCP<\/h3>\n<p><strong>Synonim<\/strong>: 3-metylofencyklidyna<br \/>\n<strong>Numer CAS<\/strong>: 91164-58-8<br \/>\n<strong>Formu\u0142a<\/strong>: 1-[1-(3-metylofenylo)cykloheksylo]-piperydyna<br \/>\n<strong>Masa molowa<\/strong>: 292,2 g\/mol<br \/>\n<strong>Czysto\u015b\u0107<\/strong>: &gt;97%<\/p>","protected":false},"featured_media":28672,"comment_status":"closed","ping_status":"closed","template":"","meta":[],"product_brand":[82],"product_cat":[516,71],"product_tag":[326],"class_list":{"0":"post-23229","1":"product","2":"type-product","3":"status-publish","4":"has-post-thumbnail","6":"product_brand-research-chemical","7":"product_cat-3-me-pcp","8":"product_cat-arylcyclohexylamine","9":"product_tag-nl","11":"first","12":"instock","13":"taxable","14":"shipping-taxable","15":"purchasable","16":"product-type-variable"},"_links":{"self":[{"href":"https:\/\/researchchemicalstore.eu\/pl\/wp-json\/wp\/v2\/product\/23229","targetHints":{"allow":["GET"]}}],"collection":[{"href":"https:\/\/researchchemicalstore.eu\/pl\/wp-json\/wp\/v2\/product"}],"about":[{"href":"https:\/\/researchchemicalstore.eu\/pl\/wp-json\/wp\/v2\/types\/product"}],"replies":[{"embeddable":true,"href":"https:\/\/researchchemicalstore.eu\/pl\/wp-json\/wp\/v2\/comments?post=23229"}],"version-history":[{"count":4,"href":"https:\/\/researchchemicalstore.eu\/pl\/wp-json\/wp\/v2\/product\/23229\/revisions"}],"predecessor-version":[{"id":26367,"href":"https:\/\/researchchemicalstore.eu\/pl\/wp-json\/wp\/v2\/product\/23229\/revisions\/26367"}],"wp:featuredmedia":[{"embeddable":true,"href":"https:\/\/researchchemicalstore.eu\/pl\/wp-json\/wp\/v2\/media\/28672"}],"wp:attachment":[{"href":"https:\/\/researchchemicalstore.eu\/pl\/wp-json\/wp\/v2\/media?parent=23229"}],"wp:term":[{"taxonomy":"product_brand","embeddable":true,"href":"https:\/\/researchchemicalstore.eu\/pl\/wp-json\/wp\/v2\/product_brand?post=23229"},{"taxonomy":"product_cat","embeddable":true,"href":"https:\/\/researchchemicalstore.eu\/pl\/wp-json\/wp\/v2\/product_cat?post=23229"},{"taxonomy":"product_tag","embeddable":true,"href":"https:\/\/researchchemicalstore.eu\/pl\/wp-json\/wp\/v2\/product_tag?post=23229"}],"curies":[{"name":"wp","href":"https:\/\/api.w.org\/{rel}","templated":true}]}}