{"id":23305,"date":"2025-04-13T17:39:31","date_gmt":"2025-04-13T17:39:31","guid":{"rendered":"https:\/\/researchchemicalstore.eu\/?post_type=product&#038;p=23305"},"modified":"2026-02-02T10:00:31","modified_gmt":"2026-02-02T10:00:31","slug":"blottery-flunitrazolam-025mg","status":"publish","type":"product","link":"https:\/\/researchchemicalstore.eu\/pl\/produkt\/blottery-flunitrazolam-025mg\/","title":{"rendered":"Flunitrazolam 0,25 mg Blottery"},"content":{"rendered":"<h1>Kup Flunitrazolam 0,25 mg Blotters \u2013 Precyzyjnie dozowany materia\u0142 badawczy do analizy naukowej<\/h1>\n<h2>Charakterystyka produktu<\/h2>\n<p><strong>Kup flunitrazolam 0,25 mg blotters<\/strong> zapewni\u0107 badaczom precyzyjnie dozowane medium do bada\u0144 farmakologicznych i bada\u0144 analitycznych. Ka\u017cdy blotter zawiera dok\u0142adn\u0105 ilo\u015b\u0107 <strong>250 mikrogram\u00f3w Flunitrazolamu<\/strong>, silna pochodna benzodiazepiny o istotnych w\u0142a\u015bciwo\u015bciach farmakodynamicznych.<a href=\"https:\/\/researchchemicalstore.eu\/pl\/sklep\/iboga-ibogaina\/kup-ibogaine-hcl-online\/\">Kup Ibogain\u0119 HCL<\/a><\/p>\n<h2>Dane techniczne<\/h2>\n<ul>\n<li><strong>Substancja czynna<\/strong>: Flunitrazolam (8-bromo-1-metylo-6-(2-fluorofenylo)-4H-[1,2,4]triazolo[4,3-a][1,4]benzodiazepina)<\/li>\n<li><strong>St\u0119\u017cenie<\/strong>: 0,25 mg (250 \u03bcg) na bibu\u0142\u0119<\/li>\n<li><strong>Czysto\u015b\u0107<\/strong>: \u226598% (analizowano metod\u0105 HPLC-MS)<\/li>\n<li><strong>No\u015bnik<\/strong>:Papier ch\u0142onny klasy farmaceutycznej<\/li>\n<li><strong>Format<\/strong>: Jednostki kwadratowe 5\u00d75 mm<\/li>\n<\/ul>\n<h2>Kontrola jako\u015bci <strong>Kup Flunitrazolam<\/strong><\/h2>\n<p>Nasze procesy produkcyjne obejmuj\u0105:<\/p>\n<ol>\n<li>Kontrola potr\u00f3jnego bilansu masy<\/li>\n<li>Okre\u015blenie jednorodno\u015bci dla ka\u017cdej partii produkcyjnej<\/li>\n<li>Badanie stabilno\u015bci w r\u00f3\u017cnych warunkach<\/li>\n<li>Badania mikrobiologiczne<\/li>\n<\/ol>\n<h2>Zastosowania badawcze<\/h2>\n<ul>\n<li>Badania receptora GABA-A<\/li>\n<li>Farmakokinetyka por\u00f3wnawcza<\/li>\n<li>Analiza profilu metabolit\u00f3w<\/li>\n<li>Testowanie na zwierz\u0119tach bezp\u0142atne alternatywne metody testowania<\/li>\n<\/ul>\n<h2>Warunki przechowywania<\/h2>\n<ul>\n<li><strong>Idealna temperatura<\/strong>: 2\u20138\u00b0C<\/li>\n<li><strong>Maksymalna temperatura przechowywania<\/strong>: 25\u00b0C (kr\u00f3tkotrwale)<\/li>\n<li><strong>Wilgotno\u015b\u0107<\/strong>: &lt;40% wilgotno\u015b\u0107 wzgl\u0119dna<\/li>\n<li><strong>Ochrona przed \u015bwiat\u0142em<\/strong>Opakowanie musi by\u0107 szczelne dla \u015bwiat\u0142a<\/li>\n<\/ul>\n<h2>Protok\u00f3\u0142 bezpiecze\u0144stwa <strong>Kup Flunitrazolam<\/strong><\/h2>\n<ul>\n<li>U\u017cycie <strong>\u015brodki ochrony osobistej<\/strong>:r\u0119kawiczki nitrylowe, fartuch laboratoryjny<\/li>\n<li>Praca pod <strong>warunki wyci\u0105gu laboratoryjnego<\/strong> zalecony<\/li>\n<li><strong>Stacja do przemywania oczu<\/strong> wymagane w miejscu pracy<\/li>\n<li><strong>Kontrola dost\u0119pu<\/strong>: Tylko dla upowa\u017cnionego personelu<\/li>\n<\/ul>\n<h2>Opcje pakowania<\/h2>\n<h3>Standardowy Pakiet Badawczy<\/h3>\n<ul>\n<li>10 bibu\u0142ek na arkusz<\/li>\n<li>Laminat z folii aluminiowej<\/li>\n<li>Zawiera woreczek osuszaj\u0105cy<\/li>\n<\/ul>\n<h3>Zaawansowany Pakiet Laboratoryjny<\/h3>\n<ul>\n<li>100 bibu\u0142ek<\/li>\n<li>Zapakowane w \u015brodowisku beztlenowym<\/li>\n<li>Mo\u017cna wysy\u0142a\u0107 w kontenerze z kontrolowan\u0105 temperatur\u0105.<a href=\"https:\/\/researchchemicalstore.eu\/pl\/sklep\/peletki-2\/o-dsmt-50mg-granulki\/\">O-DSMT 50 mg granulki<\/a><\/li>\n<\/ul>\n<h2>Dokumentacja analityczna<\/h2>\n<p>Ka\u017cda przesy\u0142ka zawiera:<\/p>\n<ul>\n<li>Certyfikat analizy (CoA)<\/li>\n<li>Profil czysto\u015bci chromatograficznej<\/li>\n<li>Informacje o stabilno\u015bci konkretnej partii<\/li>\n<li>Karta charakterystyki bezpiecze\u0144stwa materia\u0142u (MSDS)<\/li>\n<\/ul>\n<h2>Ramy regulacyjne<\/h2>\n<ul>\n<li>Nadaje si\u0119 tylko dla <strong>cele bada\u0144 in vitro<\/strong><\/li>\n<li>Nie dopuszczone do stosowania diagnostycznego i terapeutycznego.<\/li>\n<li>Klienci musz\u0105 mie\u0107 odpowiednie <strong>zezwolenia i licencje na badania<\/strong> mie\u0107 do dyspozycji<\/li>\n<\/ul>\n<h2>Procedura zam\u00f3wienia<\/h2>\n<ul>\n<li><strong>Minimalna ilo\u015b\u0107 zam\u00f3wienia<\/strong>: 1 arkusz standardowy (10 bibu\u0142ek)<\/li>\n<li><strong>Fakultatywny<\/strong>:Transport w kontrolowanej temperaturze<\/li>\n<li><strong>Dost\u0119pny<\/strong>:Dokumentacja celna dla uznanych instytucji badawczych<\/li>\n<\/ul>\n<h2>Wa\u017cne instrukcje bezpiecze\u0144stwa<\/h2>\n<ol>\n<li>Nigdy nie spo\u017cywa\u0107 ani nie stosowa\u0107 wewn\u0119trznie.<\/li>\n<li>Unikaj zewn\u0119trznego zanieczyszczenia \u015brodowiska pracy<\/li>\n<li>Nale\u017cy \u015bci\u015ble przestrzega\u0107 protoko\u0142u usuwania odpad\u00f3w chemicznych<\/li>\n<li>Nie \u0142\u0105czy\u0107 z innymi substancjami bez wcze\u015bniejszego zatwierdzenia<\/li>\n<\/ol>\n<h2>Zastrze\u017cenie prawne flunitrazolam-buy<\/h2>\n<p>Ten produkt jest przeznaczony wy\u0142\u0105cznie do u\u017cytku <strong>badania naukowe dozwolone prawnie<\/strong> przez wykwalifikowanych specjalist\u00f3w w kontrolowanych warunkach laboratoryjnych. Kupuj\u0105cy ponosi wy\u0142\u0105czn\u0105 odpowiedzialno\u015b\u0107 za przestrzeganie wszystkich lokalnych, krajowych i mi\u0119dzynarodowych przepis\u00f3w dotycz\u0105cych zakupu, posiadania i u\u017cytkowania. Sprzedawca nie ponosi odpowiedzialno\u015bci za niew\u0142a\u015bciwe u\u017cytkowanie lub zaniedbanie.<a href=\"https:\/\/researchchemicalstore.eu\/pl\/sklep\/lizergamidy\/1v-lsd-150-mcg-blottery\/\">Bibu\u0142ki 1V-LSD 150 MCG<\/a><\/p>","protected":false},"excerpt":{"rendered":"<h3>W\u0142a\u015bciwo\u015bci blotter\u00f3w flunitrazolamowych<\/h3>\n<p><strong>Synonim:<\/strong> 1-metylo-8-nitro-6-(2-fluorofenylo)-4H-[1,2,4]triazolo[4,3-a][1,4]benzodiazepina<br \/>\n<strong>Numer CAS:<\/strong> 2243815-18-9<br \/>\n<strong>Formu\u0142a:<\/strong> 1-metylo-8-nitro-6-(2-fluorofenylo)-4H-[1,2,4]triazolo[4,3-a][1,4]benzodiazepina<br \/>\n<strong>Masa molowa:<\/strong> 337,307 g\/mol<br \/>\n<strong>Czysto\u015b\u0107:<\/strong> \u226598%<\/p>","protected":false},"featured_media":28790,"comment_status":"closed","ping_status":"closed","template":"","meta":[],"product_brand":[82],"product_cat":[76,527],"product_tag":[563,565,158,564,566,326],"class_list":{"0":"post-23305","1":"product","2":"type-product","3":"status-publish","4":"has-post-thumbnail","6":"product_brand-research-chemical","7":"product_cat-benzodiazepinen","8":"product_cat-flunitrazolam","9":"product_tag-flunitrazolam","10":"product_tag-flunitrazolam-effects","11":"product_tag-flunitrazolam-ervaring","12":"product_tag-flunitrazolam-kopen","13":"product_tag-flunitrazolam-werking","14":"product_tag-nl","16":"first","17":"instock","18":"taxable","19":"shipping-taxable","20":"purchasable","21":"product-type-variable"},"_links":{"self":[{"href":"https:\/\/researchchemicalstore.eu\/pl\/wp-json\/wp\/v2\/product\/23305","targetHints":{"allow":["GET"]}}],"collection":[{"href":"https:\/\/researchchemicalstore.eu\/pl\/wp-json\/wp\/v2\/product"}],"about":[{"href":"https:\/\/researchchemicalstore.eu\/pl\/wp-json\/wp\/v2\/types\/product"}],"replies":[{"embeddable":true,"href":"https:\/\/researchchemicalstore.eu\/pl\/wp-json\/wp\/v2\/comments?post=23305"}],"version-history":[{"count":5,"href":"https:\/\/researchchemicalstore.eu\/pl\/wp-json\/wp\/v2\/product\/23305\/revisions"}],"predecessor-version":[{"id":26350,"href":"https:\/\/researchchemicalstore.eu\/pl\/wp-json\/wp\/v2\/product\/23305\/revisions\/26350"}],"wp:featuredmedia":[{"embeddable":true,"href":"https:\/\/researchchemicalstore.eu\/pl\/wp-json\/wp\/v2\/media\/28790"}],"wp:attachment":[{"href":"https:\/\/researchchemicalstore.eu\/pl\/wp-json\/wp\/v2\/media?parent=23305"}],"wp:term":[{"taxonomy":"product_brand","embeddable":true,"href":"https:\/\/researchchemicalstore.eu\/pl\/wp-json\/wp\/v2\/product_brand?post=23305"},{"taxonomy":"product_cat","embeddable":true,"href":"https:\/\/researchchemicalstore.eu\/pl\/wp-json\/wp\/v2\/product_cat?post=23305"},{"taxonomy":"product_tag","embeddable":true,"href":"https:\/\/researchchemicalstore.eu\/pl\/wp-json\/wp\/v2\/product_tag?post=23305"}],"curies":[{"name":"wp","href":"https:\/\/api.w.org\/{rel}","templated":true}]}}