{"id":23553,"date":"2025-04-13T17:39:57","date_gmt":"2025-04-13T17:39:57","guid":{"rendered":"https:\/\/researchchemicalstore.eu\/?post_type=product&#038;p=23553"},"modified":"2025-10-22T16:03:06","modified_gmt":"2025-10-22T16:03:06","slug":"1b-lsd-l-winian-czysty","status":"publish","type":"product","link":"https:\/\/researchchemicalstore.eu\/pl\/produkt\/1b-lsd-l-winian-czysty\/","title":{"rendered":"1B-LSD L-winian Czysty"},"content":{"rendered":"<h1><strong>1B-LSD L-Tartrate Pure \u2013 Wysokiej Jako\u015bci Lysergamid do Bada\u0144 Naukowych<\/strong><\/h1>\n<p><strong>Nazwa produktu:<\/strong> 1B-LSD L-winian<br \/>\n<strong>Nazwa chemiczna:<\/strong> 1-butanoylo-lizergowy kwas dietyloamidowy L-winian<br \/>\n<strong>Formu\u0142a:<\/strong> C23H29N3O2 C4H6O6<br \/>\n<strong>Masa cz\u0105steczkowa:<\/strong> 495,57 g\/mol<br \/>\n<strong>Formularz:<\/strong> Bia\u0142y krystaliczny proszek<br \/>\n<strong>Czysto\u015b\u0107:<\/strong> \u226599% (certyfikowany przez HPLC)<br \/>\n<strong>Typ:<\/strong> Klasa badawcza \u2013 nie do spo\u017cycia przez ludzi<\/p>\n<hr \/>\n<h2><strong>Czym jest 1B-LSD L-winian?<\/strong><\/h2>\n<p>1B-LSD (1-butanoyl-LSD) to p\u00f3\u0142syntetyczny lizergamid, kt\u00f3ry jest chemicznie spokrewniony z LSD i innymi analogami, takimi jak 1P-LSD i 1cP-LSD. Dodanie grupy butanoylowej powoduje powstanie zwi\u0105zku znanego ze swoich <strong>charakter proleku<\/strong>:W uk\u0142adach biologicznych mo\u017cna si\u0119 spodziewa\u0107 cz\u0119\u015bciowej konwersji 1B-LSD do LSD.<\/p>\n<p>Ten <strong>Forma soli L-winianowej<\/strong> zapewnia zwi\u0119kszon\u0105 stabilno\u015b\u0107, dok\u0142adne wa\u017cenie i doskona\u0142\u0105 rozpuszczalno\u015b\u0107 w zastosowaniach analitycznych.<\/p>\n<hr \/>\n<h2><strong>Zastosowania 1B-LSD w kontek\u015bcie badawczym<\/strong><\/h2>\n<ul>\n<li><strong>Badania farmakodynamiczne:<\/strong> Badanie interakcji receptor\u00f3w serotoninowych (szczeg\u00f3lnie 5-HT2A).<\/li>\n<li><strong>Por\u00f3wnawcze badania neurochemiczne:<\/strong> Por\u00f3wnanie z LSD, 1P-LSD i innymi analogami.<\/li>\n<li><strong>Badania aktywno\u015bci biologicznej in vitro i in vivo<\/strong> (tylko dla upowa\u017cnionych instytucji).<\/li>\n<li><strong>Analiza prolek\u00f3w:<\/strong> Analiza \u015bcie\u017cek transformacji lizergamidu w uk\u0142adach biologicznych.<\/li>\n<\/ul>\n<blockquote><p>\u26a0\ufe0f <strong>UWAGA:<\/strong> Ten produkt jest przeznaczony wy\u0142\u0105cznie do cel\u00f3w bada\u0144 naukowych i kryminalistycznych. Nie do spo\u017cycia ani stosowania przez ludzi\/zwierz\u0119ta.<\/p><\/blockquote>\n<hr \/>\n<h2><strong>Korzy\u015bci dla badaczy<\/strong><\/h2>\n<p>\u2714 Wysoka stabilno\u015b\u0107 chemiczna w postaci soli L-winianowej<br \/>\n\u2714 W\u0142a\u015bciwo\u015bci proleku pozwalaj\u0105 na wgl\u0105d w metabolizm lizergamidu<br \/>\n\u2714 Sta\u0142a czysto\u015b\u0107 \u226599% (potwierdzona metod\u0105 HPLC)<br \/>\n\u2714 \u0141atwo rozpuszczalny w etanolu i innych rozpuszczalnikach analitycznych<\/p>\n<hr \/>\n<h2><strong>Mo\u017cliwe wady\/ograniczenia<\/strong><\/h2>\n<ul>\n<li>Status prawny mo\u017ce si\u0119 r\u00f3\u017cni\u0107 w zale\u017cno\u015bci od kraju lub regionu<\/li>\n<li>Ograniczone dane toksykologiczne dotycz\u0105ce d\u0142ugotrwa\u0142ego stosowania<\/li>\n<li>Mo\u017ce ulec degradacji pod wp\u0142ywem \u015bwiat\u0142a, ciep\u0142a lub powietrza<\/li>\n<li>Wymaga przechowywania w kontrolowanych warunkach<\/li>\n<\/ul>\n<hr \/>\n<h2><strong>Dane laboratoryjne<\/strong><\/h2>\n<table>\n<thead>\n<tr>\n<th>Funkcja<\/th>\n<th>Specyfikacja<\/th>\n<\/tr>\n<\/thead>\n<tbody>\n<tr>\n<td>Czysto\u015b\u0107<\/td>\n<td>\u226599% chromatografia cieczowa<\/td>\n<\/tr>\n<tr>\n<td>Temperatura topnienia<\/td>\n<td>192\u2013196 \u00b0C<\/td>\n<\/tr>\n<tr>\n<td>Rozpuszczalno\u015b\u0107<\/td>\n<td>Dobry w etanolu i acetonie<\/td>\n<\/tr>\n<tr>\n<td>Porady dotycz\u0105ce przechowywania<\/td>\n<td>2\u20138\u00b0C, ciemno i sucho<\/td>\n<\/tr>\n<tr>\n<td>Kod partii<\/td>\n<td>1BLSD-LT0625<\/td>\n<\/tr>\n<tr>\n<td>Data analizy<\/td>\n<td>18 czerwca 2025 r.<\/td>\n<\/tr>\n<\/tbody>\n<\/table>\n<hr \/>\n<h2><strong>Scenariusze u\u017cytkowania (laboratorium)<\/strong><\/h2>\n<table>\n<thead>\n<tr>\n<th>Typ aplikacji<\/th>\n<th>St\u0119\u017cenie<\/th>\n<th>Metoda<\/th>\n<th>Bramka<\/th>\n<\/tr>\n<\/thead>\n<tbody>\n<tr>\n<td>In vitro<\/td>\n<td>1\u201310 \u00b5M<\/td>\n<td>Rozpu\u015bci\u0107 w DMSO<\/td>\n<td>Badania wi\u0105zania receptora<\/td>\n<\/tr>\n<tr>\n<td>In vivo (po\u015brednio)<\/td>\n<td>brak<\/td>\n<td>Dozwolone tylko za pozwoleniem<\/td>\n<td>Badanie konwersji proleku<\/td>\n<\/tr>\n<\/tbody>\n<\/table>\n<hr \/>\n<h2><strong>Cz\u0119sto zadawane pytania (FAQ)<\/strong><\/h2>\n<h3>\u2753 Jaka jest r\u00f3\u017cnica mi\u0119dzy 1B-LSD a LSD?<\/h3>\n<p>1B-LSD jest uwa\u017cany za prolek LSD. W uk\u0142adach biologicznych mo\u017ce by\u0107 przekszta\u0142cony w LSD, co czyni go szczeg\u00f3lnie interesuj\u0105cym dla bada\u0144 nad metabolizmem.<\/p>\n<h3>\u2753 Czy 1B-LSD jest legalne w Holandii lub Belgii?<\/h3>\n<p>1B-LSD mo\u017ce podlega\u0107 prawu analogii. Zawsze sprawdzaj obowi\u0105zuj\u0105ce przepisy w swoim regionie dotycz\u0105ce importu lub posiadania.<\/p>\n<h3>\u2753 Dlaczego L-winian zamiast wolnej zasady?<\/h3>\n<p>Forma L-winianu jest bardziej stabilna chemicznie, \u0142atwiejsza do zwa\u017cenia i lepiej nadaje si\u0119 do d\u0142ugoterminowego przechowywania.<\/p>\n<h3>\u2753 Czy mog\u0119 u\u017cywa\u0107 tego produktu do spo\u017cycia przez ludzi?<\/h3>\n<p>Nr 1B-LSD L-winian jest przeznaczony wy\u0142\u0105cznie do bada\u0144 laboratoryjnych. Spo\u017cycie jest surowo zabronione.<\/p>\n<hr \/>\n<h2><strong>Streszczenie<\/strong><\/h2>\n<p><strong>1B-LSD L-winian<\/strong> oferuje badaczom wyj\u0105tkow\u0105 okazj\u0119 do badania analog\u00f3w lizergamidu w czystej, stabilnej i precyzyjnej formie. Ten zwi\u0105zek \u0142\u0105czy potencja\u0142 farmakologiczny z w\u0142a\u015bciwo\u015bciami przyjaznymi dla laboratorium i idealnie nadaje si\u0119 do eksploracyjnych bada\u0144 neurochemicznych i ukierunkowanych na receptory.<\/p>","protected":false},"excerpt":{"rendered":"<h3><span style=\"vertical-align: inherit;\"><span style=\"vertical-align: inherit;\">W\u0142a\u015bciwo\u015bci 1B-LSD L-winianu<\/span><\/span><\/h3>\n<p><strong><span style=\"vertical-align: inherit;\"><span style=\"vertical-align: inherit;\">Synonim:<\/span><\/span><\/strong><span style=\"vertical-align: inherit;\"><span style=\"vertical-align: inherit;\"> 1-butanoyl-lizergowy kwas dietyloamid hemi-L-winian, BLSD <\/span><\/span><br \/>\n<strong><span style=\"vertical-align: inherit;\"><span style=\"vertical-align: inherit;\">Numer CAS:<\/span><\/span><\/strong><span style=\"vertical-align: inherit;\"><span style=\"vertical-align: inherit;\"> 2349376-12-9 <\/span><\/span><br \/>\n<strong><span style=\"vertical-align: inherit;\"><span style=\"vertical-align: inherit;\">Formu\u0142a:<\/span><\/span><\/strong><span style=\"vertical-align: inherit;\"><span style=\"vertical-align: inherit;\"> (8\u03b2)-1-butanoylo-N,N-dietylo-6-metylo-9,10-didehydroergolino-8-karboksyamid p\u00f3\u0142-L-winian <\/span><\/span><br \/>\n<strong><span style=\"vertical-align: inherit;\"><span style=\"vertical-align: inherit;\">Masa molowa:<\/span><\/span><\/strong><span style=\"vertical-align: inherit;\"><span style=\"vertical-align: inherit;\"> 468,5 g\/mol <\/span><\/span><br \/>\n<strong><span style=\"vertical-align: inherit;\"><span style=\"vertical-align: inherit;\">Czysto\u015b\u0107:<\/span><\/span><\/strong><span style=\"vertical-align: inherit;\"><span style=\"vertical-align: inherit;\"> &gt;97%<\/span><\/span><\/p>","protected":false},"featured_media":28557,"comment_status":"closed","ping_status":"closed","template":"","meta":[],"product_brand":[],"product_cat":[530,358],"product_tag":[326],"class_list":{"0":"post-23553","1":"product","2":"type-product","3":"status-publish","4":"has-post-thumbnail","6":"product_cat-1b-lsd","7":"product_cat-lysergamides","8":"product_tag-nl","10":"first","11":"instock","12":"taxable","13":"shipping-taxable","14":"purchasable","15":"product-type-variable"},"_links":{"self":[{"href":"https:\/\/researchchemicalstore.eu\/pl\/wp-json\/wp\/v2\/product\/23553","targetHints":{"allow":["GET"]}}],"collection":[{"href":"https:\/\/researchchemicalstore.eu\/pl\/wp-json\/wp\/v2\/product"}],"about":[{"href":"https:\/\/researchchemicalstore.eu\/pl\/wp-json\/wp\/v2\/types\/product"}],"replies":[{"embeddable":true,"href":"https:\/\/researchchemicalstore.eu\/pl\/wp-json\/wp\/v2\/comments?post=23553"}],"version-history":[{"count":2,"href":"https:\/\/researchchemicalstore.eu\/pl\/wp-json\/wp\/v2\/product\/23553\/revisions"}],"predecessor-version":[{"id":26605,"href":"https:\/\/researchchemicalstore.eu\/pl\/wp-json\/wp\/v2\/product\/23553\/revisions\/26605"}],"wp:featuredmedia":[{"embeddable":true,"href":"https:\/\/researchchemicalstore.eu\/pl\/wp-json\/wp\/v2\/media\/28557"}],"wp:attachment":[{"href":"https:\/\/researchchemicalstore.eu\/pl\/wp-json\/wp\/v2\/media?parent=23553"}],"wp:term":[{"taxonomy":"product_brand","embeddable":true,"href":"https:\/\/researchchemicalstore.eu\/pl\/wp-json\/wp\/v2\/product_brand?post=23553"},{"taxonomy":"product_cat","embeddable":true,"href":"https:\/\/researchchemicalstore.eu\/pl\/wp-json\/wp\/v2\/product_cat?post=23553"},{"taxonomy":"product_tag","embeddable":true,"href":"https:\/\/researchchemicalstore.eu\/pl\/wp-json\/wp\/v2\/product_tag?post=23553"}],"curies":[{"name":"wp","href":"https:\/\/api.w.org\/{rel}","templated":true}]}}