{"id":23847,"date":"2025-04-13T17:40:31","date_gmt":"2025-04-13T17:40:31","guid":{"rendered":"https:\/\/researchchemicalstore.eu\/?post_type=product&#038;p=23847"},"modified":"2025-10-22T12:04:30","modified_gmt":"2025-10-22T12:04:30","slug":"3-cec-3-chloroetakatynon","status":"publish","type":"product","link":"https:\/\/researchchemicalstore.eu\/pl\/produkt\/3-cec-3-chloroetakatynon\/","title":{"rendered":"3-CEC (3-chloroetakatynon)"},"content":{"rendered":"<h1><strong><span dir=\"auto\" style=\"vertical-align: inherit;\"><span dir=\"auto\" style=\"vertical-align: inherit;\">3-CEC (3-chloroetakatynon) \u2013 Jako\u015bciowe substancje chemiczne do bada\u0144 naukowych<\/span><\/span><\/strong><\/h1>\n<h2><strong><span dir=\"auto\" style=\"vertical-align: inherit;\"><span dir=\"auto\" style=\"vertical-align: inherit;\">Szczeg\u00f3\u0142y produktu<\/span><\/span><\/strong><\/h2>\n<ul>\n<li><strong><span dir=\"auto\" style=\"vertical-align: inherit;\"><span dir=\"auto\" style=\"vertical-align: inherit;\">Nazwa produktu:<\/span><\/span><\/strong><span dir=\"auto\" style=\"vertical-align: inherit;\"><span dir=\"auto\" style=\"vertical-align: inherit;\"> 3-CEC (3-chloroetakatynon)<\/span><\/span><\/li>\n<li><strong><span dir=\"auto\" style=\"vertical-align: inherit;\"><span dir=\"auto\" style=\"vertical-align: inherit;\">Czysto\u015b\u0107:<\/span><\/span><\/strong><span dir=\"auto\" style=\"vertical-align: inherit;\"><span dir=\"auto\" style=\"vertical-align: inherit;\"> \u226598% (analizowano metod\u0105 HPLC\/GC-MS)<\/span><\/span><\/li>\n<li><strong><span dir=\"auto\" style=\"vertical-align: inherit;\"><span dir=\"auto\" style=\"vertical-align: inherit;\">Wz\u00f3r cz\u0105steczkowy:<\/span><\/span><\/strong><span dir=\"auto\" style=\"vertical-align: inherit;\"><span dir=\"auto\" style=\"vertical-align: inherit;\"> C\u2081\u2081H\u2081\u2084ClNO<\/span><\/span><\/li>\n<li><strong><span dir=\"auto\" style=\"vertical-align: inherit;\"><span dir=\"auto\" style=\"vertical-align: inherit;\">Masa cz\u0105steczkowa:<\/span><\/span><\/strong><span dir=\"auto\" style=\"vertical-align: inherit;\"><span dir=\"auto\" style=\"vertical-align: inherit;\"> 211,69 g\/mol<\/span><\/span><\/li>\n<li><strong><span dir=\"auto\" style=\"vertical-align: inherit;\"><span dir=\"auto\" style=\"vertical-align: inherit;\">Numer CAS:<\/span><\/span><\/strong><span dir=\"auto\" style=\"vertical-align: inherit;\"><span dir=\"auto\" style=\"vertical-align: inherit;\"> Do ustalenia<\/span><\/span><\/li>\n<\/ul>\n<h2><strong><span dir=\"auto\" style=\"vertical-align: inherit;\"><span dir=\"auto\" style=\"vertical-align: inherit;\">Czym jest 3-CEC?<\/span><\/span><\/strong><\/h2>\n<p><span dir=\"auto\" style=\"vertical-align: inherit;\"><span dir=\"auto\" style=\"vertical-align: inherit;\">3-CEC to syntetyczna pochodna katynonu nale\u017c\u0105ca do klasy stymulant\u00f3w. Jest to zwi\u0105zek ciesz\u0105cy si\u0119 coraz wi\u0119kszym zainteresowaniem w badaniach farmakologicznych i neurochemicznych. Dzi\u0119ki podstawieniu chloro, 3-CEC oferuje interesuj\u0105c\u0105 struktur\u0119 do badania zale\u017cno\u015bci struktura-aktywno\u015b\u0107 (SAR) oraz interakcji z transporterami monoamin.<\/span><\/span><\/p>\n<h2><strong><span dir=\"auto\" style=\"vertical-align: inherit;\"><span dir=\"auto\" style=\"vertical-align: inherit;\">G\u0142\u00f3wne cechy<\/span><\/span><\/strong><\/h2>\n<ul>\n<li><span dir=\"auto\" style=\"vertical-align: inherit;\"><span dir=\"auto\" style=\"vertical-align: inherit;\">Wysoka czysto\u015b\u0107 (\u226598%) \u2013 dla powtarzalnych i wiarygodnych wynik\u00f3w bada\u0144<\/span><\/span><\/li>\n<li><span dir=\"auto\" style=\"vertical-align: inherit;\"><span dir=\"auto\" style=\"vertical-align: inherit;\">Cia\u0142o sta\u0142e krystaliczne \u2013 nadaje si\u0119 zar\u00f3wno do eksperyment\u00f3w na sucho, jak i w roztworach<\/span><\/span><\/li>\n<li><span dir=\"auto\" style=\"vertical-align: inherit;\"><span dir=\"auto\" style=\"vertical-align: inherit;\">Doskonale nadaje si\u0119 do stosowania w chromatografii i spektroskopii<\/span><\/span><\/li>\n<li><span dir=\"auto\" style=\"vertical-align: inherit;\"><span dir=\"auto\" style=\"vertical-align: inherit;\">Zapakowane w atmosferze gazu oboj\u0119tnego, w materia\u0142 odporny na dzia\u0142anie \u015bwiat\u0142a, zapewniaj\u0105cy maksymaln\u0105 stabilno\u015b\u0107<\/span><\/span><\/li>\n<\/ul>\n<h2><strong><span dir=\"auto\" style=\"vertical-align: inherit;\"><span dir=\"auto\" style=\"vertical-align: inherit;\">Obszary zastosowa\u0144<\/span><\/span><\/strong><\/h2>\n<ul>\n<li><strong><span dir=\"auto\" style=\"vertical-align: inherit;\"><span dir=\"auto\" style=\"vertical-align: inherit;\">Badania farmakologiczne:<\/span><\/span><\/strong><span dir=\"auto\" style=\"vertical-align: inherit;\"><span dir=\"auto\" style=\"vertical-align: inherit;\"> Badanie w\u0142a\u015bciwo\u015bci stymuluj\u0105cych i interakcji receptorowych<\/span><\/span><\/li>\n<li><strong><span dir=\"auto\" style=\"vertical-align: inherit;\"><span dir=\"auto\" style=\"vertical-align: inherit;\">Analiza kryminalistyczna:<\/span><\/span><\/strong><span dir=\"auto\" style=\"vertical-align: inherit;\"><span dir=\"auto\" style=\"vertical-align: inherit;\"> Wykrywanie i charakteryzowanie NPS (nowych substancji psychoaktywnych)<\/span><\/span><\/li>\n<li><strong><span dir=\"auto\" style=\"vertical-align: inherit;\"><span dir=\"auto\" style=\"vertical-align: inherit;\">Wzorzec odniesienia analitycznego:<\/span><\/span><\/strong><span dir=\"auto\" style=\"vertical-align: inherit;\"><span dir=\"auto\" style=\"vertical-align: inherit;\"> Do kalibracji i walidacji metodologicznej<\/span><\/span><\/li>\n<li><strong><span dir=\"auto\" style=\"vertical-align: inherit;\"><span dir=\"auto\" style=\"vertical-align: inherit;\">Badania naukowe:<\/span><\/span><\/strong><span dir=\"auto\" style=\"vertical-align: inherit;\"><span dir=\"auto\" style=\"vertical-align: inherit;\"> Badania chemiczne i biochemiczne w instytucjach uniwersyteckich<\/span><\/span><\/li>\n<\/ul>\n<h2><strong><span dir=\"auto\" style=\"vertical-align: inherit;\"><span dir=\"auto\" style=\"vertical-align: inherit;\">Wytyczne dotycz\u0105ce przechowywania i bezpiecze\u0144stwa<\/span><\/span><\/strong><\/h2>\n<ul>\n<li><span dir=\"auto\" style=\"vertical-align: inherit;\"><span dir=\"auto\" style=\"vertical-align: inherit;\">Do u\u017cytku wy\u0142\u0105cznie przez wykwalifikowanych badaczy<\/span><\/span><\/li>\n<li><span dir=\"auto\" style=\"vertical-align: inherit;\"><span dir=\"auto\" style=\"vertical-align: inherit;\">Nie nadaje si\u0119 do spo\u017cycia przez ludzi i zwierz\u0119ta.<\/span><\/span><\/li>\n<li><span dir=\"auto\" style=\"vertical-align: inherit;\"><span dir=\"auto\" style=\"vertical-align: inherit;\">Przechowywa\u0107 w temperaturze 2\u20138 \u00b0C, w suchym i ciemnym miejscu.<\/span><\/span><\/li>\n<li><span dir=\"auto\" style=\"vertical-align: inherit;\"><span dir=\"auto\" style=\"vertical-align: inherit;\">Podczas pracy z substancj\u0105 nale\u017cy nosi\u0107 \u015brodki ochrony osobistej (r\u0119kawiczki, fartuch laboratoryjny, okulary ochronne).<\/span><\/span><\/li>\n<\/ul>\n<h2><strong><span dir=\"auto\" style=\"vertical-align: inherit;\"><span dir=\"auto\" style=\"vertical-align: inherit;\">Dlaczego nasz 3CEC?<\/span><\/span><\/strong><\/h2>\n<ul>\n<li><span dir=\"auto\" style=\"vertical-align: inherit;\"><span dir=\"auto\" style=\"vertical-align: inherit;\">Certyfikat analizy dostarczany z ka\u017cd\u0105 parti\u0105<\/span><\/span><\/li>\n<li><span dir=\"auto\" style=\"vertical-align: inherit;\"><span dir=\"auto\" style=\"vertical-align: inherit;\">Wyprodukowano w laboratoriach posiadaj\u0105cych certyfikat ISO<\/span><\/span><\/li>\n<li><span dir=\"auto\" style=\"vertical-align: inherit;\"><span dir=\"auto\" style=\"vertical-align: inherit;\">Szybka i dyskretna wysy\u0142ka w obr\u0119bie UE<\/span><\/span><\/li>\n<li><span dir=\"auto\" style=\"vertical-align: inherit;\"><span dir=\"auto\" style=\"vertical-align: inherit;\">Profesjonalne wsparcie dla aplikacji naukowych<\/span><\/span><\/li>\n<\/ul>\n<h2><strong><span dir=\"auto\" style=\"vertical-align: inherit;\"><span dir=\"auto\" style=\"vertical-align: inherit;\">O\u015bwiadczenie prawne<\/span><\/span><\/strong><\/h2>\n<p><span dir=\"auto\" style=\"vertical-align: inherit;\"><span dir=\"auto\" style=\"vertical-align: inherit;\">Kupuj\u0105cy ponosi wy\u0142\u0105czn\u0105 odpowiedzialno\u015b\u0107 za przestrzeganie przepis\u00f3w prawa i regulacji. <\/span><\/span><a href=\"http:\/\/google.nl\" target=\"_blank\" rel=\"noopener\"><span dir=\"auto\" style=\"vertical-align: inherit;\"><span dir=\"auto\" style=\"vertical-align: inherit;\">W<\/span><\/span><\/a><span dir=\"auto\" style=\"vertical-align: inherit;\"><span dir=\"auto\" style=\"vertical-align: inherit;\"> ich jurysdykcji. Ten produkt jest przeznaczony wy\u0142\u0105cznie do legalnego u\u017cytku badawczego i laboratoryjnego.<\/span><\/span><\/p>\n<p><a href=\"https:\/\/researchchemicalstore.eu\/pl\/sklep\/iboga-ibogaina\/kora-korzenia-ibogi\/\"><span dir=\"auto\" style=\"vertical-align: inherit;\"><span dir=\"auto\" style=\"vertical-align: inherit;\">kora korzenia ibogi<\/span><\/span><\/a><a href=\"https:\/\/researchchemicalstore.eu\/pl\/sklep\/iboga-ibogaina\/kup-ibogaine-hcl-online\/\"><span dir=\"auto\" style=\"vertical-align: inherit;\"><span dir=\"auto\" style=\"vertical-align: inherit;\">kup ibogain\u0119 hcl online<\/span><\/span><\/a><a href=\"https:\/\/researchchemicalstore.eu\/pl\/sklep\/peletki-2\/o-dsmt-50mg-granulki\/\"><span dir=\"auto\" style=\"vertical-align: inherit;\"><span dir=\"auto\" style=\"vertical-align: inherit;\">o-dsmt <\/span><\/span><\/a><a href=\"https:\/\/researchchemicalstore.eu\/pl\/sklep\/lizergamidy\/1v-lsd-150-mcg-blottery\/\"><span dir=\"auto\" style=\"vertical-align: inherit;\"><span dir=\"auto\" style=\"vertical-align: inherit;\">1vlsd<\/span><\/span><\/a><a href=\"https:\/\/researchchemicalstore.eu\/pl\/sklep\/lizergamidy\/1cp-lsd-150-mcg-bibuly-artystyczne\/\"><span dir=\"auto\" style=\"vertical-align: inherit;\"><span dir=\"auto\" style=\"vertical-align: inherit;\">1cp lsd<\/span><\/span><\/a><\/p>","protected":false},"excerpt":{"rendered":"<h2><span dir=\"auto\" style=\"vertical-align: inherit;\"><span dir=\"auto\" style=\"vertical-align: inherit;\">W\u0142a\u015bciwo\u015bci 3-CEC<\/span><\/span><\/h2>\n<p><strong><span dir=\"auto\" style=\"vertical-align: inherit;\"><span dir=\"auto\" style=\"vertical-align: inherit;\">Synonim:<\/span><\/span><\/strong><span dir=\"auto\" style=\"vertical-align: inherit;\"><span dir=\"auto\" style=\"vertical-align: inherit;\"> 3-Chloroetakatynon \/ 1-(3-chlorofenylo)-2-(etyloamino)propan-1-on <\/span><\/span><strong><br \/>\n<span dir=\"auto\" style=\"vertical-align: inherit;\"><span dir=\"auto\" style=\"vertical-align: inherit;\">Numer CAS<\/span><\/span><\/strong><span dir=\"auto\" style=\"vertical-align: inherit;\"><span dir=\"auto\" style=\"vertical-align: inherit;\"> : 2150476-60-9 <\/span><\/span><br \/>\n<strong><span dir=\"auto\" style=\"vertical-align: inherit;\"><span dir=\"auto\" style=\"vertical-align: inherit;\">Formu\u0142a<\/span><\/span><\/strong><span dir=\"auto\" style=\"vertical-align: inherit;\"><span dir=\"auto\" style=\"vertical-align: inherit;\"> : C11H14ClNO \u2022 HCl <\/span><\/span><br \/>\n<strong><span dir=\"auto\" style=\"vertical-align: inherit;\"><span dir=\"auto\" style=\"vertical-align: inherit;\">Masa molowa<\/span><\/span><\/strong><span dir=\"auto\" style=\"vertical-align: inherit;\"><span dir=\"auto\" style=\"vertical-align: inherit;\"> : 211,69 g\/mol <\/span><\/span><br \/>\n<strong><span dir=\"auto\" style=\"vertical-align: inherit;\"><span dir=\"auto\" style=\"vertical-align: inherit;\">Czysto\u015b\u0107<\/span><\/span><\/strong><span dir=\"auto\" style=\"vertical-align: inherit;\"><span dir=\"auto\" style=\"vertical-align: inherit;\"> : \u226598%<\/span><\/span><\/p>","protected":false},"featured_media":28607,"comment_status":"closed","ping_status":"closed","template":"","meta":[],"product_brand":[82],"product_cat":[553,322,79],"product_tag":[611,612,613,326],"class_list":{"0":"post-23847","1":"product","2":"type-product","3":"status-publish","4":"has-post-thumbnail","6":"product_brand-research-chemical","7":"product_cat-3-cec","8":"product_cat-bijna-verboden","9":"product_cat-cathinonen","10":"product_tag-3-cec","11":"product_tag-3cec","12":"product_tag-3cec-ervaring","13":"product_tag-nl","15":"first","16":"instock","17":"taxable","18":"shipping-taxable","19":"purchasable","20":"product-type-variable"},"_links":{"self":[{"href":"https:\/\/researchchemicalstore.eu\/pl\/wp-json\/wp\/v2\/product\/23847","targetHints":{"allow":["GET"]}}],"collection":[{"href":"https:\/\/researchchemicalstore.eu\/pl\/wp-json\/wp\/v2\/product"}],"about":[{"href":"https:\/\/researchchemicalstore.eu\/pl\/wp-json\/wp\/v2\/types\/product"}],"replies":[{"embeddable":true,"href":"https:\/\/researchchemicalstore.eu\/pl\/wp-json\/wp\/v2\/comments?post=23847"}],"version-history":[{"count":5,"href":"https:\/\/researchchemicalstore.eu\/pl\/wp-json\/wp\/v2\/product\/23847\/revisions"}],"predecessor-version":[{"id":25389,"href":"https:\/\/researchchemicalstore.eu\/pl\/wp-json\/wp\/v2\/product\/23847\/revisions\/25389"}],"wp:featuredmedia":[{"embeddable":true,"href":"https:\/\/researchchemicalstore.eu\/pl\/wp-json\/wp\/v2\/media\/28607"}],"wp:attachment":[{"href":"https:\/\/researchchemicalstore.eu\/pl\/wp-json\/wp\/v2\/media?parent=23847"}],"wp:term":[{"taxonomy":"product_brand","embeddable":true,"href":"https:\/\/researchchemicalstore.eu\/pl\/wp-json\/wp\/v2\/product_brand?post=23847"},{"taxonomy":"product_cat","embeddable":true,"href":"https:\/\/researchchemicalstore.eu\/pl\/wp-json\/wp\/v2\/product_cat?post=23847"},{"taxonomy":"product_tag","embeddable":true,"href":"https:\/\/researchchemicalstore.eu\/pl\/wp-json\/wp\/v2\/product_tag?post=23847"}],"curies":[{"name":"wp","href":"https:\/\/api.w.org\/{rel}","templated":true}]}}