{"id":23947,"date":"2025-04-13T17:40:44","date_gmt":"2025-04-13T17:40:44","guid":{"rendered":"https:\/\/researchchemicalstore.eu\/?post_type=product&#038;p=23947"},"modified":"2025-10-22T11:24:04","modified_gmt":"2025-10-22T11:24:04","slug":"2-fea-2-fluoroetamfetamina","status":"publish","type":"product","link":"https:\/\/researchchemicalstore.eu\/pl\/produkt\/2-fea-2-fluoroetamfetamina\/","title":{"rendered":"2-FEA (2-fluoroetamfetamina)"},"content":{"rendered":"<h1>2 FEA (2-fluoroetamfetamina) \u2013 najwy\u017cszej jako\u015bci substancja chemiczna do bada\u0144 naukowych<\/h1>\n<h2>Opis produktu<\/h2>\n<p>2-FEA (2-fluoroetamfetamina) to specjalistyczny zwi\u0105zek chemiczny, stosowany g\u0142\u00f3wnie do cel\u00f3w naukowych i analitycznych. Jako cz\u0142onek klasy fluorowanych amfetamin, zwi\u0105zek ten oferuje unikalne w\u0142a\u015bciwo\u015bci, cenne w badaniach farmakologicznych, badaniach neurochemicznych i analizach kryminalistycznych. Jego specyficzna struktura molekularna sprawia, \u017ce 2-FEA jest przedmiotem zainteresowania naukowc\u00f3w zainteresowanych badaniem jego interakcji z uk\u0142adami neuroprzeka\u017anik\u00f3w.<\/p>\n<h2>Gwarancja jako\u015bci i czysto\u015bci<\/h2>\n<p>Nasz 2-FEA jest produkowany pod \u015bcis\u0142\u0105 kontrol\u0105 jako\u015bci i dost\u0119pny w wysokiej czysto\u015bci (\u226598%). Ka\u017cda partia jest analizowana przy u\u017cyciu zaawansowanych technik, takich jak: <strong>HPLC (wysokosprawna chromatografia cieczowa)<\/strong> I <strong>GC-MS (chromatografia gazowa ze spektrometri\u0105 mas)<\/strong> aby zapewni\u0107 sta\u0142\u0105 i niezawodn\u0105 jako\u015b\u0107.<\/p>\n<h2>Wytyczne dotycz\u0105ce bezpiecze\u0144stwa i status prawny<\/h2>\n<p>2-FEA to <strong>przeznaczone wy\u0142\u0105cznie do cel\u00f3w badawczych<\/strong> i nie mo\u017ce by\u0107 u\u017cywany do spo\u017cycia przez ludzi ani zwierz\u0119ta. Obowi\u0105zkiem kupuj\u0105cego jest sprawdzenie, czy posiadanie i u\u017cywanie tej substancji jest legalne w jego kraju. Zalecamy prac\u0119 wy\u0142\u0105cznie w kontrolowanym \u015brodowisku laboratoryjnym z zachowaniem odpowiednich \u015brodk\u00f3w bezpiecze\u0144stwa.<\/p>\n<h2>Mo\u017cliwo\u015bci zastosowania<\/h2>\n<ul>\n<li><strong>Badania neurochemiczne:<\/strong> Zbadaj wp\u0142yw 2-FEA na uk\u0142ady dopaminy, noradrenaliny i serotoniny<\/li>\n<li><strong>Analiza kryminalistyczna:<\/strong> Zastosowanie jako standard odniesienia w identyfikacji narkotyk\u00f3w w badaniach toksykologicznych<\/li>\n<li><strong>Badania metaboliczne:<\/strong> Zbadaj \u015bcie\u017cki degradacji i farmakokinetyk\u0119 fluorowanych pochodnych amfetaminy<\/li>\n<\/ul>\n<h2>Przechowywanie i obs\u0142uga<\/h2>\n<p>Przechowywa\u0107 2-FEA w <strong>opakowanie hermetyczne<\/strong>, Przechowywa\u0107 w miejscu chronionym przed \u015bwiat\u0142em i wilgoci\u0105, w stabilnej temperaturze (najlepiej od 2 do 8\u00b0C). Podczas pracy z t\u0105 substancj\u0105 nale\u017cy zawsze nosi\u0107 osobisty sprz\u0119t ochronny (fartuch laboratoryjny, r\u0119kawice nitrylowe, okulary ochronne).<\/p>\n<h2>Dlaczego warto kupi\u0107 nasz 2-FEA?<\/h2>\n<p>\u2714 <strong>Wysoka czysto\u015b\u0107<\/strong> \u2013 Zoptymalizowany pod k\u0105tem dok\u0142adnych wynik\u00f3w bada\u0144<br \/>\n\u2714 <strong>Szybka dostawa<\/strong> \u2013 Niezawodna wysy\u0142ka w Europie<br \/>\n\u2714 <strong>Dyskretne opakowanie<\/strong> \u2013 Prywatno\u015b\u0107 i bezpiecze\u0144stwo s\u0105 najwa\u017cniejsze<br \/>\n\u2714 <strong>Profesjonalne porady<\/strong> \u2013 Wsparcie dla aplikacji naukowych<\/p>\n<h2>Wa\u017cna uwaga<\/h2>\n<p>Ten produkt jest <strong>nie przeznaczone do spo\u017cycia<\/strong> i powinny by\u0107 wykorzystywane wy\u0142\u0105cznie przez wykwalifikowanych specjalist\u00f3w w kontek\u015bcie bada\u0144 prawnych.<\/p>\n<p>Aby uzyska\u0107 wi\u0119cej informacji na temat 2-FEA lub innych substancji chemicznych do bada\u0144, prosimy o kontakt <a href=\"http:\/\/google.nl\" target=\"_blank\" rel=\"noopener\">nas<\/a> Ch\u0119tnie pomo\u017cemy Ci dostarczy\u0107 wysokiej jako\u015bci produkty do Twoich projekt\u00f3w naukowych.<a href=\"https:\/\/researchchemicalstore.eu\/pl\/sklep\/iboga-ibogaina\/kora-korzenia-ibogi\/\">kora korzenia iboga<\/a><a href=\"https:\/\/researchchemicalstore.eu\/pl\/sklep\/iboga-ibogaina\/kup-ibogaine-hcl-online\/\">kup ibogain\u0119 hcl online\u200b<\/a><a href=\"https:\/\/researchchemicalstore.eu\/pl\/sklep\/peletki-2\/o-dsmt-50mg-granulki\/\">o-dsmt<\/a><a href=\"https:\/\/researchchemicalstore.eu\/pl\/sklep\/lizergamidy\/1v-lsd-150-mcg-blottery\/\">1vlsd\u200b<\/a><a href=\"https:\/\/researchchemicalstore.eu\/pl\/sklep\/lizergamidy\/1cp-lsd-150-mcg-bibuly-artystyczne\/\">1cp lsd<\/a><\/p>","protected":false},"excerpt":{"rendered":"<h2><span style=\"vertical-align: inherit;\"><span style=\"vertical-align: inherit;\">W\u0142a\u015bciwo\u015bci 2-FEA<\/span><\/span><\/h2>\n<p><strong><span style=\"vertical-align: inherit;\"><span style=\"vertical-align: inherit;\">Synonim<\/span><\/span><\/strong><span style=\"vertical-align: inherit;\"><span style=\"vertical-align: inherit;\"> : 2-fluoroetamfetamina <\/span><\/span><br \/>\n<strong><span style=\"vertical-align: inherit;\"><span style=\"vertical-align: inherit;\">Numer CAS<\/span><\/span><\/strong><span style=\"vertical-align: inherit;\"><span style=\"vertical-align: inherit;\"> : 3871-89-4 <\/span><\/span><br \/>\n<strong><span style=\"vertical-align: inherit;\"><span style=\"vertical-align: inherit;\">Formu\u0142a<\/span><\/span><\/strong><span style=\"vertical-align: inherit;\"><span style=\"vertical-align: inherit;\"> : C <\/span><\/span><sub><small><span style=\"vertical-align: inherit;\"><span style=\"vertical-align: inherit;\">11<\/span><\/span><\/small><\/sub><span style=\"vertical-align: inherit;\"><span style=\"vertical-align: inherit;\"> H <\/span><\/span><sub><small><span style=\"vertical-align: inherit;\"><span style=\"vertical-align: inherit;\">16<\/span><\/span><\/small><\/sub><span style=\"vertical-align: inherit;\"><span style=\"vertical-align: inherit;\"> FN \u2022 HCl <\/span><\/span><br \/>\n<strong><span style=\"vertical-align: inherit;\"><span style=\"vertical-align: inherit;\">Masa molowa<\/span><\/span><\/strong><span style=\"vertical-align: inherit;\"><span style=\"vertical-align: inherit;\"> : 217.7 <\/span><\/span><br \/>\n<strong><span style=\"vertical-align: inherit;\"><span style=\"vertical-align: inherit;\">Czysto\u015b\u0107<\/span><\/span><\/strong><span style=\"vertical-align: inherit;\"><span style=\"vertical-align: inherit;\"> : \u226599%<\/span><\/span><\/p>","protected":false},"featured_media":28597,"comment_status":"closed","ping_status":"closed","template":"","meta":[],"product_brand":[82],"product_cat":[437,322,333,398],"product_tag":[655,656,326],"class_list":{"0":"post-23947","1":"product","2":"type-product","3":"status-publish","4":"has-post-thumbnail","6":"product_brand-research-chemical","7":"product_cat-2-fea","8":"product_cat-bijna-verboden","9":"product_cat-gefluoreerden","10":"product_cat-verkoop","11":"product_tag-2-fea","12":"product_tag-2-fluoroethamfetamine","13":"product_tag-nl","15":"first","16":"instock","17":"sale","18":"taxable","19":"shipping-taxable","20":"purchasable","21":"product-type-variable"},"_links":{"self":[{"href":"https:\/\/researchchemicalstore.eu\/pl\/wp-json\/wp\/v2\/product\/23947","targetHints":{"allow":["GET"]}}],"collection":[{"href":"https:\/\/researchchemicalstore.eu\/pl\/wp-json\/wp\/v2\/product"}],"about":[{"href":"https:\/\/researchchemicalstore.eu\/pl\/wp-json\/wp\/v2\/types\/product"}],"replies":[{"embeddable":true,"href":"https:\/\/researchchemicalstore.eu\/pl\/wp-json\/wp\/v2\/comments?post=23947"}],"version-history":[{"count":4,"href":"https:\/\/researchchemicalstore.eu\/pl\/wp-json\/wp\/v2\/product\/23947\/revisions"}],"predecessor-version":[{"id":26407,"href":"https:\/\/researchchemicalstore.eu\/pl\/wp-json\/wp\/v2\/product\/23947\/revisions\/26407"}],"wp:featuredmedia":[{"embeddable":true,"href":"https:\/\/researchchemicalstore.eu\/pl\/wp-json\/wp\/v2\/media\/28597"}],"wp:attachment":[{"href":"https:\/\/researchchemicalstore.eu\/pl\/wp-json\/wp\/v2\/media?parent=23947"}],"wp:term":[{"taxonomy":"product_brand","embeddable":true,"href":"https:\/\/researchchemicalstore.eu\/pl\/wp-json\/wp\/v2\/product_brand?post=23947"},{"taxonomy":"product_cat","embeddable":true,"href":"https:\/\/researchchemicalstore.eu\/pl\/wp-json\/wp\/v2\/product_cat?post=23947"},{"taxonomy":"product_tag","embeddable":true,"href":"https:\/\/researchchemicalstore.eu\/pl\/wp-json\/wp\/v2\/product_tag?post=23947"}],"curies":[{"name":"wp","href":"https:\/\/api.w.org\/{rel}","templated":true}]}}