{"id":23975,"date":"2025-04-13T17:40:48","date_gmt":"2025-04-13T17:40:48","guid":{"rendered":"https:\/\/researchchemicalstore.eu\/?post_type=product&#038;p=23975"},"modified":"2025-10-22T11:04:38","modified_gmt":"2025-10-22T11:04:38","slug":"2-mmc-220-mg-granulki","status":"publish","type":"product","link":"https:\/\/researchchemicalstore.eu\/pl\/produkt\/2-mmc-220-mg-granulki\/","title":{"rendered":"2-MMC 220 mg granulki"},"content":{"rendered":"<h2><strong>2-MMC <\/strong><strong>peletki, <\/strong><strong>220 mg granulki<\/strong><\/h2>\n<p>Ka\u017cdy z tych \u015brut\u00f3w zawiera 220 MG 2-MMC.<\/p>\n<p>Granulki 2-MMC to substancja, kt\u00f3r\u0105 sprzedajemy wy\u0142\u0105cznie w celach badawczych i dlatego nie jest przeznaczona do spo\u017cycia. Badania nad bia\u0142kiem 2-MMC mo\u017cna prowadzi\u0107 nawet przez 2 lata, pod warunkiem \u017ce jest ono przechowywane w odpowiednim \u015brodowisku.<a title=\"MEAI\" href=\"https:\/\/researchchemicalstore.eu\/pl\/sklep\/inny\/meai\/\" target=\"_blank\" rel=\"noopener\">MEAI<\/a><\/p>\n<p>Poniewa\u017c preparat 2-MMC jest przeznaczony wy\u0142\u0105cznie do cel\u00f3w badawczych, a nie do spo\u017cycia, wa\u017cne jest, aby przechowywa\u0107 go w miejscu niedost\u0119pnym dla dzieci i zwierz\u0105t domowych.<a title=\"6-CL-ADBA\" href=\"https:\/\/researchchemicalstore.eu\/pl\/sklep\/prawie-zabronione\/6-cl-adba\/\" target=\"_blank\" rel=\"noopener\">6-CL-ADBA<\/a><\/p>\n<p>Oferujemy wysokiej jako\u015bci odczynniki chemiczne do bada\u0144 za uczciw\u0105 cen\u0119. Twoje zam\u00f3wienie zostanie wys\u0142ane w ci\u0105gu 24 godzin, ka\u017cdego dnia. Dlatego zam\u00f3w 2-MMC bezpiecznie i szybko.<a title=\"Kapsu\u0142ki 2C-EF 2 mg\" href=\"https:\/\/researchchemicalstore.eu\/pl\/sklep\/fenetyloamina\/2-kapsulki-2c-ef-2mg\/\" target=\"_blank\" rel=\"noopener\">Kapsu\u0142ki 2C-EF 2 mg<\/a><\/p>\n<h2>W\u0142a\u015bciwo\u015bci 2-MMC<\/h2>\n<p><strong>Numer CAS<\/strong>: 1246911-71-6<br \/>\n<strong>Formu\u0142a<\/strong>: C11h15NO \u2022 HCL<br \/>\n<strong>Masa molowa<\/strong>: 177.247<br \/>\n<strong>Czysto\u015b\u0107<\/strong>: \u226599%<\/p>\n<h3>O\u015bwiadczenie o zagro\u017ceniu<\/h3>\n<p>2-MMC mo\u017ce powodowa\u0107 podra\u017cnienie dr\u00f3g oddechowych<br \/>\n2-MMC mo\u017ce powodowa\u0107 podra\u017cnienie oczu.<br \/>\nZabrania si\u0119 uwalniania substancji chemicznych wykorzystywanych w badaniach do \u015brodowiska.<a title=\"6-CL-ADBA\" href=\"https:\/\/researchchemicalstore.eu\/pl\/sklep\/prawie-zabronione\/6-cl-adba\/\" target=\"_blank\" rel=\"noopener\">6-CL-ADBA<\/a><\/p>\n<p>2-MMC W KONTAKCIE Z OCZAMI: Delikatnie p\u0142uka\u0107 oczy wod\u0105 przez pi\u0119\u0107 minut. Je\u017celi to mo\u017cliwe, wyjmij soczewki kontaktowe.<\/p>\n<p>2-MMC W KONTAKCIE ZE SK\u00d3R\u0104: Umy\u0107 sk\u00f3r\u0119 wod\u0105 z myd\u0142em.<\/p>\n<p>PO WDYCHNI\u0118CIU 2-MMC: doprowad\u017a poszkodowanego <a href=\"http:\/\/google.nl\" target=\"_blank\" rel=\"noopener\">W<\/a> \u015bwie\u017cego powietrza i u\u0142o\u017cy\u0107 ofiar\u0119 w pozycji umo\u017cliwiaj\u0105cej swobodne oddychanie.<\/p>","protected":false},"excerpt":{"rendered":"<h2>W\u0142a\u015bciwo\u015bci 2-MMC<\/h2>\n<p><strong>Numer CAS<\/strong>: 1246911-71-6<br \/>\n<strong>Formu\u0142a<\/strong>: C11h15NO \u2022 HCL<br \/>\n<strong>Masa molowa<\/strong>: 177.247<br \/>\n<strong>Czysto\u015b\u0107<\/strong>: \u226599%<\/p>","protected":false},"featured_media":28603,"comment_status":"closed","ping_status":"closed","template":"","meta":[],"product_brand":[82],"product_cat":[372,463,322,79,324],"product_tag":[83,679,652,678,326],"class_list":{"0":"post-23975","1":"product","2":"type-product","3":"status-publish","4":"has-post-thumbnail","6":"product_brand-research-chemical","7":"product_cat-2-mmc-kopen","8":"product_cat-2-mmc-pellets","9":"product_cat-bijna-verboden","10":"product_cat-cathinonen","11":"product_cat-pellets-for-pellet","12":"product_tag-2-mmc-kopen","13":"product_tag-2-mmc-pellets","14":"product_tag-2-mmc-pellets-kopen","15":"product_tag-2mmc-pellets","16":"product_tag-nl","18":"first","19":"instock","20":"taxable","21":"shipping-taxable","22":"purchasable","23":"product-type-variable"},"_links":{"self":[{"href":"https:\/\/researchchemicalstore.eu\/pl\/wp-json\/wp\/v2\/product\/23975","targetHints":{"allow":["GET"]}}],"collection":[{"href":"https:\/\/researchchemicalstore.eu\/pl\/wp-json\/wp\/v2\/product"}],"about":[{"href":"https:\/\/researchchemicalstore.eu\/pl\/wp-json\/wp\/v2\/types\/product"}],"replies":[{"embeddable":true,"href":"https:\/\/researchchemicalstore.eu\/pl\/wp-json\/wp\/v2\/comments?post=23975"}],"version-history":[{"count":3,"href":"https:\/\/researchchemicalstore.eu\/pl\/wp-json\/wp\/v2\/product\/23975\/revisions"}],"predecessor-version":[{"id":25527,"href":"https:\/\/researchchemicalstore.eu\/pl\/wp-json\/wp\/v2\/product\/23975\/revisions\/25527"}],"wp:featuredmedia":[{"embeddable":true,"href":"https:\/\/researchchemicalstore.eu\/pl\/wp-json\/wp\/v2\/media\/28603"}],"wp:attachment":[{"href":"https:\/\/researchchemicalstore.eu\/pl\/wp-json\/wp\/v2\/media?parent=23975"}],"wp:term":[{"taxonomy":"product_brand","embeddable":true,"href":"https:\/\/researchchemicalstore.eu\/pl\/wp-json\/wp\/v2\/product_brand?post=23975"},{"taxonomy":"product_cat","embeddable":true,"href":"https:\/\/researchchemicalstore.eu\/pl\/wp-json\/wp\/v2\/product_cat?post=23975"},{"taxonomy":"product_tag","embeddable":true,"href":"https:\/\/researchchemicalstore.eu\/pl\/wp-json\/wp\/v2\/product_tag?post=23975"}],"curies":[{"name":"wp","href":"https:\/\/api.w.org\/{rel}","templated":true}]}}