{"id":24051,"date":"2025-04-13T17:40:56","date_gmt":"2025-04-13T17:40:56","guid":{"rendered":"https:\/\/researchchemicalstore.eu\/?post_type=product&#038;p=24051"},"modified":"2025-10-22T10:20:06","modified_gmt":"2025-10-22T10:20:06","slug":"1p-lsd-10-mcg-granulki-mikrodawka","status":"publish","type":"product","link":"https:\/\/researchchemicalstore.eu\/pl\/produkt\/1p-lsd-10-mcg-granulki-mikrodawka\/","title":{"rendered":"1P-LSD 10 MCG Pellets \u2013 Mikrodawka"},"content":{"rendered":"<h1 class=\"my-0\"><span dir=\"auto\" style=\"vertical-align: inherit;\"><span dir=\"auto\" style=\"vertical-align: inherit;\">Mikrodawki 1P-LSD w granulkach \u2013 Mikrodawka<\/span><\/span><\/h1>\n<p><strong><span dir=\"auto\" style=\"vertical-align: inherit;\"><span dir=\"auto\" style=\"vertical-align: inherit;\">Unikalny opis produktu i instrukcja u\u017cytkowania<\/span><\/span><\/strong><\/p>\n<p><strong><span dir=\"auto\" style=\"vertical-align: inherit;\"><span dir=\"auto\" style=\"vertical-align: inherit;\">Nazwa produktu:<\/span><\/span><\/strong><span dir=\"auto\" style=\"vertical-align: inherit;\"><span dir=\"auto\" style=\"vertical-align: inherit;\"> 1P-LSD 10 MCG Pellets \u2013 Mikrodawka <\/span><\/span><br \/>\n<strong><span dir=\"auto\" style=\"vertical-align: inherit;\"><span dir=\"auto\" style=\"vertical-align: inherit;\">Rozmiar:<\/span><\/span><\/strong><span dir=\"auto\" style=\"vertical-align: inherit;\"><span dir=\"auto\" style=\"vertical-align: inherit;\"> Ma\u0142e, \u0142atwe w obs\u0142udze peletki <\/span><\/span><br \/>\n<strong><span dir=\"auto\" style=\"vertical-align: inherit;\"><span dir=\"auto\" style=\"vertical-align: inherit;\">Dawkowanie:<\/span><\/span><\/strong><span dir=\"auto\" style=\"vertical-align: inherit;\"><span dir=\"auto\" style=\"vertical-align: inherit;\"> 10 mikrogram\u00f3w (mcg) na peletk\u0119 <\/span><\/span><br \/>\n<strong><span dir=\"auto\" style=\"vertical-align: inherit;\"><span dir=\"auto\" style=\"vertical-align: inherit;\">Nadaje si\u0119 do:<\/span><\/span><\/strong><span dir=\"auto\" style=\"vertical-align: inherit;\"><span dir=\"auto\" style=\"vertical-align: inherit;\"> Mikrodawkowanie, poprawa funkcji poznawczych, kreatywno\u015b\u0107 i koncentracja<\/span><\/span><\/p>\n<hr \/>\n<h2><span dir=\"auto\" style=\"vertical-align: inherit;\"><span dir=\"auto\" style=\"vertical-align: inherit;\">Czym jest 1P-LSD?<\/span><\/span><\/h2>\n<p><span dir=\"auto\" style=\"vertical-align: inherit;\"><span dir=\"auto\" style=\"vertical-align: inherit;\">1P-LSD (dietyloamid kwasu 1-propionylo-lizergowego) to substancja chemiczna o strukturze zbli\u017conej do LSD. Znana jest z subtelnych efekt\u00f3w psychoaktywnych po mikrodawkowaniu, co czyni j\u0105 popularn\u0105 w kontek\u015bcie rozwoju osobistego, jasno\u015bci umys\u0142u i kreatywnej eksploracji.<\/span><\/span><\/p>\n<p><span dir=\"auto\" style=\"vertical-align: inherit;\"><span dir=\"auto\" style=\"vertical-align: inherit;\">Te <\/span><\/span><strong><span dir=\"auto\" style=\"vertical-align: inherit;\"><span dir=\"auto\" style=\"vertical-align: inherit;\">10 mcg granulek<\/span><\/span><\/strong><span dir=\"auto\" style=\"vertical-align: inherit;\"><span dir=\"auto\" style=\"vertical-align: inherit;\"> zosta\u0142y zaprojektowane specjalnie do kontrolowanego mikrodawkowania, dzi\u0119ki czemu u\u017cytkownicy mog\u0105 cieszy\u0107 si\u0119 korzy\u015bciami bez silnych efekt\u00f3w halucynogennych.<\/span><\/span><\/p>\n<hr \/>\n<h2><span dir=\"auto\" style=\"vertical-align: inherit;\"><span dir=\"auto\" style=\"vertical-align: inherit;\">Zastosowanie 1P-LSD 10 MCG Pellets<\/span><\/span><\/h2>\n<h3><span dir=\"auto\" style=\"vertical-align: inherit;\"><span dir=\"auto\" style=\"vertical-align: inherit;\">1. Mikrodawkowanie w celu poprawy sprawno\u015bci umys\u0142owej<\/span><\/span><\/h3>\n<ul>\n<li><span dir=\"auto\" style=\"vertical-align: inherit;\"><span dir=\"auto\" style=\"vertical-align: inherit;\">Zwi\u0119kszona koncentracja i produktywno\u015b\u0107 \u2013 idealne do pracy, nauki lub projekt\u00f3w tw\u00f3rczych<\/span><\/span><\/li>\n<li><span dir=\"auto\" style=\"vertical-align: inherit;\"><span dir=\"auto\" style=\"vertical-align: inherit;\">Poprawa nastroju i r\u00f3wnowagi emocjonalnej \u2013 mo\u017ce pom\u00f3c w przypadku \u0142agodnego l\u0119ku lub depresji<\/span><\/span><\/li>\n<li><span dir=\"auto\" style=\"vertical-align: inherit;\"><span dir=\"auto\" style=\"vertical-align: inherit;\">Zwi\u0119kszona kreatywno\u015b\u0107 i umiej\u0119tno\u015b\u0107 rozwi\u0105zywania problem\u00f3w \u2013 popularne w\u015br\u00f3d artyst\u00f3w i przedsi\u0119biorc\u00f3w<\/span><\/span><\/li>\n<\/ul>\n<h3><span dir=\"auto\" style=\"vertical-align: inherit;\"><span dir=\"auto\" style=\"vertical-align: inherit;\">2. Mo\u017cliwo\u015bci terapeutyczne (badania)<\/span><\/span><\/h3>\n<ul>\n<li><span dir=\"auto\" style=\"vertical-align: inherit;\"><span dir=\"auto\" style=\"vertical-align: inherit;\">Mo\u017cliwe wsparcie w leczeniu PTSD, przewlek\u0142ego stresu i b\u00f3l\u00f3w g\u0142owy (wci\u0105\u017c w fazie bada\u0144)<\/span><\/span><\/li>\n<li><span dir=\"auto\" style=\"vertical-align: inherit;\"><span dir=\"auto\" style=\"vertical-align: inherit;\">Stosowany w niekt\u00f3rych terapiach psychodelicznych w celu autorefleksji i przetwarzania emocji<\/span><\/span><\/li>\n<\/ul>\n<h3><span dir=\"auto\" style=\"vertical-align: inherit;\"><span dir=\"auto\" style=\"vertical-align: inherit;\">3. Pog\u0142\u0119bianie duchowe i medytacyjne<\/span><\/span><\/h3>\n<ul>\n<li><span dir=\"auto\" style=\"vertical-align: inherit;\"><span dir=\"auto\" style=\"vertical-align: inherit;\">Mo\u017ce pog\u0142\u0119bi\u0107 uwa\u017cno\u015b\u0107 i medytacj\u0119 ju\u017c w ma\u0142ych dawkach<\/span><\/span><\/li>\n<li><span dir=\"auto\" style=\"vertical-align: inherit;\"><span dir=\"auto\" style=\"vertical-align: inherit;\">Wspiera introspekcj\u0119 i rozw\u00f3j osobisty<\/span><\/span><\/li>\n<\/ul>\n<hr \/>\n<h2><span dir=\"auto\" style=\"vertical-align: inherit;\"><span dir=\"auto\" style=\"vertical-align: inherit;\">Jak stosowa\u0107 granulki 1P-LSD 10 MCG?<\/span><\/span><\/h2>\n<ul>\n<li><strong><span dir=\"auto\" style=\"vertical-align: inherit;\"><span dir=\"auto\" style=\"vertical-align: inherit;\">Zalecana dawka:<\/span><\/span><\/strong><span dir=\"auto\" style=\"vertical-align: inherit;\"><span dir=\"auto\" style=\"vertical-align: inherit;\"> 1 peletka (10 mcg) co 2\u20133 dni w celu uzyskania sta\u0142ego efektu mikrodawki<\/span><\/span><\/li>\n<li><strong><span dir=\"auto\" style=\"vertical-align: inherit;\"><span dir=\"auto\" style=\"vertical-align: inherit;\">Cykl:<\/span><\/span><\/strong><span dir=\"auto\" style=\"vertical-align: inherit;\"><span dir=\"auto\" style=\"vertical-align: inherit;\"> Stosowa\u0107 zgodnie z harmonogramem (np. protok\u00f3\u0142 Fadimana \u2013 1 dzie\u0144 mikrodawki, 2 dni odpoczynku)<\/span><\/span><\/li>\n<li><strong><span dir=\"auto\" style=\"vertical-align: inherit;\"><span dir=\"auto\" style=\"vertical-align: inherit;\">Wlot:<\/span><\/span><\/strong><span dir=\"auto\" style=\"vertical-align: inherit;\"><span dir=\"auto\" style=\"vertical-align: inherit;\"> Aby zapewni\u0107 optymalne wch\u0142anianie, nale\u017cy przyjmowa\u0107 peletk\u0119 rano na pusty \u017co\u0142\u0105dek.<\/span><\/span><\/li>\n<li><strong><span dir=\"auto\" style=\"vertical-align: inherit;\"><span dir=\"auto\" style=\"vertical-align: inherit;\">Ostro\u017cno\u015b\u0107:<\/span><\/span><\/strong><span dir=\"auto\" style=\"vertical-align: inherit;\"><span dir=\"auto\" style=\"vertical-align: inherit;\"> Unikaj \u0142\u0105czenia z innymi \u015brodkami pobudzaj\u0105cymi lub inhibitorami MAO<\/span><\/span><\/li>\n<\/ul>\n<hr \/>\n<h2><span dir=\"auto\" style=\"vertical-align: inherit;\"><span dir=\"auto\" style=\"vertical-align: inherit;\">Wady i skutki uboczne<\/span><\/span><\/h2>\n<p><span dir=\"auto\" style=\"vertical-align: inherit;\"><span dir=\"auto\" style=\"vertical-align: inherit;\">Chocia\u017c 1P-LSD jest na og\u00f3\u0142 dobrze tolerowany, mo\u017cliwe skutki uboczne to:<\/span><\/span><\/p>\n<ul>\n<li><span dir=\"auto\" style=\"vertical-align: inherit;\"><span dir=\"auto\" style=\"vertical-align: inherit;\">\u0141agodny niepok\u00f3j lub niepok\u00f3j (szczeg\u00f3lnie przy wy\u017cszych dawkach)<\/span><\/span><\/li>\n<li><span dir=\"auto\" style=\"vertical-align: inherit;\"><span dir=\"auto\" style=\"vertical-align: inherit;\">Zaburzony sen, je\u015bli lek zostanie przyj\u0119ty p\u00f3\u017ano w ci\u0105gu dnia<\/span><\/span><\/li>\n<li><span dir=\"auto\" style=\"vertical-align: inherit;\"><span dir=\"auto\" style=\"vertical-align: inherit;\">Nadwra\u017cliwo\u015b\u0107 na \u015bwiat\u0142o\/d\u017awi\u0119k u niekt\u00f3rych u\u017cytkownik\u00f3w<\/span><\/span><\/li>\n<li><span dir=\"auto\" style=\"vertical-align: inherit;\"><span dir=\"auto\" style=\"vertical-align: inherit;\">Status prawny: Regulowany w niekt\u00f3rych krajach \u2013 sprawd\u017a lokalne przepisy<\/span><\/span><\/li>\n<\/ul>\n<hr \/>\n<h2><span dir=\"auto\" style=\"vertical-align: inherit;\"><span dir=\"auto\" style=\"vertical-align: inherit;\">Cz\u0119sto zadawane pytania (FAQ)<\/span><\/span><\/h2>\n<h3><span dir=\"auto\" style=\"vertical-align: inherit;\"><span dir=\"auto\" style=\"vertical-align: inherit;\">1. Czy 1P-LSD jest legalne w Holandii?<\/span><\/span><\/h3>\n<p><span dir=\"auto\" style=\"vertical-align: inherit;\"><span dir=\"auto\" style=\"vertical-align: inherit;\">Obecnie 1P-LSD podlega <\/span><\/span><strong><span dir=\"auto\" style=\"vertical-align: inherit;\"><span dir=\"auto\" style=\"vertical-align: inherit;\">Ustawa o opium<\/span><\/span><\/strong><span dir=\"auto\" style=\"vertical-align: inherit;\"><span dir=\"auto\" style=\"vertical-align: inherit;\"> w Holandii i jest nielegalny do spo\u017cycia przez ludzi. Jest przeznaczony dla <\/span><\/span><strong><span dir=\"auto\" style=\"vertical-align: inherit;\"><span dir=\"auto\" style=\"vertical-align: inherit;\">cele badawcze<\/span><\/span><\/strong><span dir=\"auto\" style=\"vertical-align: inherit;\"><span dir=\"auto\" style=\"vertical-align: inherit;\"> tylko .<\/span><\/span><\/p>\n<h3><span dir=\"auto\" style=\"vertical-align: inherit;\"><span dir=\"auto\" style=\"vertical-align: inherit;\">2. Czy mog\u0119 przyjmowa\u0107 mikrodawki 1P-LSD w celach zawodowych?<\/span><\/span><\/h3>\n<p><span dir=\"auto\" style=\"vertical-align: inherit;\"><span dir=\"auto\" style=\"vertical-align: inherit;\">Wielu u\u017cytkownik\u00f3w zg\u0142asza <\/span><\/span><strong><span dir=\"auto\" style=\"vertical-align: inherit;\"><span dir=\"auto\" style=\"vertical-align: inherit;\">poprawiona koncentracja i p\u0142ynno\u015b\u0107<\/span><\/span><\/strong><span dir=\"auto\" style=\"vertical-align: inherit;\"><span dir=\"auto\" style=\"vertical-align: inherit;\"> , ale najpierw przetestuj swoj\u0105 reakcj\u0119 w domu.<\/span><\/span><\/p>\n<h3><span dir=\"auto\" style=\"vertical-align: inherit;\"><span dir=\"auto\" style=\"vertical-align: inherit;\">3. Jak d\u0142ugo dzia\u0142aj\u0105 mikrodawki 1P-LSD?<\/span><\/span><\/h3>\n<p><span dir=\"auto\" style=\"vertical-align: inherit;\"><span dir=\"auto\" style=\"vertical-align: inherit;\">Efekty trwaj\u0105 <\/span><\/span><strong><span dir=\"auto\" style=\"vertical-align: inherit;\"><span dir=\"auto\" style=\"vertical-align: inherit;\">6\u20138 godzin<\/span><\/span><\/strong><span dir=\"auto\" style=\"vertical-align: inherit;\"><span dir=\"auto\" style=\"vertical-align: inherit;\"> , ale subtelne korzy\u015bci psychiczne mog\u0105 trwa\u0107 d\u0142u\u017cej.<\/span><\/span><\/p>\n<h3><span dir=\"auto\" style=\"vertical-align: inherit;\"><span dir=\"auto\" style=\"vertical-align: inherit;\">4. Czy istnieje ryzyko tolerancji?<\/span><\/span><\/h3>\n<p><span dir=\"auto\" style=\"vertical-align: inherit;\"><span dir=\"auto\" style=\"vertical-align: inherit;\">Tak, przy codziennym stosowaniu skuteczno\u015b\u0107 maleje. <\/span><\/span><strong><span dir=\"auto\" style=\"vertical-align: inherit;\"><span dir=\"auto\" style=\"vertical-align: inherit;\">Nale\u017cy zachowa\u0107 odst\u0119p 2\u20133 dni pomi\u0119dzy dawkami.<\/span><\/span><\/strong><\/p>\n<hr \/>\n<h2><span dir=\"auto\" style=\"vertical-align: inherit;\"><span dir=\"auto\" style=\"vertical-align: inherit;\">Raport laboratoryjny i kontrola jako\u015bci mikrodawki 1P-LSD<\/span><\/span><\/h2>\n<p><span dir=\"auto\" style=\"vertical-align: inherit;\"><span dir=\"auto\" style=\"vertical-align: inherit;\">Nasz <\/span><\/span><strong><span dir=\"auto\" style=\"vertical-align: inherit;\"><span dir=\"auto\" style=\"vertical-align: inherit;\">Granulki 1P-LSD<\/span><\/span><\/strong><span dir=\"auto\" style=\"vertical-align: inherit;\"><span dir=\"auto\" style=\"vertical-align: inherit;\"> s\u0105 produkowane w <\/span><\/span><strong><span dir=\"auto\" style=\"vertical-align: inherit;\"><span dir=\"auto\" style=\"vertical-align: inherit;\">Laboratorium posiadaj\u0105ce certyfikat GMP<\/span><\/span><\/strong><span dir=\"auto\" style=\"vertical-align: inherit;\"><span dir=\"auto\" style=\"vertical-align: inherit;\"> i przetestowano pod k\u0105tem:<\/span><\/span><\/p>\n<ul>\n<li><strong><span dir=\"auto\" style=\"vertical-align: inherit;\"><span dir=\"auto\" style=\"vertical-align: inherit;\">Czysto\u015b\u0107:<\/span><\/span><\/strong><span dir=\"auto\" style=\"vertical-align: inherit;\"><span dir=\"auto\" style=\"vertical-align: inherit;\"> \u226598% (zweryfikowano metod\u0105 HPLC)<\/span><\/span><\/li>\n<li><strong><span dir=\"auto\" style=\"vertical-align: inherit;\"><span dir=\"auto\" style=\"vertical-align: inherit;\">Dok\u0142adne dawkowanie:<\/span><\/span><\/strong><span dir=\"auto\" style=\"vertical-align: inherit;\"><span dir=\"auto\" style=\"vertical-align: inherit;\"> 10 mcg na peletk\u0119<\/span><\/span><\/li>\n<li><strong><span dir=\"auto\" style=\"vertical-align: inherit;\"><span dir=\"auto\" style=\"vertical-align: inherit;\">Bez zanieczyszcze\u0144:<\/span><\/span><\/strong><span dir=\"auto\" style=\"vertical-align: inherit;\"><span dir=\"auto\" style=\"vertical-align: inherit;\"> Bez metali ci\u0119\u017ckich i rozpuszczalnik\u00f3w<\/span><\/span><\/li>\n<\/ul>\n<p><span dir=\"auto\" style=\"vertical-align: inherit;\"><span dir=\"auto\" style=\"vertical-align: inherit;\">(Przy\u0142\u0105czony: <\/span><\/span><strong><span dir=\"auto\" style=\"vertical-align: inherit;\"><span dir=\"auto\" style=\"vertical-align: inherit;\">Raport z bada\u0144 laboratoryjnych partii XYZ123<\/span><\/span><\/strong><span dir=\"auto\" style=\"vertical-align: inherit;\"><span dir=\"auto\" style=\"vertical-align: inherit;\"> \u2013 dost\u0119pne na \u017cyczenie)<\/span><\/span><\/p>\n<hr \/>\n<h2><span dir=\"auto\" style=\"vertical-align: inherit;\"><span dir=\"auto\" style=\"vertical-align: inherit;\">Zalecane przypadki u\u017cycia<\/span><\/span><\/h2>\n<ul>\n<li><span dir=\"auto\" style=\"vertical-align: inherit;\"><span dir=\"auto\" style=\"vertical-align: inherit;\">Do sesji kreatywnych (muzyka, pisanie, sztuka)<\/span><\/span><\/li>\n<li><span dir=\"auto\" style=\"vertical-align: inherit;\"><span dir=\"auto\" style=\"vertical-align: inherit;\">Zwi\u0119kszenie produktywno\u015bci (programowanie, nauka)<\/span><\/span><\/li>\n<li><span dir=\"auto\" style=\"vertical-align: inherit;\"><span dir=\"auto\" style=\"vertical-align: inherit;\">Medytacja i autorefleksja<\/span><\/span><\/li>\n<li><span dir=\"auto\" style=\"vertical-align: inherit;\"><span dir=\"auto\" style=\"vertical-align: inherit;\">Nie nadaje si\u0119 do rekreacyjnego tripowania (w tym celu wymagane s\u0105 wi\u0119ksze dawki)<\/span><\/span><\/li>\n<\/ul>\n<hr \/>\n<h2><span dir=\"auto\" style=\"vertical-align: inherit;\"><span dir=\"auto\" style=\"vertical-align: inherit;\">O\u015bwiadczenie dotycz\u0105ce bezpiecze\u0144stwa mikrodawki 1P-LSD<\/span><\/span><\/h2>\n<p><strong><span dir=\"auto\" style=\"vertical-align: inherit;\"><span dir=\"auto\" style=\"vertical-align: inherit;\">Uwaga:<\/span><\/span><\/strong><span dir=\"auto\" style=\"vertical-align: inherit;\"><span dir=\"auto\" style=\"vertical-align: inherit;\"> Ten produkt jest <\/span><\/span><strong><span dir=\"auto\" style=\"vertical-align: inherit;\"><span dir=\"auto\" style=\"vertical-align: inherit;\">nieprzeznaczone do spo\u017cycia przez ludzi<\/span><\/span><\/strong><span dir=\"auto\" style=\"vertical-align: inherit;\"><span dir=\"auto\" style=\"vertical-align: inherit;\"> i jest sprzedawany tylko za <\/span><\/span><strong><span dir=\"auto\" style=\"vertical-align: inherit;\"><span dir=\"auto\" style=\"vertical-align: inherit;\">cele badawcze i analityczne<\/span><\/span><\/strong><span dir=\"auto\" style=\"vertical-align: inherit;\"><span dir=\"auto\" style=\"vertical-align: inherit;\"> . Zawsze przestrzegaj <\/span><\/span><strong><span dir=\"auto\" style=\"vertical-align: inherit;\"><span dir=\"auto\" style=\"vertical-align: inherit;\">lokalne przepisy<\/span><\/span><\/strong><span dir=\"auto\" style=\"vertical-align: inherit;\"><span dir=\"auto\" style=\"vertical-align: inherit;\"> .<\/span><\/span><\/p>\n<p><strong><span dir=\"auto\" style=\"vertical-align: inherit;\"><span dir=\"auto\" style=\"vertical-align: inherit;\">Przechowywa\u0107 w suchym i ch\u0142odnym miejscu, poza zasi\u0119giem dzieci.<\/span><\/span><\/strong><\/p>\n<hr \/>\n<h2><span dir=\"auto\" style=\"vertical-align: inherit;\"><span dir=\"auto\" style=\"vertical-align: inherit;\">Dane kontaktowe 1P-LSD mikrodawka<\/span><\/span><\/h2>\n<p><span dir=\"auto\" style=\"vertical-align: inherit;\"><span dir=\"auto\" style=\"vertical-align: inherit;\">Masz pytania? Skontaktuj si\u0119 z nami <\/span><\/span><a href=\"http:\/\/google.nl\" target=\"_blank\" rel=\"noopener\"><span dir=\"auto\" style=\"vertical-align: inherit;\"><span dir=\"auto\" style=\"vertical-align: inherit;\">nasz<\/span><\/span><\/a><span dir=\"auto\" style=\"vertical-align: inherit;\"><span dir=\"auto\" style=\"vertical-align: inherit;\"> Aby uzyska\u0107 wi\u0119cej informacji na temat odpowiedzialnego u\u017cytkowania i danych z bada\u0144 laboratoryjnych, skontaktuj si\u0119 z zespo\u0142em wsparcia. <\/span><\/span><a href=\"https:\/\/researchchemicalstore.eu\/pl\/sklep\/iboga-ibogaina\/kora-korzenia-ibogi\/\"><span dir=\"auto\" style=\"vertical-align: inherit;\"><span dir=\"auto\" style=\"vertical-align: inherit;\">Kora korzenia ibogi<\/span><\/span><\/a><a href=\"https:\/\/researchchemicalstore.eu\/pl\/sklep\/iboga-ibogaina\/kup-ibogaine-hcl-online\/\"><span dir=\"auto\" style=\"vertical-align: inherit;\"><span dir=\"auto\" style=\"vertical-align: inherit;\">kup ibogain\u0119 hcl online<\/span><\/span><\/a><a href=\"https:\/\/researchchemicalstore.eu\/pl\/sklep\/lizergamidy\/1cp-lsd-150-mcg-bibuly-artystyczne\/\"><span dir=\"auto\" style=\"vertical-align: inherit;\"><span dir=\"auto\" style=\"vertical-align: inherit;\">1cp lsd <\/span><\/span><\/a><a href=\"https:\/\/researchchemicalstore.eu\/pl\/sklep\/peletki\/o-dsmt-50mg-granulki\/\"><span dir=\"auto\" style=\"vertical-align: inherit;\"><span dir=\"auto\" style=\"vertical-align: inherit;\">o-dsmt <\/span><\/span><\/a><a href=\"https:\/\/researchchemicalstore.eu\/pl\/sklep\/lizergamidy\/1v-lsd-150-mcg-blottery\/\"><span dir=\"auto\" style=\"vertical-align: inherit;\"><span dir=\"auto\" style=\"vertical-align: inherit;\">1vlsd<\/span><\/span><\/a><\/p>","protected":false},"excerpt":{"rendered":"<h3><span dir=\"auto\" style=\"vertical-align: inherit;\"><span dir=\"auto\" style=\"vertical-align: inherit;\">1P-LSD 10 MCG Pellets \u2013 Mikrodawka<\/span><\/span><\/h3>\n<p><strong><span dir=\"auto\" style=\"vertical-align: inherit;\"><span dir=\"auto\" style=\"vertical-align: inherit;\">Synonim:<\/span><\/span><\/strong><span dir=\"auto\" style=\"vertical-align: inherit;\"><span dir=\"auto\" style=\"vertical-align: inherit;\"> 1-Propionyl-d-lizergowy kwas dietyloamid <\/span><\/span><br \/>\n<strong><span dir=\"auto\" style=\"vertical-align: inherit;\"><span dir=\"auto\" style=\"vertical-align: inherit;\">Numer CAS:<\/span><\/span><\/strong><span dir=\"auto\" style=\"vertical-align: inherit;\"><span dir=\"auto\" style=\"vertical-align: inherit;\"> 2349358-81-0 <\/span><\/span><br \/>\n<strong><span dir=\"auto\" style=\"vertical-align: inherit;\"><span dir=\"auto\" style=\"vertical-align: inherit;\">Formu\u0142a: <\/span><\/span><\/strong> <span title=\"W\u0119giel\"><span dir=\"auto\" style=\"vertical-align: inherit;\"><span dir=\"auto\" style=\"vertical-align: inherit;\">C <\/span><\/span><\/span><sub><span dir=\"auto\" style=\"vertical-align: inherit;\"><span dir=\"auto\" style=\"vertical-align: inherit;\">23 <\/span><\/span><\/sub><span title=\"Wod\u00f3r\"><span dir=\"auto\" style=\"vertical-align: inherit;\"><span dir=\"auto\" style=\"vertical-align: inherit;\">H <\/span><\/span><\/span><sub><span dir=\"auto\" style=\"vertical-align: inherit;\"><span dir=\"auto\" style=\"vertical-align: inherit;\">29 <\/span><\/span><\/sub><span title=\"Azot\"><span dir=\"auto\" style=\"vertical-align: inherit;\"><span dir=\"auto\" style=\"vertical-align: inherit;\">N <\/span><\/span><\/span><sub><span dir=\"auto\" style=\"vertical-align: inherit;\"><span dir=\"auto\" style=\"vertical-align: inherit;\">3 <\/span><\/span><\/sub><span title=\"Tlen\"><span dir=\"auto\" style=\"vertical-align: inherit;\"><span dir=\"auto\" style=\"vertical-align: inherit;\">O <\/span><\/span><\/span><sub><span dir=\"auto\" style=\"vertical-align: inherit;\"><span dir=\"auto\" style=\"vertical-align: inherit;\">2 <\/span><\/span><\/sub><br \/>\n<strong><span dir=\"auto\" style=\"vertical-align: inherit;\"><span dir=\"auto\" style=\"vertical-align: inherit;\">Masa molowa: <\/span><\/span><\/strong> <span class=\"nowrap\"><span dir=\"auto\" style=\"vertical-align: inherit;\"><span dir=\"auto\" style=\"vertical-align: inherit;\">379.504<\/span><\/span><\/span><span dir=\"auto\" style=\"vertical-align: inherit;\"><span dir=\"auto\" style=\"vertical-align: inherit;\"> \u00a0g mol <\/span><\/span><sup><span dir=\"auto\" style=\"vertical-align: inherit;\"><span dir=\"auto\" style=\"vertical-align: inherit;\">\u22121 <\/span><\/span><\/sup><br \/>\n<strong><span dir=\"auto\" style=\"vertical-align: inherit;\"><span dir=\"auto\" style=\"vertical-align: inherit;\">Czysto\u015b\u0107:<\/span><\/span><\/strong><span dir=\"auto\" style=\"vertical-align: inherit;\"><span dir=\"auto\" style=\"vertical-align: inherit;\"> &gt;98%<\/span><\/span><\/p>","protected":false},"featured_media":28570,"comment_status":"closed","ping_status":"closed","template":"","meta":[],"product_brand":[82],"product_cat":[363,379,358,324],"product_tag":[774,326],"class_list":{"0":"post-24051","1":"product","2":"type-product","3":"status-publish","4":"has-post-thumbnail","6":"product_brand-research-chemical","7":"product_cat-1p-lsd-kopen","8":"product_cat-1p-lsd-pellets","9":"product_cat-lysergamides","10":"product_cat-pellets-for-pellet","11":"product_tag-lsd-bestellen","12":"product_tag-nl","14":"first","15":"instock","16":"taxable","17":"shipping-taxable","18":"purchasable","19":"product-type-variable"},"_links":{"self":[{"href":"https:\/\/researchchemicalstore.eu\/pl\/wp-json\/wp\/v2\/product\/24051","targetHints":{"allow":["GET"]}}],"collection":[{"href":"https:\/\/researchchemicalstore.eu\/pl\/wp-json\/wp\/v2\/product"}],"about":[{"href":"https:\/\/researchchemicalstore.eu\/pl\/wp-json\/wp\/v2\/types\/product"}],"replies":[{"embeddable":true,"href":"https:\/\/researchchemicalstore.eu\/pl\/wp-json\/wp\/v2\/comments?post=24051"}],"version-history":[{"count":5,"href":"https:\/\/researchchemicalstore.eu\/pl\/wp-json\/wp\/v2\/product\/24051\/revisions"}],"predecessor-version":[{"id":28028,"href":"https:\/\/researchchemicalstore.eu\/pl\/wp-json\/wp\/v2\/product\/24051\/revisions\/28028"}],"wp:featuredmedia":[{"embeddable":true,"href":"https:\/\/researchchemicalstore.eu\/pl\/wp-json\/wp\/v2\/media\/28570"}],"wp:attachment":[{"href":"https:\/\/researchchemicalstore.eu\/pl\/wp-json\/wp\/v2\/media?parent=24051"}],"wp:term":[{"taxonomy":"product_brand","embeddable":true,"href":"https:\/\/researchchemicalstore.eu\/pl\/wp-json\/wp\/v2\/product_brand?post=24051"},{"taxonomy":"product_cat","embeddable":true,"href":"https:\/\/researchchemicalstore.eu\/pl\/wp-json\/wp\/v2\/product_cat?post=24051"},{"taxonomy":"product_tag","embeddable":true,"href":"https:\/\/researchchemicalstore.eu\/pl\/wp-json\/wp\/v2\/product_tag?post=24051"}],"curies":[{"name":"wp","href":"https:\/\/api.w.org\/{rel}","templated":true}]}}