{"id":24083,"date":"2025-04-13T17:41:00","date_gmt":"2025-04-13T17:41:00","guid":{"rendered":"https:\/\/researchchemicalstore.eu\/?post_type=product&#038;p=24083"},"modified":"2025-04-21T10:49:25","modified_gmt":"2025-04-21T10:49:25","slug":"profesjonalna-cyfrowa-mini-waga-50g-x-0001g","status":"publish","type":"product","link":"https:\/\/researchchemicalstore.eu\/pl\/produkt\/profesjonalna-cyfrowa-mini-waga-50g-x-0001g\/","title":{"rendered":"Profesjonalna cyfrowa mini waga \u2013 50g x 0,001g"},"content":{"rendered":"<h1><strong>Cyfrowa mini waga 50g x 0,001g<\/strong><\/h1>\n<p>Precyzja na wyci\u0105gni\u0119cie r\u0119ki. Ten <strong>cyfrowa mini waga<\/strong> \u0142\u0105czy w sobie wyj\u0105tkow\u0105 dok\u0142adno\u015b\u0107 z kompaktow\u0105 konstrukcj\u0105. Dzi\u0119ki zakresowi pomiarowemu do <strong>50 gram\u00f3w<\/strong> i rezolucja <strong>0,001 grama<\/strong>, jest to idealne narz\u0119dzie do zastosowa\u0144, w kt\u00f3rych precyzja ma kluczowe znaczenie \u2013 od zastosowa\u0144 laboratoryjnych po produkcj\u0119 bi\u017cuterii, zi\u00f3\u0142, suplement\u00f3w lub substancji chemicznych do bada\u0144.<a href=\"https:\/\/researchchemicalstore.eu\/pl\/sklep\/waga\/cyfrowa-waga-cs-100g-x-001g\/\">Cyfrowa waga CS \u2013 100g x 0,01g<\/a><\/p>\n<hr \/>\n<h4><strong>Cechy:<\/strong><\/h4>\n<ul>\n<li><strong>Zakres pomiarowy:<\/strong> 0,001 g do 50 g<\/li>\n<li><strong>Wy\u015bwietlacz:<\/strong> Pod\u015bwietlany wy\u015bwietlacz LCD zapewniaj\u0105cy czytelny odczyt<\/li>\n<li><strong>Kalibrowanie:<\/strong> Manualny lub automatyczny (bez wagi)<\/li>\n<li><strong>Cechy:<\/strong> Tara\/Zero, automatyczne wy\u0142\u0105czanie, r\u00f3\u017cne jednostki wa\u017cenia (g, oz, ct, gn, dwt)<\/li>\n<li><strong>Zasilanie:<\/strong> Dzia\u0142a na baterie AAA (zwykle do\u0142\u0105czone)<\/li>\n<li><strong>Format:<\/strong> Kompaktowy i przeno\u015bny \u2013 mie\u015bci si\u0119 w kieszeni kurtki.<a href=\"https:\/\/researchchemicalstore.eu\/pl\/sklep\/waga\/cyfrowa-bio-mini-waga-20g-x-0001g\/\">Cyfrowa Bio Mini Waga \u2013 20g x 0,001g<\/a><\/li>\n<\/ul>\n<hr \/>\n<h4><strong>Zalety:<\/strong><\/h4>\n<p>\u2714 Bardzo dobrze nadaje si\u0119 do dok\u0142adnego wa\u017cenia ma\u0142ych ilo\u015bci<br \/>\n\u2714 Nadaje si\u0119 do laboratori\u00f3w, kamieni szlachetnych, proszk\u00f3w i substancji drobnoziarnistych<br \/>\n\u2714 \u0141atwy w u\u017cyciu \u2013 pod\u0142\u0105cz i zwa\u017c<br \/>\n\u2714 Zawiera pokrowiec ochronny lub os\u0142on\u0119 (je\u015bli dotyczy).<a href=\"https:\/\/researchchemicalstore.eu\/pl\/sklep\/waga\/cyfrowa-mini-waga-zbiornikowa-20g-x-0-001g\/\">Cyfrowa mini waga do zbiornik\u00f3w \u2013 20 g x 0,001 g<\/a><\/p>\n<hr \/>\n<p>\ud83c\udfaf <strong>Idealny dla<\/strong>: profesjonali\u015bci laboratoryjni, kolekcjonerzy, hobby\u015bci, badacze i wszyscy, kt\u00f3rzy pracuj\u0105 z precyzyjnym dawkowaniem.<\/p>\n<p>&nbsp;<\/p>","protected":false},"excerpt":{"rendered":"<p><strong>Dane techniczne:<\/strong><\/p>\n<ul>\n<li>Cyfrowy<\/li>\n<li>Wa\u017cy od 0,001 g<\/li>\n<li>Maksymalna waga: 50g<\/li>\n<li>Dzia\u0142a na: 2 bateriach AAA<\/li>\n<li>Wy\u015bwietlacz LCD<\/li>\n<li>Kolor: czarny<\/li>\n<\/ul>","protected":false},"featured_media":21116,"comment_status":"closed","ping_status":"closed","template":"","meta":[],"product_brand":[],"product_cat":[451],"product_tag":[452,764,767,847,765,766,768],"class_list":{"0":"post-24083","1":"product","2":"type-product","3":"status-publish","4":"has-post-thumbnail","6":"product_cat-weegschalen","7":"product_tag-de","8":"product_tag-digitale-cs-weegschaal","9":"product_tag-digitale-microweegschaal","10":"product_tag-digitale-mini-weegschaal","11":"product_tag-milligramweegschaal","12":"product_tag-precise-weegschaal-0-001g","13":"product_tag-weegschaal-voor-research-chemicals","15":"first","16":"instock","17":"taxable","18":"shipping-taxable","19":"purchasable","20":"product-type-simple"},"_links":{"self":[{"href":"https:\/\/researchchemicalstore.eu\/pl\/wp-json\/wp\/v2\/product\/24083","targetHints":{"allow":["GET"]}}],"collection":[{"href":"https:\/\/researchchemicalstore.eu\/pl\/wp-json\/wp\/v2\/product"}],"about":[{"href":"https:\/\/researchchemicalstore.eu\/pl\/wp-json\/wp\/v2\/types\/product"}],"replies":[{"embeddable":true,"href":"https:\/\/researchchemicalstore.eu\/pl\/wp-json\/wp\/v2\/comments?post=24083"}],"version-history":[{"count":4,"href":"https:\/\/researchchemicalstore.eu\/pl\/wp-json\/wp\/v2\/product\/24083\/revisions"}],"predecessor-version":[{"id":25971,"href":"https:\/\/researchchemicalstore.eu\/pl\/wp-json\/wp\/v2\/product\/24083\/revisions\/25971"}],"wp:featuredmedia":[{"embeddable":true,"href":"https:\/\/researchchemicalstore.eu\/pl\/wp-json\/wp\/v2\/media\/21116"}],"wp:attachment":[{"href":"https:\/\/researchchemicalstore.eu\/pl\/wp-json\/wp\/v2\/media?parent=24083"}],"wp:term":[{"taxonomy":"product_brand","embeddable":true,"href":"https:\/\/researchchemicalstore.eu\/pl\/wp-json\/wp\/v2\/product_brand?post=24083"},{"taxonomy":"product_cat","embeddable":true,"href":"https:\/\/researchchemicalstore.eu\/pl\/wp-json\/wp\/v2\/product_cat?post=24083"},{"taxonomy":"product_tag","embeddable":true,"href":"https:\/\/researchchemicalstore.eu\/pl\/wp-json\/wp\/v2\/product_tag?post=24083"}],"curies":[{"name":"wp","href":"https:\/\/api.w.org\/{rel}","templated":true}]}}