{"id":24101,"date":"2025-04-13T17:41:03","date_gmt":"2025-04-13T17:41:03","guid":{"rendered":"https:\/\/researchchemicalstore.eu\/?post_type=product&#038;p=24101"},"modified":"2025-10-22T09:55:42","modified_gmt":"2025-10-22T09:55:42","slug":"promal-metallyleskalina-21-mg-granulki","status":"publish","type":"product","link":"https:\/\/researchchemicalstore.eu\/pl\/produkt\/promal-metallyleskalina-21-mg-granulki\/","title":{"rendered":"Promal Metallyleskalina 21 MG granulki"},"content":{"rendered":"<div class=\"relative\">\n<div class=\"prose text-pretty dark:prose-invert inline leading-normal break-words min-w-0 [word-break:break-word]\">\n<h2 id=\"unieke-productbeschrijving-van-promal-methallylesc\" class=\"mb-2 mt-6 text-base font-[500] first:mt-0 md:text-lg dark:font-[475] [hr+&amp;]:mt-4\">Promal Metallyleskalina 21 MG granulki<\/h2>\n<p class=\"my-0\">Promal MAL (Mal) to syntetyczny zwi\u0105zek psychodeliczny z klasy fenetyloamin, strukturalnie powi\u0105zany z meskalin\u0105. Ka\u017cda peletka zawiera precyzyjn\u0105 dawk\u0119 21 mg MAL, zapakowan\u0105 w przyjazny dla u\u017cytkownika blister w celach badawczych. Zwi\u0105zek ma wz\u00f3r chemiczny C\u2081\u2083H\u2081\u2089NO\u2083 i mas\u0119 cz\u0105steczkow\u0105 237,30 g\/mol<span class=\"whitespace-nowrap\">.<\/span> Dzia\u0142a przede wszystkim jako agonista receptor\u00f3w serotoninowych (szczeg\u00f3lnie 5-HT\u2082\u2090), powoduj\u0105c zmiany stanu \u015bwiadomo\u015bci, wyostrzenie wra\u017ce\u0144 sensorycznych i halucynacje wzrokowe.<span class=\"whitespace-nowrap\">.<\/span><\/p>\n<h2 class=\"mb-xs mt-5 text-base font-[500] first:mt-0 dark:font-[475]\">Zastosowania u\u017cytkowe<\/h2>\n<ul class=\"marker:text-textOff list-disc\">\n<li>\n<p class=\"my-0\"><strong>Badania naukowe<\/strong>:Badanie funkcji poznawczych, zmian percepcji i potencja\u0142u terapeutycznego (np. w leczeniu l\u0119ku, depresji lub PTSD)<span class=\"whitespace-nowrap\">.<\/span><\/p>\n<\/li>\n<li>\n<p class=\"my-0\"><strong>Badania sensoryczne<\/strong>:Badania nad halucynacjami wzrokowymi\/s\u0142uchowymi i efektami podobnymi do synestezji<span class=\"whitespace-nowrap\">.<\/span><\/p>\n<\/li>\n<li>\n<p class=\"my-0\"><strong>Analiza farmakologiczna<\/strong>:Badania mechanizmu poprzez interakcje receptorowe (agonizm serotoniny)<span class=\"whitespace-nowrap\">.<\/span><\/p>\n<\/li>\n<\/ul>\n<h2 class=\"mb-xs mt-5 text-base font-[500] first:mt-0 dark:font-[475]\">Wady i zagro\u017cenia<\/h2>\n<ul class=\"marker:text-textOff list-disc\">\n<li>\n<p class=\"my-0\"><strong>Fizyczne skutki uboczne<\/strong>: Nudno\u015bci, wymioty, przyspieszone bicie serca i wzrost ci\u015bnienia krwi<span class=\"whitespace-nowrap\">.<\/span><\/p>\n<\/li>\n<li>\n<p class=\"my-0\"><strong>Efekty psychologiczne<\/strong>: L\u0119k, paranoja i nadmierne pobudzenie emocjonalne, zw\u0142aszcza przy du\u017cych dawkach (&gt;60 mg)<span class=\"whitespace-nowrap\">.<\/span><\/p>\n<\/li>\n<li>\n<p class=\"my-0\"><strong>Zagro\u017cenia bezpiecze\u0144stwa<\/strong>:Nie nadaje si\u0119 do spo\u017cycia przez ludzi; wymagane jest \u015bcis\u0142e przestrzeganie zalece\u0144 laboratoryjnych<span class=\"whitespace-nowrap\">.<\/span><\/p>\n<\/li>\n<\/ul>\n<h2 class=\"mb-xs mt-5 text-base font-[500] first:mt-0 dark:font-[475]\">Instrukcja u\u017cytkowania<\/h2>\n<p class=\"my-0\"><strong>Dawkowanie i protok\u00f3\u0142<\/strong>:<\/p>\n<ul class=\"marker:text-textOff list-disc\">\n<li>\n<p class=\"my-0\"><strong>Dawka progowa<\/strong>: 10\u201320 mg<\/p>\n<\/li>\n<li>\n<p class=\"my-0\"><strong>Lekka dawka<\/strong>: 20\u201340 mg<\/p>\n<\/li>\n<li>\n<p class=\"my-0\"><strong>Dawka standardowa<\/strong>: 40\u201360 mg<\/p>\n<\/li>\n<li>\n<p class=\"my-0\"><strong>Du\u017ca dawka<\/strong>: &gt;60 mg (tylko dla do\u015bwiadczonych badaczy)<span class=\"whitespace-nowrap\">.<\/span><br \/>\n<strong>Wytyczne laboratoryjne<\/strong>:<\/p>\n<\/li>\n<\/ul>\n<ol class=\"marker:text-textOff list-decimal\">\n<li>\n<p class=\"my-0\">Stosuj precyzyjne urz\u0105dzenia wa\u017c\u0105ce i \u015brodki ochrony osobistej (r\u0119kawice, okulary ochronne)<span class=\"whitespace-nowrap\">.<\/span><\/p>\n<\/li>\n<li>\n<p class=\"my-0\">Przeprowadzaj eksperymenty w kontrolowanych \u015brodowiskach z wentylacj\u0105 i protoko\u0142ami awaryjnymi<span class=\"whitespace-nowrap\">.<\/span><\/p>\n<\/li>\n<li>\n<p class=\"my-0\">Zacznij od ma\u0142ych dawek i stopniowo je zwi\u0119kszaj, opieraj\u0105c si\u0119 na wynikach bada\u0144<span class=\"whitespace-nowrap\">.<\/span><\/p>\n<\/li>\n<\/ol>\n<h2 class=\"mb-xs mt-5 text-base font-[500] first:mt-0 dark:font-[475]\">Cz\u0119sto zadawane pytania (FAQ)<\/h2>\n<p class=\"my-0\"><strong>1. Czy ten produkt jest legalny?<\/strong><br \/>\nPromal Metallylescaline jest przeznaczony wy\u0142\u0105cznie do cel\u00f3w bada\u0144 naukowych i podlega lokalnym przepisom dotycz\u0105cym chemikali\u00f3w badawczych. Zawsze sprawdzaj przepisy regionalne<span class=\"whitespace-nowrap\">.<\/span><\/p>\n<p class=\"my-0\"><strong>2. Jak d\u0142ugo utrzymuj\u0105 si\u0119 efekty?<\/strong><br \/>\nEfekty utrzymuj\u0105 si\u0119 przez 8\u201312 godzin, d\u0142u\u017cej ni\u017c w przypadku tradycyjnych substancji psychodelicznych<span class=\"whitespace-nowrap\">.<\/span><\/p>\n<p class=\"my-0\"><strong>3. Czy mo\u017cna go stosowa\u0107 leczniczo?<\/strong><br \/>\nBadania skupiaj\u0105 si\u0119 na potencjale zdrowia psychicznego, ale zastosowania kliniczne nie zosta\u0142y zatwierdzone<span class=\"whitespace-nowrap\">.<\/span><\/p>\n<h2 class=\"mb-xs mt-5 text-base font-[500] first:mt-0 dark:font-[475]\">Raport laboratoryjny i zalecane scenariusze<\/h2>\n<p class=\"my-0\"><strong>Charakterystyka farmakologiczna (na podstawie bada\u0144 receptorowych)<\/strong>:<\/p>\n<ul class=\"marker:text-textOff list-disc\">\n<li>\n<p class=\"my-0\"><strong>Powinowactwo wi\u0105zania receptora<\/strong>:Wysokie dla receptor\u00f3w 5-HT\u2082\u2090 (<span class=\"katex\"><span class=\"katex-mathml\">Ki&lt;50K_i &lt; 50<\/span><span class=\"katex-html\" aria-hidden=\"true\"><span class=\"base\"><span class=\"mord\"><span class=\"mord mathnormal\">K<\/span><span class=\"msupsub\"><span class=\"vlist-t vlist-t2\"><span class=\"vlist-r\"><span class=\"vlist\"><span class=\"sizing reset-size6 size3 mtight\"><span class=\"mord mathnormal mtight\">I<\/span><\/span><\/span><\/span><\/span><\/span><\/span><span class=\"mrel\">&lt;<\/span><\/span><span class=\"base\"><span class=\"mord\">50<\/span><\/span><\/span><\/span> nM), umiarkowane dla receptor\u00f3w TAAR\u2081 (<span class=\"katex\"><span class=\"katex-mathml\">Ki=1900\u20133900K_i = 1900\u20133900<\/span><span class=\"katex-html\" aria-hidden=\"true\"><span class=\"base\"><span class=\"mord\"><span class=\"mord mathnormal\">K<\/span><span class=\"msupsub\"><span class=\"vlist-t vlist-t2\"><span class=\"vlist-r\"><span class=\"vlist\"><span class=\"sizing reset-size6 size3 mtight\"><span class=\"mord mathnormal mtight\">I<\/span><\/span><\/span><\/span><\/span><\/span><\/span><span class=\"mrel\">=<\/span><\/span><span class=\"base\"><span class=\"mord\">1900\u20133900<\/span><\/span><\/span><\/span> nM).<\/p>\n<\/li>\n<li>\n<p class=\"my-0\"><strong>Udokumentowane efekty<\/strong>:<\/p>\n<ul class=\"marker:text-textOff list-disc\">\n<li>\n<p class=\"my-0\">Zniekszta\u0142cenia wzrokowe i wzmocnienie sensoryczne przy 20\u201340 mg<span class=\"whitespace-nowrap\">.<\/span><\/p>\n<\/li>\n<li>\n<p class=\"my-0\">Rozpad ego i zmiany poznawcze przy &gt;60 mg<span class=\"whitespace-nowrap\">.<\/span><\/p>\n<\/li>\n<\/ul>\n<\/li>\n<\/ul>\n<p class=\"my-0\"><strong>Zalecane scenariusze badawcze<\/strong>:<\/p>\n<ul class=\"marker:text-textOff list-disc\">\n<li>\n<p class=\"my-0\"><strong>Badania percepcji<\/strong>:Dawki 20\u201340 mg do analizy przetwarzania sensorycznego<span class=\"whitespace-nowrap\">.<\/span><\/p>\n<\/li>\n<li>\n<p class=\"my-0\"><strong>Eksploracja terapeutyczna<\/strong>:Niskie dawki (10\u201320 mg) w badaniach nad modulacj\u0105 nastroju<span class=\"whitespace-nowrap\">.<\/span><\/p>\n<\/li>\n<li>\n<p class=\"my-0\"><strong>Farmakologia por\u00f3wnawcza<\/strong>:Po\u0142\u0105czenie z antagonistami receptora w celu wyizolowania mechanizm\u00f3w<span class=\"whitespace-nowrap\">.<\/span><\/p>\n<\/li>\n<\/ul>\n<h2 class=\"mb-xs mt-5 text-base font-[500] first:mt-0 dark:font-[475]\">Streszczenie<\/h2>\n<p class=\"my-0\">Promal Metallylescaline 21 MG Pellets zapewnia standaryzowany model bada\u0144 psychedelicznych, ze szczeg\u00f3lnym uwzgl\u0119dnieniem interakcji receptor\u00f3w i efekt\u00f3w poznawczych. Ryzyko, takie jak stres sercowo-naczyniowy i psychologiczne skutki uboczne, wymaga \u015bcis\u0142ego przestrzegania protoko\u0142u. Dawkowanie powinno by\u0107 dostosowane do cel\u00f3w badawczych, przy czym niskie dawki powinny by\u0107 odpowiednie dla pocz\u0105tkowych bada\u0144, a wy\u017csze dawki dla zaawansowanych bada\u0144<span class=\"whitespace-nowrap\">.<\/span><\/p>\n<\/div>\n<\/div>","protected":false},"excerpt":{"rendered":"<p>Promal Methallylescaline 21 MG Pellets Promal Methallylescaline (MAL) to syntetyczny zwi\u0105zek psychodeliczny z klasy fenetyloamin, strukturalnie powi\u0105zany z meskalin\u0105.<\/p>","protected":false},"featured_media":28846,"comment_status":"closed","ping_status":"closed","template":"","meta":[],"product_brand":[],"product_cat":[322,80,482,483,324,398],"product_tag":[326],"class_list":{"0":"post-24101","1":"product","2":"type-product","3":"status-publish","4":"has-post-thumbnail","6":"product_cat-bijna-verboden","7":"product_cat-fenethylamine","8":"product_cat-methallylescaline","9":"product_cat-methallylescaline-pellets","10":"product_cat-pellets-for-pellet","11":"product_cat-verkoop","12":"product_tag-nl","14":"first","15":"instock","16":"sale","17":"taxable","18":"shipping-taxable","19":"purchasable","20":"product-type-variable"},"_links":{"self":[{"href":"https:\/\/researchchemicalstore.eu\/pl\/wp-json\/wp\/v2\/product\/24101","targetHints":{"allow":["GET"]}}],"collection":[{"href":"https:\/\/researchchemicalstore.eu\/pl\/wp-json\/wp\/v2\/product"}],"about":[{"href":"https:\/\/researchchemicalstore.eu\/pl\/wp-json\/wp\/v2\/types\/product"}],"replies":[{"embeddable":true,"href":"https:\/\/researchchemicalstore.eu\/pl\/wp-json\/wp\/v2\/comments?post=24101"}],"version-history":[{"count":3,"href":"https:\/\/researchchemicalstore.eu\/pl\/wp-json\/wp\/v2\/product\/24101\/revisions"}],"predecessor-version":[{"id":26516,"href":"https:\/\/researchchemicalstore.eu\/pl\/wp-json\/wp\/v2\/product\/24101\/revisions\/26516"}],"wp:featuredmedia":[{"embeddable":true,"href":"https:\/\/researchchemicalstore.eu\/pl\/wp-json\/wp\/v2\/media\/28846"}],"wp:attachment":[{"href":"https:\/\/researchchemicalstore.eu\/pl\/wp-json\/wp\/v2\/media?parent=24101"}],"wp:term":[{"taxonomy":"product_brand","embeddable":true,"href":"https:\/\/researchchemicalstore.eu\/pl\/wp-json\/wp\/v2\/product_brand?post=24101"},{"taxonomy":"product_cat","embeddable":true,"href":"https:\/\/researchchemicalstore.eu\/pl\/wp-json\/wp\/v2\/product_cat?post=24101"},{"taxonomy":"product_tag","embeddable":true,"href":"https:\/\/researchchemicalstore.eu\/pl\/wp-json\/wp\/v2\/product_tag?post=24101"}],"curies":[{"name":"wp","href":"https:\/\/api.w.org\/{rel}","templated":true}]}}