{"id":24138,"date":"2025-04-13T17:41:08","date_gmt":"2025-04-13T17:41:08","guid":{"rendered":"https:\/\/researchchemicalstore.eu\/?post_type=product&#038;p=24138"},"modified":"2025-10-22T08:53:02","modified_gmt":"2025-10-22T08:53:02","slug":"mgielka-chemiczna-2f-dck-30-spray","status":"publish","type":"product","link":"https:\/\/researchchemicalstore.eu\/pl\/produkt\/mgielka-chemiczna-2f-dck-30-spray\/","title":{"rendered":"Chem-mist 2F-DCK 30% Spray"},"content":{"rendered":"<h2><strong>Chem-mist 2F-DCK 30% 10 ml w sprayu<\/strong><\/h2>\n<ul>\n<li><strong>Opakowanie detaliczne<br \/>\n<\/strong><\/li>\n<li><strong>Ilo\u015b\u0107 ml na jedno psikni\u0119cie: 10<\/strong><\/li>\n<li><strong>Ilo\u015b\u0107 2F-DCK na jedno rozpylenie: 3gr<\/strong><\/li>\n<li><strong>Ceny nie zawieraj\u0105 podatku VAT 21%<\/strong><\/li>\n<li><strong>Sugerowana cena detaliczna: 74,95 \u20ac z VAT. KAD\u0179<\/strong><\/li>\n<\/ul>","protected":false},"excerpt":{"rendered":"<p>Chem-mist 2F-DCK 30% 10 ml Spray Opakowanie detaliczne Ilo\u015b\u0107 ml na spray: 10 Ilo\u015b\u0107 2F-DCK na spray: 3 gr Ceny nie zawieraj\u0105 21%<\/p>","protected":false},"featured_media":28755,"comment_status":"closed","ping_status":"closed","template":"","meta":[],"product_brand":[],"product_cat":[555],"product_tag":[326],"class_list":{"0":"post-24138","1":"product","2":"type-product","3":"status-publish","4":"has-post-thumbnail","6":"product_cat-b2b","7":"product_tag-nl","9":"first","10":"instock","11":"taxable","12":"shipping-taxable","13":"purchasable","14":"product-type-variable"},"_links":{"self":[{"href":"https:\/\/researchchemicalstore.eu\/pl\/wp-json\/wp\/v2\/product\/24138","targetHints":{"allow":["GET"]}}],"collection":[{"href":"https:\/\/researchchemicalstore.eu\/pl\/wp-json\/wp\/v2\/product"}],"about":[{"href":"https:\/\/researchchemicalstore.eu\/pl\/wp-json\/wp\/v2\/types\/product"}],"replies":[{"embeddable":true,"href":"https:\/\/researchchemicalstore.eu\/pl\/wp-json\/wp\/v2\/comments?post=24138"}],"version-history":[{"count":2,"href":"https:\/\/researchchemicalstore.eu\/pl\/wp-json\/wp\/v2\/product\/24138\/revisions"}],"predecessor-version":[{"id":28921,"href":"https:\/\/researchchemicalstore.eu\/pl\/wp-json\/wp\/v2\/product\/24138\/revisions\/28921"}],"wp:featuredmedia":[{"embeddable":true,"href":"https:\/\/researchchemicalstore.eu\/pl\/wp-json\/wp\/v2\/media\/28755"}],"wp:attachment":[{"href":"https:\/\/researchchemicalstore.eu\/pl\/wp-json\/wp\/v2\/media?parent=24138"}],"wp:term":[{"taxonomy":"product_brand","embeddable":true,"href":"https:\/\/researchchemicalstore.eu\/pl\/wp-json\/wp\/v2\/product_brand?post=24138"},{"taxonomy":"product_cat","embeddable":true,"href":"https:\/\/researchchemicalstore.eu\/pl\/wp-json\/wp\/v2\/product_cat?post=24138"},{"taxonomy":"product_tag","embeddable":true,"href":"https:\/\/researchchemicalstore.eu\/pl\/wp-json\/wp\/v2\/product_tag?post=24138"}],"curies":[{"name":"wp","href":"https:\/\/api.w.org\/{rel}","templated":true}]}}